{"id":3127,"date":"2024-03-19T16:57:31","date_gmt":"2024-03-19T19:57:31","guid":{"rendered":"http:\/\/biblio1.mdp.edu.ar\/centro-ventas\/?post_type=product&#038;p=3127"},"modified":"2025-10-16T16:21:33","modified_gmt":"2025-10-16T19:21:33","slug":"ataque-de-panico-y-subjetividad","status":"publish","type":"product","link":"https:\/\/biblio1.mdp.edu.ar\/centro-ventas\/producto\/ataque-de-panico-y-subjetividad\/","title":{"rendered":"Ataque de p\u00e1nico y subjetividad"},"content":{"rendered":"<p>A partir de la revisi\u00f3n de las corrientes actuales sobre la nosolog\u00eda y etiolog\u00eda de lo que se ha convenido en llamar Panic disorder, la autora parte del psicoan\u00e1lisis y dise\u00f1a una aproximaci\u00f3n metapsicol\u00f3gica para el estudio del fen\u00f3meno del p\u00e1nico, beneficiosa para la pr\u00e1ctica cl\u00ednica. Esta investigaci\u00f3n \u00abque constituye su tesis de doctorado\u00bb le ha permitido caracterizar los des\u00f3rdenes de p\u00e1nico en las nuevas nomenclaturas DSM-IV y CIE 10, poniendo de relieve lo que considera el \u00abs\u00edntoma de la psiquiatr\u00eda contempor\u00e1nea\u00bb. Enriquece esta propuesta la presentaci\u00f3n de material cl\u00ednico.<\/p>\n","protected":false},"excerpt":{"rendered":"<p>A partir de la revisi\u00f3n de las corrientes actuales sobre la nosolog\u00eda y etiolog\u00eda de lo que se ha convenido en llamar Panic disorder, la autora parte del psicoan\u00e1lisis y dise\u00f1a una aproximaci\u00f3n metapsicol\u00f3gica para el estudio del fen\u00f3meno del p\u00e1nico, beneficiosa para la pr\u00e1ctica cl\u00ednica. Esta investigaci\u00f3n \u00abque constituye su tesis de doctorado\u00bb le [&hellip;]<\/p>\n","protected":false},"featured_media":3128,"template":"","meta":{"_acf_changed":false,"_eb_attr":"","_crdt_document":"","_uag_custom_page_level_css":"","_editorskit_title_hidden":false,"_editorskit_reading_time":0,"_editorskit_is_block_options_detached":false,"_editorskit_block_options_position":"{}","site-sidebar-layout":"default","site-content-layout":"","ast-site-content-layout":"default","site-content-style":"default","site-sidebar-style":"default","ast-global-header-display":"","ast-banner-title-visibility":"","ast-main-header-display":"","ast-hfb-above-header-display":"","ast-hfb-below-header-display":"","ast-hfb-mobile-header-display":"","site-post-title":"","ast-breadcrumbs-content":"","ast-featured-img":"","footer-sml-layout":"","ast-disable-related-posts":"","theme-transparent-header-meta":"default","adv-header-id-meta":"","stick-header-meta":"","header-above-stick-meta":"","header-main-stick-meta":"","header-below-stick-meta":"","astra-migrate-meta-layouts":"set","ast-page-background-enabled":"default","ast-page-background-meta":{"desktop":{"background-color":"var(--ast-global-color-4)","background-image":"","background-repeat":"repeat","background-position":"center center","background-size":"auto","background-attachment":"scroll","background-type":"","background-media":"","overlay-type":"","overlay-color":"","overlay-opacity":"","overlay-gradient":""},"tablet":{"background-color":"","background-image":"","background-repeat":"repeat","background-position":"center center","background-size":"auto","background-attachment":"scroll","background-type":"","background-media":"","overlay-type":"","overlay-color":"","overlay-opacity":"","overlay-gradient":""},"mobile":{"background-color":"","background-image":"","background-repeat":"repeat","background-position":"center center","background-size":"auto","background-attachment":"scroll","background-type":"","background-media":"","overlay-type":"","overlay-color":"","overlay-opacity":"","overlay-gradient":""}},"ast-content-background-meta":{"desktop":{"background-color":"var(--ast-global-color-5)","background-image":"","background-repeat":"repeat","background-position":"center center","background-size":"auto","background-attachment":"scroll","background-type":"","background-media":"","overlay-type":"","overlay-color":"","overlay-opacity":"","overlay-gradient":""},"tablet":{"background-color":"var(--ast-global-color-5)","background-image":"","background-repeat":"repeat","background-position":"center center","background-size":"auto","background-attachment":"scroll","background-type":"","background-media":"","overlay-type":"","overlay-color":"","overlay-opacity":"","overlay-gradient":""},"mobile":{"background-color":"var(--ast-global-color-5)","background-image":"","background-repeat":"repeat","background-position":"center center","background-size":"auto","background-attachment":"scroll","background-type":"","background-media":"","overlay-type":"","overlay-color":"","overlay-opacity":"","overlay-gradient":""}}},"product_cat":[130,28],"product_tag":[70],"class_list":{"0":"post-3127","1":"product","2":"type-product","3":"status-publish","4":"has-post-thumbnail","6":"product_cat-eudeba-libro","7":"product_cat-libro","8":"product_tag-psicologia","9":"desktop-align-left","10":"tablet-align-left","11":"mobile-align-left","13":"first","14":"instock","15":"shipping-taxable","16":"purchasable","17":"product-type-simple"},"acf":[],"uagb_featured_image_src":{"full":["https:\/\/biblio1.mdp.edu.ar\/centro-ventas\/wp-content\/uploads\/sites\/2\/2024\/03\/D_NQ_NP_2X_864370-MLA54204205246_032023-F.jpg",540,800,false],"thumbnail":["https:\/\/biblio1.mdp.edu.ar\/centro-ventas\/wp-content\/uploads\/sites\/2\/2024\/03\/D_NQ_NP_2X_864370-MLA54204205246_032023-F-150x150.jpg",150,150,true],"medium":["https:\/\/biblio1.mdp.edu.ar\/centro-ventas\/wp-content\/uploads\/sites\/2\/2024\/03\/D_NQ_NP_2X_864370-MLA54204205246_032023-F-203x300.jpg",203,300,true],"medium_large":["https:\/\/biblio1.mdp.edu.ar\/centro-ventas\/wp-content\/uploads\/sites\/2\/2024\/03\/D_NQ_NP_2X_864370-MLA54204205246_032023-F.jpg",540,800,false],"large":["https:\/\/biblio1.mdp.edu.ar\/centro-ventas\/wp-content\/uploads\/sites\/2\/2024\/03\/D_NQ_NP_2X_864370-MLA54204205246_032023-F.jpg",540,800,false],"1536x1536":["https:\/\/biblio1.mdp.edu.ar\/centro-ventas\/wp-content\/uploads\/sites\/2\/2024\/03\/D_NQ_NP_2X_864370-MLA54204205246_032023-F.jpg",540,800,false],"2048x2048":["https:\/\/biblio1.mdp.edu.ar\/centro-ventas\/wp-content\/uploads\/sites\/2\/2024\/03\/D_NQ_NP_2X_864370-MLA54204205246_032023-F.jpg",540,800,false],"woocommerce_thumbnail":["https:\/\/biblio1.mdp.edu.ar\/centro-ventas\/wp-content\/uploads\/sites\/2\/2024\/03\/D_NQ_NP_2X_864370-MLA54204205246_032023-F-300x444.jpg",300,444,true],"woocommerce_single":["https:\/\/biblio1.mdp.edu.ar\/centro-ventas\/wp-content\/uploads\/sites\/2\/2024\/03\/D_NQ_NP_2X_864370-MLA54204205246_032023-F.jpg",540,800,false],"woocommerce_gallery_thumbnail":["https:\/\/biblio1.mdp.edu.ar\/centro-ventas\/wp-content\/uploads\/sites\/2\/2024\/03\/D_NQ_NP_2X_864370-MLA54204205246_032023-F-100x100.jpg",100,100,true]},"uagb_author_info":{"display_name":"Cristina Bernabe","author_link":"https:\/\/biblio1.mdp.edu.ar\/centro-ventas\/author\/"},"uagb_comment_info":0,"uagb_excerpt":"A partir de la revisi\u00f3n de las corrientes actuales sobre la nosolog\u00eda y etiolog\u00eda de lo que se ha convenido en llamar Panic disorder, la autora parte del psicoan\u00e1lisis y dise\u00f1a una aproximaci\u00f3n metapsicol\u00f3gica para el estudio del fen\u00f3meno del p\u00e1nico, beneficiosa para la pr\u00e1ctica cl\u00ednica. Esta investigaci\u00f3n \u00abque constituye su tesis de doctorado\u00bb le&hellip;","_links":{"self":[{"href":"https:\/\/biblio1.mdp.edu.ar\/centro-ventas\/wp-json\/wp\/v2\/product\/3127","targetHints":{"allow":["GET"]}}],"collection":[{"href":"https:\/\/biblio1.mdp.edu.ar\/centro-ventas\/wp-json\/wp\/v2\/product"}],"about":[{"href":"https:\/\/biblio1.mdp.edu.ar\/centro-ventas\/wp-json\/wp\/v2\/types\/product"}],"wp:featuredmedia":[{"embeddable":true,"href":"https:\/\/biblio1.mdp.edu.ar\/centro-ventas\/wp-json\/wp\/v2\/media\/3128"}],"wp:attachment":[{"href":"https:\/\/biblio1.mdp.edu.ar\/centro-ventas\/wp-json\/wp\/v2\/media?parent=3127"}],"wp:term":[{"taxonomy":"product_cat","embeddable":true,"href":"https:\/\/biblio1.mdp.edu.ar\/centro-ventas\/wp-json\/wp\/v2\/product_cat?post=3127"},{"taxonomy":"product_tag","embeddable":true,"href":"https:\/\/biblio1.mdp.edu.ar\/centro-ventas\/wp-json\/wp\/v2\/product_tag?post=3127"}],"curies":[{"name":"wp","href":"https:\/\/api.w.org\/{rel}","templated":true}]}}