{"id":3123,"date":"2024-03-19T16:42:17","date_gmt":"2024-03-19T19:42:17","guid":{"rendered":"http:\/\/biblio1.mdp.edu.ar\/centro-ventas\/?post_type=product&#038;p=3123"},"modified":"2025-10-16T16:24:01","modified_gmt":"2025-10-16T19:24:01","slug":"ayer-y-hoy-50-anos-de-ensenanza-de-la-psicologia","status":"publish","type":"product","link":"https:\/\/biblio1.mdp.edu.ar\/centro-ventas\/producto\/ayer-y-hoy-50-anos-de-ensenanza-de-la-psicologia\/","title":{"rendered":"Ayer y hoy: 50 a\u00f1os de ense\u00f1anza de la psicolog\u00eda"},"content":{"rendered":"<p>\u00abAyer y hoy: 50 a\u00f1os de ense\u00f1anza de la psicolog\u00eda se propone testimoniar parte del camino recorrido y, fundamentalmente, eslabonar dos per\u00edodos: el de la gestaci\u00f3n y primeros a\u00f1os de la Carrera -interrumpidos en 1966 cuando tuvieron lugar la \u00abNoche de los bastones largos\u00bb y la intervenci\u00f3n a la Universidad por parte de una de las dictaduras militares que padeci\u00f3 la Argentina-, y el de los a\u00f1os posteriores a 1983 -luego de los negros a\u00f1os del proceso militar que enlut\u00f3 al pa\u00eds desde 1976-cuando, al restablecerse la democracia, se normaliz\u00f3 la vida institucional y se reinici\u00f3 el crecimiento de la Universidad p\u00fablica.<\/p>\n<p>La historia de la ense\u00f1anza de la psicolog\u00eda en nuestro pa\u00eds es tambi\u00e9n la historia de su profesionalizaci\u00f3n y, consiguientemente, la de la consecuci\u00f3n y logro de una identidad profesional. En los comienzos el camino transitado fue arduo y complejo, un camino que se fue construyendo sobre la marcha. Esta compilaci\u00f3n de textos se propone como una oportunidad para que los alumnos conozcan y se familiaricen con los inicios de la carrera que eligieron, con momentos de su historia, con algunas producciones de los primeros maestros o de docentes actuales que presentan la obra de algunos de esos maestros, as\u00ed como tambi\u00e9n una contribuci\u00f3n que refiere los primeros pasos en la profesionalizaci\u00f3n y especializaci\u00f3n de los primeros psic\u00f3logos; tambi\u00e9n incluye cap\u00edtulos que ofrecen una mirada sobre c\u00f3mo se ense\u00f1an algunas de las materias que conforman el actual plan de estudios. Este texto est\u00e1 dirigido tambi\u00e9n a los licenciados en Psicolog\u00eda que transitaron las aulas de la Carrera de Psicolog\u00eda de la Universidad de Buenos Aires durante sus primeros veintiocho a\u00f1os de existencia como tal y a quienes en los \u00faltimos veintid\u00f3s a\u00f1os fueron alumnos de la actual Facultad de Psicolog\u00eda de dicha universidad. Y, fundamentalmente, a las nuevas generaciones de psic\u00f3logos para que conozcan algunos de los basamentos de su formaci\u00f3n.\u00bb<\/p>\n","protected":false},"excerpt":{"rendered":"<p>\u00abAyer y hoy: 50 a\u00f1os de ense\u00f1anza de la psicolog\u00eda se propone testimoniar parte del camino recorrido y, fundamentalmente, eslabonar dos per\u00edodos: el de la gestaci\u00f3n y primeros a\u00f1os de la Carrera -interrumpidos en 1966 cuando tuvieron lugar la \u00abNoche de los bastones largos\u00bb y la intervenci\u00f3n a la Universidad por parte de una de [&hellip;]<\/p>\n","protected":false},"featured_media":3124,"template":"","meta":{"_acf_changed":false,"_eb_attr":"","_crdt_document":"","_uag_custom_page_level_css":"","_editorskit_title_hidden":false,"_editorskit_reading_time":0,"_editorskit_is_block_options_detached":false,"_editorskit_block_options_position":"{}","site-sidebar-layout":"default","site-content-layout":"","ast-site-content-layout":"default","site-content-style":"default","site-sidebar-style":"default","ast-global-header-display":"","ast-banner-title-visibility":"","ast-main-header-display":"","ast-hfb-above-header-display":"","ast-hfb-below-header-display":"","ast-hfb-mobile-header-display":"","site-post-title":"","ast-breadcrumbs-content":"","ast-featured-img":"","footer-sml-layout":"","ast-disable-related-posts":"","theme-transparent-header-meta":"default","adv-header-id-meta":"","stick-header-meta":"","header-above-stick-meta":"","header-main-stick-meta":"","header-below-stick-meta":"","astra-migrate-meta-layouts":"set","ast-page-background-enabled":"default","ast-page-background-meta":{"desktop":{"background-color":"var(--ast-global-color-4)","background-image":"","background-repeat":"repeat","background-position":"center center","background-size":"auto","background-attachment":"scroll","background-type":"","background-media":"","overlay-type":"","overlay-color":"","overlay-opacity":"","overlay-gradient":""},"tablet":{"background-color":"","background-image":"","background-repeat":"repeat","background-position":"center center","background-size":"auto","background-attachment":"scroll","background-type":"","background-media":"","overlay-type":"","overlay-color":"","overlay-opacity":"","overlay-gradient":""},"mobile":{"background-color":"","background-image":"","background-repeat":"repeat","background-position":"center center","background-size":"auto","background-attachment":"scroll","background-type":"","background-media":"","overlay-type":"","overlay-color":"","overlay-opacity":"","overlay-gradient":""}},"ast-content-background-meta":{"desktop":{"background-color":"var(--ast-global-color-5)","background-image":"","background-repeat":"repeat","background-position":"center center","background-size":"auto","background-attachment":"scroll","background-type":"","background-media":"","overlay-type":"","overlay-color":"","overlay-opacity":"","overlay-gradient":""},"tablet":{"background-color":"var(--ast-global-color-5)","background-image":"","background-repeat":"repeat","background-position":"center center","background-size":"auto","background-attachment":"scroll","background-type":"","background-media":"","overlay-type":"","overlay-color":"","overlay-opacity":"","overlay-gradient":""},"mobile":{"background-color":"var(--ast-global-color-5)","background-image":"","background-repeat":"repeat","background-position":"center center","background-size":"auto","background-attachment":"scroll","background-type":"","background-media":"","overlay-type":"","overlay-color":"","overlay-opacity":"","overlay-gradient":""}}},"product_cat":[130,28],"product_tag":[70],"class_list":{"0":"post-3123","1":"product","2":"type-product","3":"status-publish","4":"has-post-thumbnail","6":"product_cat-eudeba-libro","7":"product_cat-libro","8":"product_tag-psicologia","9":"desktop-align-left","10":"tablet-align-left","11":"mobile-align-left","13":"first","14":"instock","15":"shipping-taxable","16":"purchasable","17":"product-type-simple"},"acf":[],"uagb_featured_image_src":{"full":["https:\/\/biblio1.mdp.edu.ar\/centro-ventas\/wp-content\/uploads\/sites\/2\/2024\/03\/3-ayer-y-hoy.jpg",298,422,false],"thumbnail":["https:\/\/biblio1.mdp.edu.ar\/centro-ventas\/wp-content\/uploads\/sites\/2\/2024\/03\/3-ayer-y-hoy-150x150.jpg",150,150,true],"medium":["https:\/\/biblio1.mdp.edu.ar\/centro-ventas\/wp-content\/uploads\/sites\/2\/2024\/03\/3-ayer-y-hoy-212x300.jpg",212,300,true],"medium_large":["https:\/\/biblio1.mdp.edu.ar\/centro-ventas\/wp-content\/uploads\/sites\/2\/2024\/03\/3-ayer-y-hoy.jpg",298,422,false],"large":["https:\/\/biblio1.mdp.edu.ar\/centro-ventas\/wp-content\/uploads\/sites\/2\/2024\/03\/3-ayer-y-hoy.jpg",298,422,false],"1536x1536":["https:\/\/biblio1.mdp.edu.ar\/centro-ventas\/wp-content\/uploads\/sites\/2\/2024\/03\/3-ayer-y-hoy.jpg",298,422,false],"2048x2048":["https:\/\/biblio1.mdp.edu.ar\/centro-ventas\/wp-content\/uploads\/sites\/2\/2024\/03\/3-ayer-y-hoy.jpg",298,422,false],"woocommerce_thumbnail":["https:\/\/biblio1.mdp.edu.ar\/centro-ventas\/wp-content\/uploads\/sites\/2\/2024\/03\/3-ayer-y-hoy.jpg",298,422,false],"woocommerce_single":["https:\/\/biblio1.mdp.edu.ar\/centro-ventas\/wp-content\/uploads\/sites\/2\/2024\/03\/3-ayer-y-hoy.jpg",298,422,false],"woocommerce_gallery_thumbnail":["https:\/\/biblio1.mdp.edu.ar\/centro-ventas\/wp-content\/uploads\/sites\/2\/2024\/03\/3-ayer-y-hoy-100x100.jpg",100,100,true]},"uagb_author_info":{"display_name":"Cristina Bernabe","author_link":"https:\/\/biblio1.mdp.edu.ar\/centro-ventas\/author\/"},"uagb_comment_info":0,"uagb_excerpt":"\u00abAyer y hoy: 50 a\u00f1os de ense\u00f1anza de la psicolog\u00eda se propone testimoniar parte del camino recorrido y, fundamentalmente, eslabonar dos per\u00edodos: el de la gestaci\u00f3n y primeros a\u00f1os de la Carrera -interrumpidos en 1966 cuando tuvieron lugar la \u00abNoche de los bastones largos\u00bb y la intervenci\u00f3n a la Universidad por parte de una de&hellip;","_links":{"self":[{"href":"https:\/\/biblio1.mdp.edu.ar\/centro-ventas\/wp-json\/wp\/v2\/product\/3123","targetHints":{"allow":["GET"]}}],"collection":[{"href":"https:\/\/biblio1.mdp.edu.ar\/centro-ventas\/wp-json\/wp\/v2\/product"}],"about":[{"href":"https:\/\/biblio1.mdp.edu.ar\/centro-ventas\/wp-json\/wp\/v2\/types\/product"}],"wp:featuredmedia":[{"embeddable":true,"href":"https:\/\/biblio1.mdp.edu.ar\/centro-ventas\/wp-json\/wp\/v2\/media\/3124"}],"wp:attachment":[{"href":"https:\/\/biblio1.mdp.edu.ar\/centro-ventas\/wp-json\/wp\/v2\/media?parent=3123"}],"wp:term":[{"taxonomy":"product_cat","embeddable":true,"href":"https:\/\/biblio1.mdp.edu.ar\/centro-ventas\/wp-json\/wp\/v2\/product_cat?post=3123"},{"taxonomy":"product_tag","embeddable":true,"href":"https:\/\/biblio1.mdp.edu.ar\/centro-ventas\/wp-json\/wp\/v2\/product_tag?post=3123"}],"curies":[{"name":"wp","href":"https:\/\/api.w.org\/{rel}","templated":true}]}}