{"id":3120,"date":"2024-03-19T16:19:18","date_gmt":"2024-03-19T19:19:18","guid":{"rendered":"http:\/\/biblio1.mdp.edu.ar\/centro-ventas\/?post_type=product&#038;p=3120"},"modified":"2025-10-16T17:07:37","modified_gmt":"2025-10-16T20:07:37","slug":"la-aglomeracion-gran-buenos-aires-expansion-espacial-y-crecimiento-demografico-entre-1869-y-1991","status":"publish","type":"product","link":"https:\/\/biblio1.mdp.edu.ar\/centro-ventas\/producto\/la-aglomeracion-gran-buenos-aires-expansion-espacial-y-crecimiento-demografico-entre-1869-y-1991\/","title":{"rendered":"La aglomeraci\u00f3n Gran Buenos Aires &#8211; Expansi\u00f3n espacial y crecimiento demogr\u00e1fico entre 1869 y 1991"},"content":{"rendered":"<p>Con la intenci\u00f3n de aportar a la interpretaci\u00f3n de la historia territorial del Gran Buenos Aires, el presente trabajo describe y estudia, a trav\u00e9s de reflexiones conceptuales y metodol\u00f3gicas, el crecimiento demogr\u00e1fico y la expansi\u00f3n f\u00edsica del territorio metropolitano aleda\u00f1o a la Capital Federal. El libro est\u00e1 acompa\u00f1ado por un s\u00f3lido anexo cartogr\u00e1fico, construido a trav\u00e9s de la consulta de centenares de planos, algunos de dif\u00edcil acceso en la actualidad. Una historia como la que se presenta aqu\u00ed no encuentra pr\u00e1cticamente antecedentes en la literatura especializada.<\/p>\n","protected":false},"excerpt":{"rendered":"<p>Con la intenci\u00f3n de aportar a la interpretaci\u00f3n de la historia territorial del Gran Buenos Aires, el presente trabajo describe y estudia, a trav\u00e9s de reflexiones conceptuales y metodol\u00f3gicas, el crecimiento demogr\u00e1fico y la expansi\u00f3n f\u00edsica del territorio metropolitano aleda\u00f1o a la Capital Federal. El libro est\u00e1 acompa\u00f1ado por un s\u00f3lido anexo cartogr\u00e1fico, construido a [&hellip;]<\/p>\n","protected":false},"featured_media":3122,"template":"","meta":{"_acf_changed":false,"_eb_attr":"","_crdt_document":"","_uag_custom_page_level_css":"","_editorskit_title_hidden":false,"_editorskit_reading_time":0,"_editorskit_is_block_options_detached":false,"_editorskit_block_options_position":"{}","site-sidebar-layout":"default","site-content-layout":"","ast-site-content-layout":"default","site-content-style":"default","site-sidebar-style":"default","ast-global-header-display":"","ast-banner-title-visibility":"","ast-main-header-display":"","ast-hfb-above-header-display":"","ast-hfb-below-header-display":"","ast-hfb-mobile-header-display":"","site-post-title":"","ast-breadcrumbs-content":"","ast-featured-img":"","footer-sml-layout":"","ast-disable-related-posts":"","theme-transparent-header-meta":"default","adv-header-id-meta":"","stick-header-meta":"","header-above-stick-meta":"","header-main-stick-meta":"","header-below-stick-meta":"","astra-migrate-meta-layouts":"set","ast-page-background-enabled":"default","ast-page-background-meta":{"desktop":{"background-color":"var(--ast-global-color-4)","background-image":"","background-repeat":"repeat","background-position":"center center","background-size":"auto","background-attachment":"scroll","background-type":"","background-media":"","overlay-type":"","overlay-color":"","overlay-opacity":"","overlay-gradient":""},"tablet":{"background-color":"","background-image":"","background-repeat":"repeat","background-position":"center center","background-size":"auto","background-attachment":"scroll","background-type":"","background-media":"","overlay-type":"","overlay-color":"","overlay-opacity":"","overlay-gradient":""},"mobile":{"background-color":"","background-image":"","background-repeat":"repeat","background-position":"center center","background-size":"auto","background-attachment":"scroll","background-type":"","background-media":"","overlay-type":"","overlay-color":"","overlay-opacity":"","overlay-gradient":""}},"ast-content-background-meta":{"desktop":{"background-color":"var(--ast-global-color-5)","background-image":"","background-repeat":"repeat","background-position":"center center","background-size":"auto","background-attachment":"scroll","background-type":"","background-media":"","overlay-type":"","overlay-color":"","overlay-opacity":"","overlay-gradient":""},"tablet":{"background-color":"var(--ast-global-color-5)","background-image":"","background-repeat":"repeat","background-position":"center center","background-size":"auto","background-attachment":"scroll","background-type":"","background-media":"","overlay-type":"","overlay-color":"","overlay-opacity":"","overlay-gradient":""},"mobile":{"background-color":"var(--ast-global-color-5)","background-image":"","background-repeat":"repeat","background-position":"center center","background-size":"auto","background-attachment":"scroll","background-type":"","background-media":"","overlay-type":"","overlay-color":"","overlay-opacity":"","overlay-gradient":""}}},"product_cat":[130,28],"product_tag":[390,392,391],"class_list":{"0":"post-3120","1":"product","2":"type-product","3":"status-publish","4":"has-post-thumbnail","6":"product_cat-eudeba-libro","7":"product_cat-libro","8":"product_tag-demografia","9":"product_tag-geografia","10":"product_tag-urbanizacion","11":"desktop-align-left","12":"tablet-align-left","13":"mobile-align-left","15":"first","16":"instock","17":"shipping-taxable","18":"purchasable","19":"product-type-simple"},"acf":[],"uagb_featured_image_src":{"full":["https:\/\/biblio1.mdp.edu.ar\/centro-ventas\/wp-content\/uploads\/sites\/2\/2024\/03\/IMG_20240319_162137-1.jpg",1156,1528,false],"thumbnail":["https:\/\/biblio1.mdp.edu.ar\/centro-ventas\/wp-content\/uploads\/sites\/2\/2024\/03\/IMG_20240319_162137-1-150x150.jpg",150,150,true],"medium":["https:\/\/biblio1.mdp.edu.ar\/centro-ventas\/wp-content\/uploads\/sites\/2\/2024\/03\/IMG_20240319_162137-1-227x300.jpg",227,300,true],"medium_large":["https:\/\/biblio1.mdp.edu.ar\/centro-ventas\/wp-content\/uploads\/sites\/2\/2024\/03\/IMG_20240319_162137-1-768x1015.jpg",768,1015,true],"large":["https:\/\/biblio1.mdp.edu.ar\/centro-ventas\/wp-content\/uploads\/sites\/2\/2024\/03\/IMG_20240319_162137-1-775x1024.jpg",775,1024,true],"1536x1536":["https:\/\/biblio1.mdp.edu.ar\/centro-ventas\/wp-content\/uploads\/sites\/2\/2024\/03\/IMG_20240319_162137-1.jpg",1156,1528,false],"2048x2048":["https:\/\/biblio1.mdp.edu.ar\/centro-ventas\/wp-content\/uploads\/sites\/2\/2024\/03\/IMG_20240319_162137-1.jpg",1156,1528,false],"woocommerce_thumbnail":["https:\/\/biblio1.mdp.edu.ar\/centro-ventas\/wp-content\/uploads\/sites\/2\/2024\/03\/IMG_20240319_162137-1-300x397.jpg",300,397,true],"woocommerce_single":["https:\/\/biblio1.mdp.edu.ar\/centro-ventas\/wp-content\/uploads\/sites\/2\/2024\/03\/IMG_20240319_162137-1-600x793.jpg",600,793,true],"woocommerce_gallery_thumbnail":["https:\/\/biblio1.mdp.edu.ar\/centro-ventas\/wp-content\/uploads\/sites\/2\/2024\/03\/IMG_20240319_162137-1-100x100.jpg",100,100,true]},"uagb_author_info":{"display_name":"Cristina Bernabe","author_link":"https:\/\/biblio1.mdp.edu.ar\/centro-ventas\/author\/"},"uagb_comment_info":0,"uagb_excerpt":"Con la intenci\u00f3n de aportar a la interpretaci\u00f3n de la historia territorial del Gran Buenos Aires, el presente trabajo describe y estudia, a trav\u00e9s de reflexiones conceptuales y metodol\u00f3gicas, el crecimiento demogr\u00e1fico y la expansi\u00f3n f\u00edsica del territorio metropolitano aleda\u00f1o a la Capital Federal. El libro est\u00e1 acompa\u00f1ado por un s\u00f3lido anexo cartogr\u00e1fico, construido a&hellip;","_links":{"self":[{"href":"https:\/\/biblio1.mdp.edu.ar\/centro-ventas\/wp-json\/wp\/v2\/product\/3120","targetHints":{"allow":["GET"]}}],"collection":[{"href":"https:\/\/biblio1.mdp.edu.ar\/centro-ventas\/wp-json\/wp\/v2\/product"}],"about":[{"href":"https:\/\/biblio1.mdp.edu.ar\/centro-ventas\/wp-json\/wp\/v2\/types\/product"}],"wp:featuredmedia":[{"embeddable":true,"href":"https:\/\/biblio1.mdp.edu.ar\/centro-ventas\/wp-json\/wp\/v2\/media\/3122"}],"wp:attachment":[{"href":"https:\/\/biblio1.mdp.edu.ar\/centro-ventas\/wp-json\/wp\/v2\/media?parent=3120"}],"wp:term":[{"taxonomy":"product_cat","embeddable":true,"href":"https:\/\/biblio1.mdp.edu.ar\/centro-ventas\/wp-json\/wp\/v2\/product_cat?post=3120"},{"taxonomy":"product_tag","embeddable":true,"href":"https:\/\/biblio1.mdp.edu.ar\/centro-ventas\/wp-json\/wp\/v2\/product_tag?post=3120"}],"curies":[{"name":"wp","href":"https:\/\/api.w.org\/{rel}","templated":true}]}}