{"id":309,"date":"2018-06-07T12:23:29","date_gmt":"2018-06-07T15:23:29","guid":{"rendered":"http:\/\/biblio1.mdp.edu.ar\/centro-ventas\/producto\/import-placeholder-for-133\/"},"modified":"2025-06-02T13:55:53","modified_gmt":"2025-06-02T16:55:53","slug":"atlas-de-anatomia-humana","status":"publish","type":"product","link":"https:\/\/biblio1.mdp.edu.ar\/centro-ventas\/producto\/atlas-de-anatomia-humana\/","title":{"rendered":"Atlas de anatom\u00eda humana"},"content":{"rendered":"<p>* Nueva edici\u00f3n del atlas fotogr\u00e1fico por excelencia, que armoniza las mejores im\u00e1genes anat\u00f3micas con disecciones reales de cad\u00e1veres con la simplicidad y claridad de los dibujos esquem\u00e1ticos que lo acompa\u00f1an. Esta nueva edici\u00f3n ha sido revisada en su totalidad, aunque se ha mantenido su abordaje y su estructura.<\/p>\n<p>* El objetivo es presentar la anatom\u00eda humana de la forma m\u00e1s realista posible y con un gran valor did\u00e1ctico, ya que, cuando es preciso, la explicaci\u00f3n se acompa\u00f1a de im\u00e1genes procedentes de las m\u00e1s modernas t\u00e9cnicas de diagn\u00f3stico por imagen (fundamentalmente RMI).<\/p>\n<p>* El abordaje de la obra es regional, siguiendo en su estructura los planos de disecci\u00f3n t\u00edpica por lo que la obra cumple tambi\u00e9n el objetivo de ser un completo curso de disecci\u00f3n anat\u00f3mica.<\/p>\n<p>* Los principales cambios de la nueva edici\u00f3n se centran en la parte iconogr\u00e1fica, ya que se incorporan 100 nuevas ilustraciones, 15 nuevas fotograf\u00edas y 36 nuevas im\u00e1genes cl\u00ednicas procedentes de im\u00e1genes de radiodiagn\u00f3stico (RMI).\u00a0 Por lo que se refiere a la extensi\u00f3n, la nueva edici\u00f3n aumenta ligeramente su extensi\u00f3n, ya que incrementa en 16 el n\u00famero de p\u00e1ginas.<\/p>\n<p>Nueva edici\u00f3n del atlas fotogr\u00e1fico de anatom\u00eda m\u00e1s consultado del mundo, actualmente traducido a 20 idiomas, con m\u00e1s de 1.200 im\u00e1genes \u00fanicas.<\/p>\n<p>El objetivo es presentar la anatom\u00eda humana de la forma m\u00e1s realista posible y con un gran valor did\u00e1ctico, ya que cuando es preciso, la explicaci\u00f3n se acompa\u00f1a de im\u00e1genes procedentes de las m\u00e1s modernas t\u00e9cnicas de diagn\u00f3stico por imagen.<\/p>\n<p>Los principales cambios de la nueva edici\u00f3n se centran en la parte iconogr\u00e1fica, ya que se incorporan 100 nuevas ilustraciones, 15 nuevas fotograf\u00edas y 36 nuevas im\u00e1genes cl\u00ednicas procedentes de im\u00e1genes de radiodiagn\u00f3stico.<\/p>\n","protected":false},"excerpt":{"rendered":"<p>* Nueva edici\u00f3n del atlas fotogr\u00e1fico por excelencia, que armoniza las mejores im\u00e1genes anat\u00f3micas con disecciones reales de cad\u00e1veres con la simplicidad y claridad de los dibujos esquem\u00e1ticos que lo acompa\u00f1an. Esta nueva edici\u00f3n ha sido revisada en su totalidad, aunque se ha mantenido su abordaje y su estructura. * El objetivo es presentar la [&hellip;]<\/p>\n","protected":false},"featured_media":347,"template":"","meta":{"_acf_changed":false,"_eb_attr":"","_crdt_document":"","_uag_custom_page_level_css":"","_editorskit_title_hidden":false,"_editorskit_reading_time":0,"_editorskit_is_block_options_detached":false,"_editorskit_block_options_position":"{}","site-sidebar-layout":"default","site-content-layout":"","ast-site-content-layout":"default","site-content-style":"default","site-sidebar-style":"default","ast-global-header-display":"","ast-banner-title-visibility":"","ast-main-header-display":"","ast-hfb-above-header-display":"","ast-hfb-below-header-display":"","ast-hfb-mobile-header-display":"","site-post-title":"","ast-breadcrumbs-content":"","ast-featured-img":"","footer-sml-layout":"","ast-disable-related-posts":"","theme-transparent-header-meta":"","adv-header-id-meta":"","stick-header-meta":"","header-above-stick-meta":"","header-main-stick-meta":"","header-below-stick-meta":"","astra-migrate-meta-layouts":"default","ast-page-background-enabled":"default","ast-page-background-meta":{"desktop":{"background-color":"var(--ast-global-color-4)","background-image":"","background-repeat":"repeat","background-position":"center center","background-size":"auto","background-attachment":"scroll","background-type":"","background-media":"","overlay-type":"","overlay-color":"","overlay-opacity":"","overlay-gradient":""},"tablet":{"background-color":"","background-image":"","background-repeat":"repeat","background-position":"center center","background-size":"auto","background-attachment":"scroll","background-type":"","background-media":"","overlay-type":"","overlay-color":"","overlay-opacity":"","overlay-gradient":""},"mobile":{"background-color":"","background-image":"","background-repeat":"repeat","background-position":"center center","background-size":"auto","background-attachment":"scroll","background-type":"","background-media":"","overlay-type":"","overlay-color":"","overlay-opacity":"","overlay-gradient":""}},"ast-content-background-meta":{"desktop":{"background-color":"var(--ast-global-color-5)","background-image":"","background-repeat":"repeat","background-position":"center center","background-size":"auto","background-attachment":"scroll","background-type":"","background-media":"","overlay-type":"","overlay-color":"","overlay-opacity":"","overlay-gradient":""},"tablet":{"background-color":"var(--ast-global-color-5)","background-image":"","background-repeat":"repeat","background-position":"center center","background-size":"auto","background-attachment":"scroll","background-type":"","background-media":"","overlay-type":"","overlay-color":"","overlay-opacity":"","overlay-gradient":""},"mobile":{"background-color":"var(--ast-global-color-5)","background-image":"","background-repeat":"repeat","background-position":"center center","background-size":"auto","background-attachment":"scroll","background-type":"","background-media":"","overlay-type":"","overlay-color":"","overlay-opacity":"","overlay-gradient":""}}},"product_cat":[28,29,168],"product_tag":[16,17,19],"class_list":{"0":"post-309","1":"product","2":"type-product","3":"status-publish","4":"has-post-thumbnail","6":"product_cat-libro","7":"product_cat-medicina","8":"product_cat-salud","9":"product_tag-anatomia","10":"product_tag-ciencias-de-la-salud","11":"product_tag-medicina","12":"desktop-align-left","13":"tablet-align-left","14":"mobile-align-left","16":"first","17":"outofstock","18":"shipping-taxable","19":"product-type-simple"},"acf":[],"uagb_featured_image_src":{"full":["https:\/\/biblio1.mdp.edu.ar\/centro-ventas\/wp-content\/uploads\/sites\/2\/2018\/06\/AtlasDeAnatomiaHumana.jpg",565,800,false],"thumbnail":["https:\/\/biblio1.mdp.edu.ar\/centro-ventas\/wp-content\/uploads\/sites\/2\/2018\/06\/AtlasDeAnatomiaHumana.jpg",106,150,false],"medium":["https:\/\/biblio1.mdp.edu.ar\/centro-ventas\/wp-content\/uploads\/sites\/2\/2018\/06\/AtlasDeAnatomiaHumana.jpg",212,300,false],"medium_large":["https:\/\/biblio1.mdp.edu.ar\/centro-ventas\/wp-content\/uploads\/sites\/2\/2018\/06\/AtlasDeAnatomiaHumana.jpg",565,800,false],"large":["https:\/\/biblio1.mdp.edu.ar\/centro-ventas\/wp-content\/uploads\/sites\/2\/2018\/06\/AtlasDeAnatomiaHumana.jpg",565,800,false],"1536x1536":["https:\/\/biblio1.mdp.edu.ar\/centro-ventas\/wp-content\/uploads\/sites\/2\/2018\/06\/AtlasDeAnatomiaHumana.jpg",565,800,false],"2048x2048":["https:\/\/biblio1.mdp.edu.ar\/centro-ventas\/wp-content\/uploads\/sites\/2\/2018\/06\/AtlasDeAnatomiaHumana.jpg",565,800,false],"woocommerce_thumbnail":["https:\/\/biblio1.mdp.edu.ar\/centro-ventas\/wp-content\/uploads\/sites\/2\/2018\/06\/AtlasDeAnatomiaHumana.jpg",300,425,false],"woocommerce_single":["https:\/\/biblio1.mdp.edu.ar\/centro-ventas\/wp-content\/uploads\/sites\/2\/2018\/06\/AtlasDeAnatomiaHumana.jpg",565,800,false],"woocommerce_gallery_thumbnail":["https:\/\/biblio1.mdp.edu.ar\/centro-ventas\/wp-content\/uploads\/sites\/2\/2018\/06\/AtlasDeAnatomiaHumana-100x100.jpg",100,100,true]},"uagb_author_info":{"display_name":"Cristina Bernabe","author_link":"https:\/\/biblio1.mdp.edu.ar\/centro-ventas\/author\/"},"uagb_comment_info":0,"uagb_excerpt":"* Nueva edici\u00f3n del atlas fotogr\u00e1fico por excelencia, que armoniza las mejores im\u00e1genes anat\u00f3micas con disecciones reales de cad\u00e1veres con la simplicidad y claridad de los dibujos esquem\u00e1ticos que lo acompa\u00f1an. Esta nueva edici\u00f3n ha sido revisada en su totalidad, aunque se ha mantenido su abordaje y su estructura. * El objetivo es presentar la&hellip;","_links":{"self":[{"href":"https:\/\/biblio1.mdp.edu.ar\/centro-ventas\/wp-json\/wp\/v2\/product\/309","targetHints":{"allow":["GET"]}}],"collection":[{"href":"https:\/\/biblio1.mdp.edu.ar\/centro-ventas\/wp-json\/wp\/v2\/product"}],"about":[{"href":"https:\/\/biblio1.mdp.edu.ar\/centro-ventas\/wp-json\/wp\/v2\/types\/product"}],"wp:featuredmedia":[{"embeddable":true,"href":"https:\/\/biblio1.mdp.edu.ar\/centro-ventas\/wp-json\/wp\/v2\/media\/347"}],"wp:attachment":[{"href":"https:\/\/biblio1.mdp.edu.ar\/centro-ventas\/wp-json\/wp\/v2\/media?parent=309"}],"wp:term":[{"taxonomy":"product_cat","embeddable":true,"href":"https:\/\/biblio1.mdp.edu.ar\/centro-ventas\/wp-json\/wp\/v2\/product_cat?post=309"},{"taxonomy":"product_tag","embeddable":true,"href":"https:\/\/biblio1.mdp.edu.ar\/centro-ventas\/wp-json\/wp\/v2\/product_tag?post=309"}],"curies":[{"name":"wp","href":"https:\/\/api.w.org\/{rel}","templated":true}]}}