{"id":3082,"date":"2023-11-14T17:24:10","date_gmt":"2023-11-14T20:24:10","guid":{"rendered":"http:\/\/biblio1.mdp.edu.ar\/centro-ventas\/?post_type=product&#038;p=3082"},"modified":"2025-10-16T16:59:27","modified_gmt":"2025-10-16T19:59:27","slug":"fundamentos-de-la-teoria-general-las-consecuencias-teoricas-de-lord-keynes","status":"publish","type":"product","link":"https:\/\/biblio1.mdp.edu.ar\/centro-ventas\/producto\/fundamentos-de-la-teoria-general-las-consecuencias-teoricas-de-lord-keynes\/","title":{"rendered":"Fundamentos de la Teor\u00eda General  &#8211;  Las consecuencias te\u00f3ricas de Lord Keynes"},"content":{"rendered":"<div id=\"contenedorSubHeader\" class=\"container-fluid no-padding cont-subheader\">\n<div class=\"container\">\n<div class=\"row\">\n<section class=\"ficha\">\n<article id=\"ContentPlaceHolderSubHeader_rptFichaSubtitulo_producto_Container_0\" class=\" papel\">\n<div class=\"col-xs-12 col-sm-5 info no-padding\">\n<div class=\"\">\n<div class=\"col-md-12 titulo\">\n<div class=\"row\">\n<section id=\"ContentPlaceHolderContenido_rptFicha_sectionResenia_0\" class=\"col-xs-12 resenia lResenia\">\n<p id=\"ContentPlaceHolderContenido_rptFicha_prop_description_0\" class=\"collapse in resenia\" aria-expanded=\"true\">Dirigido tanto a los especialistas como a los estudiantes y al p\u00fablico interesado, Fundamentos de la Teor\u00eda General constituye el fruto de una rigurosa investigaci\u00f3n cr\u00edtica que reconstruye el complejo espectro de discusiones sobre la obra fundamental de Keynes. En sus p\u00e1ginas iniciales se detiene en los antecedentes hist\u00f3ricos y en el estado de la teor\u00eda econ\u00f3mica prekeynesiana para luego abocarse, de forma concisa y llana, a una minuciosa interpretaci\u00f3n del texto original. La revisi\u00f3n cr\u00edtica de algunas de las corrientes interpretativas imperantes prepara el terreno para el verdadero arribo final: la identificaci\u00f3n de los fundamentos que sostienen el andamiaje argumental de la Teor\u00eda General de la ocupaci\u00f3n, el inter\u00e9s y el dinero. A setenta a\u00f1os de la publicaci\u00f3n de la Teor\u00eda, los especialistas est\u00e1n a\u00fan lejos de alcanzar un acuerdo acerca del genuino contenido de su obra m\u00e1s importante. Esta controversia ha estado signada por un parad\u00f3jico desv\u00edo: es sobre todo la literatura acerca de Keynes la que, en las \u00faltimas d\u00e9cadas, ha impuesto los t\u00e9rminos del debate, mientras que su Teor\u00eda General carece de lectores. Acusado tanto por sus detractores como por los mismos adeptos de ser un libro confuso, inconsistente e incluso plagado de \u201cerrores\u201d, el mayor aporte del economista m\u00e1s influyente del siglo XX ha sido condenado al olvido o, en el mejor de los casos, a pervivir inc\u00f3modamente en el eco ajeno de sus voceros.<\/p>\n<\/section>\n<\/div>\n<div class=\"row\">\n<section id=\"ContentPlaceHolderContenido_rptFicha_rptAutoresBio_0_autorBio_0_resultadoEnriquecido_0_sectionContainer_0\" class=\"resultado-enriquecido col-md-12 padding-top autor-info\">\n<h2 class=\"clearfix subrayado\"><span class=\"col-xs-9 col-sm-10\">Acerca del AUTOR\u00a0Axel Kicillof<\/span><\/h2>\n<div class=\"row collapse in info\" aria-expanded=\"true\">\n<div id=\"ContentPlaceHolderContenido_rptFicha_rptAutoresBio_0_autorBio_0_resultadoEnriquecido_0_textoContainer_0\" class=\"col-xs-12 texto\">Es Doctor en Econom\u00eda, profesor regular de la Universidad de Buenos Aires, miembro de Instituto de Investigaciones Econ\u00f3micas y Subdirector del Centro de Estudios para la Planificaci\u00f3n del Desarrollo (CEPLAD). Es, adem\u00e1s, Investigador Adjunto del CONICET y miembro fundador del Centro de Estudios para el Desarrollo Argentino (CENDA). Actualmente, dicta cursos de grado y posgrado sobre Macroeconom\u00eda e Historia del pensamiento econ\u00f3mico en la UBA y en FLACSO. Public\u00f3 Fundamentos de la Teor\u00eda general. Las consecuencias te\u00f3ricas de Lord Keynes (2007) y numerosos trabajos en medios especializados y revistas cient\u00edficas, tanto nacionales como extranjeras, entre las que se cuentan Desarrollo Econ\u00f3mico (Argentina), Realidad Econ\u00f3mica (Argentina), Nueva Econom\u00eda (Venezuela), Historial Materialism (Inglaterra) y Capital and Class (Inglaterra). Participa como econom\u00eda en diversas organizaciones pol\u00edticas y sindicales.<\/div>\n<\/div>\n<\/section>\n<\/div>\n<h1 id=\"ContentPlaceHolderSubHeader_rptFichaSubtitulo_prop_name_0\" class=\"font-xs font-sm font-md\"><\/h1>\n<\/div>\n<\/div>\n<\/div>\n<\/article>\n<\/section>\n<\/div>\n<\/div>\n<\/div>\n<div class=\"container primary\">\n<div class=\"row\">\n<div id=\"contenedorCentral\" class=\"col-xs-12 col-sm-12 col-md-8 cont-central\">\n<div class=\"ficha\">\n<section class=\"row\"><\/section>\n<div class=\"row\">\n<div class=\"col-md-12\">\n<section class=\"rank padding-top\">\n<div id=\"ContentPlaceHolderContenido_rptFicha_productosNovedadesPorCategoria_0_productosDestacados_0_listadoHorizontal_0_divLibrosContainer_0\" class=\"collapse in libros\" aria-expanded=\"true\"><\/div>\n<\/section>\n<\/div>\n<\/div>\n<\/div>\n<\/div>\n<\/div>\n<\/div>\n","protected":false},"excerpt":{"rendered":"<p>Dirigido tanto a los especialistas como a los estudiantes y al p\u00fablico interesado, Fundamentos de la Teor\u00eda General constituye el fruto de una rigurosa investigaci\u00f3n cr\u00edtica que reconstruye el complejo espectro de discusiones sobre la obra fundamental de Keynes. En sus p\u00e1ginas iniciales se detiene en los antecedentes hist\u00f3ricos y en el estado de la [&hellip;]<\/p>\n","protected":false},"featured_media":3083,"template":"","meta":{"_acf_changed":false,"_eb_attr":"","_crdt_document":"","_uag_custom_page_level_css":"","_editorskit_title_hidden":false,"_editorskit_reading_time":0,"_editorskit_is_block_options_detached":false,"_editorskit_block_options_position":"{}","site-sidebar-layout":"default","site-content-layout":"","ast-site-content-layout":"default","site-content-style":"default","site-sidebar-style":"default","ast-global-header-display":"","ast-banner-title-visibility":"","ast-main-header-display":"","ast-hfb-above-header-display":"","ast-hfb-below-header-display":"","ast-hfb-mobile-header-display":"","site-post-title":"","ast-breadcrumbs-content":"","ast-featured-img":"","footer-sml-layout":"","ast-disable-related-posts":"","theme-transparent-header-meta":"default","adv-header-id-meta":"","stick-header-meta":"","header-above-stick-meta":"","header-main-stick-meta":"","header-below-stick-meta":"","astra-migrate-meta-layouts":"set","ast-page-background-enabled":"default","ast-page-background-meta":{"desktop":{"background-color":"var(--ast-global-color-4)","background-image":"","background-repeat":"repeat","background-position":"center center","background-size":"auto","background-attachment":"scroll","background-type":"","background-media":"","overlay-type":"","overlay-color":"","overlay-opacity":"","overlay-gradient":""},"tablet":{"background-color":"","background-image":"","background-repeat":"repeat","background-position":"center center","background-size":"auto","background-attachment":"scroll","background-type":"","background-media":"","overlay-type":"","overlay-color":"","overlay-opacity":"","overlay-gradient":""},"mobile":{"background-color":"","background-image":"","background-repeat":"repeat","background-position":"center center","background-size":"auto","background-attachment":"scroll","background-type":"","background-media":"","overlay-type":"","overlay-color":"","overlay-opacity":"","overlay-gradient":""}},"ast-content-background-meta":{"desktop":{"background-color":"var(--ast-global-color-5)","background-image":"","background-repeat":"repeat","background-position":"center center","background-size":"auto","background-attachment":"scroll","background-type":"","background-media":"","overlay-type":"","overlay-color":"","overlay-opacity":"","overlay-gradient":""},"tablet":{"background-color":"var(--ast-global-color-5)","background-image":"","background-repeat":"repeat","background-position":"center center","background-size":"auto","background-attachment":"scroll","background-type":"","background-media":"","overlay-type":"","overlay-color":"","overlay-opacity":"","overlay-gradient":""},"mobile":{"background-color":"var(--ast-global-color-5)","background-image":"","background-repeat":"repeat","background-position":"center center","background-size":"auto","background-attachment":"scroll","background-type":"","background-media":"","overlay-type":"","overlay-color":"","overlay-opacity":"","overlay-gradient":""}}},"product_cat":[130,28],"product_tag":[234,387],"class_list":{"0":"post-3082","1":"product","2":"type-product","3":"status-publish","4":"has-post-thumbnail","6":"product_cat-eudeba-libro","7":"product_cat-libro","8":"product_tag-economia","9":"product_tag-teorias-economicas","10":"desktop-align-left","11":"tablet-align-left","12":"mobile-align-left","14":"first","15":"instock","16":"shipping-taxable","17":"purchasable","18":"product-type-simple"},"acf":[],"uagb_featured_image_src":{"full":["https:\/\/biblio1.mdp.edu.ar\/centro-ventas\/wp-content\/uploads\/sites\/2\/2023\/11\/9789502316123.jpg",288,407,false],"thumbnail":["https:\/\/biblio1.mdp.edu.ar\/centro-ventas\/wp-content\/uploads\/sites\/2\/2023\/11\/9789502316123-150x150.jpg",150,150,true],"medium":["https:\/\/biblio1.mdp.edu.ar\/centro-ventas\/wp-content\/uploads\/sites\/2\/2023\/11\/9789502316123-212x300.jpg",212,300,true],"medium_large":["https:\/\/biblio1.mdp.edu.ar\/centro-ventas\/wp-content\/uploads\/sites\/2\/2023\/11\/9789502316123.jpg",288,407,false],"large":["https:\/\/biblio1.mdp.edu.ar\/centro-ventas\/wp-content\/uploads\/sites\/2\/2023\/11\/9789502316123.jpg",288,407,false],"1536x1536":["https:\/\/biblio1.mdp.edu.ar\/centro-ventas\/wp-content\/uploads\/sites\/2\/2023\/11\/9789502316123.jpg",288,407,false],"2048x2048":["https:\/\/biblio1.mdp.edu.ar\/centro-ventas\/wp-content\/uploads\/sites\/2\/2023\/11\/9789502316123.jpg",288,407,false],"woocommerce_thumbnail":["https:\/\/biblio1.mdp.edu.ar\/centro-ventas\/wp-content\/uploads\/sites\/2\/2023\/11\/9789502316123.jpg",288,407,false],"woocommerce_single":["https:\/\/biblio1.mdp.edu.ar\/centro-ventas\/wp-content\/uploads\/sites\/2\/2023\/11\/9789502316123.jpg",288,407,false],"woocommerce_gallery_thumbnail":["https:\/\/biblio1.mdp.edu.ar\/centro-ventas\/wp-content\/uploads\/sites\/2\/2023\/11\/9789502316123-100x100.jpg",100,100,true]},"uagb_author_info":{"display_name":"Cristina Bernabe","author_link":"https:\/\/biblio1.mdp.edu.ar\/centro-ventas\/author\/"},"uagb_comment_info":0,"uagb_excerpt":"Dirigido tanto a los especialistas como a los estudiantes y al p\u00fablico interesado, Fundamentos de la Teor\u00eda General constituye el fruto de una rigurosa investigaci\u00f3n cr\u00edtica que reconstruye el complejo espectro de discusiones sobre la obra fundamental de Keynes. En sus p\u00e1ginas iniciales se detiene en los antecedentes hist\u00f3ricos y en el estado de la&hellip;","_links":{"self":[{"href":"https:\/\/biblio1.mdp.edu.ar\/centro-ventas\/wp-json\/wp\/v2\/product\/3082","targetHints":{"allow":["GET"]}}],"collection":[{"href":"https:\/\/biblio1.mdp.edu.ar\/centro-ventas\/wp-json\/wp\/v2\/product"}],"about":[{"href":"https:\/\/biblio1.mdp.edu.ar\/centro-ventas\/wp-json\/wp\/v2\/types\/product"}],"wp:featuredmedia":[{"embeddable":true,"href":"https:\/\/biblio1.mdp.edu.ar\/centro-ventas\/wp-json\/wp\/v2\/media\/3083"}],"wp:attachment":[{"href":"https:\/\/biblio1.mdp.edu.ar\/centro-ventas\/wp-json\/wp\/v2\/media?parent=3082"}],"wp:term":[{"taxonomy":"product_cat","embeddable":true,"href":"https:\/\/biblio1.mdp.edu.ar\/centro-ventas\/wp-json\/wp\/v2\/product_cat?post=3082"},{"taxonomy":"product_tag","embeddable":true,"href":"https:\/\/biblio1.mdp.edu.ar\/centro-ventas\/wp-json\/wp\/v2\/product_tag?post=3082"}],"curies":[{"name":"wp","href":"https:\/\/api.w.org\/{rel}","templated":true}]}}