{"id":308,"date":"2018-06-07T12:23:27","date_gmt":"2018-06-07T15:23:27","guid":{"rendered":"http:\/\/biblio1.mdp.edu.ar\/centro-ventas\/producto\/import-placeholder-for-123\/"},"modified":"2024-02-19T16:15:21","modified_gmt":"2024-02-19T19:15:21","slug":"anatomia-con-orientacion-clinica","status":"publish","type":"product","link":"https:\/\/biblio1.mdp.edu.ar\/centro-ventas\/producto\/anatomia-con-orientacion-clinica\/","title":{"rendered":"Anatom\u00eda con orientaci\u00f3n cl\u00ednica 8va edici\u00f3n"},"content":{"rendered":"<p>Anatom\u00eda con orientaci\u00f3n cl\u00ednica proporciona a estudiantes de medicina y otras \u00e1reas afines la informaci\u00f3n anat\u00f3mica que necesitan para su formaci\u00f3n te\u00f3rica y pr\u00e1ctica. Este prestigioso libro de texto es c\u00e9lebre pos su orientaci\u00f3n cl\u00ednica y su \u00e9nfasis en los aspectos funcionales de la anatom\u00eda, enfoque que permite revisar el sistema musculoesquel\u00e9tico, por ejemplo, centr\u00e1ndose en la acci\u00f3n y utilidad de los m\u00fasculos y los grupos musculares en las actividades cotidianas. La 8.\u00aa edici\u00f3n refleja nueva informaci\u00f3n significativa y actualizaciones y mantiene los m\u00e1s altos est\u00e1ndares de precisi\u00f3n cient\u00edfica y cl\u00ednica. Las actualizaciones reflejan cambios en la aplicaci\u00f3n cl\u00ednica de la anatom\u00eda, as\u00ed como nuevas tecnolog\u00edas de imagen, centr\u00e1ndose en la anatom\u00eda que los estudiantes necesitan saber.<\/p>\n<p>Caracter\u00edsticas principales:<\/p>\n<p>CORRELACIONES CL\u00cdNICAS. Los ya conocidos cuadros azules contienen fotograf\u00edas y\/o ilustraciones din\u00e1micas en color para ayudar a comprender la importancia pr\u00e1ctica de la anatom\u00eda. Dentro de cada cuadro hay diferentes iconos que indican el tipo de informaci\u00f3n cl\u00ednica que contienen.<br \/>\nPUNTOS FUNDAMENTALES. En los cuadros destacados en amarillo se resumen los conceptos principales para una revisi\u00f3n r\u00e1pida de los contenidos.<br \/>\nTABLAS ILUSTRADAS. Las tablas pretenden organizar de forma clara la compleja informaci\u00f3n sobre venas, arterias, nervios y otras estructuras.<br \/>\nCAP\u00cdTULO INTRODUCTORIO. Este exhaustivo cap\u00edtulo introduce los conceptos anat\u00f3micos b\u00e1sicos que han de permitir entrar en cada una de las regiones anat\u00f3micas tratadas en los siguientes cap\u00edtulos.<br \/>\nIM\u00c1GENES CL\u00cdNICAS. Cada uno de los cap\u00edtulos dedicados a regiones anat\u00f3mica concretas contiene combinaciones de im\u00e1genes cl\u00ednicas\/diagn\u00f3sticas que familiarizan a los futuros profesionales con las t\u00e9cnicas de diagn\u00f3stico por la imagen. La calidad de las im\u00e1genes facilita la comprensi\u00f3n de los conceptos anat\u00f3micos y la retenci\u00f3n de \u00abim\u00e1genes mentales\u00bb de las estructuras anat\u00f3micas.<br \/>\nANATOM\u00cdA DE SUPERFICIE. Las ilustraciones muestran claramente la relaci\u00f3n entre la anatom\u00eda y la exploraci\u00f3n f\u00edsica y el diagn\u00f3stico.<br \/>\nNovedades con respecto a la anterior edici\u00f3n:<\/p>\n<p>CUADROS AZULES ampliamente revisados con todas las aplicaciones pr\u00e1cticas de la anatom\u00eda.<br \/>\nIm\u00e1genes m\u00e9dicas nuevas y actualizadas, y anatom\u00eda de superficie integrada en cada cap\u00edtulo para demostrar la relaci\u00f3n entre anatom\u00eda, exploraci\u00f3n f\u00edsica y diagn\u00f3stico.<br \/>\nCap\u00edtulo introductorio actualizado con res\u00famenes de anatom\u00eda sist\u00e9mica funcional y una introducci\u00f3n a los distintos enfoques para estudiar anatom\u00eda, terminolog\u00eda, im\u00e1genes y m\u00e1s.<br \/>\nInclusi\u00f3n de nuevas secciones que describen el sistema nervioso ent\u00e9rico (considerado por algunos como un \u00absegundo cerebro\u00bb) y su papel \u00fanico en la inervaci\u00f3n del sistema digestivo, que ofrece a los estudiantes una visi\u00f3n de vanguardia de este importante descubrimiento cient\u00edfico.<br \/>\nEnfoque m\u00e1s realista del sistema musculoesquel\u00e9tico. Para ello se ha incluido una exploraci\u00f3n de la acci\u00f3n y el uso de los m\u00fasculos y los grupos musculares en las actividades diarias, haciendo hincapi\u00e9 en la marcha y el agarre.<br \/>\nLas casillas \u00abBottom Line\u00bb resumen informaci\u00f3n para facilitar la revisi\u00f3n en curso y subrayan el punto de vista de big-picture.<br \/>\nContenido digital en l\u00ednea: banco de im\u00e1genes, banco de preguntas interactivas, animaciones cl\u00ednicas relacionadas con los cuadros azules. Todo para facilitar la revisi\u00f3n y promover la autoevaluaci\u00f3n del conocimiento.<\/p>\n<p>Contenido:<br \/>\nIntroducci\u00f3n a la anatom\u00eda con orientaci\u00f3n cl\u00ednica.<\/p>\n<p>Metodos para el estudio de la Anatom\u00eda.<br \/>\nTerminologia anat\u00f3mica y m\u00e9dica.<br \/>\nVariaciones anat\u00f3micas.<br \/>\nSistema tegumentario.<br \/>\nFascias, comportamientos fasciales, bolsas y espacios potenciales.<br \/>\nSistema esquel\u00e9tico<br \/>\nTejido y sistema musculares.<br \/>\nSistema cardiovascular<br \/>\nSistema linfoide.<br \/>\nSistema nervioso.<br \/>\nTecnicas de diagn\u00f3stico por imagen<br \/>\nTorax.<\/p>\n<p>Visi\u00f3n general<br \/>\nPared tor\u00e1cica.<br \/>\nV\u00edsceras de la cavidad tor\u00e1cica<br \/>\nAbdomen<\/p>\n<p>Visi\u00f3n general: paredes, cavidades, regiones y planos<br \/>\nPared anterolateral del abdomen<br \/>\nPeritoneo y cavidad peritoneal<br \/>\nV\u00edsceras abdominales<br \/>\nDiafragma<br \/>\nPared posterior del abdomen<br \/>\nT\u00e9cnicas de diagn\u00f3stico por la imagen de abdomen<br \/>\nPelvis y perin\u00e9<\/p>\n<p>Introducci\u00f3n a la pelvis y el perin\u00e9<br \/>\nCintura p\u00e9lvica<br \/>\nCavidad p\u00e9lvica<br \/>\nEstructuras vasculonerviosas de la pelvis<br \/>\nV\u00edsceras p\u00e9lvicas<br \/>\nPerin\u00e9<br \/>\nDiagn\u00f3stico por la imagen de la pelvis y el perin\u00e9<br \/>\nDorso<\/p>\n<p>Visi\u00f3 general del dorso y la columna vertebral<br \/>\nV\u00e9rtebras<br \/>\nColumna vertebral<br \/>\nM\u00fasculos del dorso<br \/>\nContenido del conducto vertebral<br \/>\nMiembro inferior<\/p>\n<p>Visi\u00f3n general<br \/>\nDesarrollo del miembro inferior<br \/>\nHuesos del miembro inferior<br \/>\nFascias, venas, linf\u00e1ticos, vasos eferentes y nervios cut\u00e1neos del miembro inferior<br \/>\nPostura y marcha<br \/>\nRegiones anterior y medial del muslo<br \/>\nRegiones gl\u00fatea y posterior del muslo<br \/>\nFosa popl\u00edtea y pierna<br \/>\nPie<br \/>\nArticulaciones del miembro inferior<br \/>\nMiembro superior<\/p>\n<p>Visi\u00f3n general<br \/>\nComparaci\u00f3n entre los miembros superior e inferior<br \/>\nHuesos del miembro superior<br \/>\nFascias, vasos eferentes, inervaci\u00f3n cut\u00e1nea y miotomas del miembro superior<br \/>\nRegiones pectoral y escapular<br \/>\nAxila<br \/>\nBrazo<br \/>\nAntebrazo<br \/>\nMano<br \/>\nArticulaciones del miembro superior<br \/>\nCabeza<\/p>\n<p>Visi\u00f3n general<br \/>\nCr\u00e1neo<br \/>\nCara y cuero cabelludo<br \/>\nMeninges craneales<br \/>\nEnc\u00e9falo<br \/>\nOjo, \u00f3rbita, regi\u00f3n orbitaria y globo ocular<br \/>\nRegiones parot\u00eddea y temporal, fosa infratemporal y articulaci\u00f3n temporomandibular<br \/>\nRegi\u00f3n bucal<br \/>\nFosa pterigopalatina<br \/>\nO\u00eddo<br \/>\nCuello<\/p>\n<p>Visi\u00f3n general<br \/>\nHuesos del cuello<br \/>\nFascia del cuello<br \/>\nEstructuras superficiales del cuello: regiones cervicales<br \/>\nEstructuras profundas del cuello<br \/>\nV\u00edsceras del cuello<br \/>\nLinf\u00e1ticos del cuello<br \/>\nResumen de los nervios craneales<\/p>\n<p>Visi\u00f3n general<br \/>\nNervio olfatorio (NC I)<br \/>\nNervio \u00f3ptico (NC II)<br \/>\nNervio oculomotor (NC III)<br \/>\nNervio troclear (NC IV)<br \/>\nNervio trig\u00e9mino (NC V)<br \/>\nNervio abducens (NC VI)<br \/>\nNervio facial (NC VII)<br \/>\nNervio vestibulococlear (NC VIII)<br \/>\nNervio glosofar\u00edngeo (NC IX)<br \/>\nNervio vago (NC X)<br \/>\nNervio accesorio (NC XI)<br \/>\nNervio hipogloso (NC XII)<br \/>\nAp\u00e9ndice A: referencias bibliogr\u00e1ficas y lecturas recomendadas<\/p>\n<p>\u00cdndice alfab\u00e9tico de materias<\/p>\n","protected":false},"excerpt":{"rendered":"<p>Anatom\u00eda con orientaci\u00f3n cl\u00ednica proporciona a estudiantes de medicina y otras \u00e1reas afines la informaci\u00f3n anat\u00f3mica que necesitan para su formaci\u00f3n te\u00f3rica y pr\u00e1ctica. Este prestigioso libro de texto es c\u00e9lebre pos su orientaci\u00f3n cl\u00ednica y su \u00e9nfasis en los aspectos funcionales de la anatom\u00eda, enfoque que permite revisar el sistema musculoesquel\u00e9tico, por ejemplo, centr\u00e1ndose [&hellip;]<\/p>\n","protected":false},"featured_media":2201,"template":"","meta":{"_acf_changed":false,"_eb_attr":"","_crdt_document":"","_uag_custom_page_level_css":"","_editorskit_title_hidden":false,"_editorskit_reading_time":0,"_editorskit_is_block_options_detached":false,"_editorskit_block_options_position":"{}","site-sidebar-layout":"default","site-content-layout":"","ast-site-content-layout":"default","site-content-style":"default","site-sidebar-style":"default","ast-global-header-display":"","ast-banner-title-visibility":"","ast-main-header-display":"","ast-hfb-above-header-display":"","ast-hfb-below-header-display":"","ast-hfb-mobile-header-display":"","site-post-title":"","ast-breadcrumbs-content":"","ast-featured-img":"","footer-sml-layout":"","ast-disable-related-posts":"","theme-transparent-header-meta":"","adv-header-id-meta":"","stick-header-meta":"","header-above-stick-meta":"","header-main-stick-meta":"","header-below-stick-meta":"","astra-migrate-meta-layouts":"default","ast-page-background-enabled":"default","ast-page-background-meta":{"desktop":{"background-color":"var(--ast-global-color-4)","background-image":"","background-repeat":"repeat","background-position":"center center","background-size":"auto","background-attachment":"scroll","background-type":"","background-media":"","overlay-type":"","overlay-color":"","overlay-opacity":"","overlay-gradient":""},"tablet":{"background-color":"","background-image":"","background-repeat":"repeat","background-position":"center center","background-size":"auto","background-attachment":"scroll","background-type":"","background-media":"","overlay-type":"","overlay-color":"","overlay-opacity":"","overlay-gradient":""},"mobile":{"background-color":"","background-image":"","background-repeat":"repeat","background-position":"center center","background-size":"auto","background-attachment":"scroll","background-type":"","background-media":"","overlay-type":"","overlay-color":"","overlay-opacity":"","overlay-gradient":""}},"ast-content-background-meta":{"desktop":{"background-color":"var(--ast-global-color-5)","background-image":"","background-repeat":"repeat","background-position":"center center","background-size":"auto","background-attachment":"scroll","background-type":"","background-media":"","overlay-type":"","overlay-color":"","overlay-opacity":"","overlay-gradient":""},"tablet":{"background-color":"var(--ast-global-color-5)","background-image":"","background-repeat":"repeat","background-position":"center center","background-size":"auto","background-attachment":"scroll","background-type":"","background-media":"","overlay-type":"","overlay-color":"","overlay-opacity":"","overlay-gradient":""},"mobile":{"background-color":"var(--ast-global-color-5)","background-image":"","background-repeat":"repeat","background-position":"center center","background-size":"auto","background-attachment":"scroll","background-type":"","background-media":"","overlay-type":"","overlay-color":"","overlay-opacity":"","overlay-gradient":""}}},"product_cat":[28,29,168],"product_tag":[16,17,19],"class_list":{"0":"post-308","1":"product","2":"type-product","3":"status-publish","4":"has-post-thumbnail","6":"product_cat-libro","7":"product_cat-medicina","8":"product_cat-salud","9":"product_tag-anatomia","10":"product_tag-ciencias-de-la-salud","11":"product_tag-medicina","12":"desktop-align-left","13":"tablet-align-left","14":"mobile-align-left","16":"first","17":"outofstock","18":"shipping-taxable","19":"product-type-simple"},"acf":[],"uagb_featured_image_src":{"full":["https:\/\/biblio1.mdp.edu.ar\/centro-ventas\/wp-content\/uploads\/sites\/2\/2018\/06\/D_NQ_NP_999700-MLA28129242210_092018-O.jpg",369,500,false],"thumbnail":["https:\/\/biblio1.mdp.edu.ar\/centro-ventas\/wp-content\/uploads\/sites\/2\/2018\/06\/D_NQ_NP_999700-MLA28129242210_092018-O.jpg",111,150,false],"medium":["https:\/\/biblio1.mdp.edu.ar\/centro-ventas\/wp-content\/uploads\/sites\/2\/2018\/06\/D_NQ_NP_999700-MLA28129242210_092018-O.jpg",221,300,false],"medium_large":["https:\/\/biblio1.mdp.edu.ar\/centro-ventas\/wp-content\/uploads\/sites\/2\/2018\/06\/D_NQ_NP_999700-MLA28129242210_092018-O.jpg",369,500,false],"large":["https:\/\/biblio1.mdp.edu.ar\/centro-ventas\/wp-content\/uploads\/sites\/2\/2018\/06\/D_NQ_NP_999700-MLA28129242210_092018-O.jpg",369,500,false],"1536x1536":["https:\/\/biblio1.mdp.edu.ar\/centro-ventas\/wp-content\/uploads\/sites\/2\/2018\/06\/D_NQ_NP_999700-MLA28129242210_092018-O.jpg",369,500,false],"2048x2048":["https:\/\/biblio1.mdp.edu.ar\/centro-ventas\/wp-content\/uploads\/sites\/2\/2018\/06\/D_NQ_NP_999700-MLA28129242210_092018-O.jpg",369,500,false],"woocommerce_thumbnail":["https:\/\/biblio1.mdp.edu.ar\/centro-ventas\/wp-content\/uploads\/sites\/2\/2018\/06\/D_NQ_NP_999700-MLA28129242210_092018-O.jpg",300,407,false],"woocommerce_single":["https:\/\/biblio1.mdp.edu.ar\/centro-ventas\/wp-content\/uploads\/sites\/2\/2018\/06\/D_NQ_NP_999700-MLA28129242210_092018-O.jpg",369,500,false],"woocommerce_gallery_thumbnail":["https:\/\/biblio1.mdp.edu.ar\/centro-ventas\/wp-content\/uploads\/sites\/2\/2018\/06\/D_NQ_NP_999700-MLA28129242210_092018-O-100x100.jpg",100,100,true]},"uagb_author_info":{"display_name":"Castorina Jorge","author_link":"https:\/\/biblio1.mdp.edu.ar\/centro-ventas\/author\/"},"uagb_comment_info":0,"uagb_excerpt":"Anatom\u00eda con orientaci\u00f3n cl\u00ednica proporciona a estudiantes de medicina y otras \u00e1reas afines la informaci\u00f3n anat\u00f3mica que necesitan para su formaci\u00f3n te\u00f3rica y pr\u00e1ctica. Este prestigioso libro de texto es c\u00e9lebre pos su orientaci\u00f3n cl\u00ednica y su \u00e9nfasis en los aspectos funcionales de la anatom\u00eda, enfoque que permite revisar el sistema musculoesquel\u00e9tico, por ejemplo, centr\u00e1ndose&hellip;","_links":{"self":[{"href":"https:\/\/biblio1.mdp.edu.ar\/centro-ventas\/wp-json\/wp\/v2\/product\/308","targetHints":{"allow":["GET"]}}],"collection":[{"href":"https:\/\/biblio1.mdp.edu.ar\/centro-ventas\/wp-json\/wp\/v2\/product"}],"about":[{"href":"https:\/\/biblio1.mdp.edu.ar\/centro-ventas\/wp-json\/wp\/v2\/types\/product"}],"wp:featuredmedia":[{"embeddable":true,"href":"https:\/\/biblio1.mdp.edu.ar\/centro-ventas\/wp-json\/wp\/v2\/media\/2201"}],"wp:attachment":[{"href":"https:\/\/biblio1.mdp.edu.ar\/centro-ventas\/wp-json\/wp\/v2\/media?parent=308"}],"wp:term":[{"taxonomy":"product_cat","embeddable":true,"href":"https:\/\/biblio1.mdp.edu.ar\/centro-ventas\/wp-json\/wp\/v2\/product_cat?post=308"},{"taxonomy":"product_tag","embeddable":true,"href":"https:\/\/biblio1.mdp.edu.ar\/centro-ventas\/wp-json\/wp\/v2\/product_tag?post=308"}],"curies":[{"name":"wp","href":"https:\/\/api.w.org\/{rel}","templated":true}]}}