{"id":3074,"date":"2023-11-14T15:56:10","date_gmt":"2023-11-14T18:56:10","guid":{"rendered":"http:\/\/biblio1.mdp.edu.ar\/centro-ventas\/?post_type=product&#038;p=3074"},"modified":"2025-10-16T17:11:42","modified_gmt":"2025-10-16T20:11:42","slug":"la-gestion-como-clave-en-la-integracion-iberoamericana","status":"publish","type":"product","link":"https:\/\/biblio1.mdp.edu.ar\/centro-ventas\/producto\/la-gestion-como-clave-en-la-integracion-iberoamericana\/","title":{"rendered":"La Gesti\u00f3n Como Clave En La Integraci\u00f3n Iberoamericana"},"content":{"rendered":"<p>As\u00ed como se presentan enfoques para entender el presente y la historia. tambi\u00e9n hay maneras de mirar hacia adelante. Este libro plantea las claves de la gesti\u00f3n desde una visi\u00f3n integradora y novedosa. Examina hechos. semejanzas y paralelismos. analiza la naturaleza de los cambios necesarios y el aporte de las disciplinas identificadas con la b\u00fasqueda de una mejor manera de estimular el renacer de las econom\u00edas. La perspectiva privilegiada de su vasta experiencia. unida al desempe\u00f1o de su rol acad\u00e9mico. permiten al autor detectar l\u00facidamente la problem\u00e1tica iberoamericana en un amplio contenido de materias. Plantea desaf\u00edos trascendentes para los procesos de integraci\u00f3n llegar a ellos desde la riqueza y no desde la pobreza. entender el crecimiento como condici\u00f3n necesaria pero no suficiente para reducir las desigualdades. El dolor padecido por los pa\u00edses en desarrollo en la era de la globalizaci\u00f3n no debe repetirse jam\u00e1s. Las acciones sociales inteligentes complementan las acciones econ\u00f3micas si se gestionan en un marco de ayuda y servicios. y no como recetas temporarias para prolongar crueles procesos de sacrificio en aras de un futuro promisorio. La brillante mirada de Barbieri se detiene tambi\u00e9n en la cuesti\u00f3n ambiental. en la responsabilidad social. en el sistema educativo y en el tri\u00e1ngulo productivo Universidad-Estado-Empresas .<\/p>\n","protected":false},"excerpt":{"rendered":"<p>As\u00ed como se presentan enfoques para entender el presente y la historia. tambi\u00e9n hay maneras de mirar hacia adelante. Este libro plantea las claves de la gesti\u00f3n desde una visi\u00f3n integradora y novedosa. Examina hechos. semejanzas y paralelismos. analiza la naturaleza de los cambios necesarios y el aporte de las disciplinas identificadas con la b\u00fasqueda [&hellip;]<\/p>\n","protected":false},"featured_media":3076,"template":"","meta":{"_acf_changed":false,"_eb_attr":"","_crdt_document":"","_uag_custom_page_level_css":"","_editorskit_title_hidden":false,"_editorskit_reading_time":0,"_editorskit_is_block_options_detached":false,"_editorskit_block_options_position":"{}","site-sidebar-layout":"default","site-content-layout":"","ast-site-content-layout":"default","site-content-style":"default","site-sidebar-style":"default","ast-global-header-display":"","ast-banner-title-visibility":"","ast-main-header-display":"","ast-hfb-above-header-display":"","ast-hfb-below-header-display":"","ast-hfb-mobile-header-display":"","site-post-title":"","ast-breadcrumbs-content":"","ast-featured-img":"","footer-sml-layout":"","ast-disable-related-posts":"","theme-transparent-header-meta":"default","adv-header-id-meta":"","stick-header-meta":"","header-above-stick-meta":"","header-main-stick-meta":"","header-below-stick-meta":"","astra-migrate-meta-layouts":"set","ast-page-background-enabled":"default","ast-page-background-meta":{"desktop":{"background-color":"var(--ast-global-color-4)","background-image":"","background-repeat":"repeat","background-position":"center center","background-size":"auto","background-attachment":"scroll","background-type":"","background-media":"","overlay-type":"","overlay-color":"","overlay-opacity":"","overlay-gradient":""},"tablet":{"background-color":"","background-image":"","background-repeat":"repeat","background-position":"center center","background-size":"auto","background-attachment":"scroll","background-type":"","background-media":"","overlay-type":"","overlay-color":"","overlay-opacity":"","overlay-gradient":""},"mobile":{"background-color":"","background-image":"","background-repeat":"repeat","background-position":"center center","background-size":"auto","background-attachment":"scroll","background-type":"","background-media":"","overlay-type":"","overlay-color":"","overlay-opacity":"","overlay-gradient":""}},"ast-content-background-meta":{"desktop":{"background-color":"var(--ast-global-color-5)","background-image":"","background-repeat":"repeat","background-position":"center center","background-size":"auto","background-attachment":"scroll","background-type":"","background-media":"","overlay-type":"","overlay-color":"","overlay-opacity":"","overlay-gradient":""},"tablet":{"background-color":"var(--ast-global-color-5)","background-image":"","background-repeat":"repeat","background-position":"center center","background-size":"auto","background-attachment":"scroll","background-type":"","background-media":"","overlay-type":"","overlay-color":"","overlay-opacity":"","overlay-gradient":""},"mobile":{"background-color":"var(--ast-global-color-5)","background-image":"","background-repeat":"repeat","background-position":"center center","background-size":"auto","background-attachment":"scroll","background-type":"","background-media":"","overlay-type":"","overlay-color":"","overlay-opacity":"","overlay-gradient":""}}},"product_cat":[130,28],"product_tag":[388],"class_list":{"0":"post-3074","1":"product","2":"type-product","3":"status-publish","4":"has-post-thumbnail","6":"product_cat-eudeba-libro","7":"product_cat-libro","8":"product_tag-universidad-estado-empresas","9":"desktop-align-left","10":"tablet-align-left","11":"mobile-align-left","13":"first","14":"instock","15":"shipping-taxable","16":"purchasable","17":"product-type-simple"},"acf":[],"uagb_featured_image_src":{"full":["https:\/\/biblio1.mdp.edu.ar\/centro-ventas\/wp-content\/uploads\/sites\/2\/2023\/11\/HERCI-EUDh789502316291.jpg",344,459,false],"thumbnail":["https:\/\/biblio1.mdp.edu.ar\/centro-ventas\/wp-content\/uploads\/sites\/2\/2023\/11\/HERCI-EUDh789502316291-150x150.jpg",150,150,true],"medium":["https:\/\/biblio1.mdp.edu.ar\/centro-ventas\/wp-content\/uploads\/sites\/2\/2023\/11\/HERCI-EUDh789502316291-225x300.jpg",225,300,true],"medium_large":["https:\/\/biblio1.mdp.edu.ar\/centro-ventas\/wp-content\/uploads\/sites\/2\/2023\/11\/HERCI-EUDh789502316291.jpg",344,459,false],"large":["https:\/\/biblio1.mdp.edu.ar\/centro-ventas\/wp-content\/uploads\/sites\/2\/2023\/11\/HERCI-EUDh789502316291.jpg",344,459,false],"1536x1536":["https:\/\/biblio1.mdp.edu.ar\/centro-ventas\/wp-content\/uploads\/sites\/2\/2023\/11\/HERCI-EUDh789502316291.jpg",344,459,false],"2048x2048":["https:\/\/biblio1.mdp.edu.ar\/centro-ventas\/wp-content\/uploads\/sites\/2\/2023\/11\/HERCI-EUDh789502316291.jpg",344,459,false],"woocommerce_thumbnail":["https:\/\/biblio1.mdp.edu.ar\/centro-ventas\/wp-content\/uploads\/sites\/2\/2023\/11\/HERCI-EUDh789502316291-300x400.jpg",300,400,true],"woocommerce_single":["https:\/\/biblio1.mdp.edu.ar\/centro-ventas\/wp-content\/uploads\/sites\/2\/2023\/11\/HERCI-EUDh789502316291.jpg",344,459,false],"woocommerce_gallery_thumbnail":["https:\/\/biblio1.mdp.edu.ar\/centro-ventas\/wp-content\/uploads\/sites\/2\/2023\/11\/HERCI-EUDh789502316291-100x100.jpg",100,100,true]},"uagb_author_info":{"display_name":"Cristina Bernabe","author_link":"https:\/\/biblio1.mdp.edu.ar\/centro-ventas\/author\/"},"uagb_comment_info":0,"uagb_excerpt":"As\u00ed como se presentan enfoques para entender el presente y la historia. tambi\u00e9n hay maneras de mirar hacia adelante. Este libro plantea las claves de la gesti\u00f3n desde una visi\u00f3n integradora y novedosa. Examina hechos. semejanzas y paralelismos. analiza la naturaleza de los cambios necesarios y el aporte de las disciplinas identificadas con la b\u00fasqueda&hellip;","_links":{"self":[{"href":"https:\/\/biblio1.mdp.edu.ar\/centro-ventas\/wp-json\/wp\/v2\/product\/3074","targetHints":{"allow":["GET"]}}],"collection":[{"href":"https:\/\/biblio1.mdp.edu.ar\/centro-ventas\/wp-json\/wp\/v2\/product"}],"about":[{"href":"https:\/\/biblio1.mdp.edu.ar\/centro-ventas\/wp-json\/wp\/v2\/types\/product"}],"wp:featuredmedia":[{"embeddable":true,"href":"https:\/\/biblio1.mdp.edu.ar\/centro-ventas\/wp-json\/wp\/v2\/media\/3076"}],"wp:attachment":[{"href":"https:\/\/biblio1.mdp.edu.ar\/centro-ventas\/wp-json\/wp\/v2\/media?parent=3074"}],"wp:term":[{"taxonomy":"product_cat","embeddable":true,"href":"https:\/\/biblio1.mdp.edu.ar\/centro-ventas\/wp-json\/wp\/v2\/product_cat?post=3074"},{"taxonomy":"product_tag","embeddable":true,"href":"https:\/\/biblio1.mdp.edu.ar\/centro-ventas\/wp-json\/wp\/v2\/product_tag?post=3074"}],"curies":[{"name":"wp","href":"https:\/\/api.w.org\/{rel}","templated":true}]}}