{"id":3062,"date":"2023-11-13T17:33:07","date_gmt":"2023-11-13T20:33:07","guid":{"rendered":"http:\/\/biblio1.mdp.edu.ar\/centro-ventas\/?post_type=product&#038;p=3062"},"modified":"2025-10-17T14:08:14","modified_gmt":"2025-10-17T17:08:14","slug":"under-the-southern-cross-australia-argentina-a-comparative-analysis","status":"publish","type":"product","link":"https:\/\/biblio1.mdp.edu.ar\/centro-ventas\/producto\/under-the-southern-cross-australia-argentina-a-comparative-analysis\/","title":{"rendered":"Under the Southern Cross  &#8212; Australia \u2013 Argentina: a comparative analysis"},"content":{"rendered":"<div class=\"row\">\n<section id=\"ContentPlaceHolderContenido_rptFicha_sectionResenia_0\" class=\"col-xs-12 resenia lResenia\">\n<p id=\"ContentPlaceHolderContenido_rptFicha_prop_description_0\" class=\"collapse in resenia\" aria-expanded=\"true\">La historia y la econom\u00eda de Australia y Argentina tuvieron comienzos muy similares. Luego, las particularidades de la vida institucional de nuestro pa\u00eds y las crisis econ\u00f3micas que lo afectaron, terminaron de trazar destinos profundamente divergentes para las dos naciones. Las reflexiones reunidas en este volumen surgen de un seminario organizado por el llorado Embajador argentino en Australia, N\u00e9stor Stancanelli. En estas p\u00e1ginas, los or\u00edgenes similares y los recorridos diferentes de los dos pa\u00edses se examinan a partir de distintos puntos de vista tales como la econom\u00eda, la pol\u00edtica, la vida social, la cultura, la educaci\u00f3n.<\/p>\n<\/section>\n<\/div>\n<div class=\"row\">\n<section id=\"ContentPlaceHolderContenido_rptFicha_rptAutoresBio_0_autorBio_0_resultadoEnriquecido_0_sectionContainer_0\" class=\"resultado-enriquecido col-md-12 padding-top autor-info\">\n<h2 class=\"clearfix subrayado\"><span class=\"col-xs-9 col-sm-10\">Acerca del AUTOR\u00a0N\u00e9stor Stancanelli<\/span><\/h2>\n<div class=\"row collapse in info\" aria-expanded=\"true\">\n<div id=\"ContentPlaceHolderContenido_rptFicha_rptAutoresBio_0_autorBio_0_resultadoEnriquecido_0_textoContainer_0\" class=\"col-xs-12 texto\">Fue funcionario de larga trayectoria en la Canciller\u00eda y ocup\u00f3 el cargo de Embajador argentino en Australia entre 1998 y 2005; tambi\u00e9n hab\u00eda sido subsecretario de Comercio Exterior y hab\u00eda cumplido funciones en las embajadas de Per\u00fa e Italia. Egresado de la UBA como Licenciado en Econom\u00eda Pol\u00edtica y Doctor Honoris Causa en Derecho de la Universidad de Australia, se desempe\u00f1\u00f3 en los \u00faltimos a\u00f1os como director de Negociaciones Econ\u00f3micas Internacionales de la Canciller\u00eda.<\/div>\n<\/div>\n<\/section>\n<\/div>\n<hr \/>\n<section class=\"row\"><\/section>\n<div class=\"row\">\n<div class=\"col-md-12\">\n<section class=\"rank padding-top\">\n<div id=\"ContentPlaceHolderContenido_rptFicha_productosNovedadesPorCategoria_0_productosDestacados_0_listadoHorizontal_0_divLibrosContainer_0\" class=\"collapse in libros\" aria-expanded=\"true\">Idioma: Ingl\u00e9s<\/div>\n<\/section>\n<\/div>\n<\/div>\n","protected":false},"excerpt":{"rendered":"<p>La historia y la econom\u00eda de Australia y Argentina tuvieron comienzos muy similares. Luego, las particularidades de la vida institucional de nuestro pa\u00eds y las crisis econ\u00f3micas que lo afectaron, terminaron de trazar destinos profundamente divergentes para las dos naciones. Las reflexiones reunidas en este volumen surgen de un seminario organizado por el llorado Embajador [&hellip;]<\/p>\n","protected":false},"featured_media":3063,"template":"","meta":{"_acf_changed":false,"_eb_attr":"","_crdt_document":"","_uag_custom_page_level_css":"","_editorskit_title_hidden":false,"_editorskit_reading_time":0,"_editorskit_is_block_options_detached":false,"_editorskit_block_options_position":"{}","site-sidebar-layout":"default","site-content-layout":"","ast-site-content-layout":"default","site-content-style":"default","site-sidebar-style":"default","ast-global-header-display":"","ast-banner-title-visibility":"","ast-main-header-display":"","ast-hfb-above-header-display":"","ast-hfb-below-header-display":"","ast-hfb-mobile-header-display":"","site-post-title":"","ast-breadcrumbs-content":"","ast-featured-img":"","footer-sml-layout":"","ast-disable-related-posts":"","theme-transparent-header-meta":"default","adv-header-id-meta":"","stick-header-meta":"","header-above-stick-meta":"","header-main-stick-meta":"","header-below-stick-meta":"","astra-migrate-meta-layouts":"set","ast-page-background-enabled":"default","ast-page-background-meta":{"desktop":{"background-color":"var(--ast-global-color-4)","background-image":"","background-repeat":"repeat","background-position":"center center","background-size":"auto","background-attachment":"scroll","background-type":"","background-media":"","overlay-type":"","overlay-color":"","overlay-opacity":"","overlay-gradient":""},"tablet":{"background-color":"","background-image":"","background-repeat":"repeat","background-position":"center center","background-size":"auto","background-attachment":"scroll","background-type":"","background-media":"","overlay-type":"","overlay-color":"","overlay-opacity":"","overlay-gradient":""},"mobile":{"background-color":"","background-image":"","background-repeat":"repeat","background-position":"center center","background-size":"auto","background-attachment":"scroll","background-type":"","background-media":"","overlay-type":"","overlay-color":"","overlay-opacity":"","overlay-gradient":""}},"ast-content-background-meta":{"desktop":{"background-color":"var(--ast-global-color-5)","background-image":"","background-repeat":"repeat","background-position":"center center","background-size":"auto","background-attachment":"scroll","background-type":"","background-media":"","overlay-type":"","overlay-color":"","overlay-opacity":"","overlay-gradient":""},"tablet":{"background-color":"var(--ast-global-color-5)","background-image":"","background-repeat":"repeat","background-position":"center center","background-size":"auto","background-attachment":"scroll","background-type":"","background-media":"","overlay-type":"","overlay-color":"","overlay-opacity":"","overlay-gradient":""},"mobile":{"background-color":"var(--ast-global-color-5)","background-image":"","background-repeat":"repeat","background-position":"center center","background-size":"auto","background-attachment":"scroll","background-type":"","background-media":"","overlay-type":"","overlay-color":"","overlay-opacity":"","overlay-gradient":""}}},"product_cat":[632,130,28,637],"product_tag":[383,382,384,234,385,119],"class_list":{"0":"post-3062","1":"product","2":"type-product","3":"status-publish","4":"has-post-thumbnail","6":"product_cat-derecho","7":"product_cat-eudeba-libro","8":"product_cat-libro","9":"product_cat-punto-de-venta-derecho","10":"product_tag-argentina","11":"product_tag-australia","12":"product_tag-cultura","13":"product_tag-economia","14":"product_tag-educacion","15":"product_tag-politica","16":"desktop-align-left","17":"tablet-align-left","18":"mobile-align-left","20":"first","21":"instock","22":"shipping-taxable","23":"purchasable","24":"product-type-simple"},"acf":[],"uagb_featured_image_src":{"full":["https:\/\/biblio1.mdp.edu.ar\/centro-ventas\/wp-content\/uploads\/sites\/2\/2023\/11\/underTheSouthernCross.jpg",1640,2424,false],"thumbnail":["https:\/\/biblio1.mdp.edu.ar\/centro-ventas\/wp-content\/uploads\/sites\/2\/2023\/11\/underTheSouthernCross-150x150.jpg",150,150,true],"medium":["https:\/\/biblio1.mdp.edu.ar\/centro-ventas\/wp-content\/uploads\/sites\/2\/2023\/11\/underTheSouthernCross-203x300.jpg",203,300,true],"medium_large":["https:\/\/biblio1.mdp.edu.ar\/centro-ventas\/wp-content\/uploads\/sites\/2\/2023\/11\/underTheSouthernCross-768x1135.jpg",768,1135,true],"large":["https:\/\/biblio1.mdp.edu.ar\/centro-ventas\/wp-content\/uploads\/sites\/2\/2023\/11\/underTheSouthernCross-693x1024.jpg",693,1024,true],"1536x1536":["https:\/\/biblio1.mdp.edu.ar\/centro-ventas\/wp-content\/uploads\/sites\/2\/2023\/11\/underTheSouthernCross-1039x1536.jpg",1039,1536,true],"2048x2048":["https:\/\/biblio1.mdp.edu.ar\/centro-ventas\/wp-content\/uploads\/sites\/2\/2023\/11\/underTheSouthernCross-1386x2048.jpg",1386,2048,true],"woocommerce_thumbnail":["https:\/\/biblio1.mdp.edu.ar\/centro-ventas\/wp-content\/uploads\/sites\/2\/2023\/11\/underTheSouthernCross-300x443.jpg",300,443,true],"woocommerce_single":["https:\/\/biblio1.mdp.edu.ar\/centro-ventas\/wp-content\/uploads\/sites\/2\/2023\/11\/underTheSouthernCross-600x887.jpg",600,887,true],"woocommerce_gallery_thumbnail":["https:\/\/biblio1.mdp.edu.ar\/centro-ventas\/wp-content\/uploads\/sites\/2\/2023\/11\/underTheSouthernCross-100x100.jpg",100,100,true]},"uagb_author_info":{"display_name":"Cristina Bernabe","author_link":"https:\/\/biblio1.mdp.edu.ar\/centro-ventas\/author\/"},"uagb_comment_info":0,"uagb_excerpt":"La historia y la econom\u00eda de Australia y Argentina tuvieron comienzos muy similares. Luego, las particularidades de la vida institucional de nuestro pa\u00eds y las crisis econ\u00f3micas que lo afectaron, terminaron de trazar destinos profundamente divergentes para las dos naciones. Las reflexiones reunidas en este volumen surgen de un seminario organizado por el llorado Embajador&hellip;","_links":{"self":[{"href":"https:\/\/biblio1.mdp.edu.ar\/centro-ventas\/wp-json\/wp\/v2\/product\/3062","targetHints":{"allow":["GET"]}}],"collection":[{"href":"https:\/\/biblio1.mdp.edu.ar\/centro-ventas\/wp-json\/wp\/v2\/product"}],"about":[{"href":"https:\/\/biblio1.mdp.edu.ar\/centro-ventas\/wp-json\/wp\/v2\/types\/product"}],"wp:featuredmedia":[{"embeddable":true,"href":"https:\/\/biblio1.mdp.edu.ar\/centro-ventas\/wp-json\/wp\/v2\/media\/3063"}],"wp:attachment":[{"href":"https:\/\/biblio1.mdp.edu.ar\/centro-ventas\/wp-json\/wp\/v2\/media?parent=3062"}],"wp:term":[{"taxonomy":"product_cat","embeddable":true,"href":"https:\/\/biblio1.mdp.edu.ar\/centro-ventas\/wp-json\/wp\/v2\/product_cat?post=3062"},{"taxonomy":"product_tag","embeddable":true,"href":"https:\/\/biblio1.mdp.edu.ar\/centro-ventas\/wp-json\/wp\/v2\/product_tag?post=3062"}],"curies":[{"name":"wp","href":"https:\/\/api.w.org\/{rel}","templated":true}]}}