{"id":3060,"date":"2023-11-13T17:09:06","date_gmt":"2023-11-13T20:09:06","guid":{"rendered":"http:\/\/biblio1.mdp.edu.ar\/centro-ventas\/?post_type=product&#038;p=3060"},"modified":"2025-10-16T17:34:51","modified_gmt":"2025-10-16T20:34:51","slug":"populismo-y-neopopulismo-en-america-latina","status":"publish","type":"product","link":"https:\/\/biblio1.mdp.edu.ar\/centro-ventas\/producto\/populismo-y-neopopulismo-en-america-latina\/","title":{"rendered":"Populismo y neopopulismo en Am\u00e9rica Latina"},"content":{"rendered":"<p id=\"ContentPlaceHolderContenido_rptFicha_prop_description_0\" class=\"collapse in resenia\" aria-expanded=\"true\">El car\u00e1cter polis\u00e9mico del t\u00e9rmino \u201cpopulismo\u201d hace que todo estudio que lo aborde como tema se enfrente a la obligaci\u00f3n de definirlo. As\u00ed, Mackinnon y Petrone trazan una completa rese\u00f1a de la variedad de fen\u00f3menos alcanzados por este t\u00e9rmino que se emplea cotidianamente en los m\u00e1s diversos contextos: periodismo, pol\u00edtica, \u00e1mbito acad\u00e9mico. Los art\u00edculos de esta compilaci\u00f3n, escritos por autores latinoamericanos y anglosajones, abordan cinco casos de populismo en Latinoam\u00e9rica: el Brasil de Vargas (1945-1954), el M\u00e9xico de C\u00e1rdenas (1934-1940), la Argentina peronista (1945-1955), el Per\u00fa de los postulados de Haya de la Torre y el Ecuador de Velasco Ibarra.<\/p>\n","protected":false},"excerpt":{"rendered":"<p>El car\u00e1cter polis\u00e9mico del t\u00e9rmino \u201cpopulismo\u201d hace que todo estudio que lo aborde como tema se enfrente a la obligaci\u00f3n de definirlo. As\u00ed, Mackinnon y Petrone trazan una completa rese\u00f1a de la variedad de fen\u00f3menos alcanzados por este t\u00e9rmino que se emplea cotidianamente en los m\u00e1s diversos contextos: periodismo, pol\u00edtica, \u00e1mbito acad\u00e9mico. Los art\u00edculos de [&hellip;]<\/p>\n","protected":false},"featured_media":3061,"template":"","meta":{"_acf_changed":false,"_eb_attr":"","_crdt_document":"","_uag_custom_page_level_css":"","_editorskit_title_hidden":false,"_editorskit_reading_time":0,"_editorskit_is_block_options_detached":false,"_editorskit_block_options_position":"{}","site-sidebar-layout":"default","site-content-layout":"","ast-site-content-layout":"default","site-content-style":"default","site-sidebar-style":"default","ast-global-header-display":"","ast-banner-title-visibility":"","ast-main-header-display":"","ast-hfb-above-header-display":"","ast-hfb-below-header-display":"","ast-hfb-mobile-header-display":"","site-post-title":"","ast-breadcrumbs-content":"","ast-featured-img":"","footer-sml-layout":"","ast-disable-related-posts":"","theme-transparent-header-meta":"default","adv-header-id-meta":"","stick-header-meta":"","header-above-stick-meta":"","header-main-stick-meta":"","header-below-stick-meta":"","astra-migrate-meta-layouts":"set","ast-page-background-enabled":"default","ast-page-background-meta":{"desktop":{"background-color":"var(--ast-global-color-4)","background-image":"","background-repeat":"repeat","background-position":"center center","background-size":"auto","background-attachment":"scroll","background-type":"","background-media":"","overlay-type":"","overlay-color":"","overlay-opacity":"","overlay-gradient":""},"tablet":{"background-color":"","background-image":"","background-repeat":"repeat","background-position":"center center","background-size":"auto","background-attachment":"scroll","background-type":"","background-media":"","overlay-type":"","overlay-color":"","overlay-opacity":"","overlay-gradient":""},"mobile":{"background-color":"","background-image":"","background-repeat":"repeat","background-position":"center center","background-size":"auto","background-attachment":"scroll","background-type":"","background-media":"","overlay-type":"","overlay-color":"","overlay-opacity":"","overlay-gradient":""}},"ast-content-background-meta":{"desktop":{"background-color":"var(--ast-global-color-5)","background-image":"","background-repeat":"repeat","background-position":"center center","background-size":"auto","background-attachment":"scroll","background-type":"","background-media":"","overlay-type":"","overlay-color":"","overlay-opacity":"","overlay-gradient":""},"tablet":{"background-color":"var(--ast-global-color-5)","background-image":"","background-repeat":"repeat","background-position":"center center","background-size":"auto","background-attachment":"scroll","background-type":"","background-media":"","overlay-type":"","overlay-color":"","overlay-opacity":"","overlay-gradient":""},"mobile":{"background-color":"var(--ast-global-color-5)","background-image":"","background-repeat":"repeat","background-position":"center center","background-size":"auto","background-attachment":"scroll","background-type":"","background-media":"","overlay-type":"","overlay-color":"","overlay-opacity":"","overlay-gradient":""}}},"product_cat":[130,28],"product_tag":[],"class_list":{"0":"post-3060","1":"product","2":"type-product","3":"status-publish","4":"has-post-thumbnail","6":"product_cat-eudeba-libro","7":"product_cat-libro","8":"desktop-align-left","9":"tablet-align-left","10":"mobile-align-left","12":"first","13":"instock","14":"shipping-taxable","15":"purchasable","16":"product-type-simple"},"acf":[],"uagb_featured_image_src":{"full":["https:\/\/biblio1.mdp.edu.ar\/centro-ventas\/wp-content\/uploads\/sites\/2\/2023\/11\/PopulismoEnAL.jpg",1204,1568,false],"thumbnail":["https:\/\/biblio1.mdp.edu.ar\/centro-ventas\/wp-content\/uploads\/sites\/2\/2023\/11\/PopulismoEnAL-150x150.jpg",150,150,true],"medium":["https:\/\/biblio1.mdp.edu.ar\/centro-ventas\/wp-content\/uploads\/sites\/2\/2023\/11\/PopulismoEnAL-230x300.jpg",230,300,true],"medium_large":["https:\/\/biblio1.mdp.edu.ar\/centro-ventas\/wp-content\/uploads\/sites\/2\/2023\/11\/PopulismoEnAL-768x1000.jpg",768,1000,true],"large":["https:\/\/biblio1.mdp.edu.ar\/centro-ventas\/wp-content\/uploads\/sites\/2\/2023\/11\/PopulismoEnAL-786x1024.jpg",786,1024,true],"1536x1536":["https:\/\/biblio1.mdp.edu.ar\/centro-ventas\/wp-content\/uploads\/sites\/2\/2023\/11\/PopulismoEnAL-1179x1536.jpg",1179,1536,true],"2048x2048":["https:\/\/biblio1.mdp.edu.ar\/centro-ventas\/wp-content\/uploads\/sites\/2\/2023\/11\/PopulismoEnAL.jpg",1204,1568,false],"woocommerce_thumbnail":["https:\/\/biblio1.mdp.edu.ar\/centro-ventas\/wp-content\/uploads\/sites\/2\/2023\/11\/PopulismoEnAL-300x391.jpg",300,391,true],"woocommerce_single":["https:\/\/biblio1.mdp.edu.ar\/centro-ventas\/wp-content\/uploads\/sites\/2\/2023\/11\/PopulismoEnAL-600x781.jpg",600,781,true],"woocommerce_gallery_thumbnail":["https:\/\/biblio1.mdp.edu.ar\/centro-ventas\/wp-content\/uploads\/sites\/2\/2023\/11\/PopulismoEnAL-100x100.jpg",100,100,true]},"uagb_author_info":{"display_name":"Cristina Bernabe","author_link":"https:\/\/biblio1.mdp.edu.ar\/centro-ventas\/author\/"},"uagb_comment_info":0,"uagb_excerpt":"El car\u00e1cter polis\u00e9mico del t\u00e9rmino \u201cpopulismo\u201d hace que todo estudio que lo aborde como tema se enfrente a la obligaci\u00f3n de definirlo. As\u00ed, Mackinnon y Petrone trazan una completa rese\u00f1a de la variedad de fen\u00f3menos alcanzados por este t\u00e9rmino que se emplea cotidianamente en los m\u00e1s diversos contextos: periodismo, pol\u00edtica, \u00e1mbito acad\u00e9mico. Los art\u00edculos de&hellip;","_links":{"self":[{"href":"https:\/\/biblio1.mdp.edu.ar\/centro-ventas\/wp-json\/wp\/v2\/product\/3060","targetHints":{"allow":["GET"]}}],"collection":[{"href":"https:\/\/biblio1.mdp.edu.ar\/centro-ventas\/wp-json\/wp\/v2\/product"}],"about":[{"href":"https:\/\/biblio1.mdp.edu.ar\/centro-ventas\/wp-json\/wp\/v2\/types\/product"}],"wp:featuredmedia":[{"embeddable":true,"href":"https:\/\/biblio1.mdp.edu.ar\/centro-ventas\/wp-json\/wp\/v2\/media\/3061"}],"wp:attachment":[{"href":"https:\/\/biblio1.mdp.edu.ar\/centro-ventas\/wp-json\/wp\/v2\/media?parent=3060"}],"wp:term":[{"taxonomy":"product_cat","embeddable":true,"href":"https:\/\/biblio1.mdp.edu.ar\/centro-ventas\/wp-json\/wp\/v2\/product_cat?post=3060"},{"taxonomy":"product_tag","embeddable":true,"href":"https:\/\/biblio1.mdp.edu.ar\/centro-ventas\/wp-json\/wp\/v2\/product_tag?post=3060"}],"curies":[{"name":"wp","href":"https:\/\/api.w.org\/{rel}","templated":true}]}}