{"id":306,"date":"2018-06-07T12:23:24","date_gmt":"2018-06-07T15:23:24","guid":{"rendered":"http:\/\/biblio1.mdp.edu.ar\/centro-ventas\/producto\/import-placeholder-for-119\/"},"modified":"2024-05-15T15:26:01","modified_gmt":"2024-05-15T18:26:01","slug":"anatomia-humana-descriptiva-topografica-y-funcional-tomo-4","status":"publish","type":"product","link":"https:\/\/biblio1.mdp.edu.ar\/centro-ventas\/producto\/anatomia-humana-descriptiva-topografica-y-funcional-tomo-4\/","title":{"rendered":"Anatom\u00eda Humana Descriptiva, topogr\u00e1fica y funcional. Tomo 4"},"content":{"rendered":"<p><strong>PUNTOS CLAVE<\/strong><\/p>\n<ul>\n<li>Se trata de la nueva edici\u00f3n del Tratado de Anatom\u00eda humana, descriptiva, topogr\u00e1fica y funcional de Henri Rouvi\u00e8re y Andr\u00e9 Delmas revisada por Vincent Delmas. Es una obra cl\u00e1sica que en sucesivas ediciones ha ido mejorando para mantener su vigente actualidad proporcionando una exposici\u00f3n did\u00e1ctica, completa y actualizada de las estructuras corporales.<\/li>\n<li>Se trata de un tomo nuevo dedicado al Sistema Nervioso Central. Se ha incorporado una parte nueva sobre anatom\u00eda funcional del SNC que completa la parte descriptiva, que en la edici\u00f3n anterior formaba parte del Tomo 3.<\/li>\n<li>Su iconograf\u00eda es precisa y clara, incluye im\u00e1genes fotogr\u00e1ficas, radiogr\u00e1ficas, tomodensitom\u00e9tricas y las obtenidas por resonancia magn\u00e9tica nuclear. Adem\u00e1s al final de este tomo y del 3 se incluye un peque\u00f1o atlas de im\u00e1genes por RM.<\/li>\n<li>Al inicio de cada tomo hay un \u00cdndice de la n\u00f3mina anat\u00f3mica que facilita una referencia anat\u00f3mica internacional. Adem\u00e1s junto a la nueva terminolog\u00eda, cada vez que aparece un t\u00e9rmino anat\u00f3mico nuevo se incluye, entre par\u00e9ntesis, los t\u00e9rminos referentes a ep\u00f3nimos o a aquellas denominaciones consideradas tradicionales. De esta manera se permite que los estudiantes comprendan m\u00e1s f\u00e1cilmente la terminolog\u00eda que emplean los cl\u00ednicos, y que no siempre coincide con la de los anatomistas.<\/li>\n<\/ul>\n<p><strong>\u00cdNDICE DE CAP\u00cdTULOS<\/strong><\/p>\n<ul>\n<li>SISTEMA NERVIOSO CENTRAL. ANATOM\u00cdA DESCRIPTIVA DEL SISTEMA NERVIOSO CENTRAL. CONFIGURACI\u00d3N EXTERNA E INTERNA.<\/li>\n<li>I. Primeros estadios del desarrollo y divisi\u00f3n del sistema nervioso central.<\/li>\n<li>II. M\u00e9dula espinal.<\/li>\n<li>III. Enc\u00e9falo. SISTEMA NERVIOSO AUT\u00d3NOMO.<\/li>\n<li>I. Centros del sistema nervioso aut\u00f3nomo.<\/li>\n<li>II. Porci\u00f3n simp\u00e1tica del sistemanervioso aut\u00f3nomo.<\/li>\n<li>III. Porci\u00f3n parasimp\u00e1tica del sistema nervioso aut\u00f3nomo.<\/li>\n<li>IV Funciones.<\/li>\n<li>SUPERPOSICI\u00d3N Y ANTAGONISMO DE LAS PORCIONES SIMP\u00c1TICA Y PARASIMP\u00c1TICA DEL SISTEMA NERVIOSO AUT\u00d3NOMO. MENINGES Y VASOS DEL SISTEMA NERVIOSO CENTRAL.<\/li>\n<li>I. Meninges.<\/li>\n<li>II. Vasos del sistema nervioso central.<\/li>\n<li>ANATOM\u00cdA FUNCIONAL DEL SISTEMA NERVIOSO CENTRAL.<\/li>\n<li>I. Introducci\u00f3n.<\/li>\n<li>II. M\u00e9dula espinal.<\/li>\n<li>III. Enc\u00e9falo.<\/li>\n<li>IV. Visi\u00f3n de conjunto.<\/li>\n<li>ATLAS IRM.<\/li>\n<li>\u00cdNDICE ALFAB\u00c9TICO DE MATERIAS.<\/li>\n<\/ul>\n","protected":false},"excerpt":{"rendered":"<p>PUNTOS CLAVE Se trata de la nueva edici\u00f3n del Tratado de Anatom\u00eda humana, descriptiva, topogr\u00e1fica y funcional de Henri Rouvi\u00e8re y Andr\u00e9 Delmas revisada por Vincent Delmas. Es una obra cl\u00e1sica que en sucesivas ediciones ha ido mejorando para mantener su vigente actualidad proporcionando una exposici\u00f3n did\u00e1ctica, completa y actualizada de las estructuras corporales. Se [&hellip;]<\/p>\n","protected":false},"featured_media":338,"template":"","meta":{"_acf_changed":false,"_eb_attr":"","_crdt_document":"","_uag_custom_page_level_css":"","_editorskit_title_hidden":false,"_editorskit_reading_time":0,"_editorskit_is_block_options_detached":false,"_editorskit_block_options_position":"{}","site-sidebar-layout":"default","site-content-layout":"","ast-site-content-layout":"default","site-content-style":"default","site-sidebar-style":"default","ast-global-header-display":"","ast-banner-title-visibility":"","ast-main-header-display":"","ast-hfb-above-header-display":"","ast-hfb-below-header-display":"","ast-hfb-mobile-header-display":"","site-post-title":"","ast-breadcrumbs-content":"","ast-featured-img":"","footer-sml-layout":"","ast-disable-related-posts":"","theme-transparent-header-meta":"","adv-header-id-meta":"","stick-header-meta":"","header-above-stick-meta":"","header-main-stick-meta":"","header-below-stick-meta":"","astra-migrate-meta-layouts":"default","ast-page-background-enabled":"default","ast-page-background-meta":{"desktop":{"background-color":"var(--ast-global-color-4)","background-image":"","background-repeat":"repeat","background-position":"center center","background-size":"auto","background-attachment":"scroll","background-type":"","background-media":"","overlay-type":"","overlay-color":"","overlay-opacity":"","overlay-gradient":""},"tablet":{"background-color":"","background-image":"","background-repeat":"repeat","background-position":"center center","background-size":"auto","background-attachment":"scroll","background-type":"","background-media":"","overlay-type":"","overlay-color":"","overlay-opacity":"","overlay-gradient":""},"mobile":{"background-color":"","background-image":"","background-repeat":"repeat","background-position":"center center","background-size":"auto","background-attachment":"scroll","background-type":"","background-media":"","overlay-type":"","overlay-color":"","overlay-opacity":"","overlay-gradient":""}},"ast-content-background-meta":{"desktop":{"background-color":"var(--ast-global-color-5)","background-image":"","background-repeat":"repeat","background-position":"center center","background-size":"auto","background-attachment":"scroll","background-type":"","background-media":"","overlay-type":"","overlay-color":"","overlay-opacity":"","overlay-gradient":""},"tablet":{"background-color":"var(--ast-global-color-5)","background-image":"","background-repeat":"repeat","background-position":"center center","background-size":"auto","background-attachment":"scroll","background-type":"","background-media":"","overlay-type":"","overlay-color":"","overlay-opacity":"","overlay-gradient":""},"mobile":{"background-color":"var(--ast-global-color-5)","background-image":"","background-repeat":"repeat","background-position":"center center","background-size":"auto","background-attachment":"scroll","background-type":"","background-media":"","overlay-type":"","overlay-color":"","overlay-opacity":"","overlay-gradient":""}}},"product_cat":[28,29,168],"product_tag":[16,17,19],"class_list":{"0":"post-306","1":"product","2":"type-product","3":"status-publish","4":"has-post-thumbnail","6":"product_cat-libro","7":"product_cat-medicina","8":"product_cat-salud","9":"product_tag-anatomia","10":"product_tag-ciencias-de-la-salud","11":"product_tag-medicina","12":"desktop-align-left","13":"tablet-align-left","14":"mobile-align-left","16":"first","17":"outofstock","18":"shipping-taxable","19":"product-type-simple"},"acf":[],"uagb_featured_image_src":{"full":["https:\/\/biblio1.mdp.edu.ar\/centro-ventas\/wp-content\/uploads\/sites\/2\/2018\/06\/AnatomiaHumana-rouviereT4.jpg",386,554,false],"thumbnail":["https:\/\/biblio1.mdp.edu.ar\/centro-ventas\/wp-content\/uploads\/sites\/2\/2018\/06\/AnatomiaHumana-rouviereT4.jpg",105,150,false],"medium":["https:\/\/biblio1.mdp.edu.ar\/centro-ventas\/wp-content\/uploads\/sites\/2\/2018\/06\/AnatomiaHumana-rouviereT4.jpg",209,300,false],"medium_large":["https:\/\/biblio1.mdp.edu.ar\/centro-ventas\/wp-content\/uploads\/sites\/2\/2018\/06\/AnatomiaHumana-rouviereT4.jpg",386,554,false],"large":["https:\/\/biblio1.mdp.edu.ar\/centro-ventas\/wp-content\/uploads\/sites\/2\/2018\/06\/AnatomiaHumana-rouviereT4.jpg",386,554,false],"1536x1536":["https:\/\/biblio1.mdp.edu.ar\/centro-ventas\/wp-content\/uploads\/sites\/2\/2018\/06\/AnatomiaHumana-rouviereT4.jpg",386,554,false],"2048x2048":["https:\/\/biblio1.mdp.edu.ar\/centro-ventas\/wp-content\/uploads\/sites\/2\/2018\/06\/AnatomiaHumana-rouviereT4.jpg",386,554,false],"woocommerce_thumbnail":["https:\/\/biblio1.mdp.edu.ar\/centro-ventas\/wp-content\/uploads\/sites\/2\/2018\/06\/AnatomiaHumana-rouviereT4.jpg",300,431,false],"woocommerce_single":["https:\/\/biblio1.mdp.edu.ar\/centro-ventas\/wp-content\/uploads\/sites\/2\/2018\/06\/AnatomiaHumana-rouviereT4.jpg",386,554,false],"woocommerce_gallery_thumbnail":["https:\/\/biblio1.mdp.edu.ar\/centro-ventas\/wp-content\/uploads\/sites\/2\/2018\/06\/AnatomiaHumana-rouviereT4-100x100.jpg",100,100,true]},"uagb_author_info":{"display_name":"Cristina Bernabe","author_link":"https:\/\/biblio1.mdp.edu.ar\/centro-ventas\/author\/"},"uagb_comment_info":0,"uagb_excerpt":"PUNTOS CLAVE Se trata de la nueva edici\u00f3n del Tratado de Anatom\u00eda humana, descriptiva, topogr\u00e1fica y funcional de Henri Rouvi\u00e8re y Andr\u00e9 Delmas revisada por Vincent Delmas. Es una obra cl\u00e1sica que en sucesivas ediciones ha ido mejorando para mantener su vigente actualidad proporcionando una exposici\u00f3n did\u00e1ctica, completa y actualizada de las estructuras corporales. Se&hellip;","_links":{"self":[{"href":"https:\/\/biblio1.mdp.edu.ar\/centro-ventas\/wp-json\/wp\/v2\/product\/306","targetHints":{"allow":["GET"]}}],"collection":[{"href":"https:\/\/biblio1.mdp.edu.ar\/centro-ventas\/wp-json\/wp\/v2\/product"}],"about":[{"href":"https:\/\/biblio1.mdp.edu.ar\/centro-ventas\/wp-json\/wp\/v2\/types\/product"}],"wp:featuredmedia":[{"embeddable":true,"href":"https:\/\/biblio1.mdp.edu.ar\/centro-ventas\/wp-json\/wp\/v2\/media\/338"}],"wp:attachment":[{"href":"https:\/\/biblio1.mdp.edu.ar\/centro-ventas\/wp-json\/wp\/v2\/media?parent=306"}],"wp:term":[{"taxonomy":"product_cat","embeddable":true,"href":"https:\/\/biblio1.mdp.edu.ar\/centro-ventas\/wp-json\/wp\/v2\/product_cat?post=306"},{"taxonomy":"product_tag","embeddable":true,"href":"https:\/\/biblio1.mdp.edu.ar\/centro-ventas\/wp-json\/wp\/v2\/product_tag?post=306"}],"curies":[{"name":"wp","href":"https:\/\/api.w.org\/{rel}","templated":true}]}}