{"id":305,"date":"2018-06-07T12:23:21","date_gmt":"2018-06-07T15:23:21","guid":{"rendered":"http:\/\/biblio1.mdp.edu.ar\/centro-ventas\/producto\/import-placeholder-for-115\/"},"modified":"2024-02-20T12:22:24","modified_gmt":"2024-02-20T15:22:24","slug":"anatomia-humana-descriptiva-tomo-3","status":"publish","type":"product","link":"https:\/\/biblio1.mdp.edu.ar\/centro-ventas\/producto\/anatomia-humana-descriptiva-tomo-3\/","title":{"rendered":"Anatom\u00eda Humana Descriptiva. Tomo 3"},"content":{"rendered":"<p><strong>PUNTOS CLAVE:<\/strong><\/p>\n<ul>\n<li>Se trata de la nueva edici\u00f3n del Tratado de Anatom\u00eda humana, descriptiva, topogr\u00e1fica y funcional de Henry Rouvi\u00e8re y Andr\u00e9 Delmas revisada por Vincent Delmas. Es una obra cl\u00e1sica que en sucesivas ediciones ha ido mejorando para mantener su vigente actualidad proporcionando una exposici\u00f3n did\u00e1ctica, completa y actualizada de las estructuras corporales.<\/li>\n<li>Este primer tomo est\u00e1 dedicado al estudio de la cabeza y cuello. Con el objetivo de facilitar un enfoque did\u00e1ctico y entendedor la obra incluye una parte de anatom\u00eda funcional que aclara de forma m\u00e1s activa la parte descriptiva. Asimismo, aporta iconograf\u00eda muy precisa y clara que incluye im\u00e1genes fotogr\u00e1ficas, radiogr\u00e1ficas, tomodensitom\u00e9tricas y las obtenidas por resonancia magn\u00e9tica nuclear. Incorpor\u00e1ndose en el Tomo 3 y 4 un peque\u00f1o atlas de im\u00e1genes por RM.<\/li>\n<li>Al inicio de cada tomo hay un \u00cdndice de la n\u00f3mina anat\u00f3mica que facilita una referencia anat\u00f3mica internacional. Adem\u00e1s junto a la nueva terminolog\u00eda, cada vez que aparece un t\u00e9rmino anat\u00f3mico nuevo se incluye, entre par\u00e9ntesis, los t\u00e9rminos referentes a ep\u00f3nimos o a aquellas denominaciones consideradas tradicionales. De esta manera se permite que los estudiantes comprendan m\u00e1s f\u00e1cilmente la terminolog\u00eda que emplean los cl\u00ednicos, y que no siempre coincide con la de los anatomistas.<\/li>\n<li>En cuanto a la estructura del Tratado en esta edici\u00f3n el Sistema Nervioso Central se trata en un cuarto tomo introduciendo una parte nueva sobre Anatom\u00eda Funcional del SNC que aporta unidad y equilibrio a la obra.<\/li>\n<\/ul>\n<p><strong>\u00cdNDICE DE CAP\u00cdTULOS<\/strong><\/p>\n<ul>\n<li>ANATOM\u00cdA DE LOS MIEMBROS. LOS MIEMBROS Y SUS CINTURAS. ANATOM\u00cdA DESCRIPTIVA DEL MIEMBRO SUPERIOR. ESQUELETO DEL MIEMBRO SUPERIOR.<\/li>\n<li>I. Esqueleto de la cintura escapular.<\/li>\n<li>II. Esqueleto del brazo.<\/li>\n<li>III. Esqueleto del antebrazo.<\/li>\n<li>IV. Huesos de la mano.<\/li>\n<li>ARTICULACIONES DEL MIEMBRO SUPERIOR.<\/li>\n<li>I. Articulaci\u00f3n de la clav\u00edcula con la esc\u00e1pula.<\/li>\n<li>II. Ligamentos propios de la esc\u00e1pula.<\/li>\n<li>III. Articulaci\u00f3n del hombro.<\/li>\n<li>IV. Articulaci\u00f3n del codo.<\/li>\n<li>V. Articulaci\u00f3n radiocubital distal.<\/li>\n<li>VI. Membrana inter\u00f3sea del antebrazo.<\/li>\n<li>VII. Articulaci\u00f3n radiocarpiana.<\/li>\n<li>VIII. Articulaciones de la mano.<\/li>\n<li>M\u00daSCULOS Y FASCIAS DEL MIEMBRO SUPERIOR. I. M\u00fasculos del miembro superior. II. FASCIAS DEL MIEMBRO SUPERIOR. VASOS DEL MIEMBRO SUPERIOR. I. Arterias del miembro superior. II. Venas del miembro superior. III. Vasos y n\u00f3dulos linf\u00e1ticos del miembro superior. NERVIOS DEL MIEMBRO SUPERIOR. I. Plexo braquial. II. DISTRIBUCI\u00d3N DEL PLEXO BRAQUIAL. ANATOM\u00cdA TOPOGR\u00c1FICA DEL MIEMBRO SUPERIOR. I. Hombro. II. Brazo. III. Codo. IV. Antebrazo.V. Regi\u00f3n del carpo o regi\u00f3n carpiana. VI. Mano. ANATOM\u00cdA FUNCIONAL DEL MIEMBRO SUPERIOR. MEC\u00c1NICA ARTICULAR. I. Generalidades. II. Movimientos de la cintura del miembro superior. III. Movimientos del brazo. IV. Movimientos del antebrazo.V. Movimientos de la mano. VI. Movimientos de los dedos. TERRITORIOS DE INERVACI\u00d3N FUNCIONAL DEL MIEMBRO SUPERIOR. I. Ramos colaterales. II. Ramos terminales. III. Territorios perif\u00e9ricos de los segmentos de la m\u00e9dula espinal. ANATOM\u00cdA DESCRIPTIVA DEL MIEMBRO SUPERIOR. ESQUELETO DEL MIEMBRO INFERIOR. I. Esqueleto de la cintura del miembro inferior o cintura p\u00e9lvica. II Esqueleto del muslo. III. Esqueleto de la pierna. IV. Esqueleto del pie. ARTICULACIONES DEL MIEMBRO INFERIOR. I. Articulaciones de la cintura p\u00e9lvica. II. Articulaci\u00f3n de la rodilla. III. Articulaciones tibioperoneas. IV. Articulaci\u00f3n del tobillo o talocrural.V. Articulaciones del pie. M\u00daSCULOS\u00a0Y FASCIAS DEL MIEMBRO INFERIOR. I. M\u00fasculos del miembro inferior. II. Fascias del miembro inferior. VASOS DEL MIEMBRO INFERIOR. I. Arterias del miembro inferior. II. Venas del miembro inferior. III. N\u00f3dulos linf\u00e1ticos y vasos linf\u00e1ticos del miembro inferior. NERVIOS DEL MIEMBRO INFERIOR. I. Plexo lumbar. II. Plexo sacro. ANATOM\u00cdA TOPOGR\u00c1FICA DEL MIEMBRO INFERIOR. I. Regi\u00f3n de la cadera. II. Muslo. III. Rodilla. IV. Pierna.V. Regi\u00f3n del tobillo o talocrural. VI. Pie. ANATOM\u00cdA FUNCIONAL DEL MIEMBRO INFERIOR. MEC\u00c1NICA ARTICULAR.I. Anatom\u00eda funcional de la cintura p\u00e9lvica. II. Anatom\u00eda funcional de la cadera y del muslo. III. Anatom\u00eda funcional de la rodilla y movimientos de la pierna. IV. Articulaci\u00f3n del tobillo o talocrural.V. Movimientos del pie. VI. B\u00f3vedas plantares y su aparato de sost\u00e9n y de movimiento TERRITORIOS DE INERVACI\u00d3N FUNCIONAL DEL MIEMBRO INFERIOR. I. Plexo lumbar. II. Plexo sacro. III Nervio subcostal. IV. Territorios perif\u00e9ricos correspondientes a las diferentes ra\u00edces espinales. PEQUE\u00d1O ATLAS DE ANATOM\u00cdA SECCIONAL Y RM IN VIVO. \u00cdNDICE ALFAB\u00c9TICO DE MATERIAS.<\/li>\n<\/ul>\n","protected":false},"excerpt":{"rendered":"<p>PUNTOS CLAVE: Se trata de la nueva edici\u00f3n del Tratado de Anatom\u00eda humana, descriptiva, topogr\u00e1fica y funcional de Henry Rouvi\u00e8re y Andr\u00e9 Delmas revisada por Vincent Delmas. Es una obra cl\u00e1sica que en sucesivas ediciones ha ido mejorando para mantener su vigente actualidad proporcionando una exposici\u00f3n did\u00e1ctica, completa y actualizada de las estructuras corporales. Este [&hellip;]<\/p>\n","protected":false},"featured_media":337,"template":"","meta":{"_acf_changed":false,"_eb_attr":"","_crdt_document":"","_uag_custom_page_level_css":"","_editorskit_title_hidden":false,"_editorskit_reading_time":0,"_editorskit_is_block_options_detached":false,"_editorskit_block_options_position":"{}","site-sidebar-layout":"default","site-content-layout":"","ast-site-content-layout":"default","site-content-style":"default","site-sidebar-style":"default","ast-global-header-display":"","ast-banner-title-visibility":"","ast-main-header-display":"","ast-hfb-above-header-display":"","ast-hfb-below-header-display":"","ast-hfb-mobile-header-display":"","site-post-title":"","ast-breadcrumbs-content":"","ast-featured-img":"","footer-sml-layout":"","ast-disable-related-posts":"","theme-transparent-header-meta":"","adv-header-id-meta":"","stick-header-meta":"","header-above-stick-meta":"","header-main-stick-meta":"","header-below-stick-meta":"","astra-migrate-meta-layouts":"default","ast-page-background-enabled":"default","ast-page-background-meta":{"desktop":{"background-color":"var(--ast-global-color-4)","background-image":"","background-repeat":"repeat","background-position":"center center","background-size":"auto","background-attachment":"scroll","background-type":"","background-media":"","overlay-type":"","overlay-color":"","overlay-opacity":"","overlay-gradient":""},"tablet":{"background-color":"","background-image":"","background-repeat":"repeat","background-position":"center center","background-size":"auto","background-attachment":"scroll","background-type":"","background-media":"","overlay-type":"","overlay-color":"","overlay-opacity":"","overlay-gradient":""},"mobile":{"background-color":"","background-image":"","background-repeat":"repeat","background-position":"center center","background-size":"auto","background-attachment":"scroll","background-type":"","background-media":"","overlay-type":"","overlay-color":"","overlay-opacity":"","overlay-gradient":""}},"ast-content-background-meta":{"desktop":{"background-color":"var(--ast-global-color-5)","background-image":"","background-repeat":"repeat","background-position":"center center","background-size":"auto","background-attachment":"scroll","background-type":"","background-media":"","overlay-type":"","overlay-color":"","overlay-opacity":"","overlay-gradient":""},"tablet":{"background-color":"var(--ast-global-color-5)","background-image":"","background-repeat":"repeat","background-position":"center center","background-size":"auto","background-attachment":"scroll","background-type":"","background-media":"","overlay-type":"","overlay-color":"","overlay-opacity":"","overlay-gradient":""},"mobile":{"background-color":"var(--ast-global-color-5)","background-image":"","background-repeat":"repeat","background-position":"center center","background-size":"auto","background-attachment":"scroll","background-type":"","background-media":"","overlay-type":"","overlay-color":"","overlay-opacity":"","overlay-gradient":""}}},"product_cat":[28,29,168],"product_tag":[16,17,19,23],"class_list":{"0":"post-305","1":"product","2":"type-product","3":"status-publish","4":"has-post-thumbnail","6":"product_cat-libro","7":"product_cat-medicina","8":"product_cat-salud","9":"product_tag-anatomia","10":"product_tag-ciencias-de-la-salud","11":"product_tag-medicina","12":"product_tag-terapia-ocupacional","13":"desktop-align-left","14":"tablet-align-left","15":"mobile-align-left","17":"first","18":"instock","19":"shipping-taxable","20":"purchasable","21":"product-type-simple"},"acf":[],"uagb_featured_image_src":{"full":["https:\/\/biblio1.mdp.edu.ar\/centro-ventas\/wp-content\/uploads\/sites\/2\/2018\/06\/AnatomiaHumana-rouviereT3.jpg",281,402,false],"thumbnail":["https:\/\/biblio1.mdp.edu.ar\/centro-ventas\/wp-content\/uploads\/sites\/2\/2018\/06\/AnatomiaHumana-rouviereT3.jpg",105,150,false],"medium":["https:\/\/biblio1.mdp.edu.ar\/centro-ventas\/wp-content\/uploads\/sites\/2\/2018\/06\/AnatomiaHumana-rouviereT3.jpg",210,300,false],"medium_large":["https:\/\/biblio1.mdp.edu.ar\/centro-ventas\/wp-content\/uploads\/sites\/2\/2018\/06\/AnatomiaHumana-rouviereT3.jpg",281,402,false],"large":["https:\/\/biblio1.mdp.edu.ar\/centro-ventas\/wp-content\/uploads\/sites\/2\/2018\/06\/AnatomiaHumana-rouviereT3.jpg",281,402,false],"1536x1536":["https:\/\/biblio1.mdp.edu.ar\/centro-ventas\/wp-content\/uploads\/sites\/2\/2018\/06\/AnatomiaHumana-rouviereT3.jpg",281,402,false],"2048x2048":["https:\/\/biblio1.mdp.edu.ar\/centro-ventas\/wp-content\/uploads\/sites\/2\/2018\/06\/AnatomiaHumana-rouviereT3.jpg",281,402,false],"woocommerce_thumbnail":["https:\/\/biblio1.mdp.edu.ar\/centro-ventas\/wp-content\/uploads\/sites\/2\/2018\/06\/AnatomiaHumana-rouviereT3.jpg",281,402,false],"woocommerce_single":["https:\/\/biblio1.mdp.edu.ar\/centro-ventas\/wp-content\/uploads\/sites\/2\/2018\/06\/AnatomiaHumana-rouviereT3.jpg",281,402,false],"woocommerce_gallery_thumbnail":["https:\/\/biblio1.mdp.edu.ar\/centro-ventas\/wp-content\/uploads\/sites\/2\/2018\/06\/AnatomiaHumana-rouviereT3-100x100.jpg",100,100,true]},"uagb_author_info":{"display_name":"Castorina Jorge","author_link":"https:\/\/biblio1.mdp.edu.ar\/centro-ventas\/author\/"},"uagb_comment_info":0,"uagb_excerpt":"PUNTOS CLAVE: Se trata de la nueva edici\u00f3n del Tratado de Anatom\u00eda humana, descriptiva, topogr\u00e1fica y funcional de Henry Rouvi\u00e8re y Andr\u00e9 Delmas revisada por Vincent Delmas. Es una obra cl\u00e1sica que en sucesivas ediciones ha ido mejorando para mantener su vigente actualidad proporcionando una exposici\u00f3n did\u00e1ctica, completa y actualizada de las estructuras corporales. Este&hellip;","_links":{"self":[{"href":"https:\/\/biblio1.mdp.edu.ar\/centro-ventas\/wp-json\/wp\/v2\/product\/305","targetHints":{"allow":["GET"]}}],"collection":[{"href":"https:\/\/biblio1.mdp.edu.ar\/centro-ventas\/wp-json\/wp\/v2\/product"}],"about":[{"href":"https:\/\/biblio1.mdp.edu.ar\/centro-ventas\/wp-json\/wp\/v2\/types\/product"}],"wp:featuredmedia":[{"embeddable":true,"href":"https:\/\/biblio1.mdp.edu.ar\/centro-ventas\/wp-json\/wp\/v2\/media\/337"}],"wp:attachment":[{"href":"https:\/\/biblio1.mdp.edu.ar\/centro-ventas\/wp-json\/wp\/v2\/media?parent=305"}],"wp:term":[{"taxonomy":"product_cat","embeddable":true,"href":"https:\/\/biblio1.mdp.edu.ar\/centro-ventas\/wp-json\/wp\/v2\/product_cat?post=305"},{"taxonomy":"product_tag","embeddable":true,"href":"https:\/\/biblio1.mdp.edu.ar\/centro-ventas\/wp-json\/wp\/v2\/product_tag?post=305"}],"curies":[{"name":"wp","href":"https:\/\/api.w.org\/{rel}","templated":true}]}}