{"id":3046,"date":"2023-10-20T17:49:39","date_gmt":"2023-10-20T20:49:39","guid":{"rendered":"http:\/\/biblio1.mdp.edu.ar\/centro-ventas\/?post_type=product&#038;p=3046"},"modified":"2026-04-01T15:01:43","modified_gmt":"2026-04-01T18:01:43","slug":"un-puente-de-2500-anos","status":"publish","type":"product","link":"https:\/\/biblio1.mdp.edu.ar\/centro-ventas\/producto\/un-puente-de-2500-anos\/","title":{"rendered":"Un puente de 2500 a\u00f1os"},"content":{"rendered":"<div class=\"row\">\n<div class=\"col-md-3\"><span style=\"font-size: 16px\">El libro realiza un recorrido por las ideas de los principales fil\u00f3sofos griegos de entre los siglos VI y III antes de Cristo; ideas principalmente relacionadas con la filosof\u00eda natural y la teor\u00eda del conocimiento, desde una perspectiva cient\u00edfica tanto diacr\u00f3nica como anacr\u00f3nica. Diacr\u00f3nica en el sentido de intentar ubicarnos en la \u00e9poca en que vivieron, despoj\u00e1ndonos de nuestros prejuicios de habitantes del siglo XXI, para valorar sus aportes a la comprensi\u00f3n de la naturaleza y del Mundo en general a la luz de la corta Historia de la humanidad. En cuanto a la perspectiva anacr\u00f3nica, encontrar cu\u00e1ntos de nuestros conocimientos actuales se empezaban a vislumbrar 2.500 a\u00f1os atr\u00e1s, y cu\u00e1ntos caminos iniciados conducir\u00edan a callejones sin salida. La obra pretende mostrar que el camino recorrido antes de Galileo y de Newton es mucho m\u00e1s largo de lo que usualmente se piensa, que las ideas acerca de masa, fuerza, espacio y tiempo de Newton no son para nada obvias ni las \u00fanicas posibles, y que hubo muchas personas que pensaron mucho y de muchas maneras diferentes acerca de la naturaleza, del conocimiento y del Mundo decenas de siglos atr\u00e1s. Conocer mejor la historia de nuestro pensamiento como especie nos ayuda a comprender mejor nuestra realidad actual, tanto cient\u00edfica como filos\u00f3fica y cultural en general.<\/span><\/div>\n<\/div>\n<div class=\"col-md-3\"><\/div>\n","protected":false},"excerpt":{"rendered":"<p>El libro realiza un recorrido por las ideas de los principales fil\u00f3sofos griegos de entre los siglos VI y III antes de Cristo; ideas principalmente relacionadas con la filosof\u00eda natural y la teor\u00eda del conocimiento, desde una perspectiva cient\u00edfica tanto diacr\u00f3nica como anacr\u00f3nica. Diacr\u00f3nica en el sentido de intentar ubicarnos en la \u00e9poca en que [&hellip;]<\/p>\n","protected":false},"featured_media":3047,"template":"","meta":{"_acf_changed":false,"_eb_attr":"","_crdt_document":"","_uag_custom_page_level_css":"","_editorskit_title_hidden":false,"_editorskit_reading_time":0,"_editorskit_is_block_options_detached":false,"_editorskit_block_options_position":"{}","site-sidebar-layout":"default","site-content-layout":"","ast-site-content-layout":"default","site-content-style":"default","site-sidebar-style":"default","ast-global-header-display":"","ast-banner-title-visibility":"","ast-main-header-display":"","ast-hfb-above-header-display":"","ast-hfb-below-header-display":"","ast-hfb-mobile-header-display":"","site-post-title":"","ast-breadcrumbs-content":"","ast-featured-img":"","footer-sml-layout":"","ast-disable-related-posts":"","theme-transparent-header-meta":"default","adv-header-id-meta":"","stick-header-meta":"","header-above-stick-meta":"","header-main-stick-meta":"","header-below-stick-meta":"","astra-migrate-meta-layouts":"set","ast-page-background-enabled":"default","ast-page-background-meta":{"desktop":{"background-color":"var(--ast-global-color-4)","background-image":"","background-repeat":"repeat","background-position":"center center","background-size":"auto","background-attachment":"scroll","background-type":"","background-media":"","overlay-type":"","overlay-color":"","overlay-opacity":"","overlay-gradient":""},"tablet":{"background-color":"","background-image":"","background-repeat":"repeat","background-position":"center center","background-size":"auto","background-attachment":"scroll","background-type":"","background-media":"","overlay-type":"","overlay-color":"","overlay-opacity":"","overlay-gradient":""},"mobile":{"background-color":"","background-image":"","background-repeat":"repeat","background-position":"center center","background-size":"auto","background-attachment":"scroll","background-type":"","background-media":"","overlay-type":"","overlay-color":"","overlay-opacity":"","overlay-gradient":""}},"ast-content-background-meta":{"desktop":{"background-color":"var(--ast-global-color-5)","background-image":"","background-repeat":"repeat","background-position":"center center","background-size":"auto","background-attachment":"scroll","background-type":"","background-media":"","overlay-type":"","overlay-color":"","overlay-opacity":"","overlay-gradient":""},"tablet":{"background-color":"var(--ast-global-color-5)","background-image":"","background-repeat":"repeat","background-position":"center center","background-size":"auto","background-attachment":"scroll","background-type":"","background-media":"","overlay-type":"","overlay-color":"","overlay-opacity":"","overlay-gradient":""},"mobile":{"background-color":"var(--ast-global-color-5)","background-image":"","background-repeat":"repeat","background-position":"center center","background-size":"auto","background-attachment":"scroll","background-type":"","background-media":"","overlay-type":"","overlay-color":"","overlay-opacity":"","overlay-gradient":""}}},"product_cat":[28,205],"product_tag":[52],"class_list":{"0":"post-3046","1":"product","2":"type-product","3":"status-publish","4":"has-post-thumbnail","6":"product_cat-libro","7":"product_cat-serie-signos","8":"product_tag-divulgacion-cientifica","9":"desktop-align-left","10":"tablet-align-left","11":"mobile-align-left","13":"first","14":"instock","15":"shipping-taxable","16":"purchasable","17":"product-type-simple"},"acf":[],"uagb_featured_image_src":{"full":["https:\/\/biblio1.mdp.edu.ar\/centro-ventas\/wp-content\/uploads\/sites\/2\/2023\/10\/TAPA-un-puente-de-2500-frente.jpg",1313,2083,false],"thumbnail":["https:\/\/biblio1.mdp.edu.ar\/centro-ventas\/wp-content\/uploads\/sites\/2\/2023\/10\/TAPA-un-puente-de-2500-frente-150x150.jpg",150,150,true],"medium":["https:\/\/biblio1.mdp.edu.ar\/centro-ventas\/wp-content\/uploads\/sites\/2\/2023\/10\/TAPA-un-puente-de-2500-frente-189x300.jpg",189,300,true],"medium_large":["https:\/\/biblio1.mdp.edu.ar\/centro-ventas\/wp-content\/uploads\/sites\/2\/2023\/10\/TAPA-un-puente-de-2500-frente-768x1218.jpg",768,1218,true],"large":["https:\/\/biblio1.mdp.edu.ar\/centro-ventas\/wp-content\/uploads\/sites\/2\/2023\/10\/TAPA-un-puente-de-2500-frente-645x1024.jpg",645,1024,true],"1536x1536":["https:\/\/biblio1.mdp.edu.ar\/centro-ventas\/wp-content\/uploads\/sites\/2\/2023\/10\/TAPA-un-puente-de-2500-frente-968x1536.jpg",968,1536,true],"2048x2048":["https:\/\/biblio1.mdp.edu.ar\/centro-ventas\/wp-content\/uploads\/sites\/2\/2023\/10\/TAPA-un-puente-de-2500-frente-1291x2048.jpg",1291,2048,true],"woocommerce_thumbnail":["https:\/\/biblio1.mdp.edu.ar\/centro-ventas\/wp-content\/uploads\/sites\/2\/2023\/10\/TAPA-un-puente-de-2500-frente-300x476.jpg",300,476,true],"woocommerce_single":["https:\/\/biblio1.mdp.edu.ar\/centro-ventas\/wp-content\/uploads\/sites\/2\/2023\/10\/TAPA-un-puente-de-2500-frente-600x952.jpg",600,952,true],"woocommerce_gallery_thumbnail":["https:\/\/biblio1.mdp.edu.ar\/centro-ventas\/wp-content\/uploads\/sites\/2\/2023\/10\/TAPA-un-puente-de-2500-frente-100x100.jpg",100,100,true]},"uagb_author_info":{"display_name":"Cristina Bernabe","author_link":"https:\/\/biblio1.mdp.edu.ar\/centro-ventas\/author\/"},"uagb_comment_info":0,"uagb_excerpt":"El libro realiza un recorrido por las ideas de los principales fil\u00f3sofos griegos de entre los siglos VI y III antes de Cristo; ideas principalmente relacionadas con la filosof\u00eda natural y la teor\u00eda del conocimiento, desde una perspectiva cient\u00edfica tanto diacr\u00f3nica como anacr\u00f3nica. Diacr\u00f3nica en el sentido de intentar ubicarnos en la \u00e9poca en que&hellip;","_links":{"self":[{"href":"https:\/\/biblio1.mdp.edu.ar\/centro-ventas\/wp-json\/wp\/v2\/product\/3046","targetHints":{"allow":["GET"]}}],"collection":[{"href":"https:\/\/biblio1.mdp.edu.ar\/centro-ventas\/wp-json\/wp\/v2\/product"}],"about":[{"href":"https:\/\/biblio1.mdp.edu.ar\/centro-ventas\/wp-json\/wp\/v2\/types\/product"}],"wp:featuredmedia":[{"embeddable":true,"href":"https:\/\/biblio1.mdp.edu.ar\/centro-ventas\/wp-json\/wp\/v2\/media\/3047"}],"wp:attachment":[{"href":"https:\/\/biblio1.mdp.edu.ar\/centro-ventas\/wp-json\/wp\/v2\/media?parent=3046"}],"wp:term":[{"taxonomy":"product_cat","embeddable":true,"href":"https:\/\/biblio1.mdp.edu.ar\/centro-ventas\/wp-json\/wp\/v2\/product_cat?post=3046"},{"taxonomy":"product_tag","embeddable":true,"href":"https:\/\/biblio1.mdp.edu.ar\/centro-ventas\/wp-json\/wp\/v2\/product_tag?post=3046"}],"curies":[{"name":"wp","href":"https:\/\/api.w.org\/{rel}","templated":true}]}}