{"id":3041,"date":"2023-10-20T17:36:34","date_gmt":"2023-10-20T20:36:34","guid":{"rendered":"http:\/\/biblio1.mdp.edu.ar\/centro-ventas\/?post_type=product&#038;p=3041"},"modified":"2026-04-01T15:00:10","modified_gmt":"2026-04-01T18:00:10","slug":"transicion-energetica-en-america-latina","status":"publish","type":"product","link":"https:\/\/biblio1.mdp.edu.ar\/centro-ventas\/producto\/transicion-energetica-en-america-latina\/","title":{"rendered":"Transici\u00f3n energ\u00e9tica en Am\u00e9rica Latina"},"content":{"rendered":"<div class=\"row\">\n<div class=\"col-md-3\">\n<p>El planeta ha sido planteado como un espacio no sujeto a l\u00edmites, tal la idea de progreso que consider\u00f3 a la naturaleza un espacio de conquista. La crisis clim\u00e1tica viene a demostrar lo errado de dicha visi\u00f3n. Fruto de la concentraci\u00f3n de carbono y otros gases de efecto invernadero en la atm\u00f3sfera, la temperatura promedio global del planeta sigue en aumento. Avanzar con la transici\u00f3n energ\u00e9tica deviene un imperativo, y el financiamiento es un aspecto clave en dicho proceso. Postergarlo conlleva riesgos sist\u00e9micos, cuyas consecuencias sobre la macroeconom\u00eda y el sistema financiero resultan may\u00fasculas. Ello debe instar a quienes gobiernan a actuar, introducir respuestas de pol\u00edtica econ\u00f3mica. Tambi\u00e9n deber\u00eda repensarse desde lo institucional, modificar el andamiaje legal-normativo que termina perpetuando el modelo energ\u00e9tico del pasado.\u00a0 Resulta necesario discutir la problem\u00e1tica ambiental, as\u00ed como lo irreversible del proceso de transici\u00f3n energ\u00e9tica.<\/p>\n<p>El autor se\u00f1ala los diversos factores que muestran lo irreversible del proceso, los cambios tecnol\u00f3gicos, pero tambi\u00e9n aquellos de orden institucional o de h\u00e1bitos de consumo que explican tal tendencia. Pero, la transici\u00f3n no ocurre en un vac\u00edo. Motivado por intereses espurios un grupo de actores ejerce presi\u00f3n sobre los gobiernos, para as\u00ed mantener sus privilegios. Al desinter\u00e9s de muchos se debe a\u00f1adir la desinformaci\u00f3n que generan unos pocos, todo ello vuelve imprescindible analizar la transici\u00f3n desde una perspectiva multidisciplinaria; una visi\u00f3n de pol\u00edtica econ\u00f3mica global que presente actores, describa pol\u00edticas y muestre c\u00f3mo el poder influye en la toma de decisiones. El libro analiza estos diversos factores y destaca la complejidad del problema y, por ende, la necesidad de abordarlo desde una perspectiva multidisciplinaria.<\/p>\n<\/div>\n<div>\n<div class=\"col-md-3\"><\/div>\n<\/div>\n<\/div>\n","protected":false},"excerpt":{"rendered":"<p>El planeta ha sido planteado como un espacio no sujeto a l\u00edmites, tal la idea de progreso que consider\u00f3 a la naturaleza un espacio de conquista. La crisis clim\u00e1tica viene a demostrar lo errado de dicha visi\u00f3n. Fruto de la concentraci\u00f3n de carbono y otros gases de efecto invernadero en la atm\u00f3sfera, la temperatura promedio [&hellip;]<\/p>\n","protected":false},"featured_media":3042,"template":"","meta":{"_acf_changed":false,"_eb_attr":"","_crdt_document":"","_uag_custom_page_level_css":"","_editorskit_title_hidden":false,"_editorskit_reading_time":0,"_editorskit_is_block_options_detached":false,"_editorskit_block_options_position":"{}","site-sidebar-layout":"default","site-content-layout":"","ast-site-content-layout":"default","site-content-style":"default","site-sidebar-style":"default","ast-global-header-display":"","ast-banner-title-visibility":"","ast-main-header-display":"","ast-hfb-above-header-display":"","ast-hfb-below-header-display":"","ast-hfb-mobile-header-display":"","site-post-title":"","ast-breadcrumbs-content":"","ast-featured-img":"","footer-sml-layout":"","ast-disable-related-posts":"","theme-transparent-header-meta":"default","adv-header-id-meta":"","stick-header-meta":"","header-above-stick-meta":"","header-main-stick-meta":"","header-below-stick-meta":"","astra-migrate-meta-layouts":"set","ast-page-background-enabled":"default","ast-page-background-meta":{"desktop":{"background-color":"var(--ast-global-color-4)","background-image":"","background-repeat":"repeat","background-position":"center center","background-size":"auto","background-attachment":"scroll","background-type":"","background-media":"","overlay-type":"","overlay-color":"","overlay-opacity":"","overlay-gradient":""},"tablet":{"background-color":"","background-image":"","background-repeat":"repeat","background-position":"center center","background-size":"auto","background-attachment":"scroll","background-type":"","background-media":"","overlay-type":"","overlay-color":"","overlay-opacity":"","overlay-gradient":""},"mobile":{"background-color":"","background-image":"","background-repeat":"repeat","background-position":"center center","background-size":"auto","background-attachment":"scroll","background-type":"","background-media":"","overlay-type":"","overlay-color":"","overlay-opacity":"","overlay-gradient":""}},"ast-content-background-meta":{"desktop":{"background-color":"var(--ast-global-color-5)","background-image":"","background-repeat":"repeat","background-position":"center center","background-size":"auto","background-attachment":"scroll","background-type":"","background-media":"","overlay-type":"","overlay-color":"","overlay-opacity":"","overlay-gradient":""},"tablet":{"background-color":"var(--ast-global-color-5)","background-image":"","background-repeat":"repeat","background-position":"center center","background-size":"auto","background-attachment":"scroll","background-type":"","background-media":"","overlay-type":"","overlay-color":"","overlay-opacity":"","overlay-gradient":""},"mobile":{"background-color":"var(--ast-global-color-5)","background-image":"","background-repeat":"repeat","background-position":"center center","background-size":"auto","background-attachment":"scroll","background-type":"","background-media":"","overlay-type":"","overlay-color":"","overlay-opacity":"","overlay-gradient":""}}},"product_cat":[115,32,28],"product_tag":[354,353],"class_list":{"0":"post-3041","1":"product","2":"type-product","3":"status-publish","4":"has-post-thumbnail","6":"product_cat-herramientas","7":"product_cat-edudem","8":"product_cat-libro","9":"product_tag-desarrollo-latinoamericano","10":"product_tag-tecnologia","11":"desktop-align-left","12":"tablet-align-left","13":"mobile-align-left","15":"first","16":"instock","17":"shipping-taxable","18":"purchasable","19":"product-type-simple"},"acf":[],"uagb_featured_image_src":{"full":["https:\/\/biblio1.mdp.edu.ar\/centro-ventas\/wp-content\/uploads\/sites\/2\/2023\/10\/TAPA-transicion-energetica.jpg",998,1495,false],"thumbnail":["https:\/\/biblio1.mdp.edu.ar\/centro-ventas\/wp-content\/uploads\/sites\/2\/2023\/10\/TAPA-transicion-energetica-150x150.jpg",150,150,true],"medium":["https:\/\/biblio1.mdp.edu.ar\/centro-ventas\/wp-content\/uploads\/sites\/2\/2023\/10\/TAPA-transicion-energetica-200x300.jpg",200,300,true],"medium_large":["https:\/\/biblio1.mdp.edu.ar\/centro-ventas\/wp-content\/uploads\/sites\/2\/2023\/10\/TAPA-transicion-energetica-768x1150.jpg",768,1150,true],"large":["https:\/\/biblio1.mdp.edu.ar\/centro-ventas\/wp-content\/uploads\/sites\/2\/2023\/10\/TAPA-transicion-energetica-684x1024.jpg",684,1024,true],"1536x1536":["https:\/\/biblio1.mdp.edu.ar\/centro-ventas\/wp-content\/uploads\/sites\/2\/2023\/10\/TAPA-transicion-energetica.jpg",998,1495,false],"2048x2048":["https:\/\/biblio1.mdp.edu.ar\/centro-ventas\/wp-content\/uploads\/sites\/2\/2023\/10\/TAPA-transicion-energetica.jpg",998,1495,false],"woocommerce_thumbnail":["https:\/\/biblio1.mdp.edu.ar\/centro-ventas\/wp-content\/uploads\/sites\/2\/2023\/10\/TAPA-transicion-energetica-300x449.jpg",300,449,true],"woocommerce_single":["https:\/\/biblio1.mdp.edu.ar\/centro-ventas\/wp-content\/uploads\/sites\/2\/2023\/10\/TAPA-transicion-energetica-600x899.jpg",600,899,true],"woocommerce_gallery_thumbnail":["https:\/\/biblio1.mdp.edu.ar\/centro-ventas\/wp-content\/uploads\/sites\/2\/2023\/10\/TAPA-transicion-energetica-100x100.jpg",100,100,true]},"uagb_author_info":{"display_name":"Cristina Bernabe","author_link":"https:\/\/biblio1.mdp.edu.ar\/centro-ventas\/author\/"},"uagb_comment_info":0,"uagb_excerpt":"El planeta ha sido planteado como un espacio no sujeto a l\u00edmites, tal la idea de progreso que consider\u00f3 a la naturaleza un espacio de conquista. La crisis clim\u00e1tica viene a demostrar lo errado de dicha visi\u00f3n. Fruto de la concentraci\u00f3n de carbono y otros gases de efecto invernadero en la atm\u00f3sfera, la temperatura promedio&hellip;","_links":{"self":[{"href":"https:\/\/biblio1.mdp.edu.ar\/centro-ventas\/wp-json\/wp\/v2\/product\/3041","targetHints":{"allow":["GET"]}}],"collection":[{"href":"https:\/\/biblio1.mdp.edu.ar\/centro-ventas\/wp-json\/wp\/v2\/product"}],"about":[{"href":"https:\/\/biblio1.mdp.edu.ar\/centro-ventas\/wp-json\/wp\/v2\/types\/product"}],"wp:featuredmedia":[{"embeddable":true,"href":"https:\/\/biblio1.mdp.edu.ar\/centro-ventas\/wp-json\/wp\/v2\/media\/3042"}],"wp:attachment":[{"href":"https:\/\/biblio1.mdp.edu.ar\/centro-ventas\/wp-json\/wp\/v2\/media?parent=3041"}],"wp:term":[{"taxonomy":"product_cat","embeddable":true,"href":"https:\/\/biblio1.mdp.edu.ar\/centro-ventas\/wp-json\/wp\/v2\/product_cat?post=3041"},{"taxonomy":"product_tag","embeddable":true,"href":"https:\/\/biblio1.mdp.edu.ar\/centro-ventas\/wp-json\/wp\/v2\/product_tag?post=3041"}],"curies":[{"name":"wp","href":"https:\/\/api.w.org\/{rel}","templated":true}]}}