{"id":304,"date":"2018-06-07T12:23:20","date_gmt":"2018-06-07T15:23:20","guid":{"rendered":"http:\/\/biblio1.mdp.edu.ar\/centro-ventas\/producto\/import-placeholder-for-110\/"},"modified":"2024-02-20T12:22:31","modified_gmt":"2024-02-20T15:22:31","slug":"anatomia-humana-descriptiva-tomo-2","status":"publish","type":"product","link":"https:\/\/biblio1.mdp.edu.ar\/centro-ventas\/producto\/anatomia-humana-descriptiva-tomo-2\/","title":{"rendered":"Anatom\u00eda Humana Descriptiva. Tomo  2"},"content":{"rendered":"<p><strong>PUNTOS CLAVE:<\/strong><\/p>\n<div class=\"product-collateral\">\n<dl class=\"accordion\">\n<dd class=\"accordion-navigation\">\n<div id=\"panel2\" class=\"content active\">\n<div class=\"content-box section-box\">\n<ul>\n<li>Se trata de la nueva edici\u00f3n del Tratado de Anatom\u00eda humana, descriptiva, topogr\u00e1fica y funcional de Henry Rouvi\u00e8re y Andr\u00e9 Delmas revisada por Vincent Delmas. Es una obra cl\u00e1sica que en sucesivas ediciones ha ido mejorando para mantener su vigente actualidad proporcionando una exposici\u00f3n did\u00e1ctica, completa y actualizada de las estructuras corporales.<\/li>\n<li>Este primer tomo est\u00e1 dedicado al estudio de la cabeza y cuello. Con el objetivo de facilitar un enfoque did\u00e1ctico y entendedor la obra incluye una parte de anatom\u00eda funcional que aclara de forma m\u00e1s activa la parte descriptiva. Asimismo, aporta iconograf\u00eda muy precisa y clara que incluye im\u00e1genes fotogr\u00e1ficas, radiogr\u00e1ficas, tomodensitom\u00e9tricas y las obtenidas por resonancia magn\u00e9tica nuclear. Incorpor\u00e1ndose en el Tomo 3 y 4 un peque\u00f1o atlas de im\u00e1genes por RM.<\/li>\n<li>Al inicio de cada tomo hay un \u00cdndice de la n\u00f3mina anat\u00f3mica que facilita una referencia anat\u00f3mica internacional. Adem\u00e1s junto a la nueva terminolog\u00eda, cada vez que aparece un t\u00e9rmino anat\u00f3mico nuevo se incluye, entre par\u00e9ntesis, los t\u00e9rminos referentes a ep\u00f3nimos o a aquellas denominaciones consideradas tradicionales. De esta manera se permite que los estudiantes comprendan m\u00e1s f\u00e1cilmente la terminolog\u00eda que emplean los cl\u00ednicos, y que no siempre coincide con la de los anatomistas.<\/li>\n<li>En cuanto a la estructura del Tratado en esta edici\u00f3n el Sistema Nervioso Central se trata en un cuarto tomo introduciendo una parte nueva sobre Anatom\u00eda Funcional del SNC que aporta unidad y equilibrio a la obra.<\/li>\n<\/ul>\n<\/div>\n<\/div>\n<\/dd>\n<\/dl>\n<p><strong>\u00cdNDICE DE CAP\u00cdTULOS:<\/strong><\/p>\n<\/div>\n<div>\n<div>\n<ul>\n<li>ANATOM\u00cdA DEL TRONCO. EL TRONCO: ASPECTO GENERAL, DIVISI\u00d3N, TOPOGRAF\u00cdA. T\u00d3RAX.<\/li>\n<li>ABDOMEN. PELVIS. ESQUELETO DEL TRONCO. COLUMNA VERTEBRAL.<\/li>\n<li>I. N\u00famero de v\u00e9rtebras.<\/li>\n<li>II. Peso de las v\u00e9rtebras.<\/li>\n<li>III. Caracter\u00edsticas generales de las v\u00e9rtebras.<\/li>\n<li>IV. Caracter\u00edsticas particulares de las v\u00e9rtebras en cada regi\u00f3n de la columna vertebral.<\/li>\n<li>V. Columna vertebral en conjunto.<\/li>\n<li>ESQUELETO DEL T\u00d3RAX.<\/li>\n<li>I. Estern\u00f3n.<\/li>\n<li>II. Costillas.<\/li>\n<li>III. Caja tor\u00e1cica.<\/li>\n<li>ESQUELETO DE LA PELVIS. ARTICULACIONES DEL TRONCO. ARTICULACIONES DE LA COLUMNA VERTEBRAL.<\/li>\n<li>I. Articulaciones intervertebrales.<\/li>\n<li>II. Aspectos funcionales de la columna vertebral.<\/li>\n<li>ARTICULACIONES DEL T\u00d3RAX. I. Articulaciones costovertebrales. II. Articulaciones costocondrales. III. Articulaciones intercondrales. IV. Articulaciones esternocostales.V. Sincondrosis del estern\u00f3n. VI. Articulaciones esternoclavicular. ARTICULACIONES DE LA CINTURA P\u00c9LVICA. I. S\u00ednfisis p\u00fabica. II. Articulaci\u00f3n sacroil\u00edaca. III. Ligamentos sacrotuberoso y sacroespinoso. IV. Membrana obturatriz. M\u00daSCULOS DEL TRONCO. M\u00daSCULOS DE LA PARED POSTERIOR DEL TRONCO. I. Grupo posterior. II. Grupo medio. III. Grupo anterior. M\u00daSCULOS DE LA PARED ANTEROLATERAL DEL T\u00d3RAX. I. Grupo intercostal. II. Grupo profundo: m\u00fasculo transverso del t\u00f3rax. M\u00daSCULOS DE LA PARED ANTEROLATERAL DEL ABDOMEN. FASCIAS Y APONEUROSIS DEL ABDOMEN. I. Fascias y aponeurosis de la pared anterolateral del abdomen. II. Fascias y aponeurosis de la pared posterior del abdomen. DIAFRAGMA. CORAZ\u00d3N Y VASOS DEL TRONCO. CORAZ\u00d3N. I. Desarrollo del coraz\u00f3n. II. Anatom\u00eda del coraz\u00f3n. ARTERIAS DEL TRONCO. I. Tronco pulmonar. II. Aorta. VENAS DEL TRONCO. I. Venas de la circulaci\u00f3n menor o circulaci\u00f3n pulmonar. II. Venas de la circulaci\u00f3n mayor o circulaci\u00f3n sist\u00e9mica. N\u00d3DULOS LINF\u00c1TICOS Y VASOS LINF\u00c1TICOS DEL TRONCO. I. N\u00f3dulos linf\u00e1ticos. II. Troncos linf\u00e1ticos colectores de los vasos linf\u00e1ticos terminales. NERVIOS DEL TRONCO. I. Nervios espinales tor\u00e1cicos, lumbares, sacros y cocc\u00edgeo. II. Sistema nervioso aut\u00f3nomo toracoabdominop\u00e9lvico. V\u00cdSCERAS DEL TRONCO. \u00d3RGANOS TOR\u00c1CICOS. I. Aparato respiratorio. II. Tubo digestivo intrator\u00e1cico. III. Anatom\u00eda topogr\u00e1fica del t\u00f3rax. \u00d3RGANOS DEL ABDOMEN. I. Aparato digestivo y peritoneo. II. Anatom\u00eda topogr\u00e1fica del abdomen. \u00d3RGANOS DE LA REGI\u00d3N LUMBAR Y DE LA PELVIS MENOR. I. Pared posterior del abdomen. II. \u00d3rganos lumbares. III. \u00d3rganos urinarios. IV. \u00d3rganos genitales masculinos.V. \u00d3rganos genitales femeninos. PERIN\u00c9. I. Perin\u00e9 masculino. II. Perin\u00e9 femenino. ANATOM\u00cdA TOPOGR\u00c1FICA DEL PERIN\u00c9. \u00cdNDICE ALFAB\u00c9TICO DE MATERIAS.<\/li>\n<\/ul>\n<\/div>\n<div><\/div>\n<\/div>\n<p><a name=\"mp-ajax-all-reviews\"><\/a><\/p>\n<div class=\"mp-ajax-reviews ecom-ajax-reviews-dynamic ng-scope\">\n<div class=\"mp-header\"><button class=\"button mp-first-btn\" style=\"border: 0px solid #007095;cursor: pointer;font-weight: normal;line-height: normal;margin: 0px 0px 1.11111rem;text-decoration: none;text-align: center;padding: 10px 1.77778rem 8px;font-size: 14px;color: white;font-family: nexussanscompproregular, Verdana, Geneva, sans-serif;background: #007398\" type=\"button\">SEA EL PRIMERO EN DEJAR UNA RESE\u00d1A PARA ESTE PR<\/button><\/div>\n<\/div>\n","protected":false},"excerpt":{"rendered":"<p>PUNTOS CLAVE: Se trata de la nueva edici\u00f3n del Tratado de Anatom\u00eda humana, descriptiva, topogr\u00e1fica y funcional de Henry Rouvi\u00e8re y Andr\u00e9 Delmas revisada por Vincent Delmas. Es una obra cl\u00e1sica que en sucesivas ediciones ha ido mejorando para mantener su vigente actualidad proporcionando una exposici\u00f3n did\u00e1ctica, completa y actualizada de las estructuras corporales. Este [&hellip;]<\/p>\n","protected":false},"featured_media":336,"template":"","meta":{"_acf_changed":false,"_eb_attr":"","_crdt_document":"","_uag_custom_page_level_css":"","_editorskit_title_hidden":false,"_editorskit_reading_time":0,"_editorskit_is_block_options_detached":false,"_editorskit_block_options_position":"{}","site-sidebar-layout":"default","site-content-layout":"","ast-site-content-layout":"default","site-content-style":"default","site-sidebar-style":"default","ast-global-header-display":"","ast-banner-title-visibility":"","ast-main-header-display":"","ast-hfb-above-header-display":"","ast-hfb-below-header-display":"","ast-hfb-mobile-header-display":"","site-post-title":"","ast-breadcrumbs-content":"","ast-featured-img":"","footer-sml-layout":"","ast-disable-related-posts":"","theme-transparent-header-meta":"","adv-header-id-meta":"","stick-header-meta":"","header-above-stick-meta":"","header-main-stick-meta":"","header-below-stick-meta":"","astra-migrate-meta-layouts":"default","ast-page-background-enabled":"default","ast-page-background-meta":{"desktop":{"background-color":"var(--ast-global-color-4)","background-image":"","background-repeat":"repeat","background-position":"center center","background-size":"auto","background-attachment":"scroll","background-type":"","background-media":"","overlay-type":"","overlay-color":"","overlay-opacity":"","overlay-gradient":""},"tablet":{"background-color":"","background-image":"","background-repeat":"repeat","background-position":"center center","background-size":"auto","background-attachment":"scroll","background-type":"","background-media":"","overlay-type":"","overlay-color":"","overlay-opacity":"","overlay-gradient":""},"mobile":{"background-color":"","background-image":"","background-repeat":"repeat","background-position":"center center","background-size":"auto","background-attachment":"scroll","background-type":"","background-media":"","overlay-type":"","overlay-color":"","overlay-opacity":"","overlay-gradient":""}},"ast-content-background-meta":{"desktop":{"background-color":"var(--ast-global-color-5)","background-image":"","background-repeat":"repeat","background-position":"center center","background-size":"auto","background-attachment":"scroll","background-type":"","background-media":"","overlay-type":"","overlay-color":"","overlay-opacity":"","overlay-gradient":""},"tablet":{"background-color":"var(--ast-global-color-5)","background-image":"","background-repeat":"repeat","background-position":"center center","background-size":"auto","background-attachment":"scroll","background-type":"","background-media":"","overlay-type":"","overlay-color":"","overlay-opacity":"","overlay-gradient":""},"mobile":{"background-color":"var(--ast-global-color-5)","background-image":"","background-repeat":"repeat","background-position":"center center","background-size":"auto","background-attachment":"scroll","background-type":"","background-media":"","overlay-type":"","overlay-color":"","overlay-opacity":"","overlay-gradient":""}}},"product_cat":[28,29,168],"product_tag":[16,17,19],"class_list":{"0":"post-304","1":"product","2":"type-product","3":"status-publish","4":"has-post-thumbnail","6":"product_cat-libro","7":"product_cat-medicina","8":"product_cat-salud","9":"product_tag-anatomia","10":"product_tag-ciencias-de-la-salud","11":"product_tag-medicina","12":"desktop-align-left","13":"tablet-align-left","14":"mobile-align-left","16":"first","17":"instock","18":"shipping-taxable","19":"purchasable","20":"product-type-simple"},"acf":[],"uagb_featured_image_src":{"full":["https:\/\/biblio1.mdp.edu.ar\/centro-ventas\/wp-content\/uploads\/sites\/2\/2018\/06\/AnatomiaHumana-rouviereT2.jpg",431,610,false],"thumbnail":["https:\/\/biblio1.mdp.edu.ar\/centro-ventas\/wp-content\/uploads\/sites\/2\/2018\/06\/AnatomiaHumana-rouviereT2.jpg",106,150,false],"medium":["https:\/\/biblio1.mdp.edu.ar\/centro-ventas\/wp-content\/uploads\/sites\/2\/2018\/06\/AnatomiaHumana-rouviereT2.jpg",212,300,false],"medium_large":["https:\/\/biblio1.mdp.edu.ar\/centro-ventas\/wp-content\/uploads\/sites\/2\/2018\/06\/AnatomiaHumana-rouviereT2.jpg",431,610,false],"large":["https:\/\/biblio1.mdp.edu.ar\/centro-ventas\/wp-content\/uploads\/sites\/2\/2018\/06\/AnatomiaHumana-rouviereT2.jpg",431,610,false],"1536x1536":["https:\/\/biblio1.mdp.edu.ar\/centro-ventas\/wp-content\/uploads\/sites\/2\/2018\/06\/AnatomiaHumana-rouviereT2.jpg",431,610,false],"2048x2048":["https:\/\/biblio1.mdp.edu.ar\/centro-ventas\/wp-content\/uploads\/sites\/2\/2018\/06\/AnatomiaHumana-rouviereT2.jpg",431,610,false],"woocommerce_thumbnail":["https:\/\/biblio1.mdp.edu.ar\/centro-ventas\/wp-content\/uploads\/sites\/2\/2018\/06\/AnatomiaHumana-rouviereT2.jpg",300,425,false],"woocommerce_single":["https:\/\/biblio1.mdp.edu.ar\/centro-ventas\/wp-content\/uploads\/sites\/2\/2018\/06\/AnatomiaHumana-rouviereT2.jpg",431,610,false],"woocommerce_gallery_thumbnail":["https:\/\/biblio1.mdp.edu.ar\/centro-ventas\/wp-content\/uploads\/sites\/2\/2018\/06\/AnatomiaHumana-rouviereT2-100x100.jpg",100,100,true]},"uagb_author_info":{"display_name":"Castorina Jorge","author_link":"https:\/\/biblio1.mdp.edu.ar\/centro-ventas\/author\/"},"uagb_comment_info":0,"uagb_excerpt":"PUNTOS CLAVE: Se trata de la nueva edici\u00f3n del Tratado de Anatom\u00eda humana, descriptiva, topogr\u00e1fica y funcional de Henry Rouvi\u00e8re y Andr\u00e9 Delmas revisada por Vincent Delmas. Es una obra cl\u00e1sica que en sucesivas ediciones ha ido mejorando para mantener su vigente actualidad proporcionando una exposici\u00f3n did\u00e1ctica, completa y actualizada de las estructuras corporales. Este&hellip;","_links":{"self":[{"href":"https:\/\/biblio1.mdp.edu.ar\/centro-ventas\/wp-json\/wp\/v2\/product\/304","targetHints":{"allow":["GET"]}}],"collection":[{"href":"https:\/\/biblio1.mdp.edu.ar\/centro-ventas\/wp-json\/wp\/v2\/product"}],"about":[{"href":"https:\/\/biblio1.mdp.edu.ar\/centro-ventas\/wp-json\/wp\/v2\/types\/product"}],"wp:featuredmedia":[{"embeddable":true,"href":"https:\/\/biblio1.mdp.edu.ar\/centro-ventas\/wp-json\/wp\/v2\/media\/336"}],"wp:attachment":[{"href":"https:\/\/biblio1.mdp.edu.ar\/centro-ventas\/wp-json\/wp\/v2\/media?parent=304"}],"wp:term":[{"taxonomy":"product_cat","embeddable":true,"href":"https:\/\/biblio1.mdp.edu.ar\/centro-ventas\/wp-json\/wp\/v2\/product_cat?post=304"},{"taxonomy":"product_tag","embeddable":true,"href":"https:\/\/biblio1.mdp.edu.ar\/centro-ventas\/wp-json\/wp\/v2\/product_tag?post=304"}],"curies":[{"name":"wp","href":"https:\/\/api.w.org\/{rel}","templated":true}]}}