{"id":3038,"date":"2023-10-20T17:30:59","date_gmt":"2023-10-20T20:30:59","guid":{"rendered":"http:\/\/biblio1.mdp.edu.ar\/centro-ventas\/?post_type=product&#038;p=3038"},"modified":"2026-03-30T15:39:25","modified_gmt":"2026-03-30T18:39:25","slug":"el-ano-que-recuperamos-la-democracia","status":"publish","type":"product","link":"https:\/\/biblio1.mdp.edu.ar\/centro-ventas\/producto\/el-ano-que-recuperamos-la-democracia\/","title":{"rendered":"El a\u00f1o que recuperamos la democracia"},"content":{"rendered":"<div class=\"row\">\n<div class=\"col-md-3\">La coyuntura que separa la derrota argentina en la Guerra de Malvinas de la asunci\u00f3n de Ra\u00fal Alfons\u00edn, en diciembre de 1983, se presenta como un momento de la historia reciente especialmente inestable, donde las expectativas en torno al horizonte democr\u00e1tico se encontraron con la necesidad de resolver la pesada carga que arrastraba una dictadura en fuga. El presente libro propone abordar esta etapa a trav\u00e9s de un recorrido \u00e1gil que no se desentiende de las complejidades que le son propias y repara en los problemas que afloraban tanto en la agenda de debates como en el desempe\u00f1o de actores que ocupaban un lugar central en la pol\u00edtica argentina y que, en el futuro cercano, ser\u00edan protagonistas de las luchas que cruzaron el proceso de reconstrucci\u00f3n democr\u00e1tica.<\/div>\n<\/div>\n<div class=\"row\">\n<div class=\"col-md-7\">\n<p><em>\u201cEl libro representa un verdadero aporte para los estudios de la transici\u00f3n democr\u00e1tica ya que re\u00fane un conjunto de trabajos originales que reconstruyen la posici\u00f3n de los principales actores del juego democr\u00e1tico a partir de una perspectiva diacr\u00f3nica. Los compiladores han podido reunir en una sola obra a un conjunto de aportes de especialistas que trazan la trayectoria de los principales protagonistas del momento, lo que permite tener una visi\u00f3n fina y compleja de las circunstancias que rodearon al a\u00f1o 1983. Los cap\u00edtulos restituyen la actuaci\u00f3n de los partidos pol\u00edticos, la juventud, el sindicalismo, la Iglesia, los medios de comunicaci\u00f3n, los organismos de derechos humanos, los movimientos contraculturales, las asociaciones empresarias, cuya mirada global habilita la construcci\u00f3n de un mapa de la experiencia de la construcci\u00f3n de la democracia argentina.<\/em><\/p>\n<p><em>El libro podr\u00e1 convertirse en un insumo importante para estudiantes universitarios y secundarios que busquen aprehender las principales aristas de la recuperaci\u00f3n democr\u00e1tica, como as\u00ed tambi\u00e9n del gran p\u00fablico que busque conocer lo acontecido en el pasaje de la \u00faltima dictadura militar a la democracia\u201d.<\/em><\/p>\n<p>&#8212;-Virginia Mellado<\/p>\n<div class=\"col-md-3\"><\/div>\n<\/div>\n<\/div>\n","protected":false},"excerpt":{"rendered":"<p>La coyuntura que separa la derrota argentina en la Guerra de Malvinas de la asunci\u00f3n de Ra\u00fal Alfons\u00edn, en diciembre de 1983, se presenta como un momento de la historia reciente especialmente inestable, donde las expectativas en torno al horizonte democr\u00e1tico se encontraron con la necesidad de resolver la pesada carga que arrastraba una dictadura [&hellip;]<\/p>\n","protected":false},"featured_media":3039,"template":"","meta":{"_acf_changed":false,"_eb_attr":"","_crdt_document":"","_uag_custom_page_level_css":"","_editorskit_title_hidden":false,"_editorskit_reading_time":0,"_editorskit_is_block_options_detached":false,"_editorskit_block_options_position":"{}","site-sidebar-layout":"default","site-content-layout":"","ast-site-content-layout":"default","site-content-style":"default","site-sidebar-style":"default","ast-global-header-display":"","ast-banner-title-visibility":"","ast-main-header-display":"","ast-hfb-above-header-display":"","ast-hfb-below-header-display":"","ast-hfb-mobile-header-display":"","site-post-title":"","ast-breadcrumbs-content":"","ast-featured-img":"","footer-sml-layout":"","ast-disable-related-posts":"","theme-transparent-header-meta":"default","adv-header-id-meta":"","stick-header-meta":"","header-above-stick-meta":"","header-main-stick-meta":"","header-below-stick-meta":"","astra-migrate-meta-layouts":"set","ast-page-background-enabled":"default","ast-page-background-meta":{"desktop":{"background-color":"var(--ast-global-color-4)","background-image":"","background-repeat":"repeat","background-position":"center center","background-size":"auto","background-attachment":"scroll","background-type":"","background-media":"","overlay-type":"","overlay-color":"","overlay-opacity":"","overlay-gradient":""},"tablet":{"background-color":"","background-image":"","background-repeat":"repeat","background-position":"center center","background-size":"auto","background-attachment":"scroll","background-type":"","background-media":"","overlay-type":"","overlay-color":"","overlay-opacity":"","overlay-gradient":""},"mobile":{"background-color":"","background-image":"","background-repeat":"repeat","background-position":"center center","background-size":"auto","background-attachment":"scroll","background-type":"","background-media":"","overlay-type":"","overlay-color":"","overlay-opacity":"","overlay-gradient":""}},"ast-content-background-meta":{"desktop":{"background-color":"var(--ast-global-color-5)","background-image":"","background-repeat":"repeat","background-position":"center center","background-size":"auto","background-attachment":"scroll","background-type":"","background-media":"","overlay-type":"","overlay-color":"","overlay-opacity":"","overlay-gradient":""},"tablet":{"background-color":"var(--ast-global-color-5)","background-image":"","background-repeat":"repeat","background-position":"center center","background-size":"auto","background-attachment":"scroll","background-type":"","background-media":"","overlay-type":"","overlay-color":"","overlay-opacity":"","overlay-gradient":""},"mobile":{"background-color":"var(--ast-global-color-5)","background-image":"","background-repeat":"repeat","background-position":"center center","background-size":"auto","background-attachment":"scroll","background-type":"","background-media":"","overlay-type":"","overlay-color":"","overlay-opacity":"","overlay-gradient":""}}},"product_cat":[32,28,637],"product_tag":[53],"class_list":{"0":"post-3038","1":"product","2":"type-product","3":"status-publish","4":"has-post-thumbnail","6":"product_cat-edudem","7":"product_cat-libro","8":"product_cat-punto-de-venta-derecho","9":"product_tag-humanidades-y-ciencias-sociales","10":"desktop-align-left","11":"tablet-align-left","12":"mobile-align-left","14":"first","15":"instock","16":"shipping-taxable","17":"purchasable","18":"product-type-simple"},"acf":[],"uagb_featured_image_src":{"full":["https:\/\/biblio1.mdp.edu.ar\/centro-ventas\/wp-content\/uploads\/sites\/2\/2023\/10\/TAPA-simbolos-2023-el-anio-que-recuperamos-scaled.jpg",1669,2560,false],"thumbnail":["https:\/\/biblio1.mdp.edu.ar\/centro-ventas\/wp-content\/uploads\/sites\/2\/2023\/10\/TAPA-simbolos-2023-el-anio-que-recuperamos-150x150.jpg",150,150,true],"medium":["https:\/\/biblio1.mdp.edu.ar\/centro-ventas\/wp-content\/uploads\/sites\/2\/2023\/10\/TAPA-simbolos-2023-el-anio-que-recuperamos-196x300.jpg",196,300,true],"medium_large":["https:\/\/biblio1.mdp.edu.ar\/centro-ventas\/wp-content\/uploads\/sites\/2\/2023\/10\/TAPA-simbolos-2023-el-anio-que-recuperamos-768x1178.jpg",768,1178,true],"large":["https:\/\/biblio1.mdp.edu.ar\/centro-ventas\/wp-content\/uploads\/sites\/2\/2023\/10\/TAPA-simbolos-2023-el-anio-que-recuperamos-668x1024.jpg",668,1024,true],"1536x1536":["https:\/\/biblio1.mdp.edu.ar\/centro-ventas\/wp-content\/uploads\/sites\/2\/2023\/10\/TAPA-simbolos-2023-el-anio-que-recuperamos-1002x1536.jpg",1002,1536,true],"2048x2048":["https:\/\/biblio1.mdp.edu.ar\/centro-ventas\/wp-content\/uploads\/sites\/2\/2023\/10\/TAPA-simbolos-2023-el-anio-que-recuperamos-1335x2048.jpg",1335,2048,true],"woocommerce_thumbnail":["https:\/\/biblio1.mdp.edu.ar\/centro-ventas\/wp-content\/uploads\/sites\/2\/2023\/10\/TAPA-simbolos-2023-el-anio-que-recuperamos-300x460.jpg",300,460,true],"woocommerce_single":["https:\/\/biblio1.mdp.edu.ar\/centro-ventas\/wp-content\/uploads\/sites\/2\/2023\/10\/TAPA-simbolos-2023-el-anio-que-recuperamos-600x920.jpg",600,920,true],"woocommerce_gallery_thumbnail":["https:\/\/biblio1.mdp.edu.ar\/centro-ventas\/wp-content\/uploads\/sites\/2\/2023\/10\/TAPA-simbolos-2023-el-anio-que-recuperamos-100x100.jpg",100,100,true]},"uagb_author_info":{"display_name":"Cristina Bernabe","author_link":"https:\/\/biblio1.mdp.edu.ar\/centro-ventas\/author\/"},"uagb_comment_info":0,"uagb_excerpt":"La coyuntura que separa la derrota argentina en la Guerra de Malvinas de la asunci\u00f3n de Ra\u00fal Alfons\u00edn, en diciembre de 1983, se presenta como un momento de la historia reciente especialmente inestable, donde las expectativas en torno al horizonte democr\u00e1tico se encontraron con la necesidad de resolver la pesada carga que arrastraba una dictadura&hellip;","_links":{"self":[{"href":"https:\/\/biblio1.mdp.edu.ar\/centro-ventas\/wp-json\/wp\/v2\/product\/3038","targetHints":{"allow":["GET"]}}],"collection":[{"href":"https:\/\/biblio1.mdp.edu.ar\/centro-ventas\/wp-json\/wp\/v2\/product"}],"about":[{"href":"https:\/\/biblio1.mdp.edu.ar\/centro-ventas\/wp-json\/wp\/v2\/types\/product"}],"wp:featuredmedia":[{"embeddable":true,"href":"https:\/\/biblio1.mdp.edu.ar\/centro-ventas\/wp-json\/wp\/v2\/media\/3039"}],"wp:attachment":[{"href":"https:\/\/biblio1.mdp.edu.ar\/centro-ventas\/wp-json\/wp\/v2\/media?parent=3038"}],"wp:term":[{"taxonomy":"product_cat","embeddable":true,"href":"https:\/\/biblio1.mdp.edu.ar\/centro-ventas\/wp-json\/wp\/v2\/product_cat?post=3038"},{"taxonomy":"product_tag","embeddable":true,"href":"https:\/\/biblio1.mdp.edu.ar\/centro-ventas\/wp-json\/wp\/v2\/product_tag?post=3038"}],"curies":[{"name":"wp","href":"https:\/\/api.w.org\/{rel}","templated":true}]}}