{"id":3031,"date":"2023-10-20T16:37:47","date_gmt":"2023-10-20T19:37:47","guid":{"rendered":"http:\/\/biblio1.mdp.edu.ar\/centro-ventas\/?post_type=product&#038;p=3031"},"modified":"2026-03-30T13:52:23","modified_gmt":"2026-03-30T16:52:23","slug":"bienestar-de-los-cuerpos-conscientes","status":"publish","type":"product","link":"https:\/\/biblio1.mdp.edu.ar\/centro-ventas\/producto\/bienestar-de-los-cuerpos-conscientes\/","title":{"rendered":"Bienestar de los cuerpos conscientes"},"content":{"rendered":"<div class=\"row\">\n<div class=\"col-md-7\">\n<p class=\"titulo-libro\"><span style=\"font-size: 16px\">Este libro es y no es sobre yoga. Mientras a nivel global crece la tendencia a la patologizaci\u00f3n y medicalizaci\u00f3n de la vida, los actores sociales recurren a una diversidad de t\u00e9cnicas, disciplinas y terapias en las que el cuerpo adquiere un lugar protag\u00f3nico. En nuestro pa\u00eds, la creciente visibilidad social y medi\u00e1tica de variados tipos de yoga y meditaci\u00f3n es fomentada por distintos actores del campo espiritual y de la salud en una ret\u00f3rica del bienestar. Especialmente en contextos de crisis, como la del 2001 o la Pandemia Covid-19, se enfatizan sus beneficios para afrontar aflicciones de origen social como el estr\u00e9s. Lejos de las explicaciones reduccionistas que buscan ligar estas pr\u00e1cticas a fines individualistas, la etnograf\u00eda muestra que, para los practicantes de yoga y meditaci\u00f3n, el bienestar subjetivo est\u00e1 socialmente situado y culturalmente mediado. Se trata de una experiencia corporizada que requiere ser performatizada (ritualizada y re-iterada). Adem\u00e1s, por medio de una serie de discursos y t\u00e9cnicas, los sujetos desarrollan una conciencia desde el cuerpo que, a largo plazo, impacta en sus maneras de ser y estar con otros. Las performances de yoga constituyen entonces un locus privilegiado en el que explorar antropol\u00f3gicamente las diversas nociones de salud, cuerpo y persona en nuestra sociedad actual.<\/span><\/p>\n<\/div>\n<\/div>\n<div class=\"row\">\n<div class=\"row\">\n<div class=\"col-md-7\">\n<p>&nbsp;<\/p>\n<\/div>\n<\/div>\n<\/div>\n","protected":false},"excerpt":{"rendered":"<p>Este libro es y no es sobre yoga. Mientras a nivel global crece la tendencia a la patologizaci\u00f3n y medicalizaci\u00f3n de la vida, los actores sociales recurren a una diversidad de t\u00e9cnicas, disciplinas y terapias en las que el cuerpo adquiere un lugar protag\u00f3nico. En nuestro pa\u00eds, la creciente visibilidad social y medi\u00e1tica de variados [&hellip;]<\/p>\n","protected":false},"featured_media":3032,"template":"","meta":{"_acf_changed":false,"_eb_attr":"","_crdt_document":"","_uag_custom_page_level_css":"","_editorskit_title_hidden":false,"_editorskit_reading_time":0,"_editorskit_is_block_options_detached":false,"_editorskit_block_options_position":"{}","site-sidebar-layout":"default","site-content-layout":"","ast-site-content-layout":"default","site-content-style":"default","site-sidebar-style":"default","ast-global-header-display":"","ast-banner-title-visibility":"","ast-main-header-display":"","ast-hfb-above-header-display":"","ast-hfb-below-header-display":"","ast-hfb-mobile-header-display":"","site-post-title":"","ast-breadcrumbs-content":"","ast-featured-img":"","footer-sml-layout":"","ast-disable-related-posts":"","theme-transparent-header-meta":"default","adv-header-id-meta":"","stick-header-meta":"","header-above-stick-meta":"","header-main-stick-meta":"","header-below-stick-meta":"","astra-migrate-meta-layouts":"set","ast-page-background-enabled":"default","ast-page-background-meta":{"desktop":{"background-color":"var(--ast-global-color-4)","background-image":"","background-repeat":"repeat","background-position":"center center","background-size":"auto","background-attachment":"scroll","background-type":"","background-media":"","overlay-type":"","overlay-color":"","overlay-opacity":"","overlay-gradient":""},"tablet":{"background-color":"","background-image":"","background-repeat":"repeat","background-position":"center center","background-size":"auto","background-attachment":"scroll","background-type":"","background-media":"","overlay-type":"","overlay-color":"","overlay-opacity":"","overlay-gradient":""},"mobile":{"background-color":"","background-image":"","background-repeat":"repeat","background-position":"center center","background-size":"auto","background-attachment":"scroll","background-type":"","background-media":"","overlay-type":"","overlay-color":"","overlay-opacity":"","overlay-gradient":""}},"ast-content-background-meta":{"desktop":{"background-color":"var(--ast-global-color-5)","background-image":"","background-repeat":"repeat","background-position":"center center","background-size":"auto","background-attachment":"scroll","background-type":"","background-media":"","overlay-type":"","overlay-color":"","overlay-opacity":"","overlay-gradient":""},"tablet":{"background-color":"var(--ast-global-color-5)","background-image":"","background-repeat":"repeat","background-position":"center center","background-size":"auto","background-attachment":"scroll","background-type":"","background-media":"","overlay-type":"","overlay-color":"","overlay-opacity":"","overlay-gradient":""},"mobile":{"background-color":"var(--ast-global-color-5)","background-image":"","background-repeat":"repeat","background-position":"center center","background-size":"auto","background-attachment":"scroll","background-type":"","background-media":"","overlay-type":"","overlay-color":"","overlay-opacity":"","overlay-gradient":""}}},"product_cat":[32,28,124],"product_tag":[369,368,367,366],"class_list":{"0":"post-3031","1":"product","2":"type-product","3":"status-publish","4":"has-post-thumbnail","6":"product_cat-edudem","7":"product_cat-libro","8":"product_cat-serie-simbolos","9":"product_tag-etnografia","10":"product_tag-relaciones-sociales","11":"product_tag-terapias-alternativas","12":"product_tag-yoga","13":"desktop-align-left","14":"tablet-align-left","15":"mobile-align-left","17":"first","18":"instock","19":"shipping-taxable","20":"purchasable","21":"product-type-simple"},"acf":[],"uagb_featured_image_src":{"full":["https:\/\/biblio1.mdp.edu.ar\/centro-ventas\/wp-content\/uploads\/sites\/2\/2023\/10\/TAPA-simbolos-bienestar-de-los-cuerpos-scaled.jpg",1655,2560,false],"thumbnail":["https:\/\/biblio1.mdp.edu.ar\/centro-ventas\/wp-content\/uploads\/sites\/2\/2023\/10\/TAPA-simbolos-bienestar-de-los-cuerpos-150x150.jpg",150,150,true],"medium":["https:\/\/biblio1.mdp.edu.ar\/centro-ventas\/wp-content\/uploads\/sites\/2\/2023\/10\/TAPA-simbolos-bienestar-de-los-cuerpos-194x300.jpg",194,300,true],"medium_large":["https:\/\/biblio1.mdp.edu.ar\/centro-ventas\/wp-content\/uploads\/sites\/2\/2023\/10\/TAPA-simbolos-bienestar-de-los-cuerpos-768x1188.jpg",768,1188,true],"large":["https:\/\/biblio1.mdp.edu.ar\/centro-ventas\/wp-content\/uploads\/sites\/2\/2023\/10\/TAPA-simbolos-bienestar-de-los-cuerpos-662x1024.jpg",662,1024,true],"1536x1536":["https:\/\/biblio1.mdp.edu.ar\/centro-ventas\/wp-content\/uploads\/sites\/2\/2023\/10\/TAPA-simbolos-bienestar-de-los-cuerpos-993x1536.jpg",993,1536,true],"2048x2048":["https:\/\/biblio1.mdp.edu.ar\/centro-ventas\/wp-content\/uploads\/sites\/2\/2023\/10\/TAPA-simbolos-bienestar-de-los-cuerpos-1324x2048.jpg",1324,2048,true],"woocommerce_thumbnail":["https:\/\/biblio1.mdp.edu.ar\/centro-ventas\/wp-content\/uploads\/sites\/2\/2023\/10\/TAPA-simbolos-bienestar-de-los-cuerpos-300x464.jpg",300,464,true],"woocommerce_single":["https:\/\/biblio1.mdp.edu.ar\/centro-ventas\/wp-content\/uploads\/sites\/2\/2023\/10\/TAPA-simbolos-bienestar-de-los-cuerpos-600x928.jpg",600,928,true],"woocommerce_gallery_thumbnail":["https:\/\/biblio1.mdp.edu.ar\/centro-ventas\/wp-content\/uploads\/sites\/2\/2023\/10\/TAPA-simbolos-bienestar-de-los-cuerpos-100x100.jpg",100,100,true]},"uagb_author_info":{"display_name":"Cristina Bernabe","author_link":"https:\/\/biblio1.mdp.edu.ar\/centro-ventas\/author\/"},"uagb_comment_info":0,"uagb_excerpt":"Este libro es y no es sobre yoga. Mientras a nivel global crece la tendencia a la patologizaci\u00f3n y medicalizaci\u00f3n de la vida, los actores sociales recurren a una diversidad de t\u00e9cnicas, disciplinas y terapias en las que el cuerpo adquiere un lugar protag\u00f3nico. En nuestro pa\u00eds, la creciente visibilidad social y medi\u00e1tica de variados&hellip;","_links":{"self":[{"href":"https:\/\/biblio1.mdp.edu.ar\/centro-ventas\/wp-json\/wp\/v2\/product\/3031","targetHints":{"allow":["GET"]}}],"collection":[{"href":"https:\/\/biblio1.mdp.edu.ar\/centro-ventas\/wp-json\/wp\/v2\/product"}],"about":[{"href":"https:\/\/biblio1.mdp.edu.ar\/centro-ventas\/wp-json\/wp\/v2\/types\/product"}],"wp:featuredmedia":[{"embeddable":true,"href":"https:\/\/biblio1.mdp.edu.ar\/centro-ventas\/wp-json\/wp\/v2\/media\/3032"}],"wp:attachment":[{"href":"https:\/\/biblio1.mdp.edu.ar\/centro-ventas\/wp-json\/wp\/v2\/media?parent=3031"}],"wp:term":[{"taxonomy":"product_cat","embeddable":true,"href":"https:\/\/biblio1.mdp.edu.ar\/centro-ventas\/wp-json\/wp\/v2\/product_cat?post=3031"},{"taxonomy":"product_tag","embeddable":true,"href":"https:\/\/biblio1.mdp.edu.ar\/centro-ventas\/wp-json\/wp\/v2\/product_tag?post=3031"}],"curies":[{"name":"wp","href":"https:\/\/api.w.org\/{rel}","templated":true}]}}