{"id":303,"date":"2018-06-07T12:23:18","date_gmt":"2018-06-07T15:23:18","guid":{"rendered":"http:\/\/biblio1.mdp.edu.ar\/centro-ventas\/producto\/import-placeholder-for-104\/"},"modified":"2024-02-20T12:22:41","modified_gmt":"2024-02-20T15:22:41","slug":"anatomia-humana-descriptiva-tomo-1","status":"publish","type":"product","link":"https:\/\/biblio1.mdp.edu.ar\/centro-ventas\/producto\/anatomia-humana-descriptiva-tomo-1\/","title":{"rendered":"Anatom\u00eda Humana Descriptiva. Tomo 1"},"content":{"rendered":"<p><strong>PUNTOS CLAVE:<\/strong><\/p>\n<ul>\n<li>Se trata de la nueva edici\u00f3n del Tratado de Anatom\u00eda humana, descriptiva, topogr\u00e1fica y funcional de Henry Rouvi\u00e8re y Andr\u00e9 Delmas revisada por Vincent Delmas. Es una obra cl\u00e1sica que en sucesivas ediciones ha ido mejorando para mantener su vigente actualidad proporcionando una exposici\u00f3n did\u00e1ctica, completa y actualizada de las estructuras corporales.<\/li>\n<li>Este primer tomo est\u00e1 dedicado al estudio de la cabeza y cuello. Con el objetivo de facilitar un enfoque did\u00e1ctico y entendedor, la obra incluye una parte de anatom\u00eda funcional que aclara de forma m\u00e1s activa la parte descriptiva. Asimismo, aporta iconograf\u00eda muy precisa y clara que incluye im\u00e1genes fotogr\u00e1ficas, radiogr\u00e1ficas, tomodensitom\u00e9tricas y las obtenidas por resonancia magn\u00e9tica nuclear. Incorpor\u00e1ndose en el Tomo 3 y 4 un peque\u00f1o atlas de im\u00e1genes por RM.<\/li>\n<li>Al inicio de cada tomo hay un \u00cdndice de la n\u00f3mina anat\u00f3mica que facilita una referencia anat\u00f3mica internacional. Adem\u00e1s, junto a la nueva terminolog\u00eda, cada vez que aparece un t\u00e9rmino anat\u00f3mico nuevo se incluye, entre par\u00e9ntesis, los t\u00e9rminos referentes a ep\u00f3nimos o a aquellas denominaciones consideradas tradicionales. De esta manera se permite que los estudiantes comprendan m\u00e1s f\u00e1cilmente la terminolog\u00eda que emplean los cl\u00ednicos, y que no siempre coincide con la de los anatomistas.<\/li>\n<li>En cuanto a la estructura del Tratado en esta edici\u00f3n el Sistema Nervioso Central se trata en un cuarto tomo introduciendo una parte nueva sobre Anatom\u00eda Funcional del SNC que aporta unidad y equilibrio a la obra.<\/li>\n<\/ul>\n<p><strong>\u00cdNDICE DE CAP\u00cdTULOS<\/strong><\/p>\n<ul>\n<li>CONSIDERACIONES GENERALES SOBRE LA ANATOM\u00cdA HUMANA.<\/li>\n<li>I. Aparatos de relaci\u00f3n.<\/li>\n<li>II. Aparatos de nutrici\u00f3n.<\/li>\n<li>III. \u00d3rganos genitales.<\/li>\n<li>ANATOM\u00cdA DESCRIPTIVA DE LA CABEZA Y DEL CUELLO. ESQUELETO DE LA CABEZA Y DEL CUELLO.<\/li>\n<li>I. Esqueleto de la cabeza.<\/li>\n<li>II. Esqueleto del cuello.<\/li>\n<li>ARTICULACIONES DE LA CABEZA Y DEL CUELLO.<\/li>\n<li>I. Articulaci\u00f3n temporomandibular.<\/li>\n<li>II. Articulaciones de las v\u00e9rtebras cervicales.<\/li>\n<li>III. Articulaciones de la cabeza con la columna vertebral.<\/li>\n<li>M\u00daSCULOS DE LA CABEZA Y DEL CUELLO.<\/li>\n<li>I. M\u00fasculos de la cabeza. II. M\u00fasculos del cuello. III. Fascia cervical. VASOS DE LA CABEZA Y DEL CUELLO. I. Arterias. II. Venas. III. Linf\u00e1ticos. NERVIOS DE LA CABEZA Y DEL CUELLO. I. Nervios craneales. II. Plexo cervical. III. Plexo braquial. IV. Ramos posteriores o dorsales de los nervios cervicales.V. Porciones cervical y cef\u00e1lica del sistema nervioso aut\u00f3nomo. \u00d3RGANOS DE LOS SENTIDOS. I. \u00d3rgano del olfato u olfatorio. II. \u00d3rgano de la visi\u00f3n. III. \u00d3rgano vestibulococlear. ESTRUCTURAS ANAT\u00d3MICAS DE LOS APARATOS DIGESTIVO Y RESPIRATORIO CONTENIDAS EN LA CABEZA Y EL CUELLO. I. Aparato digestivo. II. Aparato respiratorio. ANATOM\u00cdA TOPOGR\u00c1FICA DE LA CABEZA Y DEL CUELLO. I. Cr\u00e1neo. II. Cara. III. Cuello. \u00cdNDICE ALFAB\u00c9TICO DE MATERIAS.<\/li>\n<\/ul>\n<p>&nbsp;<\/p>\n","protected":false},"excerpt":{"rendered":"<p>PUNTOS CLAVE: Se trata de la nueva edici\u00f3n del Tratado de Anatom\u00eda humana, descriptiva, topogr\u00e1fica y funcional de Henry Rouvi\u00e8re y Andr\u00e9 Delmas revisada por Vincent Delmas. Es una obra cl\u00e1sica que en sucesivas ediciones ha ido mejorando para mantener su vigente actualidad proporcionando una exposici\u00f3n did\u00e1ctica, completa y actualizada de las estructuras corporales. Este [&hellip;]<\/p>\n","protected":false},"featured_media":335,"template":"","meta":{"_acf_changed":false,"_eb_attr":"","_crdt_document":"","_uag_custom_page_level_css":"","_editorskit_title_hidden":false,"_editorskit_reading_time":0,"_editorskit_is_block_options_detached":false,"_editorskit_block_options_position":"{}","site-sidebar-layout":"default","site-content-layout":"","ast-site-content-layout":"default","site-content-style":"default","site-sidebar-style":"default","ast-global-header-display":"","ast-banner-title-visibility":"","ast-main-header-display":"","ast-hfb-above-header-display":"","ast-hfb-below-header-display":"","ast-hfb-mobile-header-display":"","site-post-title":"","ast-breadcrumbs-content":"","ast-featured-img":"","footer-sml-layout":"","ast-disable-related-posts":"","theme-transparent-header-meta":"","adv-header-id-meta":"","stick-header-meta":"","header-above-stick-meta":"","header-main-stick-meta":"","header-below-stick-meta":"","astra-migrate-meta-layouts":"default","ast-page-background-enabled":"default","ast-page-background-meta":{"desktop":{"background-color":"var(--ast-global-color-4)","background-image":"","background-repeat":"repeat","background-position":"center center","background-size":"auto","background-attachment":"scroll","background-type":"","background-media":"","overlay-type":"","overlay-color":"","overlay-opacity":"","overlay-gradient":""},"tablet":{"background-color":"","background-image":"","background-repeat":"repeat","background-position":"center center","background-size":"auto","background-attachment":"scroll","background-type":"","background-media":"","overlay-type":"","overlay-color":"","overlay-opacity":"","overlay-gradient":""},"mobile":{"background-color":"","background-image":"","background-repeat":"repeat","background-position":"center center","background-size":"auto","background-attachment":"scroll","background-type":"","background-media":"","overlay-type":"","overlay-color":"","overlay-opacity":"","overlay-gradient":""}},"ast-content-background-meta":{"desktop":{"background-color":"var(--ast-global-color-5)","background-image":"","background-repeat":"repeat","background-position":"center center","background-size":"auto","background-attachment":"scroll","background-type":"","background-media":"","overlay-type":"","overlay-color":"","overlay-opacity":"","overlay-gradient":""},"tablet":{"background-color":"var(--ast-global-color-5)","background-image":"","background-repeat":"repeat","background-position":"center center","background-size":"auto","background-attachment":"scroll","background-type":"","background-media":"","overlay-type":"","overlay-color":"","overlay-opacity":"","overlay-gradient":""},"mobile":{"background-color":"var(--ast-global-color-5)","background-image":"","background-repeat":"repeat","background-position":"center center","background-size":"auto","background-attachment":"scroll","background-type":"","background-media":"","overlay-type":"","overlay-color":"","overlay-opacity":"","overlay-gradient":""}}},"product_cat":[28,29,168],"product_tag":[16,17,19],"class_list":{"0":"post-303","1":"product","2":"type-product","3":"status-publish","4":"has-post-thumbnail","6":"product_cat-libro","7":"product_cat-medicina","8":"product_cat-salud","9":"product_tag-anatomia","10":"product_tag-ciencias-de-la-salud","11":"product_tag-medicina","12":"desktop-align-left","13":"tablet-align-left","14":"mobile-align-left","16":"first","17":"instock","18":"shipping-taxable","19":"purchasable","20":"product-type-simple"},"acf":[],"uagb_featured_image_src":{"full":["https:\/\/biblio1.mdp.edu.ar\/centro-ventas\/wp-content\/uploads\/sites\/2\/2018\/06\/AnatomiaHumana-Rouviere_DelmasT1.jpg",429,615,false],"thumbnail":["https:\/\/biblio1.mdp.edu.ar\/centro-ventas\/wp-content\/uploads\/sites\/2\/2018\/06\/AnatomiaHumana-Rouviere_DelmasT1.jpg",105,150,false],"medium":["https:\/\/biblio1.mdp.edu.ar\/centro-ventas\/wp-content\/uploads\/sites\/2\/2018\/06\/AnatomiaHumana-Rouviere_DelmasT1.jpg",209,300,false],"medium_large":["https:\/\/biblio1.mdp.edu.ar\/centro-ventas\/wp-content\/uploads\/sites\/2\/2018\/06\/AnatomiaHumana-Rouviere_DelmasT1.jpg",429,615,false],"large":["https:\/\/biblio1.mdp.edu.ar\/centro-ventas\/wp-content\/uploads\/sites\/2\/2018\/06\/AnatomiaHumana-Rouviere_DelmasT1.jpg",429,615,false],"1536x1536":["https:\/\/biblio1.mdp.edu.ar\/centro-ventas\/wp-content\/uploads\/sites\/2\/2018\/06\/AnatomiaHumana-Rouviere_DelmasT1.jpg",429,615,false],"2048x2048":["https:\/\/biblio1.mdp.edu.ar\/centro-ventas\/wp-content\/uploads\/sites\/2\/2018\/06\/AnatomiaHumana-Rouviere_DelmasT1.jpg",429,615,false],"woocommerce_thumbnail":["https:\/\/biblio1.mdp.edu.ar\/centro-ventas\/wp-content\/uploads\/sites\/2\/2018\/06\/AnatomiaHumana-Rouviere_DelmasT1.jpg",300,430,false],"woocommerce_single":["https:\/\/biblio1.mdp.edu.ar\/centro-ventas\/wp-content\/uploads\/sites\/2\/2018\/06\/AnatomiaHumana-Rouviere_DelmasT1.jpg",429,615,false],"woocommerce_gallery_thumbnail":["https:\/\/biblio1.mdp.edu.ar\/centro-ventas\/wp-content\/uploads\/sites\/2\/2018\/06\/AnatomiaHumana-Rouviere_DelmasT1-100x100.jpg",100,100,true]},"uagb_author_info":{"display_name":"Castorina Jorge","author_link":"https:\/\/biblio1.mdp.edu.ar\/centro-ventas\/author\/"},"uagb_comment_info":0,"uagb_excerpt":"PUNTOS CLAVE: Se trata de la nueva edici\u00f3n del Tratado de Anatom\u00eda humana, descriptiva, topogr\u00e1fica y funcional de Henry Rouvi\u00e8re y Andr\u00e9 Delmas revisada por Vincent Delmas. Es una obra cl\u00e1sica que en sucesivas ediciones ha ido mejorando para mantener su vigente actualidad proporcionando una exposici\u00f3n did\u00e1ctica, completa y actualizada de las estructuras corporales. Este&hellip;","_links":{"self":[{"href":"https:\/\/biblio1.mdp.edu.ar\/centro-ventas\/wp-json\/wp\/v2\/product\/303","targetHints":{"allow":["GET"]}}],"collection":[{"href":"https:\/\/biblio1.mdp.edu.ar\/centro-ventas\/wp-json\/wp\/v2\/product"}],"about":[{"href":"https:\/\/biblio1.mdp.edu.ar\/centro-ventas\/wp-json\/wp\/v2\/types\/product"}],"wp:featuredmedia":[{"embeddable":true,"href":"https:\/\/biblio1.mdp.edu.ar\/centro-ventas\/wp-json\/wp\/v2\/media\/335"}],"wp:attachment":[{"href":"https:\/\/biblio1.mdp.edu.ar\/centro-ventas\/wp-json\/wp\/v2\/media?parent=303"}],"wp:term":[{"taxonomy":"product_cat","embeddable":true,"href":"https:\/\/biblio1.mdp.edu.ar\/centro-ventas\/wp-json\/wp\/v2\/product_cat?post=303"},{"taxonomy":"product_tag","embeddable":true,"href":"https:\/\/biblio1.mdp.edu.ar\/centro-ventas\/wp-json\/wp\/v2\/product_tag?post=303"}],"curies":[{"name":"wp","href":"https:\/\/api.w.org\/{rel}","templated":true}]}}