{"id":3028,"date":"2023-10-20T16:29:00","date_gmt":"2023-10-20T19:29:00","guid":{"rendered":"http:\/\/biblio1.mdp.edu.ar\/centro-ventas\/?post_type=product&#038;p=3028"},"modified":"2026-03-30T15:59:15","modified_gmt":"2026-03-30T18:59:15","slug":"la-ensenanza-del-derecho-constitucional-en-el-ambito-de-la-universidad-publica-argentina-2","status":"publish","type":"product","link":"https:\/\/biblio1.mdp.edu.ar\/centro-ventas\/producto\/la-ensenanza-del-derecho-constitucional-en-el-ambito-de-la-universidad-publica-argentina-2\/","title":{"rendered":"La ense\u00f1anza del derecho constitucional en el \u00e1mbito de la universidad p\u00fablica argentina"},"content":{"rendered":"<div class=\"row\">\n<div class=\"col-md-7\">\n<p class=\"titulo-libro\"><span style=\"font-size: 16px\">La presente obra pretende evidenciar la importancia institucional de la ense\u00f1anza del derecho constitucional\u00a0<\/span><\/p>\n<\/div>\n<div class=\"col-md-2\">\n<p>en la Rep\u00fablica Argentina. El autor destaca las ra\u00edces hist\u00f3ricas, de las primeras c\u00e1tedras, nacidas en Reino Unido, y su traslado a la incipiente democracia norteamericana, a lo que se suma un breve apartado del afianzamiento de la ense\u00f1anza de la asignatura en Italia y Francia.<\/p>\n<p>Seguido, despliega los antecedentes latinoamericanos de la ense\u00f1anza de la asignatura, y la influencia que tuvo Espa\u00f1a en tal derrotero, para luego, efectuar un desarrollo sistem\u00e1tico y categorizado de la evoluci\u00f3n de la c\u00e1tedra en la Universidad P\u00fablica argentina, desde su nacimiento y hasta la fecha. Describe, adem\u00e1s, cu\u00e1l ha sido y cu\u00e1l es el modo de agrupamiento de los profesores de la asignatura, a fin de enfatizar y desarrollar su ense\u00f1anza, con especial referencia a quienes han sido los m\u00e1s importantes \u201cMaestros\u201d en \u00e9se \u00e1mbito. Cap\u00edtulo aparte merece el desarrollo de la ense\u00f1anza del derecho constitucional en el \u00e1mbito de la Universidad Nacional de Mar del Plata.<\/p>\n<p>Por \u00faltimo, realiza un desarrollo introductorio acerca de la importancia que le cabe a la ense\u00f1anza del derecho constitucional en un contexto de democracias en dif\u00edcil tr\u00e1nsito de consolidaci\u00f3n, como lo es la nuestra. Plantea una ruptura, a fin de motivar el debate, respecto del rol que les debe incumbir a los profesores de la asignatura en este dif\u00edcil tr\u00e1nsito.<\/p>\n<\/div>\n<\/div>\n<div class=\"row\">\n<div class=\"col-md-1\"><\/div>\n<div class=\"col-md-7\">\n<p>&nbsp;<\/p>\n<\/div>\n<\/div>\n","protected":false},"excerpt":{"rendered":"<p>La presente obra pretende evidenciar la importancia institucional de la ense\u00f1anza del derecho constitucional\u00a0 en la Rep\u00fablica Argentina. El autor destaca las ra\u00edces hist\u00f3ricas, de las primeras c\u00e1tedras, nacidas en Reino Unido, y su traslado a la incipiente democracia norteamericana, a lo que se suma un breve apartado del afianzamiento de la ense\u00f1anza de la [&hellip;]<\/p>\n","protected":false},"featured_media":3030,"template":"","meta":{"_acf_changed":false,"_eb_attr":"","_crdt_document":"","_uag_custom_page_level_css":"","_editorskit_title_hidden":false,"_editorskit_reading_time":0,"_editorskit_is_block_options_detached":false,"_editorskit_block_options_position":"{}","site-sidebar-layout":"default","site-content-layout":"","ast-site-content-layout":"default","site-content-style":"default","site-sidebar-style":"default","ast-global-header-display":"","ast-banner-title-visibility":"","ast-main-header-display":"","ast-hfb-above-header-display":"","ast-hfb-below-header-display":"","ast-hfb-mobile-header-display":"","site-post-title":"","ast-breadcrumbs-content":"","ast-featured-img":"","footer-sml-layout":"","ast-disable-related-posts":"","theme-transparent-header-meta":"default","adv-header-id-meta":"","stick-header-meta":"","header-above-stick-meta":"","header-main-stick-meta":"","header-below-stick-meta":"","astra-migrate-meta-layouts":"set","ast-page-background-enabled":"default","ast-page-background-meta":{"desktop":{"background-color":"var(--ast-global-color-4)","background-image":"","background-repeat":"repeat","background-position":"center center","background-size":"auto","background-attachment":"scroll","background-type":"","background-media":"","overlay-type":"","overlay-color":"","overlay-opacity":"","overlay-gradient":""},"tablet":{"background-color":"","background-image":"","background-repeat":"repeat","background-position":"center center","background-size":"auto","background-attachment":"scroll","background-type":"","background-media":"","overlay-type":"","overlay-color":"","overlay-opacity":"","overlay-gradient":""},"mobile":{"background-color":"","background-image":"","background-repeat":"repeat","background-position":"center center","background-size":"auto","background-attachment":"scroll","background-type":"","background-media":"","overlay-type":"","overlay-color":"","overlay-opacity":"","overlay-gradient":""}},"ast-content-background-meta":{"desktop":{"background-color":"var(--ast-global-color-5)","background-image":"","background-repeat":"repeat","background-position":"center center","background-size":"auto","background-attachment":"scroll","background-type":"","background-media":"","overlay-type":"","overlay-color":"","overlay-opacity":"","overlay-gradient":""},"tablet":{"background-color":"var(--ast-global-color-5)","background-image":"","background-repeat":"repeat","background-position":"center center","background-size":"auto","background-attachment":"scroll","background-type":"","background-media":"","overlay-type":"","overlay-color":"","overlay-opacity":"","overlay-gradient":""},"mobile":{"background-color":"var(--ast-global-color-5)","background-image":"","background-repeat":"repeat","background-position":"center center","background-size":"auto","background-attachment":"scroll","background-type":"","background-media":"","overlay-type":"","overlay-color":"","overlay-opacity":"","overlay-gradient":""}}},"product_cat":[632,32,28,637,205],"product_tag":[57,350,211],"class_list":{"0":"post-3028","1":"product","2":"type-product","3":"status-publish","4":"has-post-thumbnail","6":"product_cat-derecho","7":"product_cat-edudem","8":"product_cat-libro","9":"product_cat-punto-de-venta-derecho","10":"product_cat-serie-signos","11":"product_tag-derecho","12":"product_tag-derecho-constitucional","13":"product_tag-universidad-nacional-de-mar-del-plata","14":"desktop-align-left","15":"tablet-align-left","16":"mobile-align-left","18":"first","19":"instock","20":"shipping-taxable","21":"purchasable","22":"product-type-simple"},"acf":[],"uagb_featured_image_src":{"full":["https:\/\/biblio1.mdp.edu.ar\/centro-ventas\/wp-content\/uploads\/sites\/2\/2023\/10\/TAPA-simbolos-2023-la-ensenanza-del-derecho-constitucional-scaled.jpg",1669,2560,false],"thumbnail":["https:\/\/biblio1.mdp.edu.ar\/centro-ventas\/wp-content\/uploads\/sites\/2\/2023\/10\/TAPA-simbolos-2023-la-ensenanza-del-derecho-constitucional-150x150.jpg",150,150,true],"medium":["https:\/\/biblio1.mdp.edu.ar\/centro-ventas\/wp-content\/uploads\/sites\/2\/2023\/10\/TAPA-simbolos-2023-la-ensenanza-del-derecho-constitucional-196x300.jpg",196,300,true],"medium_large":["https:\/\/biblio1.mdp.edu.ar\/centro-ventas\/wp-content\/uploads\/sites\/2\/2023\/10\/TAPA-simbolos-2023-la-ensenanza-del-derecho-constitucional-768x1178.jpg",768,1178,true],"large":["https:\/\/biblio1.mdp.edu.ar\/centro-ventas\/wp-content\/uploads\/sites\/2\/2023\/10\/TAPA-simbolos-2023-la-ensenanza-del-derecho-constitucional-668x1024.jpg",668,1024,true],"1536x1536":["https:\/\/biblio1.mdp.edu.ar\/centro-ventas\/wp-content\/uploads\/sites\/2\/2023\/10\/TAPA-simbolos-2023-la-ensenanza-del-derecho-constitucional-1001x1536.jpg",1001,1536,true],"2048x2048":["https:\/\/biblio1.mdp.edu.ar\/centro-ventas\/wp-content\/uploads\/sites\/2\/2023\/10\/TAPA-simbolos-2023-la-ensenanza-del-derecho-constitucional-1335x2048.jpg",1335,2048,true],"woocommerce_thumbnail":["https:\/\/biblio1.mdp.edu.ar\/centro-ventas\/wp-content\/uploads\/sites\/2\/2023\/10\/TAPA-simbolos-2023-la-ensenanza-del-derecho-constitucional-300x460.jpg",300,460,true],"woocommerce_single":["https:\/\/biblio1.mdp.edu.ar\/centro-ventas\/wp-content\/uploads\/sites\/2\/2023\/10\/TAPA-simbolos-2023-la-ensenanza-del-derecho-constitucional-600x920.jpg",600,920,true],"woocommerce_gallery_thumbnail":["https:\/\/biblio1.mdp.edu.ar\/centro-ventas\/wp-content\/uploads\/sites\/2\/2023\/10\/TAPA-simbolos-2023-la-ensenanza-del-derecho-constitucional-100x100.jpg",100,100,true]},"uagb_author_info":{"display_name":"Cristina Bernabe","author_link":"https:\/\/biblio1.mdp.edu.ar\/centro-ventas\/author\/"},"uagb_comment_info":0,"uagb_excerpt":"La presente obra pretende evidenciar la importancia institucional de la ense\u00f1anza del derecho constitucional\u00a0 en la Rep\u00fablica Argentina. El autor destaca las ra\u00edces hist\u00f3ricas, de las primeras c\u00e1tedras, nacidas en Reino Unido, y su traslado a la incipiente democracia norteamericana, a lo que se suma un breve apartado del afianzamiento de la ense\u00f1anza de la&hellip;","_links":{"self":[{"href":"https:\/\/biblio1.mdp.edu.ar\/centro-ventas\/wp-json\/wp\/v2\/product\/3028","targetHints":{"allow":["GET"]}}],"collection":[{"href":"https:\/\/biblio1.mdp.edu.ar\/centro-ventas\/wp-json\/wp\/v2\/product"}],"about":[{"href":"https:\/\/biblio1.mdp.edu.ar\/centro-ventas\/wp-json\/wp\/v2\/types\/product"}],"wp:featuredmedia":[{"embeddable":true,"href":"https:\/\/biblio1.mdp.edu.ar\/centro-ventas\/wp-json\/wp\/v2\/media\/3030"}],"wp:attachment":[{"href":"https:\/\/biblio1.mdp.edu.ar\/centro-ventas\/wp-json\/wp\/v2\/media?parent=3028"}],"wp:term":[{"taxonomy":"product_cat","embeddable":true,"href":"https:\/\/biblio1.mdp.edu.ar\/centro-ventas\/wp-json\/wp\/v2\/product_cat?post=3028"},{"taxonomy":"product_tag","embeddable":true,"href":"https:\/\/biblio1.mdp.edu.ar\/centro-ventas\/wp-json\/wp\/v2\/product_tag?post=3028"}],"curies":[{"name":"wp","href":"https:\/\/api.w.org\/{rel}","templated":true}]}}