{"id":2994,"date":"2023-07-10T17:47:15","date_gmt":"2023-07-10T20:47:15","guid":{"rendered":"http:\/\/biblio1.mdp.edu.ar\/centro-ventas\/?post_type=product&#038;p=2994"},"modified":"2026-03-30T15:39:37","modified_gmt":"2026-03-30T18:39:37","slug":"2994","status":"publish","type":"product","link":"https:\/\/biblio1.mdp.edu.ar\/centro-ventas\/producto\/2994\/","title":{"rendered":"El arte como utop\u00eda"},"content":{"rendered":"<div class=\"row\">\n<div class=\"col-md-7\"><\/div>\n<\/div>\n<div class=\"row\">\n<div class=\"col-md-3\">Este libro propone un an\u00e1lisis de las directrices fundamentales de la po\u00e9tica de Jeanette Winterson, una de las escritoras m\u00e1s reconocidas de la literatura europea actual, tomando como eje su concepci\u00f3n del arte como cura personal y como salvaci\u00f3n colectiva en un contexto de visible deterioro de los lazos sociales.<\/div>\n<\/div>\n<div class=\"row\">\n<div class=\"col-md-7\">\n<p>El an\u00e1lisis cr\u00edtico de\u00a0Mar\u00eda Estrella, un aporte relevante dada la escasez de estudios centrados en la narradora brit\u00e1nica, se focaliza en dos componentes fundamentales del programa est\u00e9tico de Winterson: la construcci\u00f3n de la subjetividad mediante el lenguaje y el efecto que el arte provoca en el receptor. El recorrido de lectura abarca las novelas\u00a0<em>Fruta prohibida\u00a0<\/em>(1985),<em>\u00a0La Pasi\u00f3n<\/em>\u00a0(1987),\u00a0<em>Espejismos\u00a0<\/em>(1989),\u00a0<em>El Powerbook\u00a0<\/em>(2000) y\u00a0<em>La ni\u00f1a del faro\u00a0<\/em>(2005); pero tambi\u00e9n diversos ensayos del volumen\u00a0<em>Art Objects<\/em>\u00a0(1995), una selecci\u00f3n de art\u00edculos period\u00edsticos y las memorias\u00a0tituladas\u00a0<em>\u00bfPor qu\u00e9 ser feliz cuando puedes ser normal?<\/em>\u00a0(2011).<\/p>\n<p>Las principales l\u00edneas de indagaci\u00f3n apuntan a la cuesti\u00f3n de la identidad concebida como una b\u00fasqueda, al rol de la imaginaci\u00f3n en la construcci\u00f3n de la subjetividad, a la fe en los v\u00ednculos comunitarios frente al escepticismo circundante, al cuestionamiento de los modelos y restricciones ligados al g\u00e9nero sexual y, finalmente, a la funci\u00f3n ut\u00f3pica que el arte cumple o puede cumplir en lo que ata\u00f1e a la esfera personal y a la acci\u00f3n de los seres humanos en el mundo.<\/p>\n<\/div>\n<\/div>\n","protected":false},"excerpt":{"rendered":"<p>Este libro propone un an\u00e1lisis de las directrices fundamentales de la po\u00e9tica de Jeanette Winterson, una de las escritoras m\u00e1s reconocidas de la literatura europea actual, tomando como eje su concepci\u00f3n del arte como cura personal y como salvaci\u00f3n colectiva en un contexto de visible deterioro de los lazos sociales. El an\u00e1lisis cr\u00edtico de\u00a0Mar\u00eda Estrella, [&hellip;]<\/p>\n","protected":false},"featured_media":2978,"template":"","meta":{"_acf_changed":false,"_eb_attr":"","_crdt_document":"","_uag_custom_page_level_css":"","_editorskit_title_hidden":false,"_editorskit_reading_time":0,"_editorskit_is_block_options_detached":false,"_editorskit_block_options_position":"{}","site-sidebar-layout":"default","site-content-layout":"default","ast-site-content-layout":"default","site-content-style":"default","site-sidebar-style":"default","ast-global-header-display":"","ast-banner-title-visibility":"","ast-main-header-display":"","ast-hfb-above-header-display":"","ast-hfb-below-header-display":"","ast-hfb-mobile-header-display":"","site-post-title":"","ast-breadcrumbs-content":"","ast-featured-img":"","footer-sml-layout":"","ast-disable-related-posts":"","theme-transparent-header-meta":"default","adv-header-id-meta":"","stick-header-meta":"","header-above-stick-meta":"","header-main-stick-meta":"","header-below-stick-meta":"","astra-migrate-meta-layouts":"set","ast-page-background-enabled":"default","ast-page-background-meta":{"desktop":{"background-color":"var(--ast-global-color-4)","background-image":"","background-repeat":"repeat","background-position":"center center","background-size":"auto","background-attachment":"scroll","background-type":"","background-media":"","overlay-type":"","overlay-color":"","overlay-opacity":"","overlay-gradient":""},"tablet":{"background-color":"","background-image":"","background-repeat":"repeat","background-position":"center center","background-size":"auto","background-attachment":"scroll","background-type":"","background-media":"","overlay-type":"","overlay-color":"","overlay-opacity":"","overlay-gradient":""},"mobile":{"background-color":"","background-image":"","background-repeat":"repeat","background-position":"center center","background-size":"auto","background-attachment":"scroll","background-type":"","background-media":"","overlay-type":"","overlay-color":"","overlay-opacity":"","overlay-gradient":""}},"ast-content-background-meta":{"desktop":{"background-color":"var(--ast-global-color-5)","background-image":"","background-repeat":"repeat","background-position":"center center","background-size":"auto","background-attachment":"scroll","background-type":"","background-media":"","overlay-type":"","overlay-color":"","overlay-opacity":"","overlay-gradient":""},"tablet":{"background-color":"var(--ast-global-color-5)","background-image":"","background-repeat":"repeat","background-position":"center center","background-size":"auto","background-attachment":"scroll","background-type":"","background-media":"","overlay-type":"","overlay-color":"","overlay-opacity":"","overlay-gradient":""},"mobile":{"background-color":"var(--ast-global-color-5)","background-image":"","background-repeat":"repeat","background-position":"center center","background-size":"auto","background-attachment":"scroll","background-type":"","background-media":"","overlay-type":"","overlay-color":"","overlay-opacity":"","overlay-gradient":""}}},"product_cat":[32,28,124],"product_tag":[375,53],"class_list":{"0":"post-2994","1":"product","2":"type-product","3":"status-publish","4":"has-post-thumbnail","6":"product_cat-edudem","7":"product_cat-libro","8":"product_cat-serie-simbolos","9":"product_tag-critica-poetica","10":"product_tag-humanidades-y-ciencias-sociales","11":"desktop-align-left","12":"tablet-align-left","13":"mobile-align-left","15":"first","16":"instock","17":"shipping-taxable","18":"purchasable","19":"product-type-simple"},"acf":[],"uagb_featured_image_src":{"full":["https:\/\/biblio1.mdp.edu.ar\/centro-ventas\/wp-content\/uploads\/sites\/2\/2023\/07\/TAPA-el-arte-como-utopia-frente-1.jpg",1200,1724,false],"thumbnail":["https:\/\/biblio1.mdp.edu.ar\/centro-ventas\/wp-content\/uploads\/sites\/2\/2023\/07\/TAPA-el-arte-como-utopia-frente-1.jpg",104,150,false],"medium":["https:\/\/biblio1.mdp.edu.ar\/centro-ventas\/wp-content\/uploads\/sites\/2\/2023\/07\/TAPA-el-arte-como-utopia-frente-1.jpg",209,300,false],"medium_large":["https:\/\/biblio1.mdp.edu.ar\/centro-ventas\/wp-content\/uploads\/sites\/2\/2023\/07\/TAPA-el-arte-como-utopia-frente-1.jpg",768,1103,false],"large":["https:\/\/biblio1.mdp.edu.ar\/centro-ventas\/wp-content\/uploads\/sites\/2\/2023\/07\/TAPA-el-arte-como-utopia-frente-1.jpg",713,1024,false],"1536x1536":["https:\/\/biblio1.mdp.edu.ar\/centro-ventas\/wp-content\/uploads\/sites\/2\/2023\/07\/TAPA-el-arte-como-utopia-frente-1.jpg",1069,1536,false],"2048x2048":["https:\/\/biblio1.mdp.edu.ar\/centro-ventas\/wp-content\/uploads\/sites\/2\/2023\/07\/TAPA-el-arte-como-utopia-frente-1.jpg",1200,1724,false],"woocommerce_thumbnail":["https:\/\/biblio1.mdp.edu.ar\/centro-ventas\/wp-content\/uploads\/sites\/2\/2023\/07\/TAPA-el-arte-como-utopia-frente-1.jpg",300,431,false],"woocommerce_single":["https:\/\/biblio1.mdp.edu.ar\/centro-ventas\/wp-content\/uploads\/sites\/2\/2023\/07\/TAPA-el-arte-como-utopia-frente-1.jpg",600,862,false],"woocommerce_gallery_thumbnail":["https:\/\/biblio1.mdp.edu.ar\/centro-ventas\/wp-content\/uploads\/sites\/2\/2023\/07\/TAPA-el-arte-como-utopia-frente-1-100x100.jpg",100,100,true]},"uagb_author_info":{"display_name":"Cristina Bernabe","author_link":"https:\/\/biblio1.mdp.edu.ar\/centro-ventas\/author\/"},"uagb_comment_info":0,"uagb_excerpt":"Este libro propone un an\u00e1lisis de las directrices fundamentales de la po\u00e9tica de Jeanette Winterson, una de las escritoras m\u00e1s reconocidas de la literatura europea actual, tomando como eje su concepci\u00f3n del arte como cura personal y como salvaci\u00f3n colectiva en un contexto de visible deterioro de los lazos sociales. El an\u00e1lisis cr\u00edtico de\u00a0Mar\u00eda Estrella,&hellip;","_links":{"self":[{"href":"https:\/\/biblio1.mdp.edu.ar\/centro-ventas\/wp-json\/wp\/v2\/product\/2994","targetHints":{"allow":["GET"]}}],"collection":[{"href":"https:\/\/biblio1.mdp.edu.ar\/centro-ventas\/wp-json\/wp\/v2\/product"}],"about":[{"href":"https:\/\/biblio1.mdp.edu.ar\/centro-ventas\/wp-json\/wp\/v2\/types\/product"}],"wp:featuredmedia":[{"embeddable":true,"href":"https:\/\/biblio1.mdp.edu.ar\/centro-ventas\/wp-json\/wp\/v2\/media\/2978"}],"wp:attachment":[{"href":"https:\/\/biblio1.mdp.edu.ar\/centro-ventas\/wp-json\/wp\/v2\/media?parent=2994"}],"wp:term":[{"taxonomy":"product_cat","embeddable":true,"href":"https:\/\/biblio1.mdp.edu.ar\/centro-ventas\/wp-json\/wp\/v2\/product_cat?post=2994"},{"taxonomy":"product_tag","embeddable":true,"href":"https:\/\/biblio1.mdp.edu.ar\/centro-ventas\/wp-json\/wp\/v2\/product_tag?post=2994"}],"curies":[{"name":"wp","href":"https:\/\/api.w.org\/{rel}","templated":true}]}}