{"id":2991,"date":"2023-07-10T17:26:16","date_gmt":"2023-07-10T20:26:16","guid":{"rendered":"http:\/\/biblio1.mdp.edu.ar\/centro-ventas\/?post_type=product&#038;p=2991"},"modified":"2026-03-30T16:50:02","modified_gmt":"2026-03-30T19:50:02","slug":"la-vida-en-las-aulas-universitarias","status":"publish","type":"product","link":"https:\/\/biblio1.mdp.edu.ar\/centro-ventas\/producto\/la-vida-en-las-aulas-universitarias\/","title":{"rendered":"La vida en las aulas universitarias"},"content":{"rendered":"<div class=\"row\">\n<div class=\"col-md-3\"><em style=\"font-size: 16px\">La vida en las aulas universitarias<\/em><span style=\"font-size: 16px\">\u00a0pretende inmiscuirse en un terreno poco frecuentado por la historiograf\u00eda sobre el periodo que abarca el siglo XVIII: las pr\u00e1cticas educativas. \u00bfC\u00f3mo transitaba sus d\u00edas en la universidad un estudiante en el Siglo XVIII? \u00bfCu\u00e1les eran las formas de ense\u00f1anza que se articulaban al interior de los claustros? \u00bfEn qu\u00e9 medida la universidad actual es heredera de aquella? Son algunos de los interrogantes a los que el autor busca dar respuesta. Para hacerlo se nutre de m\u00faltiples perspectivas que le permiten reconstruir aquellas pr\u00e1cticas -muchas veces invisibles- que requieren ser repensadas e imaginadas a la luz de los escasos recursos de la cultura material. En este sentido, da cuenta de las fuentes documentales con las que trabaja, al tiempo que explora otros recursos que posibilitan dar voz a aquellos actores que la perdieron en el devenir de la historia. De este modo, el lector encontrar\u00e1 un an\u00e1lisis de las continuidades y rupturas que se operan en la Universidad de C\u00f3rdoba entre el siglo XVIII y los primeros a\u00f1os del XIX en torno al curriculum y a las pr\u00e1cticas de ense\u00f1anza. El autor nos cautiva con un estilo literario que cruza lo narrativo, lo hist\u00f3rico y lo educativo en un entramado que es a la vez pasado y presente.<\/span><\/div>\n<\/div>\n<div class=\"row\">\n<div class=\"col-md-7\">\n<p>&nbsp;<\/p>\n<\/div>\n<\/div>\n","protected":false},"excerpt":{"rendered":"<p>La vida en las aulas universitarias\u00a0pretende inmiscuirse en un terreno poco frecuentado por la historiograf\u00eda sobre el periodo que abarca el siglo XVIII: las pr\u00e1cticas educativas. \u00bfC\u00f3mo transitaba sus d\u00edas en la universidad un estudiante en el Siglo XVIII? \u00bfCu\u00e1les eran las formas de ense\u00f1anza que se articulaban al interior de los claustros? \u00bfEn qu\u00e9 [&hellip;]<\/p>\n","protected":false},"featured_media":2986,"template":"","meta":{"_acf_changed":false,"_eb_attr":"","_crdt_document":"","_uag_custom_page_level_css":"","_editorskit_title_hidden":false,"_editorskit_reading_time":0,"_editorskit_is_block_options_detached":false,"_editorskit_block_options_position":"{}","site-sidebar-layout":"default","site-content-layout":"default","ast-site-content-layout":"default","site-content-style":"default","site-sidebar-style":"default","ast-global-header-display":"","ast-banner-title-visibility":"","ast-main-header-display":"","ast-hfb-above-header-display":"","ast-hfb-below-header-display":"","ast-hfb-mobile-header-display":"","site-post-title":"","ast-breadcrumbs-content":"","ast-featured-img":"","footer-sml-layout":"","ast-disable-related-posts":"","theme-transparent-header-meta":"default","adv-header-id-meta":"","stick-header-meta":"","header-above-stick-meta":"","header-main-stick-meta":"","header-below-stick-meta":"","astra-migrate-meta-layouts":"default","ast-page-background-enabled":"default","ast-page-background-meta":{"desktop":{"background-color":"var(--ast-global-color-4)","background-image":"","background-repeat":"repeat","background-position":"center center","background-size":"auto","background-attachment":"scroll","background-type":"","background-media":"","overlay-type":"","overlay-color":"","overlay-opacity":"","overlay-gradient":""},"tablet":{"background-color":"","background-image":"","background-repeat":"repeat","background-position":"center center","background-size":"auto","background-attachment":"scroll","background-type":"","background-media":"","overlay-type":"","overlay-color":"","overlay-opacity":"","overlay-gradient":""},"mobile":{"background-color":"","background-image":"","background-repeat":"repeat","background-position":"center center","background-size":"auto","background-attachment":"scroll","background-type":"","background-media":"","overlay-type":"","overlay-color":"","overlay-opacity":"","overlay-gradient":""}},"ast-content-background-meta":{"desktop":{"background-color":"var(--ast-global-color-5)","background-image":"","background-repeat":"repeat","background-position":"center center","background-size":"auto","background-attachment":"scroll","background-type":"","background-media":"","overlay-type":"","overlay-color":"","overlay-opacity":"","overlay-gradient":""},"tablet":{"background-color":"var(--ast-global-color-5)","background-image":"","background-repeat":"repeat","background-position":"center center","background-size":"auto","background-attachment":"scroll","background-type":"","background-media":"","overlay-type":"","overlay-color":"","overlay-opacity":"","overlay-gradient":""},"mobile":{"background-color":"var(--ast-global-color-5)","background-image":"","background-repeat":"repeat","background-position":"center center","background-size":"auto","background-attachment":"scroll","background-type":"","background-media":"","overlay-type":"","overlay-color":"","overlay-opacity":"","overlay-gradient":""}}},"product_cat":[32,28,124],"product_tag":[53,22,274],"class_list":{"0":"post-2991","1":"product","2":"type-product","3":"status-publish","4":"has-post-thumbnail","6":"product_cat-edudem","7":"product_cat-libro","8":"product_cat-serie-simbolos","9":"product_tag-humanidades-y-ciencias-sociales","10":"product_tag-serie-simbolos","11":"product_tag-universidad","12":"desktop-align-left","13":"tablet-align-left","14":"mobile-align-left","16":"first","17":"instock","18":"shipping-taxable","19":"purchasable","20":"product-type-simple"},"acf":[],"uagb_featured_image_src":{"full":["https:\/\/biblio1.mdp.edu.ar\/centro-ventas\/wp-content\/uploads\/sites\/2\/2023\/07\/TAPA_la_vida_en_las_aulas_universitarias-scaled.jpg",2500,3833,false],"thumbnail":["https:\/\/biblio1.mdp.edu.ar\/centro-ventas\/wp-content\/uploads\/sites\/2\/2023\/07\/TAPA_la_vida_en_las_aulas_universitarias-scaled.jpg",98,150,false],"medium":["https:\/\/biblio1.mdp.edu.ar\/centro-ventas\/wp-content\/uploads\/sites\/2\/2023\/07\/TAPA_la_vida_en_las_aulas_universitarias-scaled.jpg",196,300,false],"medium_large":["https:\/\/biblio1.mdp.edu.ar\/centro-ventas\/wp-content\/uploads\/sites\/2\/2023\/07\/TAPA_la_vida_en_las_aulas_universitarias-scaled.jpg",768,1177,false],"large":["https:\/\/biblio1.mdp.edu.ar\/centro-ventas\/wp-content\/uploads\/sites\/2\/2023\/07\/TAPA_la_vida_en_las_aulas_universitarias-scaled.jpg",668,1024,false],"1536x1536":["https:\/\/biblio1.mdp.edu.ar\/centro-ventas\/wp-content\/uploads\/sites\/2\/2023\/07\/TAPA_la_vida_en_las_aulas_universitarias-scaled.jpg",1002,1536,false],"2048x2048":["https:\/\/biblio1.mdp.edu.ar\/centro-ventas\/wp-content\/uploads\/sites\/2\/2023\/07\/TAPA_la_vida_en_las_aulas_universitarias-scaled.jpg",1336,2048,false],"woocommerce_thumbnail":["https:\/\/biblio1.mdp.edu.ar\/centro-ventas\/wp-content\/uploads\/sites\/2\/2023\/07\/TAPA_la_vida_en_las_aulas_universitarias-scaled.jpg",300,460,false],"woocommerce_single":["https:\/\/biblio1.mdp.edu.ar\/centro-ventas\/wp-content\/uploads\/sites\/2\/2023\/07\/TAPA_la_vida_en_las_aulas_universitarias-scaled.jpg",600,920,false],"woocommerce_gallery_thumbnail":["https:\/\/biblio1.mdp.edu.ar\/centro-ventas\/wp-content\/uploads\/sites\/2\/2023\/07\/TAPA_la_vida_en_las_aulas_universitarias-100x100.jpg",100,100,true]},"uagb_author_info":{"display_name":"Cristina Bernabe","author_link":"https:\/\/biblio1.mdp.edu.ar\/centro-ventas\/author\/"},"uagb_comment_info":0,"uagb_excerpt":"La vida en las aulas universitarias\u00a0pretende inmiscuirse en un terreno poco frecuentado por la historiograf\u00eda sobre el periodo que abarca el siglo XVIII: las pr\u00e1cticas educativas. \u00bfC\u00f3mo transitaba sus d\u00edas en la universidad un estudiante en el Siglo XVIII? \u00bfCu\u00e1les eran las formas de ense\u00f1anza que se articulaban al interior de los claustros? \u00bfEn qu\u00e9&hellip;","_links":{"self":[{"href":"https:\/\/biblio1.mdp.edu.ar\/centro-ventas\/wp-json\/wp\/v2\/product\/2991","targetHints":{"allow":["GET"]}}],"collection":[{"href":"https:\/\/biblio1.mdp.edu.ar\/centro-ventas\/wp-json\/wp\/v2\/product"}],"about":[{"href":"https:\/\/biblio1.mdp.edu.ar\/centro-ventas\/wp-json\/wp\/v2\/types\/product"}],"wp:featuredmedia":[{"embeddable":true,"href":"https:\/\/biblio1.mdp.edu.ar\/centro-ventas\/wp-json\/wp\/v2\/media\/2986"}],"wp:attachment":[{"href":"https:\/\/biblio1.mdp.edu.ar\/centro-ventas\/wp-json\/wp\/v2\/media?parent=2991"}],"wp:term":[{"taxonomy":"product_cat","embeddable":true,"href":"https:\/\/biblio1.mdp.edu.ar\/centro-ventas\/wp-json\/wp\/v2\/product_cat?post=2991"},{"taxonomy":"product_tag","embeddable":true,"href":"https:\/\/biblio1.mdp.edu.ar\/centro-ventas\/wp-json\/wp\/v2\/product_tag?post=2991"}],"curies":[{"name":"wp","href":"https:\/\/api.w.org\/{rel}","templated":true}]}}