{"id":2990,"date":"2023-07-10T17:18:20","date_gmt":"2023-07-10T20:18:20","guid":{"rendered":"http:\/\/biblio1.mdp.edu.ar\/centro-ventas\/?post_type=product&#038;p=2990"},"modified":"2026-03-30T17:08:26","modified_gmt":"2026-03-30T20:08:26","slug":"mar-del-plata-vertical","status":"publish","type":"product","link":"https:\/\/biblio1.mdp.edu.ar\/centro-ventas\/producto\/mar-del-plata-vertical\/","title":{"rendered":"Mar del Plata vertical"},"content":{"rendered":"<div class=\"row\">\n<div class=\"col-md-7\"><\/div>\n<\/div>\n<div class=\"row\">\n<div class=\"col-md-3\"><span style=\"font-size: 16px\">Mar del Plata se cre\u00f3 como un negocio inmobiliario. No una sola vez \u2014en su fundaci\u00f3n\u2014 sino dos veces: a mediados del siglo XX, los edificios en altura transformaron la ciudad tradicional, modificando el paisaje urbano y tambi\u00e9n la sociolog\u00eda, la econom\u00eda y la imaginaci\u00f3n de la ciudad. Esa \u201csegunda fundaci\u00f3n\u201d destruy\u00f3 patrimonios, pero fue realizada con una inmensa capacidad de trabajo local al servicio de ciertas ideas procedentes del gran mundo: el progreso, la modernidad, el consumo.<\/span><\/div>\n<\/div>\n<div class=\"row\">\n<div class=\"col-md-7\">\n<p>En las d\u00e9cadas de 1950 y 1960 los edificios florecieron en el centro, y la venta de departamentos tur\u00edsticos fue furor. Los libros de la historia y arquitectura local han estimulado una visi\u00f3n rom\u00e1ntica de las grandes mansiones de la \u201caristocracia\u201d y de los chalets de piedra. Pero, \u00bfqu\u00e9 decir con las moles de cemento que configuran hoy el paisaje urbano?, \u00bfqui\u00e9n las construy\u00f3, cu\u00e1ndo, c\u00f3mo, por qu\u00e9, para qu\u00e9?<\/p>\n<p>Al estudiar la \u201cMar del Plata vertical\u201d que se desarrolla a una asombrosa velocidad entre 1930 y 1970, esta obra es una aguda indagaci\u00f3n de los aspectos positivos y negativos de ese proceso y una invitaci\u00f3n a pensar la ciudad del presente y del futuro.<\/p>\n<p>&nbsp;<\/p>\n<\/div>\n<\/div>\n","protected":false},"excerpt":{"rendered":"<p>Mar del Plata se cre\u00f3 como un negocio inmobiliario. No una sola vez \u2014en su fundaci\u00f3n\u2014 sino dos veces: a mediados del siglo XX, los edificios en altura transformaron la ciudad tradicional, modificando el paisaje urbano y tambi\u00e9n la sociolog\u00eda, la econom\u00eda y la imaginaci\u00f3n de la ciudad. Esa \u201csegunda fundaci\u00f3n\u201d destruy\u00f3 patrimonios, pero fue [&hellip;]<\/p>\n","protected":false},"featured_media":2979,"template":"","meta":{"_acf_changed":false,"_eb_attr":"","_crdt_document":"","_uag_custom_page_level_css":"","_editorskit_title_hidden":false,"_editorskit_reading_time":0,"_editorskit_is_block_options_detached":false,"_editorskit_block_options_position":"{}","site-sidebar-layout":"default","site-content-layout":"default","ast-site-content-layout":"default","site-content-style":"default","site-sidebar-style":"default","ast-global-header-display":"","ast-banner-title-visibility":"","ast-main-header-display":"","ast-hfb-above-header-display":"","ast-hfb-below-header-display":"","ast-hfb-mobile-header-display":"","site-post-title":"","ast-breadcrumbs-content":"","ast-featured-img":"","footer-sml-layout":"","ast-disable-related-posts":"","theme-transparent-header-meta":"default","adv-header-id-meta":"","stick-header-meta":"","header-above-stick-meta":"","header-main-stick-meta":"","header-below-stick-meta":"","astra-migrate-meta-layouts":"set","ast-page-background-enabled":"default","ast-page-background-meta":{"desktop":{"background-color":"var(--ast-global-color-4)","background-image":"","background-repeat":"repeat","background-position":"center center","background-size":"auto","background-attachment":"scroll","background-type":"","background-media":"","overlay-type":"","overlay-color":"","overlay-opacity":"","overlay-gradient":""},"tablet":{"background-color":"","background-image":"","background-repeat":"repeat","background-position":"center center","background-size":"auto","background-attachment":"scroll","background-type":"","background-media":"","overlay-type":"","overlay-color":"","overlay-opacity":"","overlay-gradient":""},"mobile":{"background-color":"","background-image":"","background-repeat":"repeat","background-position":"center center","background-size":"auto","background-attachment":"scroll","background-type":"","background-media":"","overlay-type":"","overlay-color":"","overlay-opacity":"","overlay-gradient":""}},"ast-content-background-meta":{"desktop":{"background-color":"var(--ast-global-color-5)","background-image":"","background-repeat":"repeat","background-position":"center center","background-size":"auto","background-attachment":"scroll","background-type":"","background-media":"","overlay-type":"","overlay-color":"","overlay-opacity":"","overlay-gradient":""},"tablet":{"background-color":"var(--ast-global-color-5)","background-image":"","background-repeat":"repeat","background-position":"center center","background-size":"auto","background-attachment":"scroll","background-type":"","background-media":"","overlay-type":"","overlay-color":"","overlay-opacity":"","overlay-gradient":""},"mobile":{"background-color":"var(--ast-global-color-5)","background-image":"","background-repeat":"repeat","background-position":"center center","background-size":"auto","background-attachment":"scroll","background-type":"","background-media":"","overlay-type":"","overlay-color":"","overlay-opacity":"","overlay-gradient":""}}},"product_cat":[268,32,28,167],"product_tag":[36,273,80],"class_list":{"0":"post-2990","1":"product","2":"type-product","3":"status-publish","4":"has-post-thumbnail","6":"product_cat-coleccion-mar-del-plata","7":"product_cat-edudem","8":"product_cat-libro","9":"product_cat-mar-del-plata","10":"product_tag-arquitectura","11":"product_tag-historia-mar-del-plata","12":"product_tag-mar-del-plata","13":"desktop-align-left","14":"tablet-align-left","15":"mobile-align-left","17":"first","18":"instock","19":"featured","20":"shipping-taxable","21":"purchasable","22":"product-type-simple"},"acf":[],"uagb_featured_image_src":{"full":["https:\/\/biblio1.mdp.edu.ar\/centro-ventas\/wp-content\/uploads\/sites\/2\/2023\/07\/TAPA-MDP-VERTICAL-FRENTE.jpg",1200,1921,false],"thumbnail":["https:\/\/biblio1.mdp.edu.ar\/centro-ventas\/wp-content\/uploads\/sites\/2\/2023\/07\/TAPA-MDP-VERTICAL-FRENTE.jpg",94,150,false],"medium":["https:\/\/biblio1.mdp.edu.ar\/centro-ventas\/wp-content\/uploads\/sites\/2\/2023\/07\/TAPA-MDP-VERTICAL-FRENTE.jpg",187,300,false],"medium_large":["https:\/\/biblio1.mdp.edu.ar\/centro-ventas\/wp-content\/uploads\/sites\/2\/2023\/07\/TAPA-MDP-VERTICAL-FRENTE.jpg",768,1229,false],"large":["https:\/\/biblio1.mdp.edu.ar\/centro-ventas\/wp-content\/uploads\/sites\/2\/2023\/07\/TAPA-MDP-VERTICAL-FRENTE.jpg",640,1024,false],"1536x1536":["https:\/\/biblio1.mdp.edu.ar\/centro-ventas\/wp-content\/uploads\/sites\/2\/2023\/07\/TAPA-MDP-VERTICAL-FRENTE.jpg",960,1536,false],"2048x2048":["https:\/\/biblio1.mdp.edu.ar\/centro-ventas\/wp-content\/uploads\/sites\/2\/2023\/07\/TAPA-MDP-VERTICAL-FRENTE.jpg",1200,1921,false],"woocommerce_thumbnail":["https:\/\/biblio1.mdp.edu.ar\/centro-ventas\/wp-content\/uploads\/sites\/2\/2023\/07\/TAPA-MDP-VERTICAL-FRENTE.jpg",300,480,false],"woocommerce_single":["https:\/\/biblio1.mdp.edu.ar\/centro-ventas\/wp-content\/uploads\/sites\/2\/2023\/07\/TAPA-MDP-VERTICAL-FRENTE.jpg",600,961,false],"woocommerce_gallery_thumbnail":["https:\/\/biblio1.mdp.edu.ar\/centro-ventas\/wp-content\/uploads\/sites\/2\/2023\/07\/TAPA-MDP-VERTICAL-FRENTE-100x100.jpg",100,100,true]},"uagb_author_info":{"display_name":"Cristina Bernabe","author_link":"https:\/\/biblio1.mdp.edu.ar\/centro-ventas\/author\/"},"uagb_comment_info":0,"uagb_excerpt":"Mar del Plata se cre\u00f3 como un negocio inmobiliario. No una sola vez \u2014en su fundaci\u00f3n\u2014 sino dos veces: a mediados del siglo XX, los edificios en altura transformaron la ciudad tradicional, modificando el paisaje urbano y tambi\u00e9n la sociolog\u00eda, la econom\u00eda y la imaginaci\u00f3n de la ciudad. Esa \u201csegunda fundaci\u00f3n\u201d destruy\u00f3 patrimonios, pero fue&hellip;","_links":{"self":[{"href":"https:\/\/biblio1.mdp.edu.ar\/centro-ventas\/wp-json\/wp\/v2\/product\/2990","targetHints":{"allow":["GET"]}}],"collection":[{"href":"https:\/\/biblio1.mdp.edu.ar\/centro-ventas\/wp-json\/wp\/v2\/product"}],"about":[{"href":"https:\/\/biblio1.mdp.edu.ar\/centro-ventas\/wp-json\/wp\/v2\/types\/product"}],"wp:featuredmedia":[{"embeddable":true,"href":"https:\/\/biblio1.mdp.edu.ar\/centro-ventas\/wp-json\/wp\/v2\/media\/2979"}],"wp:attachment":[{"href":"https:\/\/biblio1.mdp.edu.ar\/centro-ventas\/wp-json\/wp\/v2\/media?parent=2990"}],"wp:term":[{"taxonomy":"product_cat","embeddable":true,"href":"https:\/\/biblio1.mdp.edu.ar\/centro-ventas\/wp-json\/wp\/v2\/product_cat?post=2990"},{"taxonomy":"product_tag","embeddable":true,"href":"https:\/\/biblio1.mdp.edu.ar\/centro-ventas\/wp-json\/wp\/v2\/product_tag?post=2990"}],"curies":[{"name":"wp","href":"https:\/\/api.w.org\/{rel}","templated":true}]}}