{"id":2977,"date":"2023-07-10T17:01:14","date_gmt":"2023-07-10T20:01:14","guid":{"rendered":"http:\/\/biblio1.mdp.edu.ar\/centro-ventas\/?post_type=product&#038;p=2977"},"modified":"2026-04-01T14:57:11","modified_gmt":"2026-04-01T17:57:11","slug":"sufrir-en-la-feliz","status":"publish","type":"product","link":"https:\/\/biblio1.mdp.edu.ar\/centro-ventas\/producto\/sufrir-en-la-feliz\/","title":{"rendered":"Sufrir en \u00abla feliz\u00bb"},"content":{"rendered":"<div class=\"row\">\n<div class=\"col-md-7\">\n<p>Asociada, en el imaginario nacional, con el descanso, el hedonismo y la diversi\u00f3n, Mar del Plata \u2014la \u201cCiudad Feliz\u201d\u2014 fue, durante mucho tiempo, el escenario en el que las infancias argentinas disfrutaron de sus vacaciones, conocieron el mar y socializaron fuera de la escuela.<\/p>\n<p>Pero esa imagen es ciertamente una idealizaci\u00f3n y, en tanto tal, una distorsi\u00f3n de lo real, pues aquella Mar del Plata albergaba, junto a la infancia veraneante \u2014la de los sectores trabajadores, obreros y empleados\u2014 a la \u201cinfancia padeciente\u201d, constituida por ni\u00f1as y ni\u00f1os contagiados por enfermedades cr\u00f3nicas, como la tuberculosis, o epid\u00e9micas, como la poliomielitis.<\/p>\n<p>Mar del Plata fue sede de dos experiencias terap\u00e9uticas pioneras en Am\u00e9rica Latina: el Hospital y Asilo Mar\u00edtimo y el Centro de Rehabilitaci\u00f3n para Ni\u00f1os Lisiados (CERENIL). Menos felices, y con silencios m\u00e1s fuertes que el bullicio propio de la edad, en ellos se albergaba la infancia enferma. Es de esa infancia, de la vida en esos establecimientos, de las ideas terap\u00e9uticas y sociol\u00f3gicas sobre la enfermedad y la cura que trata este libro, primero en poner la mirada sobre una dimensi\u00f3n hasta ahora olvidada de la vida de la ciudad.<\/p>\n<\/div>\n<\/div>\n","protected":false},"excerpt":{"rendered":"<p>Asociada, en el imaginario nacional, con el descanso, el hedonismo y la diversi\u00f3n, Mar del Plata \u2014la \u201cCiudad Feliz\u201d\u2014 fue, durante mucho tiempo, el escenario en el que las infancias argentinas disfrutaron de sus vacaciones, conocieron el mar y socializaron fuera de la escuela. Pero esa imagen es ciertamente una idealizaci\u00f3n y, en tanto tal, [&hellip;]<\/p>\n","protected":false},"featured_media":2982,"template":"","meta":{"_acf_changed":false,"_eb_attr":"","_crdt_document":"","_uag_custom_page_level_css":"","_editorskit_title_hidden":false,"_editorskit_reading_time":0,"_editorskit_is_block_options_detached":false,"_editorskit_block_options_position":"{}","site-sidebar-layout":"default","site-content-layout":"default","ast-site-content-layout":"default","site-content-style":"default","site-sidebar-style":"default","ast-global-header-display":"","ast-banner-title-visibility":"","ast-main-header-display":"","ast-hfb-above-header-display":"","ast-hfb-below-header-display":"","ast-hfb-mobile-header-display":"","site-post-title":"","ast-breadcrumbs-content":"","ast-featured-img":"","footer-sml-layout":"","ast-disable-related-posts":"","theme-transparent-header-meta":"default","adv-header-id-meta":"","stick-header-meta":"","header-above-stick-meta":"","header-main-stick-meta":"","header-below-stick-meta":"","astra-migrate-meta-layouts":"set","ast-page-background-enabled":"default","ast-page-background-meta":{"desktop":{"background-color":"var(--ast-global-color-4)","background-image":"","background-repeat":"repeat","background-position":"center center","background-size":"auto","background-attachment":"scroll","background-type":"","background-media":"","overlay-type":"","overlay-color":"","overlay-opacity":"","overlay-gradient":""},"tablet":{"background-color":"","background-image":"","background-repeat":"repeat","background-position":"center center","background-size":"auto","background-attachment":"scroll","background-type":"","background-media":"","overlay-type":"","overlay-color":"","overlay-opacity":"","overlay-gradient":""},"mobile":{"background-color":"","background-image":"","background-repeat":"repeat","background-position":"center center","background-size":"auto","background-attachment":"scroll","background-type":"","background-media":"","overlay-type":"","overlay-color":"","overlay-opacity":"","overlay-gradient":""}},"ast-content-background-meta":{"desktop":{"background-color":"var(--ast-global-color-5)","background-image":"","background-repeat":"repeat","background-position":"center center","background-size":"auto","background-attachment":"scroll","background-type":"","background-media":"","overlay-type":"","overlay-color":"","overlay-opacity":"","overlay-gradient":""},"tablet":{"background-color":"var(--ast-global-color-5)","background-image":"","background-repeat":"repeat","background-position":"center center","background-size":"auto","background-attachment":"scroll","background-type":"","background-media":"","overlay-type":"","overlay-color":"","overlay-opacity":"","overlay-gradient":""},"mobile":{"background-color":"var(--ast-global-color-5)","background-image":"","background-repeat":"repeat","background-position":"center center","background-size":"auto","background-attachment":"scroll","background-type":"","background-media":"","overlay-type":"","overlay-color":"","overlay-opacity":"","overlay-gradient":""}}},"product_cat":[268,32,28,167],"product_tag":[271,270,80],"class_list":{"0":"post-2977","1":"product","2":"type-product","3":"status-publish","4":"has-post-thumbnail","6":"product_cat-coleccion-mar-del-plata","7":"product_cat-edudem","8":"product_cat-libro","9":"product_cat-mar-del-plata","10":"product_tag-asitencial","11":"product_tag-historia-de-mar-del-plata","12":"product_tag-mar-del-plata","13":"desktop-align-left","14":"tablet-align-left","15":"mobile-align-left","17":"first","18":"instock","19":"featured","20":"shipping-taxable","21":"purchasable","22":"product-type-simple"},"acf":[],"uagb_featured_image_src":{"full":["https:\/\/biblio1.mdp.edu.ar\/centro-ventas\/wp-content\/uploads\/sites\/2\/2023\/07\/TAPA-SUFRIR-EN-LA-FELIZ-frente.jpg",1200,1924,false],"thumbnail":["https:\/\/biblio1.mdp.edu.ar\/centro-ventas\/wp-content\/uploads\/sites\/2\/2023\/07\/TAPA-SUFRIR-EN-LA-FELIZ-frente.jpg",94,150,false],"medium":["https:\/\/biblio1.mdp.edu.ar\/centro-ventas\/wp-content\/uploads\/sites\/2\/2023\/07\/TAPA-SUFRIR-EN-LA-FELIZ-frente.jpg",187,300,false],"medium_large":["https:\/\/biblio1.mdp.edu.ar\/centro-ventas\/wp-content\/uploads\/sites\/2\/2023\/07\/TAPA-SUFRIR-EN-LA-FELIZ-frente.jpg",768,1231,false],"large":["https:\/\/biblio1.mdp.edu.ar\/centro-ventas\/wp-content\/uploads\/sites\/2\/2023\/07\/TAPA-SUFRIR-EN-LA-FELIZ-frente.jpg",639,1024,false],"1536x1536":["https:\/\/biblio1.mdp.edu.ar\/centro-ventas\/wp-content\/uploads\/sites\/2\/2023\/07\/TAPA-SUFRIR-EN-LA-FELIZ-frente.jpg",958,1536,false],"2048x2048":["https:\/\/biblio1.mdp.edu.ar\/centro-ventas\/wp-content\/uploads\/sites\/2\/2023\/07\/TAPA-SUFRIR-EN-LA-FELIZ-frente.jpg",1200,1924,false],"woocommerce_thumbnail":["https:\/\/biblio1.mdp.edu.ar\/centro-ventas\/wp-content\/uploads\/sites\/2\/2023\/07\/TAPA-SUFRIR-EN-LA-FELIZ-frente.jpg",300,481,false],"woocommerce_single":["https:\/\/biblio1.mdp.edu.ar\/centro-ventas\/wp-content\/uploads\/sites\/2\/2023\/07\/TAPA-SUFRIR-EN-LA-FELIZ-frente.jpg",600,962,false],"woocommerce_gallery_thumbnail":["https:\/\/biblio1.mdp.edu.ar\/centro-ventas\/wp-content\/uploads\/sites\/2\/2023\/07\/TAPA-SUFRIR-EN-LA-FELIZ-frente-100x100.jpg",100,100,true]},"uagb_author_info":{"display_name":"Cristina Bernabe","author_link":"https:\/\/biblio1.mdp.edu.ar\/centro-ventas\/author\/"},"uagb_comment_info":0,"uagb_excerpt":"Asociada, en el imaginario nacional, con el descanso, el hedonismo y la diversi\u00f3n, Mar del Plata \u2014la \u201cCiudad Feliz\u201d\u2014 fue, durante mucho tiempo, el escenario en el que las infancias argentinas disfrutaron de sus vacaciones, conocieron el mar y socializaron fuera de la escuela. Pero esa imagen es ciertamente una idealizaci\u00f3n y, en tanto tal,&hellip;","_links":{"self":[{"href":"https:\/\/biblio1.mdp.edu.ar\/centro-ventas\/wp-json\/wp\/v2\/product\/2977","targetHints":{"allow":["GET"]}}],"collection":[{"href":"https:\/\/biblio1.mdp.edu.ar\/centro-ventas\/wp-json\/wp\/v2\/product"}],"about":[{"href":"https:\/\/biblio1.mdp.edu.ar\/centro-ventas\/wp-json\/wp\/v2\/types\/product"}],"wp:featuredmedia":[{"embeddable":true,"href":"https:\/\/biblio1.mdp.edu.ar\/centro-ventas\/wp-json\/wp\/v2\/media\/2982"}],"wp:attachment":[{"href":"https:\/\/biblio1.mdp.edu.ar\/centro-ventas\/wp-json\/wp\/v2\/media?parent=2977"}],"wp:term":[{"taxonomy":"product_cat","embeddable":true,"href":"https:\/\/biblio1.mdp.edu.ar\/centro-ventas\/wp-json\/wp\/v2\/product_cat?post=2977"},{"taxonomy":"product_tag","embeddable":true,"href":"https:\/\/biblio1.mdp.edu.ar\/centro-ventas\/wp-json\/wp\/v2\/product_tag?post=2977"}],"curies":[{"name":"wp","href":"https:\/\/api.w.org\/{rel}","templated":true}]}}