{"id":2918,"date":"2023-04-04T14:29:26","date_gmt":"2023-04-04T17:29:26","guid":{"rendered":"http:\/\/biblio1.mdp.edu.ar\/centro-ventas\/?post_type=product&#038;p=2918"},"modified":"2026-03-30T17:14:29","modified_gmt":"2026-03-30T20:14:29","slug":"nuevo-ingreso-morfofisiologia-del-sistema-nervioso","status":"publish","type":"product","link":"https:\/\/biblio1.mdp.edu.ar\/centro-ventas\/producto\/nuevo-ingreso-morfofisiologia-del-sistema-nervioso\/","title":{"rendered":"Morfofisiolog\u00eda del sistema nervioso"},"content":{"rendered":"<p>La evidencia acerca de la necesidad de integrar curricularmente ciencias b\u00e1sicas y aplicadas es abrumadora.<br \/>\nNo existe un texto en nuestro pa\u00eds que articule todos los aspectos de las ciencias b\u00e1sicas de un sistema. A\u00fan en aquellos libros que involucran temas de anatom\u00eda y fisiolog\u00eda, lo contin\u00faan abordando \u201cdesmembradamente\u201d.<br \/>\nEste libro trata los aspectos morfofisiol\u00f3gicos conocidos del Sistema Nervioso de manera articulada, recorriendo las bases anatomo-histo-fisiopatol\u00f3gicas desde el primer al \u00faltimo cap\u00edtulo.<br \/>\nIndaga y responde qu\u00e9 sucede cuando existe una descarga exagerada y parox\u00edstica neuronal como sucede en las convulsiones y la epilepsia, los mecanismos regulatorios b\u00e1sicos de las sinapsis que explican fen\u00f3menos cl\u00ednicos como el tratamiento del asma, hipertensi\u00f3n arterial, Miastenia Gravis. Explica adem\u00e1s, qu\u00e9 ocurre con los reflejos profundos y el examen cl\u00ednico cuando se lesionan las neuronas motoras superior, inferior o ambas, fen\u00f3menos observados en la diabetes, alcoholismo, esclerosis lateral amiotr\u00f3fica, lesiones medulares agudas y en la enfermedad cerebrovascular. Tambi\u00e9n entender\u00e1 los efectos poderosos de la desmielinizaci\u00f3n en enfermedades por carencia nutricional, infecciones o en la esclerosis m\u00faltiple, permitiendo comprender las bases de patolog\u00edas oculares y auditivas b\u00e1sicas, as\u00ed como el proceso del dolor, la analgesia, el sue\u00f1o y el habla.<br \/>\nEl texto est\u00e1 pensado para estudiantes y docentes de Ciencias de la Salud, en curr\u00edculas lineales, tradicionales e innovadoras. Puede ser utilizado por los estudiantes que cursan carreras de salud para abordar el sistema nervioso en la pr\u00e1ctica posterior, y tambi\u00e9n por aquellos de carreras con alta carga pr\u00e1ctica, con inmersi\u00f3n temprana a la cl\u00ednica, para encontrar en las ciencias b\u00e1sicas las preguntas y respuestas que este texto aporta unificadamente con herramientas conceptuales y habilidades.<\/p>\n","protected":false},"excerpt":{"rendered":"<p>La evidencia acerca de la necesidad de integrar curricularmente ciencias b\u00e1sicas y aplicadas es abrumadora. No existe un texto en nuestro pa\u00eds que articule todos los aspectos de las ciencias b\u00e1sicas de un sistema. A\u00fan en aquellos libros que involucran temas de anatom\u00eda y fisiolog\u00eda, lo contin\u00faan abordando \u201cdesmembradamente\u201d. Este libro trata los aspectos morfofisiol\u00f3gicos [&hellip;]<\/p>\n","protected":false},"featured_media":2887,"template":"","meta":{"_acf_changed":false,"_eb_attr":"","_crdt_document":"","_uag_custom_page_level_css":"","_editorskit_title_hidden":false,"_editorskit_reading_time":0,"_editorskit_is_block_options_detached":false,"_editorskit_block_options_position":"{}","site-sidebar-layout":"default","site-content-layout":"default","ast-site-content-layout":"default","site-content-style":"default","site-sidebar-style":"default","ast-global-header-display":"","ast-banner-title-visibility":"","ast-main-header-display":"","ast-hfb-above-header-display":"","ast-hfb-below-header-display":"","ast-hfb-mobile-header-display":"","site-post-title":"","ast-breadcrumbs-content":"","ast-featured-img":"","footer-sml-layout":"","ast-disable-related-posts":"","theme-transparent-header-meta":"default","adv-header-id-meta":"","stick-header-meta":"","header-above-stick-meta":"","header-main-stick-meta":"","header-below-stick-meta":"","astra-migrate-meta-layouts":"default","ast-page-background-enabled":"default","ast-page-background-meta":{"desktop":{"background-color":"var(--ast-global-color-4)","background-image":"","background-repeat":"repeat","background-position":"center center","background-size":"auto","background-attachment":"scroll","background-type":"","background-media":"","overlay-type":"","overlay-color":"","overlay-opacity":"","overlay-gradient":""},"tablet":{"background-color":"","background-image":"","background-repeat":"repeat","background-position":"center center","background-size":"auto","background-attachment":"scroll","background-type":"","background-media":"","overlay-type":"","overlay-color":"","overlay-opacity":"","overlay-gradient":""},"mobile":{"background-color":"","background-image":"","background-repeat":"repeat","background-position":"center center","background-size":"auto","background-attachment":"scroll","background-type":"","background-media":"","overlay-type":"","overlay-color":"","overlay-opacity":"","overlay-gradient":""}},"ast-content-background-meta":{"desktop":{"background-color":"var(--ast-global-color-5)","background-image":"","background-repeat":"repeat","background-position":"center center","background-size":"auto","background-attachment":"scroll","background-type":"","background-media":"","overlay-type":"","overlay-color":"","overlay-opacity":"","overlay-gradient":""},"tablet":{"background-color":"var(--ast-global-color-5)","background-image":"","background-repeat":"repeat","background-position":"center center","background-size":"auto","background-attachment":"scroll","background-type":"","background-media":"","overlay-type":"","overlay-color":"","overlay-opacity":"","overlay-gradient":""},"mobile":{"background-color":"var(--ast-global-color-5)","background-image":"","background-repeat":"repeat","background-position":"center center","background-size":"auto","background-attachment":"scroll","background-type":"","background-media":"","overlay-type":"","overlay-color":"","overlay-opacity":"","overlay-gradient":""}}},"product_cat":[115,32,28,29],"product_tag":[19,261],"class_list":{"0":"post-2918","1":"product","2":"type-product","3":"status-publish","4":"has-post-thumbnail","6":"product_cat-herramientas","7":"product_cat-edudem","8":"product_cat-libro","9":"product_cat-medicina","10":"product_tag-medicina","11":"product_tag-sistema-nervioso","12":"desktop-align-left","13":"tablet-align-left","14":"mobile-align-left","16":"first","17":"instock","18":"featured","19":"shipping-taxable","20":"purchasable","21":"product-type-simple"},"acf":[],"uagb_featured_image_src":{"full":["https:\/\/biblio1.mdp.edu.ar\/centro-ventas\/wp-content\/uploads\/sites\/2\/2023\/03\/tapa_morfofisiologia_frente-scaled.jpg",2302,3023,false],"thumbnail":["https:\/\/biblio1.mdp.edu.ar\/centro-ventas\/wp-content\/uploads\/sites\/2\/2023\/03\/tapa_morfofisiologia_frente-scaled.jpg",114,150,false],"medium":["https:\/\/biblio1.mdp.edu.ar\/centro-ventas\/wp-content\/uploads\/sites\/2\/2023\/03\/tapa_morfofisiologia_frente-scaled.jpg",228,300,false],"medium_large":["https:\/\/biblio1.mdp.edu.ar\/centro-ventas\/wp-content\/uploads\/sites\/2\/2023\/03\/tapa_morfofisiologia_frente-scaled.jpg",768,1009,false],"large":["https:\/\/biblio1.mdp.edu.ar\/centro-ventas\/wp-content\/uploads\/sites\/2\/2023\/03\/tapa_morfofisiologia_frente-scaled.jpg",780,1024,false],"1536x1536":["https:\/\/biblio1.mdp.edu.ar\/centro-ventas\/wp-content\/uploads\/sites\/2\/2023\/03\/tapa_morfofisiologia_frente-scaled.jpg",1170,1536,false],"2048x2048":["https:\/\/biblio1.mdp.edu.ar\/centro-ventas\/wp-content\/uploads\/sites\/2\/2023\/03\/tapa_morfofisiologia_frente-scaled.jpg",1560,2048,false],"woocommerce_thumbnail":["https:\/\/biblio1.mdp.edu.ar\/centro-ventas\/wp-content\/uploads\/sites\/2\/2023\/03\/tapa_morfofisiologia_frente-scaled.jpg",300,394,false],"woocommerce_single":["https:\/\/biblio1.mdp.edu.ar\/centro-ventas\/wp-content\/uploads\/sites\/2\/2023\/03\/tapa_morfofisiologia_frente-scaled.jpg",600,788,false],"woocommerce_gallery_thumbnail":["https:\/\/biblio1.mdp.edu.ar\/centro-ventas\/wp-content\/uploads\/sites\/2\/2023\/03\/tapa_morfofisiologia_frente-100x100.jpg",100,100,true]},"uagb_author_info":{"display_name":"Cristina Bernabe","author_link":"https:\/\/biblio1.mdp.edu.ar\/centro-ventas\/author\/"},"uagb_comment_info":0,"uagb_excerpt":"La evidencia acerca de la necesidad de integrar curricularmente ciencias b\u00e1sicas y aplicadas es abrumadora. No existe un texto en nuestro pa\u00eds que articule todos los aspectos de las ciencias b\u00e1sicas de un sistema. A\u00fan en aquellos libros que involucran temas de anatom\u00eda y fisiolog\u00eda, lo contin\u00faan abordando \u201cdesmembradamente\u201d. Este libro trata los aspectos morfofisiol\u00f3gicos&hellip;","_links":{"self":[{"href":"https:\/\/biblio1.mdp.edu.ar\/centro-ventas\/wp-json\/wp\/v2\/product\/2918","targetHints":{"allow":["GET"]}}],"collection":[{"href":"https:\/\/biblio1.mdp.edu.ar\/centro-ventas\/wp-json\/wp\/v2\/product"}],"about":[{"href":"https:\/\/biblio1.mdp.edu.ar\/centro-ventas\/wp-json\/wp\/v2\/types\/product"}],"wp:featuredmedia":[{"embeddable":true,"href":"https:\/\/biblio1.mdp.edu.ar\/centro-ventas\/wp-json\/wp\/v2\/media\/2887"}],"wp:attachment":[{"href":"https:\/\/biblio1.mdp.edu.ar\/centro-ventas\/wp-json\/wp\/v2\/media?parent=2918"}],"wp:term":[{"taxonomy":"product_cat","embeddable":true,"href":"https:\/\/biblio1.mdp.edu.ar\/centro-ventas\/wp-json\/wp\/v2\/product_cat?post=2918"},{"taxonomy":"product_tag","embeddable":true,"href":"https:\/\/biblio1.mdp.edu.ar\/centro-ventas\/wp-json\/wp\/v2\/product_tag?post=2918"}],"curies":[{"name":"wp","href":"https:\/\/api.w.org\/{rel}","templated":true}]}}