{"id":2911,"date":"2023-03-31T17:01:00","date_gmt":"2023-03-31T20:01:00","guid":{"rendered":"http:\/\/biblio1.mdp.edu.ar\/centro-ventas\/?post_type=product&#038;p=2911"},"modified":"2025-12-03T13:36:57","modified_gmt":"2025-12-03T16:36:57","slug":"summa-reportajes","status":"publish","type":"product","link":"https:\/\/biblio1.mdp.edu.ar\/centro-ventas\/producto\/summa-reportajes\/","title":{"rendered":"SUMMA+ REPORTAJES"},"content":{"rendered":"<h1>SUMMA+ REPORTAJES<\/h1>\n<div id=\"short_description_block\">\n<div id=\"short_description_content\" class=\"rte align_justify\">\n<p>ARQUITECTOS Y OBRAS<\/p>\n<\/div>\n<\/div>\n<div id=\"description_content\">\n<p>Este libro es una recopilaci\u00f3n de reportajes y obras publicadas por la revista Summa+ durante casi diez a\u00f1os. Se trata de arquitectos de renombre de todo el mundo, cuyo trabajo y pensamiento lleg\u00f3 a nuestros lectores a trav\u00e9s de entrevistas realizadas por distintos colaboradores en diversos sitios. Ese espacio de Reportajes fue un veh\u00edculo para dar a conocer una dimensi\u00f3n global del ejercicio profesional desde una mirada local, desde los intereses y la mirada emergente desde esta parte del mundo.<br \/>\nEl reportaje es en s\u00ed mismo un interesante formato que contrasta las opiniones de los entrevistados con sus obras. Por esa raz\u00f3n, se dedica aqu\u00ed igual lugar a las obras y a los textos. En cualquier caso, el reportaje da lugar a una declaraci\u00f3n de principios, a una exposici\u00f3n t\u00e1cita o expl\u00edcita de la visi\u00f3n que el entrevistado tiene de la arquitectura, su trabajo y el contexto cultural de esa producci\u00f3n.<br \/>\nEste libro resulta as\u00ed, un registro del estado del pensamiento arquitect\u00f3nico en el cambio de siglo, dando cuenta de la amplitud y variedad de las opiniones, pero tambi\u00e9n de un cierto estado general, una visi\u00f3n de \u00e9poca que comienza a hacerse visible en el conjunto.<\/p>\n<p><strong>Entrevistados:<\/strong><\/p>\n<p>Wolf Prix \/ Enric Miralles \/ Jacques Herzog \/ Ben van Berkel \/ Carolin Bos \/ Frank O. Gehry \/ Franco Purini \/ Laura Thermes \/Rem Koolhaas \/ Toyo Ito \/Mario Gandelsonas \/ Bernard Tschumi \/Fernando M\u00e1rquez \/ Elizabeth Diller \/ RCR Arquitectes \/ Ignacio Dahl Rocha \/ Dominique Perrault \/ Steven Holl \/ Shigeru Ban \/ Lluis Bravo \/ Gustavo Contemponi \/ Peter Eisenman \/ Mario Corea Aiello \/ Claudio Caveri \/ Rodolfo Machado \/ Jorge Silvetti<\/p>\n<p><strong>Autores:<\/strong><\/p>\n<p>Gonzalo Casals \/ Fernando Diez \/ Fredy Massad, Alicia Guerrero Yeste (BtbW?) \/ Eric Goldemberg \/ Nicola Goretti \/ Pablo L\u00f3pez \/ Cayetana Merc\u00e9 \/ Florencia Moralejo \/ Zaida Mux\u00ed \/ Fabi\u00e1n Gabriel P\u00e9rez \/ Alejandro Vaca Bononato \/ Beatrice Vivio \/ Enrique Walker<\/p>\n<\/div>\n","protected":false},"excerpt":{"rendered":"<p>SUMMA+ REPORTAJES ARQUITECTOS Y OBRAS Este libro es una recopilaci\u00f3n de reportajes y obras publicadas por la revista Summa+ durante casi diez a\u00f1os. Se trata de arquitectos de renombre de todo el mundo, cuyo trabajo y pensamiento lleg\u00f3 a nuestros lectores a trav\u00e9s de entrevistas realizadas por distintos colaboradores en diversos sitios. Ese espacio de [&hellip;]<\/p>\n","protected":false},"featured_media":2912,"template":"","meta":{"_acf_changed":false,"_eb_attr":"","_crdt_document":"","_uag_custom_page_level_css":"","_editorskit_title_hidden":false,"_editorskit_reading_time":0,"_editorskit_is_block_options_detached":false,"_editorskit_block_options_position":"{}","site-sidebar-layout":"default","site-content-layout":"default","ast-site-content-layout":"default","site-content-style":"default","site-sidebar-style":"default","ast-global-header-display":"","ast-banner-title-visibility":"","ast-main-header-display":"","ast-hfb-above-header-display":"","ast-hfb-below-header-display":"","ast-hfb-mobile-header-display":"","site-post-title":"","ast-breadcrumbs-content":"","ast-featured-img":"","footer-sml-layout":"","ast-disable-related-posts":"","theme-transparent-header-meta":"default","adv-header-id-meta":"","stick-header-meta":"","header-above-stick-meta":"","header-main-stick-meta":"","header-below-stick-meta":"","astra-migrate-meta-layouts":"default","ast-page-background-enabled":"default","ast-page-background-meta":{"desktop":{"background-color":"var(--ast-global-color-4)","background-image":"","background-repeat":"repeat","background-position":"center center","background-size":"auto","background-attachment":"scroll","background-type":"","background-media":"","overlay-type":"","overlay-color":"","overlay-opacity":"","overlay-gradient":""},"tablet":{"background-color":"","background-image":"","background-repeat":"repeat","background-position":"center center","background-size":"auto","background-attachment":"scroll","background-type":"","background-media":"","overlay-type":"","overlay-color":"","overlay-opacity":"","overlay-gradient":""},"mobile":{"background-color":"","background-image":"","background-repeat":"repeat","background-position":"center center","background-size":"auto","background-attachment":"scroll","background-type":"","background-media":"","overlay-type":"","overlay-color":"","overlay-opacity":"","overlay-gradient":""}},"ast-content-background-meta":{"desktop":{"background-color":"var(--ast-global-color-5)","background-image":"","background-repeat":"repeat","background-position":"center center","background-size":"auto","background-attachment":"scroll","background-type":"","background-media":"","overlay-type":"","overlay-color":"","overlay-opacity":"","overlay-gradient":""},"tablet":{"background-color":"var(--ast-global-color-5)","background-image":"","background-repeat":"repeat","background-position":"center center","background-size":"auto","background-attachment":"scroll","background-type":"","background-media":"","overlay-type":"","overlay-color":"","overlay-opacity":"","overlay-gradient":""},"mobile":{"background-color":"var(--ast-global-color-5)","background-image":"","background-repeat":"repeat","background-position":"center center","background-size":"auto","background-attachment":"scroll","background-type":"","background-media":"","overlay-type":"","overlay-color":"","overlay-opacity":"","overlay-gradient":""}}},"product_cat":[128,34],"product_tag":[],"class_list":{"0":"post-2911","1":"product","2":"type-product","3":"status-publish","4":"has-post-thumbnail","6":"product_cat-arquitectura","7":"product_cat-summa","8":"desktop-align-left","9":"tablet-align-left","10":"mobile-align-left","12":"first","13":"instock","14":"shipping-taxable","15":"purchasable","16":"product-type-simple"},"acf":[],"uagb_featured_image_src":{"full":["https:\/\/biblio1.mdp.edu.ar\/centro-ventas\/wp-content\/uploads\/sites\/2\/2023\/03\/summa-reportajes.jpg",480,640,false],"thumbnail":["https:\/\/biblio1.mdp.edu.ar\/centro-ventas\/wp-content\/uploads\/sites\/2\/2023\/03\/summa-reportajes.jpg",113,150,false],"medium":["https:\/\/biblio1.mdp.edu.ar\/centro-ventas\/wp-content\/uploads\/sites\/2\/2023\/03\/summa-reportajes.jpg",225,300,false],"medium_large":["https:\/\/biblio1.mdp.edu.ar\/centro-ventas\/wp-content\/uploads\/sites\/2\/2023\/03\/summa-reportajes.jpg",480,640,false],"large":["https:\/\/biblio1.mdp.edu.ar\/centro-ventas\/wp-content\/uploads\/sites\/2\/2023\/03\/summa-reportajes.jpg",480,640,false],"1536x1536":["https:\/\/biblio1.mdp.edu.ar\/centro-ventas\/wp-content\/uploads\/sites\/2\/2023\/03\/summa-reportajes.jpg",480,640,false],"2048x2048":["https:\/\/biblio1.mdp.edu.ar\/centro-ventas\/wp-content\/uploads\/sites\/2\/2023\/03\/summa-reportajes.jpg",480,640,false],"woocommerce_thumbnail":["https:\/\/biblio1.mdp.edu.ar\/centro-ventas\/wp-content\/uploads\/sites\/2\/2023\/03\/summa-reportajes.jpg",300,400,false],"woocommerce_single":["https:\/\/biblio1.mdp.edu.ar\/centro-ventas\/wp-content\/uploads\/sites\/2\/2023\/03\/summa-reportajes.jpg",480,640,false],"woocommerce_gallery_thumbnail":["https:\/\/biblio1.mdp.edu.ar\/centro-ventas\/wp-content\/uploads\/sites\/2\/2023\/03\/summa-reportajes-100x100.jpg",100,100,true]},"uagb_author_info":{"display_name":"Cristina Bernabe","author_link":"https:\/\/biblio1.mdp.edu.ar\/centro-ventas\/author\/"},"uagb_comment_info":0,"uagb_excerpt":"SUMMA+ REPORTAJES ARQUITECTOS Y OBRAS Este libro es una recopilaci\u00f3n de reportajes y obras publicadas por la revista Summa+ durante casi diez a\u00f1os. Se trata de arquitectos de renombre de todo el mundo, cuyo trabajo y pensamiento lleg\u00f3 a nuestros lectores a trav\u00e9s de entrevistas realizadas por distintos colaboradores en diversos sitios. Ese espacio de&hellip;","_links":{"self":[{"href":"https:\/\/biblio1.mdp.edu.ar\/centro-ventas\/wp-json\/wp\/v2\/product\/2911","targetHints":{"allow":["GET"]}}],"collection":[{"href":"https:\/\/biblio1.mdp.edu.ar\/centro-ventas\/wp-json\/wp\/v2\/product"}],"about":[{"href":"https:\/\/biblio1.mdp.edu.ar\/centro-ventas\/wp-json\/wp\/v2\/types\/product"}],"wp:featuredmedia":[{"embeddable":true,"href":"https:\/\/biblio1.mdp.edu.ar\/centro-ventas\/wp-json\/wp\/v2\/media\/2912"}],"wp:attachment":[{"href":"https:\/\/biblio1.mdp.edu.ar\/centro-ventas\/wp-json\/wp\/v2\/media?parent=2911"}],"wp:term":[{"taxonomy":"product_cat","embeddable":true,"href":"https:\/\/biblio1.mdp.edu.ar\/centro-ventas\/wp-json\/wp\/v2\/product_cat?post=2911"},{"taxonomy":"product_tag","embeddable":true,"href":"https:\/\/biblio1.mdp.edu.ar\/centro-ventas\/wp-json\/wp\/v2\/product_tag?post=2911"}],"curies":[{"name":"wp","href":"https:\/\/api.w.org\/{rel}","templated":true}]}}