{"id":2909,"date":"2023-03-31T16:59:18","date_gmt":"2023-03-31T19:59:18","guid":{"rendered":"http:\/\/biblio1.mdp.edu.ar\/centro-ventas\/?post_type=product&#038;p=2909"},"modified":"2025-12-03T13:36:04","modified_gmt":"2025-12-03T16:36:04","slug":"urgell-penedo-urgell-1956-2006","status":"publish","type":"product","link":"https:\/\/biblio1.mdp.edu.ar\/centro-ventas\/producto\/urgell-penedo-urgell-1956-2006\/","title":{"rendered":"URGELL-PENEDO-URGELL 1956-2006"},"content":{"rendered":"<p>Este libro forma parte de la colecci\u00f3n Summa+libros, que iniciara \u00abClorindo Testa, Pintor y Arquitecto\u00bb y luego \u00abMiguel Angel Roca, 1990-2000\u00bb. Se trata de una compilaci\u00f3n de 50 a\u00f1os de labor, y a la vez de la presentaci\u00f3n de una completa documentaci\u00f3n visual de los trabajos realizados en los \u00faltimos 10 a\u00f1os. Como nos hace notar Corona Mart\u00ednez, \u00abla tecnolog\u00eda de la construcci\u00f3n y las pr\u00e1cticas del dise\u00f1o permiten la realizaci\u00f3n eficiente de un n\u00famero cada vez mayor de formas y sistemas constructivos, adaptados o adaptables a gran variedad de programas y circunstancias\u00bb. Urgell &#8211; Penedo &#8211; Urgell ha sabido asimilar las nuevas posibilidades de la tecnolog\u00eda poni\u00e9ndolas al servicio del encargo, en un rasgo de profesionalismo que se manifiesta en la extensi\u00f3n e intensidad de la obra desplegada en los \u00faltimos diez a\u00f1os. Al mismo tiempo, el libro rese\u00f1a 50 a\u00f1os de trayectoria, en los que, navegando a trav\u00e9s de los violentos cambios de viento de las corrientes arquitect\u00f3nicas de la segunda parte del siglo XX, el estudio supo conservar una direcci\u00f3n y una l\u00ednea de conducta que se reconoce a lo largo del libro.<\/p>\n","protected":false},"excerpt":{"rendered":"<p>Este libro forma parte de la colecci\u00f3n Summa+libros, que iniciara \u00abClorindo Testa, Pintor y Arquitecto\u00bb y luego \u00abMiguel Angel Roca, 1990-2000\u00bb. Se trata de una compilaci\u00f3n de 50 a\u00f1os de labor, y a la vez de la presentaci\u00f3n de una completa documentaci\u00f3n visual de los trabajos realizados en los \u00faltimos 10 a\u00f1os. Como nos hace [&hellip;]<\/p>\n","protected":false},"featured_media":2910,"template":"","meta":{"_acf_changed":false,"_eb_attr":"","_crdt_document":"","_uag_custom_page_level_css":"","_editorskit_title_hidden":false,"_editorskit_reading_time":0,"_editorskit_is_block_options_detached":false,"_editorskit_block_options_position":"{}","site-sidebar-layout":"default","site-content-layout":"default","ast-site-content-layout":"default","site-content-style":"default","site-sidebar-style":"default","ast-global-header-display":"","ast-banner-title-visibility":"","ast-main-header-display":"","ast-hfb-above-header-display":"","ast-hfb-below-header-display":"","ast-hfb-mobile-header-display":"","site-post-title":"","ast-breadcrumbs-content":"","ast-featured-img":"","footer-sml-layout":"","ast-disable-related-posts":"","theme-transparent-header-meta":"default","adv-header-id-meta":"","stick-header-meta":"","header-above-stick-meta":"","header-main-stick-meta":"","header-below-stick-meta":"","astra-migrate-meta-layouts":"default","ast-page-background-enabled":"default","ast-page-background-meta":{"desktop":{"background-color":"var(--ast-global-color-4)","background-image":"","background-repeat":"repeat","background-position":"center center","background-size":"auto","background-attachment":"scroll","background-type":"","background-media":"","overlay-type":"","overlay-color":"","overlay-opacity":"","overlay-gradient":""},"tablet":{"background-color":"","background-image":"","background-repeat":"repeat","background-position":"center center","background-size":"auto","background-attachment":"scroll","background-type":"","background-media":"","overlay-type":"","overlay-color":"","overlay-opacity":"","overlay-gradient":""},"mobile":{"background-color":"","background-image":"","background-repeat":"repeat","background-position":"center center","background-size":"auto","background-attachment":"scroll","background-type":"","background-media":"","overlay-type":"","overlay-color":"","overlay-opacity":"","overlay-gradient":""}},"ast-content-background-meta":{"desktop":{"background-color":"var(--ast-global-color-5)","background-image":"","background-repeat":"repeat","background-position":"center center","background-size":"auto","background-attachment":"scroll","background-type":"","background-media":"","overlay-type":"","overlay-color":"","overlay-opacity":"","overlay-gradient":""},"tablet":{"background-color":"var(--ast-global-color-5)","background-image":"","background-repeat":"repeat","background-position":"center center","background-size":"auto","background-attachment":"scroll","background-type":"","background-media":"","overlay-type":"","overlay-color":"","overlay-opacity":"","overlay-gradient":""},"mobile":{"background-color":"var(--ast-global-color-5)","background-image":"","background-repeat":"repeat","background-position":"center center","background-size":"auto","background-attachment":"scroll","background-type":"","background-media":"","overlay-type":"","overlay-color":"","overlay-opacity":"","overlay-gradient":""}}},"product_cat":[128,34],"product_tag":[],"class_list":{"0":"post-2909","1":"product","2":"type-product","3":"status-publish","4":"has-post-thumbnail","6":"product_cat-arquitectura","7":"product_cat-summa","8":"desktop-align-left","9":"tablet-align-left","10":"mobile-align-left","12":"first","13":"instock","14":"shipping-taxable","15":"purchasable","16":"product-type-simple"},"acf":[],"uagb_featured_image_src":{"full":["https:\/\/biblio1.mdp.edu.ar\/centro-ventas\/wp-content\/uploads\/sites\/2\/2023\/03\/urgell-penedo-urgell-1956-2006.jpg",480,640,false],"thumbnail":["https:\/\/biblio1.mdp.edu.ar\/centro-ventas\/wp-content\/uploads\/sites\/2\/2023\/03\/urgell-penedo-urgell-1956-2006.jpg",113,150,false],"medium":["https:\/\/biblio1.mdp.edu.ar\/centro-ventas\/wp-content\/uploads\/sites\/2\/2023\/03\/urgell-penedo-urgell-1956-2006.jpg",225,300,false],"medium_large":["https:\/\/biblio1.mdp.edu.ar\/centro-ventas\/wp-content\/uploads\/sites\/2\/2023\/03\/urgell-penedo-urgell-1956-2006.jpg",480,640,false],"large":["https:\/\/biblio1.mdp.edu.ar\/centro-ventas\/wp-content\/uploads\/sites\/2\/2023\/03\/urgell-penedo-urgell-1956-2006.jpg",480,640,false],"1536x1536":["https:\/\/biblio1.mdp.edu.ar\/centro-ventas\/wp-content\/uploads\/sites\/2\/2023\/03\/urgell-penedo-urgell-1956-2006.jpg",480,640,false],"2048x2048":["https:\/\/biblio1.mdp.edu.ar\/centro-ventas\/wp-content\/uploads\/sites\/2\/2023\/03\/urgell-penedo-urgell-1956-2006.jpg",480,640,false],"woocommerce_thumbnail":["https:\/\/biblio1.mdp.edu.ar\/centro-ventas\/wp-content\/uploads\/sites\/2\/2023\/03\/urgell-penedo-urgell-1956-2006.jpg",300,400,false],"woocommerce_single":["https:\/\/biblio1.mdp.edu.ar\/centro-ventas\/wp-content\/uploads\/sites\/2\/2023\/03\/urgell-penedo-urgell-1956-2006.jpg",480,640,false],"woocommerce_gallery_thumbnail":["https:\/\/biblio1.mdp.edu.ar\/centro-ventas\/wp-content\/uploads\/sites\/2\/2023\/03\/urgell-penedo-urgell-1956-2006-100x100.jpg",100,100,true]},"uagb_author_info":{"display_name":"Cristina Bernabe","author_link":"https:\/\/biblio1.mdp.edu.ar\/centro-ventas\/author\/"},"uagb_comment_info":0,"uagb_excerpt":"Este libro forma parte de la colecci\u00f3n Summa+libros, que iniciara \u00abClorindo Testa, Pintor y Arquitecto\u00bb y luego \u00abMiguel Angel Roca, 1990-2000\u00bb. Se trata de una compilaci\u00f3n de 50 a\u00f1os de labor, y a la vez de la presentaci\u00f3n de una completa documentaci\u00f3n visual de los trabajos realizados en los \u00faltimos 10 a\u00f1os. Como nos hace&hellip;","_links":{"self":[{"href":"https:\/\/biblio1.mdp.edu.ar\/centro-ventas\/wp-json\/wp\/v2\/product\/2909","targetHints":{"allow":["GET"]}}],"collection":[{"href":"https:\/\/biblio1.mdp.edu.ar\/centro-ventas\/wp-json\/wp\/v2\/product"}],"about":[{"href":"https:\/\/biblio1.mdp.edu.ar\/centro-ventas\/wp-json\/wp\/v2\/types\/product"}],"wp:featuredmedia":[{"embeddable":true,"href":"https:\/\/biblio1.mdp.edu.ar\/centro-ventas\/wp-json\/wp\/v2\/media\/2910"}],"wp:attachment":[{"href":"https:\/\/biblio1.mdp.edu.ar\/centro-ventas\/wp-json\/wp\/v2\/media?parent=2909"}],"wp:term":[{"taxonomy":"product_cat","embeddable":true,"href":"https:\/\/biblio1.mdp.edu.ar\/centro-ventas\/wp-json\/wp\/v2\/product_cat?post=2909"},{"taxonomy":"product_tag","embeddable":true,"href":"https:\/\/biblio1.mdp.edu.ar\/centro-ventas\/wp-json\/wp\/v2\/product_tag?post=2909"}],"curies":[{"name":"wp","href":"https:\/\/api.w.org\/{rel}","templated":true}]}}