{"id":2880,"date":"2023-03-28T15:57:14","date_gmt":"2023-03-28T18:57:14","guid":{"rendered":"http:\/\/biblio1.mdp.edu.ar\/centro-ventas\/?post_type=product&#038;p=2880"},"modified":"2026-03-30T17:11:12","modified_gmt":"2026-03-30T20:11:12","slug":"mimados-y-temidos-2","status":"publish","type":"product","link":"https:\/\/biblio1.mdp.edu.ar\/centro-ventas\/producto\/mimados-y-temidos-2\/","title":{"rendered":"Mimados y temidos    &#8211;     Los Redondos y la prensa (1980-2001)"},"content":{"rendered":"<p>Este libro pretende dar luz a los an\u00e1lisis sobre la prensa en relaci\u00f3n con los fen\u00f3menos musicales de la Argentina contempor\u00e1nea. Pivotea en la construcci\u00f3n del mundo discursivo y simb\u00f3lico de los medios de comunicaci\u00f3n en referencia a la historia de la banda Patricio Rey y sus Redonditos de Ricota. En la indagaci\u00f3n se puede observar una serie de momentos que muestran al grupo en un pasaje que va desde los Redondos \u201cunder\u201d de los a\u00f1os 1980 a los Redondos \u201cconflictivos\u201d y la \u00e9poca de \u201clos v\u00e1ndalos de los a\u00f1os 1990\u201d. Un ej\u00e9rcito de t\u00e9rminos peyorativos coloca al grupo liderado por el Indio Solari en un \u201cgueto\u201d de conflictividad social y discriminaci\u00f3n dif\u00edcil de salir.<\/p>\n<p>Para entender eso, se transita en la transformaci\u00f3n del p\u00fablico ricotero con relaci\u00f3n a su masificaci\u00f3n, teniendo en cuenta los cambios estructurales de la sociedad argentina de fin de siglo. El autor analiza las particularidades de los fans en cuanto a sus v\u00ednculos con la cultura, la sociedad, el poder policial y la prensa. Esta es una historia no solo de la narraci\u00f3n medi\u00e1tica de la banda sino de una imagen de un poder englobador llamado \u201cmisa\u201d. Demonizaci\u00f3n, violencia, discurso, estado, juventudes marginales y rock-futbol-hinchadas, funcionan en esta obra como los hilos conductores de una cadena de significantes articulada como una gran m\u00e1quina social contempor\u00e1nea.<\/p>\n","protected":false},"excerpt":{"rendered":"<p>Este libro pretende dar luz a los an\u00e1lisis sobre la prensa en relaci\u00f3n con los fen\u00f3menos musicales de la Argentina contempor\u00e1nea. Pivotea en la construcci\u00f3n del mundo discursivo y simb\u00f3lico de los medios de comunicaci\u00f3n en referencia a la historia de la banda Patricio Rey y sus Redonditos de Ricota. En la indagaci\u00f3n se puede [&hellip;]<\/p>\n","protected":false},"featured_media":2881,"template":"","meta":{"_acf_changed":false,"_eb_attr":"","_crdt_document":"","_uag_custom_page_level_css":"","_editorskit_title_hidden":false,"_editorskit_reading_time":0,"_editorskit_is_block_options_detached":false,"_editorskit_block_options_position":"{}","site-sidebar-layout":"default","site-content-layout":"default","ast-site-content-layout":"default","site-content-style":"default","site-sidebar-style":"default","ast-global-header-display":"","ast-banner-title-visibility":"","ast-main-header-display":"","ast-hfb-above-header-display":"","ast-hfb-below-header-display":"","ast-hfb-mobile-header-display":"","site-post-title":"","ast-breadcrumbs-content":"","ast-featured-img":"","footer-sml-layout":"","ast-disable-related-posts":"","theme-transparent-header-meta":"default","adv-header-id-meta":"","stick-header-meta":"","header-above-stick-meta":"","header-main-stick-meta":"","header-below-stick-meta":"","astra-migrate-meta-layouts":"default","ast-page-background-enabled":"default","ast-page-background-meta":{"desktop":{"background-color":"var(--ast-global-color-4)","background-image":"","background-repeat":"repeat","background-position":"center center","background-size":"auto","background-attachment":"scroll","background-type":"","background-media":"","overlay-type":"","overlay-color":"","overlay-opacity":"","overlay-gradient":""},"tablet":{"background-color":"","background-image":"","background-repeat":"repeat","background-position":"center center","background-size":"auto","background-attachment":"scroll","background-type":"","background-media":"","overlay-type":"","overlay-color":"","overlay-opacity":"","overlay-gradient":""},"mobile":{"background-color":"","background-image":"","background-repeat":"repeat","background-position":"center center","background-size":"auto","background-attachment":"scroll","background-type":"","background-media":"","overlay-type":"","overlay-color":"","overlay-opacity":"","overlay-gradient":""}},"ast-content-background-meta":{"desktop":{"background-color":"var(--ast-global-color-5)","background-image":"","background-repeat":"repeat","background-position":"center center","background-size":"auto","background-attachment":"scroll","background-type":"","background-media":"","overlay-type":"","overlay-color":"","overlay-opacity":"","overlay-gradient":""},"tablet":{"background-color":"var(--ast-global-color-5)","background-image":"","background-repeat":"repeat","background-position":"center center","background-size":"auto","background-attachment":"scroll","background-type":"","background-media":"","overlay-type":"","overlay-color":"","overlay-opacity":"","overlay-gradient":""},"mobile":{"background-color":"var(--ast-global-color-5)","background-image":"","background-repeat":"repeat","background-position":"center center","background-size":"auto","background-attachment":"scroll","background-type":"","background-media":"","overlay-type":"","overlay-color":"","overlay-opacity":"","overlay-gradient":""}}},"product_cat":[32,28,124],"product_tag":[257,256],"class_list":{"0":"post-2880","1":"product","2":"type-product","3":"status-publish","4":"has-post-thumbnail","6":"product_cat-edudem","7":"product_cat-libro","8":"product_cat-serie-simbolos","9":"product_tag-redonditos-de-ricota","10":"product_tag-rock-nacional","11":"desktop-align-left","12":"tablet-align-left","13":"mobile-align-left","15":"first","16":"instock","17":"shipping-taxable","18":"purchasable","19":"product-type-simple"},"acf":[],"uagb_featured_image_src":{"full":["https:\/\/biblio1.mdp.edu.ar\/centro-ventas\/wp-content\/uploads\/sites\/2\/2023\/03\/TAPA-simbolos-mimados-y-temidos-scaled.jpg",1770,2716,false],"thumbnail":["https:\/\/biblio1.mdp.edu.ar\/centro-ventas\/wp-content\/uploads\/sites\/2\/2023\/03\/TAPA-simbolos-mimados-y-temidos-scaled.jpg",98,150,false],"medium":["https:\/\/biblio1.mdp.edu.ar\/centro-ventas\/wp-content\/uploads\/sites\/2\/2023\/03\/TAPA-simbolos-mimados-y-temidos-scaled.jpg",196,300,false],"medium_large":["https:\/\/biblio1.mdp.edu.ar\/centro-ventas\/wp-content\/uploads\/sites\/2\/2023\/03\/TAPA-simbolos-mimados-y-temidos-scaled.jpg",768,1178,false],"large":["https:\/\/biblio1.mdp.edu.ar\/centro-ventas\/wp-content\/uploads\/sites\/2\/2023\/03\/TAPA-simbolos-mimados-y-temidos-scaled.jpg",667,1024,false],"1536x1536":["https:\/\/biblio1.mdp.edu.ar\/centro-ventas\/wp-content\/uploads\/sites\/2\/2023\/03\/TAPA-simbolos-mimados-y-temidos-scaled.jpg",1001,1536,false],"2048x2048":["https:\/\/biblio1.mdp.edu.ar\/centro-ventas\/wp-content\/uploads\/sites\/2\/2023\/03\/TAPA-simbolos-mimados-y-temidos-scaled.jpg",1335,2048,false],"woocommerce_thumbnail":["https:\/\/biblio1.mdp.edu.ar\/centro-ventas\/wp-content\/uploads\/sites\/2\/2023\/03\/TAPA-simbolos-mimados-y-temidos-scaled.jpg",300,460,false],"woocommerce_single":["https:\/\/biblio1.mdp.edu.ar\/centro-ventas\/wp-content\/uploads\/sites\/2\/2023\/03\/TAPA-simbolos-mimados-y-temidos-scaled.jpg",600,921,false],"woocommerce_gallery_thumbnail":["https:\/\/biblio1.mdp.edu.ar\/centro-ventas\/wp-content\/uploads\/sites\/2\/2023\/03\/TAPA-simbolos-mimados-y-temidos-100x100.jpg",100,100,true]},"uagb_author_info":{"display_name":"Cristina Bernabe","author_link":"https:\/\/biblio1.mdp.edu.ar\/centro-ventas\/author\/"},"uagb_comment_info":0,"uagb_excerpt":"Este libro pretende dar luz a los an\u00e1lisis sobre la prensa en relaci\u00f3n con los fen\u00f3menos musicales de la Argentina contempor\u00e1nea. Pivotea en la construcci\u00f3n del mundo discursivo y simb\u00f3lico de los medios de comunicaci\u00f3n en referencia a la historia de la banda Patricio Rey y sus Redonditos de Ricota. En la indagaci\u00f3n se puede&hellip;","_links":{"self":[{"href":"https:\/\/biblio1.mdp.edu.ar\/centro-ventas\/wp-json\/wp\/v2\/product\/2880","targetHints":{"allow":["GET"]}}],"collection":[{"href":"https:\/\/biblio1.mdp.edu.ar\/centro-ventas\/wp-json\/wp\/v2\/product"}],"about":[{"href":"https:\/\/biblio1.mdp.edu.ar\/centro-ventas\/wp-json\/wp\/v2\/types\/product"}],"wp:featuredmedia":[{"embeddable":true,"href":"https:\/\/biblio1.mdp.edu.ar\/centro-ventas\/wp-json\/wp\/v2\/media\/2881"}],"wp:attachment":[{"href":"https:\/\/biblio1.mdp.edu.ar\/centro-ventas\/wp-json\/wp\/v2\/media?parent=2880"}],"wp:term":[{"taxonomy":"product_cat","embeddable":true,"href":"https:\/\/biblio1.mdp.edu.ar\/centro-ventas\/wp-json\/wp\/v2\/product_cat?post=2880"},{"taxonomy":"product_tag","embeddable":true,"href":"https:\/\/biblio1.mdp.edu.ar\/centro-ventas\/wp-json\/wp\/v2\/product_tag?post=2880"}],"curies":[{"name":"wp","href":"https:\/\/api.w.org\/{rel}","templated":true}]}}