{"id":2869,"date":"2023-03-28T13:22:04","date_gmt":"2023-03-28T16:22:04","guid":{"rendered":"http:\/\/biblio1.mdp.edu.ar\/centro-ventas\/?post_type=product&#038;p=2869"},"modified":"2026-03-30T15:18:18","modified_gmt":"2026-03-30T18:18:18","slug":"comunismo-y-clase-obrera-hasta-los-origenes-del-peronismo","status":"publish","type":"product","link":"https:\/\/biblio1.mdp.edu.ar\/centro-ventas\/producto\/comunismo-y-clase-obrera-hasta-los-origenes-del-peronismo\/","title":{"rendered":"Comunismo y clase obrera hasta los or\u00edgenes del peronismo"},"content":{"rendered":"<p>En este libro se analiza la relaci\u00f3n existente entre el Partido Comunista y la clase trabajadora, desde los inicios de esta experiencia, en 1920, hasta la aparici\u00f3n en escena del peronismo, a mediados de la d\u00e9cada de 1940, cuando se produjo un quiebre profundo en esta vinculaci\u00f3n hist\u00f3rica. Con el fin de explicar este desenlace y teniendo como objetivo contribuir al conocimiento, tanto de los rasgos espec\u00edficos de los primeros a\u00f1os de vida del comunismo argentino como de los or\u00edgenes del peronismo, exploraremos en detalle los contextos sociopol\u00edticos del ascenso y declive de esta corriente pol\u00edtica, as\u00ed como su programa, sus estrategias y sus formas de organizaci\u00f3n.<\/p>\n","protected":false},"excerpt":{"rendered":"<p>En este libro se analiza la relaci\u00f3n existente entre el Partido Comunista y la clase trabajadora, desde los inicios de esta experiencia, en 1920, hasta la aparici\u00f3n en escena del peronismo, a mediados de la d\u00e9cada de 1940, cuando se produjo un quiebre profundo en esta vinculaci\u00f3n hist\u00f3rica. Con el fin de explicar este desenlace [&hellip;]<\/p>\n","protected":false},"featured_media":2870,"template":"","meta":{"_acf_changed":false,"_eb_attr":"","_crdt_document":"","_uag_custom_page_level_css":"","_editorskit_title_hidden":false,"_editorskit_reading_time":0,"_editorskit_is_block_options_detached":false,"_editorskit_block_options_position":"{}","site-sidebar-layout":"default","site-content-layout":"default","ast-site-content-layout":"default","site-content-style":"default","site-sidebar-style":"default","ast-global-header-display":"","ast-banner-title-visibility":"","ast-main-header-display":"","ast-hfb-above-header-display":"","ast-hfb-below-header-display":"","ast-hfb-mobile-header-display":"","site-post-title":"","ast-breadcrumbs-content":"","ast-featured-img":"","footer-sml-layout":"","ast-disable-related-posts":"","theme-transparent-header-meta":"default","adv-header-id-meta":"","stick-header-meta":"","header-above-stick-meta":"","header-main-stick-meta":"","header-below-stick-meta":"","astra-migrate-meta-layouts":"default","ast-page-background-enabled":"default","ast-page-background-meta":{"desktop":{"background-color":"var(--ast-global-color-4)","background-image":"","background-repeat":"repeat","background-position":"center center","background-size":"auto","background-attachment":"scroll","background-type":"","background-media":"","overlay-type":"","overlay-color":"","overlay-opacity":"","overlay-gradient":""},"tablet":{"background-color":"","background-image":"","background-repeat":"repeat","background-position":"center center","background-size":"auto","background-attachment":"scroll","background-type":"","background-media":"","overlay-type":"","overlay-color":"","overlay-opacity":"","overlay-gradient":""},"mobile":{"background-color":"","background-image":"","background-repeat":"repeat","background-position":"center center","background-size":"auto","background-attachment":"scroll","background-type":"","background-media":"","overlay-type":"","overlay-color":"","overlay-opacity":"","overlay-gradient":""}},"ast-content-background-meta":{"desktop":{"background-color":"var(--ast-global-color-5)","background-image":"","background-repeat":"repeat","background-position":"center center","background-size":"auto","background-attachment":"scroll","background-type":"","background-media":"","overlay-type":"","overlay-color":"","overlay-opacity":"","overlay-gradient":""},"tablet":{"background-color":"var(--ast-global-color-5)","background-image":"","background-repeat":"repeat","background-position":"center center","background-size":"auto","background-attachment":"scroll","background-type":"","background-media":"","overlay-type":"","overlay-color":"","overlay-opacity":"","overlay-gradient":""},"mobile":{"background-color":"var(--ast-global-color-5)","background-image":"","background-repeat":"repeat","background-position":"center center","background-size":"auto","background-attachment":"scroll","background-type":"","background-media":"","overlay-type":"","overlay-color":"","overlay-opacity":"","overlay-gradient":""}}},"product_cat":[114,32,28],"product_tag":[253,120,197],"class_list":{"0":"post-2869","1":"product","2":"type-product","3":"status-publish","4":"has-post-thumbnail","6":"product_cat-la-argentina-peroista","7":"product_cat-edudem","8":"product_cat-libro","9":"product_tag-clase-obrera","10":"product_tag-historia-argentina","11":"product_tag-peronismo","12":"desktop-align-left","13":"tablet-align-left","14":"mobile-align-left","16":"first","17":"instock","18":"shipping-taxable","19":"purchasable","20":"product-type-simple"},"acf":[],"uagb_featured_image_src":{"full":["https:\/\/biblio1.mdp.edu.ar\/centro-ventas\/wp-content\/uploads\/sites\/2\/2023\/03\/LAP-11-1.jpg",883,1251,false],"thumbnail":["https:\/\/biblio1.mdp.edu.ar\/centro-ventas\/wp-content\/uploads\/sites\/2\/2023\/03\/LAP-11-1.jpg",106,150,false],"medium":["https:\/\/biblio1.mdp.edu.ar\/centro-ventas\/wp-content\/uploads\/sites\/2\/2023\/03\/LAP-11-1.jpg",212,300,false],"medium_large":["https:\/\/biblio1.mdp.edu.ar\/centro-ventas\/wp-content\/uploads\/sites\/2\/2023\/03\/LAP-11-1.jpg",768,1088,false],"large":["https:\/\/biblio1.mdp.edu.ar\/centro-ventas\/wp-content\/uploads\/sites\/2\/2023\/03\/LAP-11-1.jpg",723,1024,false],"1536x1536":["https:\/\/biblio1.mdp.edu.ar\/centro-ventas\/wp-content\/uploads\/sites\/2\/2023\/03\/LAP-11-1.jpg",883,1251,false],"2048x2048":["https:\/\/biblio1.mdp.edu.ar\/centro-ventas\/wp-content\/uploads\/sites\/2\/2023\/03\/LAP-11-1.jpg",883,1251,false],"woocommerce_thumbnail":["https:\/\/biblio1.mdp.edu.ar\/centro-ventas\/wp-content\/uploads\/sites\/2\/2023\/03\/LAP-11-1.jpg",300,425,false],"woocommerce_single":["https:\/\/biblio1.mdp.edu.ar\/centro-ventas\/wp-content\/uploads\/sites\/2\/2023\/03\/LAP-11-1.jpg",600,850,false],"woocommerce_gallery_thumbnail":["https:\/\/biblio1.mdp.edu.ar\/centro-ventas\/wp-content\/uploads\/sites\/2\/2023\/03\/LAP-11-1-100x100.jpg",100,100,true]},"uagb_author_info":{"display_name":"Cristina Bernabe","author_link":"https:\/\/biblio1.mdp.edu.ar\/centro-ventas\/author\/"},"uagb_comment_info":0,"uagb_excerpt":"En este libro se analiza la relaci\u00f3n existente entre el Partido Comunista y la clase trabajadora, desde los inicios de esta experiencia, en 1920, hasta la aparici\u00f3n en escena del peronismo, a mediados de la d\u00e9cada de 1940, cuando se produjo un quiebre profundo en esta vinculaci\u00f3n hist\u00f3rica. Con el fin de explicar este desenlace&hellip;","_links":{"self":[{"href":"https:\/\/biblio1.mdp.edu.ar\/centro-ventas\/wp-json\/wp\/v2\/product\/2869","targetHints":{"allow":["GET"]}}],"collection":[{"href":"https:\/\/biblio1.mdp.edu.ar\/centro-ventas\/wp-json\/wp\/v2\/product"}],"about":[{"href":"https:\/\/biblio1.mdp.edu.ar\/centro-ventas\/wp-json\/wp\/v2\/types\/product"}],"wp:featuredmedia":[{"embeddable":true,"href":"https:\/\/biblio1.mdp.edu.ar\/centro-ventas\/wp-json\/wp\/v2\/media\/2870"}],"wp:attachment":[{"href":"https:\/\/biblio1.mdp.edu.ar\/centro-ventas\/wp-json\/wp\/v2\/media?parent=2869"}],"wp:term":[{"taxonomy":"product_cat","embeddable":true,"href":"https:\/\/biblio1.mdp.edu.ar\/centro-ventas\/wp-json\/wp\/v2\/product_cat?post=2869"},{"taxonomy":"product_tag","embeddable":true,"href":"https:\/\/biblio1.mdp.edu.ar\/centro-ventas\/wp-json\/wp\/v2\/product_tag?post=2869"}],"curies":[{"name":"wp","href":"https:\/\/api.w.org\/{rel}","templated":true}]}}