{"id":2867,"date":"2023-03-27T18:00:58","date_gmt":"2023-03-27T21:00:58","guid":{"rendered":"http:\/\/biblio1.mdp.edu.ar\/centro-ventas\/?post_type=product&#038;p=2867"},"modified":"2026-03-30T15:41:46","modified_gmt":"2026-03-30T18:41:46","slug":"el-peronismo-en-los-confines","status":"publish","type":"product","link":"https:\/\/biblio1.mdp.edu.ar\/centro-ventas\/producto\/el-peronismo-en-los-confines\/","title":{"rendered":"El peronismo en los confines"},"content":{"rendered":"<p>Este libro parte del inter\u00e9s por conocer en qu\u00e9 medida y de qu\u00e9 modos el impulso transformador del Estado peronista logr\u00f3 llegar hasta los confines del territorio nacional. La respuesta que ensayamos conjuga el an\u00e1lisis de la labor de las agencias estatales en los \u00e1mbitos de la salud, la educaci\u00f3n, la vivienda y el trabajo con el de las experiencias \u201ca ras del suelo\u201d de los destinatarios de esas pol\u00edticas en el interior de Jujuy. Esperamos que las inquietudes sobre los alcances y l\u00edmites del cambio social abierto en esos a\u00f1os nos interpelen de cara al presente y sus desaf\u00edos.<\/p>\n","protected":false},"excerpt":{"rendered":"<p>Este libro parte del inter\u00e9s por conocer en qu\u00e9 medida y de qu\u00e9 modos el impulso transformador del Estado peronista logr\u00f3 llegar hasta los confines del territorio nacional. La respuesta que ensayamos conjuga el an\u00e1lisis de la labor de las agencias estatales en los \u00e1mbitos de la salud, la educaci\u00f3n, la vivienda y el trabajo [&hellip;]<\/p>\n","protected":false},"featured_media":2868,"template":"","meta":{"_acf_changed":false,"_eb_attr":"","_crdt_document":"","_uag_custom_page_level_css":"","_editorskit_title_hidden":false,"_editorskit_reading_time":0,"_editorskit_is_block_options_detached":false,"_editorskit_block_options_position":"{}","site-sidebar-layout":"default","site-content-layout":"default","ast-site-content-layout":"default","site-content-style":"default","site-sidebar-style":"default","ast-global-header-display":"","ast-banner-title-visibility":"","ast-main-header-display":"","ast-hfb-above-header-display":"","ast-hfb-below-header-display":"","ast-hfb-mobile-header-display":"","site-post-title":"","ast-breadcrumbs-content":"","ast-featured-img":"","footer-sml-layout":"","ast-disable-related-posts":"","theme-transparent-header-meta":"default","adv-header-id-meta":"","stick-header-meta":"","header-above-stick-meta":"","header-main-stick-meta":"","header-below-stick-meta":"","astra-migrate-meta-layouts":"default","ast-page-background-enabled":"default","ast-page-background-meta":{"desktop":{"background-color":"var(--ast-global-color-4)","background-image":"","background-repeat":"repeat","background-position":"center center","background-size":"auto","background-attachment":"scroll","background-type":"","background-media":"","overlay-type":"","overlay-color":"","overlay-opacity":"","overlay-gradient":""},"tablet":{"background-color":"","background-image":"","background-repeat":"repeat","background-position":"center center","background-size":"auto","background-attachment":"scroll","background-type":"","background-media":"","overlay-type":"","overlay-color":"","overlay-opacity":"","overlay-gradient":""},"mobile":{"background-color":"","background-image":"","background-repeat":"repeat","background-position":"center center","background-size":"auto","background-attachment":"scroll","background-type":"","background-media":"","overlay-type":"","overlay-color":"","overlay-opacity":"","overlay-gradient":""}},"ast-content-background-meta":{"desktop":{"background-color":"var(--ast-global-color-5)","background-image":"","background-repeat":"repeat","background-position":"center center","background-size":"auto","background-attachment":"scroll","background-type":"","background-media":"","overlay-type":"","overlay-color":"","overlay-opacity":"","overlay-gradient":""},"tablet":{"background-color":"var(--ast-global-color-5)","background-image":"","background-repeat":"repeat","background-position":"center center","background-size":"auto","background-attachment":"scroll","background-type":"","background-media":"","overlay-type":"","overlay-color":"","overlay-opacity":"","overlay-gradient":""},"mobile":{"background-color":"var(--ast-global-color-5)","background-image":"","background-repeat":"repeat","background-position":"center center","background-size":"auto","background-attachment":"scroll","background-type":"","background-media":"","overlay-type":"","overlay-color":"","overlay-opacity":"","overlay-gradient":""}}},"product_cat":[114,32,28],"product_tag":[120,197],"class_list":{"0":"post-2867","1":"product","2":"type-product","3":"status-publish","4":"has-post-thumbnail","6":"product_cat-la-argentina-peroista","7":"product_cat-edudem","8":"product_cat-libro","9":"product_tag-historia-argentina","10":"product_tag-peronismo","11":"desktop-align-left","12":"tablet-align-left","13":"mobile-align-left","15":"first","16":"instock","17":"shipping-taxable","18":"purchasable","19":"product-type-simple"},"acf":[],"uagb_featured_image_src":{"full":["https:\/\/biblio1.mdp.edu.ar\/centro-ventas\/wp-content\/uploads\/sites\/2\/2023\/03\/TAPA-lap-el-peronismo-en-los-confines-1.jpg",1775,2484,false],"thumbnail":["https:\/\/biblio1.mdp.edu.ar\/centro-ventas\/wp-content\/uploads\/sites\/2\/2023\/03\/TAPA-lap-el-peronismo-en-los-confines-1.jpg",107,150,false],"medium":["https:\/\/biblio1.mdp.edu.ar\/centro-ventas\/wp-content\/uploads\/sites\/2\/2023\/03\/TAPA-lap-el-peronismo-en-los-confines-1.jpg",214,300,false],"medium_large":["https:\/\/biblio1.mdp.edu.ar\/centro-ventas\/wp-content\/uploads\/sites\/2\/2023\/03\/TAPA-lap-el-peronismo-en-los-confines-1.jpg",768,1075,false],"large":["https:\/\/biblio1.mdp.edu.ar\/centro-ventas\/wp-content\/uploads\/sites\/2\/2023\/03\/TAPA-lap-el-peronismo-en-los-confines-1.jpg",732,1024,false],"1536x1536":["https:\/\/biblio1.mdp.edu.ar\/centro-ventas\/wp-content\/uploads\/sites\/2\/2023\/03\/TAPA-lap-el-peronismo-en-los-confines-1.jpg",1098,1536,false],"2048x2048":["https:\/\/biblio1.mdp.edu.ar\/centro-ventas\/wp-content\/uploads\/sites\/2\/2023\/03\/TAPA-lap-el-peronismo-en-los-confines-1.jpg",1463,2048,false],"woocommerce_thumbnail":["https:\/\/biblio1.mdp.edu.ar\/centro-ventas\/wp-content\/uploads\/sites\/2\/2023\/03\/TAPA-lap-el-peronismo-en-los-confines-1.jpg",300,420,false],"woocommerce_single":["https:\/\/biblio1.mdp.edu.ar\/centro-ventas\/wp-content\/uploads\/sites\/2\/2023\/03\/TAPA-lap-el-peronismo-en-los-confines-1.jpg",600,840,false],"woocommerce_gallery_thumbnail":["https:\/\/biblio1.mdp.edu.ar\/centro-ventas\/wp-content\/uploads\/sites\/2\/2023\/03\/TAPA-lap-el-peronismo-en-los-confines-1-100x100.jpg",100,100,true]},"uagb_author_info":{"display_name":"Cristina Bernabe","author_link":"https:\/\/biblio1.mdp.edu.ar\/centro-ventas\/author\/"},"uagb_comment_info":0,"uagb_excerpt":"Este libro parte del inter\u00e9s por conocer en qu\u00e9 medida y de qu\u00e9 modos el impulso transformador del Estado peronista logr\u00f3 llegar hasta los confines del territorio nacional. La respuesta que ensayamos conjuga el an\u00e1lisis de la labor de las agencias estatales en los \u00e1mbitos de la salud, la educaci\u00f3n, la vivienda y el trabajo&hellip;","_links":{"self":[{"href":"https:\/\/biblio1.mdp.edu.ar\/centro-ventas\/wp-json\/wp\/v2\/product\/2867","targetHints":{"allow":["GET"]}}],"collection":[{"href":"https:\/\/biblio1.mdp.edu.ar\/centro-ventas\/wp-json\/wp\/v2\/product"}],"about":[{"href":"https:\/\/biblio1.mdp.edu.ar\/centro-ventas\/wp-json\/wp\/v2\/types\/product"}],"wp:featuredmedia":[{"embeddable":true,"href":"https:\/\/biblio1.mdp.edu.ar\/centro-ventas\/wp-json\/wp\/v2\/media\/2868"}],"wp:attachment":[{"href":"https:\/\/biblio1.mdp.edu.ar\/centro-ventas\/wp-json\/wp\/v2\/media?parent=2867"}],"wp:term":[{"taxonomy":"product_cat","embeddable":true,"href":"https:\/\/biblio1.mdp.edu.ar\/centro-ventas\/wp-json\/wp\/v2\/product_cat?post=2867"},{"taxonomy":"product_tag","embeddable":true,"href":"https:\/\/biblio1.mdp.edu.ar\/centro-ventas\/wp-json\/wp\/v2\/product_tag?post=2867"}],"curies":[{"name":"wp","href":"https:\/\/api.w.org\/{rel}","templated":true}]}}