{"id":2853,"date":"2023-03-27T17:25:13","date_gmt":"2023-03-27T20:25:13","guid":{"rendered":"http:\/\/biblio1.mdp.edu.ar\/centro-ventas\/?post_type=product&#038;p=2853"},"modified":"2026-03-30T15:53:12","modified_gmt":"2026-03-30T18:53:12","slug":"historia-de-una-relacion-impensada","status":"publish","type":"product","link":"https:\/\/biblio1.mdp.edu.ar\/centro-ventas\/producto\/historia-de-una-relacion-impensada\/","title":{"rendered":"Historia de una relaci\u00f3n impensada"},"content":{"rendered":"<div class=\"row\">\n<div class=\"col-md-7\"><span style=\"font-size: 16px\">Este libro analiza a un actor subestimado en los estudios sobre la historia del sindicalismo argentino: la iglesia cat\u00f3lica. Ciertamente, el catolicismo social cobr\u00f3 protagonismo en los a\u00f1os formativos del peronismo entre las bases, las dirigencias y las organizaciones gremiales. Luego, los militantes cat\u00f3licos continuar\u00edan dialogando con este movimiento pol\u00edtico incluso m\u00e1s all\u00e1 del golpe de Estado de 1955. La intenci\u00f3n es complementar el mapa sindical de aquella \u00e9poca, se\u00f1alando el peso y la influencia de la religi\u00f3n cat\u00f3lica en la vida sindical de mediados del siglo XX en diversos puntos del pa\u00eds.<\/span><\/div>\n<\/div>\n","protected":false},"excerpt":{"rendered":"<p>Este libro analiza a un actor subestimado en los estudios sobre la historia del sindicalismo argentino: la iglesia cat\u00f3lica. Ciertamente, el catolicismo social cobr\u00f3 protagonismo en los a\u00f1os formativos del peronismo entre las bases, las dirigencias y las organizaciones gremiales. Luego, los militantes cat\u00f3licos continuar\u00edan dialogando con este movimiento pol\u00edtico incluso m\u00e1s all\u00e1 del golpe [&hellip;]<\/p>\n","protected":false},"featured_media":2854,"template":"","meta":{"_acf_changed":false,"_eb_attr":"","_crdt_document":"","_uag_custom_page_level_css":"","_editorskit_title_hidden":false,"_editorskit_reading_time":0,"_editorskit_is_block_options_detached":false,"_editorskit_block_options_position":"{}","site-sidebar-layout":"default","site-content-layout":"default","ast-site-content-layout":"default","site-content-style":"default","site-sidebar-style":"default","ast-global-header-display":"","ast-banner-title-visibility":"","ast-main-header-display":"","ast-hfb-above-header-display":"","ast-hfb-below-header-display":"","ast-hfb-mobile-header-display":"","site-post-title":"","ast-breadcrumbs-content":"","ast-featured-img":"","footer-sml-layout":"","ast-disable-related-posts":"","theme-transparent-header-meta":"default","adv-header-id-meta":"","stick-header-meta":"","header-above-stick-meta":"","header-main-stick-meta":"","header-below-stick-meta":"","astra-migrate-meta-layouts":"default","ast-page-background-enabled":"default","ast-page-background-meta":{"desktop":{"background-color":"var(--ast-global-color-4)","background-image":"","background-repeat":"repeat","background-position":"center center","background-size":"auto","background-attachment":"scroll","background-type":"","background-media":"","overlay-type":"","overlay-color":"","overlay-opacity":"","overlay-gradient":""},"tablet":{"background-color":"","background-image":"","background-repeat":"repeat","background-position":"center center","background-size":"auto","background-attachment":"scroll","background-type":"","background-media":"","overlay-type":"","overlay-color":"","overlay-opacity":"","overlay-gradient":""},"mobile":{"background-color":"","background-image":"","background-repeat":"repeat","background-position":"center center","background-size":"auto","background-attachment":"scroll","background-type":"","background-media":"","overlay-type":"","overlay-color":"","overlay-opacity":"","overlay-gradient":""}},"ast-content-background-meta":{"desktop":{"background-color":"var(--ast-global-color-5)","background-image":"","background-repeat":"repeat","background-position":"center center","background-size":"auto","background-attachment":"scroll","background-type":"","background-media":"","overlay-type":"","overlay-color":"","overlay-opacity":"","overlay-gradient":""},"tablet":{"background-color":"var(--ast-global-color-5)","background-image":"","background-repeat":"repeat","background-position":"center center","background-size":"auto","background-attachment":"scroll","background-type":"","background-media":"","overlay-type":"","overlay-color":"","overlay-opacity":"","overlay-gradient":""},"mobile":{"background-color":"var(--ast-global-color-5)","background-image":"","background-repeat":"repeat","background-position":"center center","background-size":"auto","background-attachment":"scroll","background-type":"","background-media":"","overlay-type":"","overlay-color":"","overlay-opacity":"","overlay-gradient":""}}},"product_cat":[114,32,28],"product_tag":[120,197],"class_list":{"0":"post-2853","1":"product","2":"type-product","3":"status-publish","4":"has-post-thumbnail","6":"product_cat-la-argentina-peroista","7":"product_cat-edudem","8":"product_cat-libro","9":"product_tag-historia-argentina","10":"product_tag-peronismo","11":"desktop-align-left","12":"tablet-align-left","13":"mobile-align-left","15":"first","16":"instock","17":"shipping-taxable","18":"purchasable","19":"product-type-simple"},"acf":[],"uagb_featured_image_src":{"full":["https:\/\/biblio1.mdp.edu.ar\/centro-ventas\/wp-content\/uploads\/sites\/2\/2023\/03\/TAPA-LAP-Historia-de-una-relacion-impensada.jpg",1770,2480,false],"thumbnail":["https:\/\/biblio1.mdp.edu.ar\/centro-ventas\/wp-content\/uploads\/sites\/2\/2023\/03\/TAPA-LAP-Historia-de-una-relacion-impensada.jpg",107,150,false],"medium":["https:\/\/biblio1.mdp.edu.ar\/centro-ventas\/wp-content\/uploads\/sites\/2\/2023\/03\/TAPA-LAP-Historia-de-una-relacion-impensada.jpg",214,300,false],"medium_large":["https:\/\/biblio1.mdp.edu.ar\/centro-ventas\/wp-content\/uploads\/sites\/2\/2023\/03\/TAPA-LAP-Historia-de-una-relacion-impensada.jpg",768,1076,false],"large":["https:\/\/biblio1.mdp.edu.ar\/centro-ventas\/wp-content\/uploads\/sites\/2\/2023\/03\/TAPA-LAP-Historia-de-una-relacion-impensada.jpg",731,1024,false],"1536x1536":["https:\/\/biblio1.mdp.edu.ar\/centro-ventas\/wp-content\/uploads\/sites\/2\/2023\/03\/TAPA-LAP-Historia-de-una-relacion-impensada.jpg",1096,1536,false],"2048x2048":["https:\/\/biblio1.mdp.edu.ar\/centro-ventas\/wp-content\/uploads\/sites\/2\/2023\/03\/TAPA-LAP-Historia-de-una-relacion-impensada.jpg",1462,2048,false],"woocommerce_thumbnail":["https:\/\/biblio1.mdp.edu.ar\/centro-ventas\/wp-content\/uploads\/sites\/2\/2023\/03\/TAPA-LAP-Historia-de-una-relacion-impensada.jpg",300,420,false],"woocommerce_single":["https:\/\/biblio1.mdp.edu.ar\/centro-ventas\/wp-content\/uploads\/sites\/2\/2023\/03\/TAPA-LAP-Historia-de-una-relacion-impensada.jpg",600,841,false],"woocommerce_gallery_thumbnail":["https:\/\/biblio1.mdp.edu.ar\/centro-ventas\/wp-content\/uploads\/sites\/2\/2023\/03\/TAPA-LAP-Historia-de-una-relacion-impensada-100x100.jpg",100,100,true]},"uagb_author_info":{"display_name":"Cristina Bernabe","author_link":"https:\/\/biblio1.mdp.edu.ar\/centro-ventas\/author\/"},"uagb_comment_info":0,"uagb_excerpt":"Este libro analiza a un actor subestimado en los estudios sobre la historia del sindicalismo argentino: la iglesia cat\u00f3lica. Ciertamente, el catolicismo social cobr\u00f3 protagonismo en los a\u00f1os formativos del peronismo entre las bases, las dirigencias y las organizaciones gremiales. Luego, los militantes cat\u00f3licos continuar\u00edan dialogando con este movimiento pol\u00edtico incluso m\u00e1s all\u00e1 del golpe&hellip;","_links":{"self":[{"href":"https:\/\/biblio1.mdp.edu.ar\/centro-ventas\/wp-json\/wp\/v2\/product\/2853","targetHints":{"allow":["GET"]}}],"collection":[{"href":"https:\/\/biblio1.mdp.edu.ar\/centro-ventas\/wp-json\/wp\/v2\/product"}],"about":[{"href":"https:\/\/biblio1.mdp.edu.ar\/centro-ventas\/wp-json\/wp\/v2\/types\/product"}],"wp:featuredmedia":[{"embeddable":true,"href":"https:\/\/biblio1.mdp.edu.ar\/centro-ventas\/wp-json\/wp\/v2\/media\/2854"}],"wp:attachment":[{"href":"https:\/\/biblio1.mdp.edu.ar\/centro-ventas\/wp-json\/wp\/v2\/media?parent=2853"}],"wp:term":[{"taxonomy":"product_cat","embeddable":true,"href":"https:\/\/biblio1.mdp.edu.ar\/centro-ventas\/wp-json\/wp\/v2\/product_cat?post=2853"},{"taxonomy":"product_tag","embeddable":true,"href":"https:\/\/biblio1.mdp.edu.ar\/centro-ventas\/wp-json\/wp\/v2\/product_tag?post=2853"}],"curies":[{"name":"wp","href":"https:\/\/api.w.org\/{rel}","templated":true}]}}