{"id":2844,"date":"2023-03-13T15:59:40","date_gmt":"2023-03-13T18:59:40","guid":{"rendered":"http:\/\/biblio1.mdp.edu.ar\/centro-ventas\/?post_type=product&#038;p=2844"},"modified":"2026-03-30T17:10:29","modified_gmt":"2026-03-30T20:10:29","slug":"mi-mama-y-stephen-hawking","status":"publish","type":"product","link":"https:\/\/biblio1.mdp.edu.ar\/centro-ventas\/producto\/mi-mama-y-stephen-hawking\/","title":{"rendered":"Mi mam\u00e1 y Stephen Hawking\u00a0"},"content":{"rendered":"<div class=\"row\">\n<div class=\"col-md-7\"><\/div>\n<\/div>\n<div class=\"row\">\n<div class=\"col-md-7\">\n<p><em>Mi mam\u00e1 y Stephen Hawking\u00a0<\/em>cuenta el modo en que el autor intenta reavivar la memoria de su madre mediante una experiencia de estimulaci\u00f3n cognitiva inspirada en ideas del famoso cient\u00edfico ingl\u00e9s. Lo desvela una pregunta crucial: \u00bfexiste un hilo intangible que nos mantendr\u00e1 ligados a los seres que amamos m\u00e1s all\u00e1 del tiempo, la distancia y el olvido?<\/p>\n<p>Mezcla de cr\u00f3nica period\u00edstica con ficci\u00f3n narrativa y relato autobiogr\u00e1fico,\u00a0<em>Mi mam\u00e1 y Stephen Hawking<\/em>\u00a0es un viaje fascinante al misterioso mar de la memoria en donde conviven referencias a la ciencia, la filosof\u00eda, el arte y la literatura. Cada vez que el autor visita a su madre surge un di\u00e1logo que reaviva los recuerdos que se pierden en el\u00a0<em>agujero negro<\/em>\u00a0del olvido y van surgiendo im\u00e1genes y ecos del pasado: el pueblo espa\u00f1ol de la infancia, los largos a\u00f1os en un internado religioso, la intimidad del amor y el deseo, las heridas provocadas por el miedo y el dolor, y los enigmas de un linaje familiar envuelto en la leyenda.<\/p>\n<p>P\u00e1gina tras p\u00e1gina, Balmaceda intenta descifrar la forma en que la memoria funciona como un rompecabezas ca\u00f3tico, inestable y fantasioso. Tambi\u00e9n el modo en que los recuerdos cambian con el tiempo y el olvido se vuelve tan abrumador como terap\u00e9utico. El camino en busca del hilo de Stephen Hawking permite iluminar no solamente el pasado de la madre, sino tambi\u00e9n la propia historia de vida del autor.<\/p>\n<p>&nbsp;<\/p>\n<p><a href=\"https:\/\/youtu.be\/Kvg_yuV-82w\" target=\"_blank\" rel=\"noopener\">Ver entrevista a Carlos Balmaceda en\u00a0<em>Los otros libros<\/em><\/a><\/p>\n<\/div>\n<\/div>\n","protected":false},"excerpt":{"rendered":"<p>Mi mam\u00e1 y Stephen Hawking\u00a0cuenta el modo en que el autor intenta reavivar la memoria de su madre mediante una experiencia de estimulaci\u00f3n cognitiva inspirada en ideas del famoso cient\u00edfico ingl\u00e9s. Lo desvela una pregunta crucial: \u00bfexiste un hilo intangible que nos mantendr\u00e1 ligados a los seres que amamos m\u00e1s all\u00e1 del tiempo, la distancia [&hellip;]<\/p>\n","protected":false},"featured_media":2845,"template":"","meta":{"_acf_changed":false,"_eb_attr":"","_crdt_document":"","_uag_custom_page_level_css":"","_editorskit_title_hidden":false,"_editorskit_reading_time":0,"_editorskit_is_block_options_detached":false,"_editorskit_block_options_position":"{}","site-sidebar-layout":"default","site-content-layout":"default","ast-site-content-layout":"default","site-content-style":"default","site-sidebar-style":"default","ast-global-header-display":"","ast-banner-title-visibility":"","ast-main-header-display":"","ast-hfb-above-header-display":"","ast-hfb-below-header-display":"","ast-hfb-mobile-header-display":"","site-post-title":"","ast-breadcrumbs-content":"","ast-featured-img":"","footer-sml-layout":"","ast-disable-related-posts":"","theme-transparent-header-meta":"default","adv-header-id-meta":"","stick-header-meta":"","header-above-stick-meta":"","header-main-stick-meta":"","header-below-stick-meta":"","astra-migrate-meta-layouts":"default","ast-page-background-enabled":"default","ast-page-background-meta":{"desktop":{"background-color":"var(--ast-global-color-4)","background-image":"","background-repeat":"repeat","background-position":"center center","background-size":"auto","background-attachment":"scroll","background-type":"","background-media":"","overlay-type":"","overlay-color":"","overlay-opacity":"","overlay-gradient":""},"tablet":{"background-color":"","background-image":"","background-repeat":"repeat","background-position":"center center","background-size":"auto","background-attachment":"scroll","background-type":"","background-media":"","overlay-type":"","overlay-color":"","overlay-opacity":"","overlay-gradient":""},"mobile":{"background-color":"","background-image":"","background-repeat":"repeat","background-position":"center center","background-size":"auto","background-attachment":"scroll","background-type":"","background-media":"","overlay-type":"","overlay-color":"","overlay-opacity":"","overlay-gradient":""}},"ast-content-background-meta":{"desktop":{"background-color":"var(--ast-global-color-5)","background-image":"","background-repeat":"repeat","background-position":"center center","background-size":"auto","background-attachment":"scroll","background-type":"","background-media":"","overlay-type":"","overlay-color":"","overlay-opacity":"","overlay-gradient":""},"tablet":{"background-color":"var(--ast-global-color-5)","background-image":"","background-repeat":"repeat","background-position":"center center","background-size":"auto","background-attachment":"scroll","background-type":"","background-media":"","overlay-type":"","overlay-color":"","overlay-opacity":"","overlay-gradient":""},"mobile":{"background-color":"var(--ast-global-color-5)","background-image":"","background-repeat":"repeat","background-position":"center center","background-size":"auto","background-attachment":"scroll","background-type":"","background-media":"","overlay-type":"","overlay-color":"","overlay-opacity":"","overlay-gradient":""}}},"product_cat":[32,164,28],"product_tag":[],"class_list":{"0":"post-2844","1":"product","2":"type-product","3":"status-publish","4":"has-post-thumbnail","6":"product_cat-edudem","7":"product_cat-coleccion-leciart","8":"product_cat-libro","9":"desktop-align-left","10":"tablet-align-left","11":"mobile-align-left","13":"first","14":"instock","15":"shipping-taxable","16":"purchasable","17":"product-type-simple"},"acf":[],"uagb_featured_image_src":{"full":["https:\/\/biblio1.mdp.edu.ar\/centro-ventas\/wp-content\/uploads\/sites\/2\/2023\/03\/TAPA-leciart-mi-mama-y-stephen-hawking.jpg",1534,2362,false],"thumbnail":["https:\/\/biblio1.mdp.edu.ar\/centro-ventas\/wp-content\/uploads\/sites\/2\/2023\/03\/TAPA-leciart-mi-mama-y-stephen-hawking.jpg",97,150,false],"medium":["https:\/\/biblio1.mdp.edu.ar\/centro-ventas\/wp-content\/uploads\/sites\/2\/2023\/03\/TAPA-leciart-mi-mama-y-stephen-hawking.jpg",195,300,false],"medium_large":["https:\/\/biblio1.mdp.edu.ar\/centro-ventas\/wp-content\/uploads\/sites\/2\/2023\/03\/TAPA-leciart-mi-mama-y-stephen-hawking.jpg",768,1183,false],"large":["https:\/\/biblio1.mdp.edu.ar\/centro-ventas\/wp-content\/uploads\/sites\/2\/2023\/03\/TAPA-leciart-mi-mama-y-stephen-hawking.jpg",665,1024,false],"1536x1536":["https:\/\/biblio1.mdp.edu.ar\/centro-ventas\/wp-content\/uploads\/sites\/2\/2023\/03\/TAPA-leciart-mi-mama-y-stephen-hawking.jpg",998,1536,false],"2048x2048":["https:\/\/biblio1.mdp.edu.ar\/centro-ventas\/wp-content\/uploads\/sites\/2\/2023\/03\/TAPA-leciart-mi-mama-y-stephen-hawking.jpg",1330,2048,false],"woocommerce_thumbnail":["https:\/\/biblio1.mdp.edu.ar\/centro-ventas\/wp-content\/uploads\/sites\/2\/2023\/03\/TAPA-leciart-mi-mama-y-stephen-hawking.jpg",300,462,false],"woocommerce_single":["https:\/\/biblio1.mdp.edu.ar\/centro-ventas\/wp-content\/uploads\/sites\/2\/2023\/03\/TAPA-leciart-mi-mama-y-stephen-hawking.jpg",600,924,false],"woocommerce_gallery_thumbnail":["https:\/\/biblio1.mdp.edu.ar\/centro-ventas\/wp-content\/uploads\/sites\/2\/2023\/03\/TAPA-leciart-mi-mama-y-stephen-hawking-100x100.jpg",100,100,true]},"uagb_author_info":{"display_name":"Cristina Bernabe","author_link":"https:\/\/biblio1.mdp.edu.ar\/centro-ventas\/author\/"},"uagb_comment_info":0,"uagb_excerpt":"Mi mam\u00e1 y Stephen Hawking\u00a0cuenta el modo en que el autor intenta reavivar la memoria de su madre mediante una experiencia de estimulaci\u00f3n cognitiva inspirada en ideas del famoso cient\u00edfico ingl\u00e9s. Lo desvela una pregunta crucial: \u00bfexiste un hilo intangible que nos mantendr\u00e1 ligados a los seres que amamos m\u00e1s all\u00e1 del tiempo, la distancia&hellip;","_links":{"self":[{"href":"https:\/\/biblio1.mdp.edu.ar\/centro-ventas\/wp-json\/wp\/v2\/product\/2844","targetHints":{"allow":["GET"]}}],"collection":[{"href":"https:\/\/biblio1.mdp.edu.ar\/centro-ventas\/wp-json\/wp\/v2\/product"}],"about":[{"href":"https:\/\/biblio1.mdp.edu.ar\/centro-ventas\/wp-json\/wp\/v2\/types\/product"}],"wp:featuredmedia":[{"embeddable":true,"href":"https:\/\/biblio1.mdp.edu.ar\/centro-ventas\/wp-json\/wp\/v2\/media\/2845"}],"wp:attachment":[{"href":"https:\/\/biblio1.mdp.edu.ar\/centro-ventas\/wp-json\/wp\/v2\/media?parent=2844"}],"wp:term":[{"taxonomy":"product_cat","embeddable":true,"href":"https:\/\/biblio1.mdp.edu.ar\/centro-ventas\/wp-json\/wp\/v2\/product_cat?post=2844"},{"taxonomy":"product_tag","embeddable":true,"href":"https:\/\/biblio1.mdp.edu.ar\/centro-ventas\/wp-json\/wp\/v2\/product_tag?post=2844"}],"curies":[{"name":"wp","href":"https:\/\/api.w.org\/{rel}","templated":true}]}}