{"id":2822,"date":"2023-02-10T20:24:37","date_gmt":"2023-02-10T23:24:37","guid":{"rendered":"http:\/\/biblio1.mdp.edu.ar\/centro-ventas\/?post_type=product&#038;p=2822"},"modified":"2025-09-01T18:23:20","modified_gmt":"2025-09-01T21:23:20","slug":"recuperacion-de-la-informacion-2","status":"publish","type":"product","link":"https:\/\/biblio1.mdp.edu.ar\/centro-ventas\/producto\/recuperacion-de-la-informacion-2\/","title":{"rendered":"Recuperaci\u00f3n de la informaci\u00f3n"},"content":{"rendered":"<p>Este libro trata de poner orden en el complejo panorama que ofrece la Recuperaci\u00f3n de la Informaci\u00f3n (Rl), como resultado de su origen, historia y evoluci\u00f3n en los que han estado presentes diferentes disciplinas acad\u00e9micas. Para lograr este objetivo se parte de un an\u00e1lisis de los diferentes conceptos que de la Rl proporcionan m\u00e1ximas autoridades del tema para presentar una visi\u00f3n global y sus caracter\u00edsticas m\u00e1s importantes; contin\u00faa con su historia y desarrollo destacando los hitos m\u00e1s significativos; y finaliza con un an\u00e1lisis de relaciones de la Rl con la Inform\u00e1tica, la Ciencia de la Informaci\u00f3n y la Documentaci\u00f3n para establecer sus fronteras y enfocar la Rl en el marco de la Documentaci\u00f3n, determinando su identidad y clarificando el papel que desempe\u00f1a el profesional de la informaci\u00f3n y documentaci\u00f3n. La obra contin\u00faa con dos partes dedicadas, la primera, a la ense\u00f1anza de esta disciplina y su importancia no s\u00f3lo en los estudios de informaci\u00f3n y documentaci\u00f3n sino en la formaci\u00f3n de cualquier usuario en la sociedad actual; la segunda, a destacar las caracter\u00edsticas y problemas de los principales paradigmas de investigaci\u00f3n, finalizando con un an\u00e1lisis de las principales fuentes de informaci\u00f3n que pueden resultar de utilidad para el profesional de la documentaci\u00f3n. La intenci\u00f3n del autor es que este libro sirva para reconocer que la Rl es una disciplina que no s\u00f3lo se ocupa de la representaci\u00f3n, organizaci\u00f3n y almacenamiento de la informaci\u00f3n en un sistema, sino tambi\u00e9n de la b\u00fasqueda y que por historia, tradici\u00f3n y actualidad ha sido, y sigue siendo, una actividad desempe\u00f1ada por profesionales de la documentaci\u00f3n y, por consiguiente, constituye una disciplina propia de la Documentaci\u00f3n. No cabe duda de que este libro puede ser muy \u00fatil, no s\u00f3lo a los estudiantes y profesionales de informaci\u00f3n y documentaci\u00f3n, sino tambi\u00e9n a aquellos procedentes de otras disciplinas que quieran disponer de una visi\u00f3n completa y actual de la Rl.<\/p>\n","protected":false},"excerpt":{"rendered":"<p>Este libro trata de poner orden en el complejo panorama que ofrece la Recuperaci\u00f3n de la Informaci\u00f3n (Rl), como resultado de su origen, historia y evoluci\u00f3n en los que han estado presentes diferentes disciplinas acad\u00e9micas. Para lograr este objetivo se parte de un an\u00e1lisis de los diferentes conceptos que de la Rl proporcionan m\u00e1ximas autoridades [&hellip;]<\/p>\n","protected":false},"featured_media":2823,"template":"","meta":{"_acf_changed":false,"_eb_attr":"","_crdt_document":"","_uag_custom_page_level_css":"","_editorskit_title_hidden":false,"_editorskit_reading_time":0,"_editorskit_is_block_options_detached":false,"_editorskit_block_options_position":"{}","site-sidebar-layout":"default","site-content-layout":"default","ast-site-content-layout":"default","site-content-style":"default","site-sidebar-style":"default","ast-global-header-display":"","ast-banner-title-visibility":"","ast-main-header-display":"","ast-hfb-above-header-display":"","ast-hfb-below-header-display":"","ast-hfb-mobile-header-display":"","site-post-title":"","ast-breadcrumbs-content":"","ast-featured-img":"","footer-sml-layout":"","ast-disable-related-posts":"","theme-transparent-header-meta":"default","adv-header-id-meta":"","stick-header-meta":"","header-above-stick-meta":"","header-main-stick-meta":"","header-below-stick-meta":"","astra-migrate-meta-layouts":"default","ast-page-background-enabled":"default","ast-page-background-meta":{"desktop":{"background-color":"var(--ast-global-color-4)","background-image":"","background-repeat":"repeat","background-position":"center center","background-size":"auto","background-attachment":"scroll","background-type":"","background-media":"","overlay-type":"","overlay-color":"","overlay-opacity":"","overlay-gradient":""},"tablet":{"background-color":"","background-image":"","background-repeat":"repeat","background-position":"center center","background-size":"auto","background-attachment":"scroll","background-type":"","background-media":"","overlay-type":"","overlay-color":"","overlay-opacity":"","overlay-gradient":""},"mobile":{"background-color":"","background-image":"","background-repeat":"repeat","background-position":"center center","background-size":"auto","background-attachment":"scroll","background-type":"","background-media":"","overlay-type":"","overlay-color":"","overlay-opacity":"","overlay-gradient":""}},"ast-content-background-meta":{"desktop":{"background-color":"var(--ast-global-color-5)","background-image":"","background-repeat":"repeat","background-position":"center center","background-size":"auto","background-attachment":"scroll","background-type":"","background-media":"","overlay-type":"","overlay-color":"","overlay-opacity":"","overlay-gradient":""},"tablet":{"background-color":"var(--ast-global-color-5)","background-image":"","background-repeat":"repeat","background-position":"center center","background-size":"auto","background-attachment":"scroll","background-type":"","background-media":"","overlay-type":"","overlay-color":"","overlay-opacity":"","overlay-gradient":""},"mobile":{"background-color":"var(--ast-global-color-5)","background-image":"","background-repeat":"repeat","background-position":"center center","background-size":"auto","background-attachment":"scroll","background-type":"","background-media":"","overlay-type":"","overlay-color":"","overlay-opacity":"","overlay-gradient":""}}},"product_cat":[74,28],"product_tag":[239,240,241,244,245,92],"class_list":{"0":"post-2822","1":"product","2":"type-product","3":"status-publish","4":"has-post-thumbnail","6":"product_cat-alfagrama","7":"product_cat-libro","8":"product_tag-bibliotecarios","9":"product_tag-bibliotecas","10":"product_tag-biblioteconomia","11":"product_tag-documentacion","12":"product_tag-recuperacion-de-la-informacion","13":"product_tag-tecnologias-de-la-informacion","14":"desktop-align-left","15":"tablet-align-left","16":"mobile-align-left","18":"first","19":"instock","20":"shipping-taxable","21":"purchasable","22":"product-type-simple"},"acf":[],"uagb_featured_image_src":{"full":["https:\/\/biblio1.mdp.edu.ar\/centro-ventas\/wp-content\/uploads\/sites\/2\/2023\/02\/recuperacion-de-la-informacion-681x1024-1.jpg",681,1024,false],"thumbnail":["https:\/\/biblio1.mdp.edu.ar\/centro-ventas\/wp-content\/uploads\/sites\/2\/2023\/02\/recuperacion-de-la-informacion-681x1024-1.jpg",100,150,false],"medium":["https:\/\/biblio1.mdp.edu.ar\/centro-ventas\/wp-content\/uploads\/sites\/2\/2023\/02\/recuperacion-de-la-informacion-681x1024-1.jpg",200,300,false],"medium_large":["https:\/\/biblio1.mdp.edu.ar\/centro-ventas\/wp-content\/uploads\/sites\/2\/2023\/02\/recuperacion-de-la-informacion-681x1024-1.jpg",681,1024,false],"large":["https:\/\/biblio1.mdp.edu.ar\/centro-ventas\/wp-content\/uploads\/sites\/2\/2023\/02\/recuperacion-de-la-informacion-681x1024-1.jpg",681,1024,false],"1536x1536":["https:\/\/biblio1.mdp.edu.ar\/centro-ventas\/wp-content\/uploads\/sites\/2\/2023\/02\/recuperacion-de-la-informacion-681x1024-1.jpg",681,1024,false],"2048x2048":["https:\/\/biblio1.mdp.edu.ar\/centro-ventas\/wp-content\/uploads\/sites\/2\/2023\/02\/recuperacion-de-la-informacion-681x1024-1.jpg",681,1024,false],"woocommerce_thumbnail":["https:\/\/biblio1.mdp.edu.ar\/centro-ventas\/wp-content\/uploads\/sites\/2\/2023\/02\/recuperacion-de-la-informacion-681x1024-1.jpg",300,451,false],"woocommerce_single":["https:\/\/biblio1.mdp.edu.ar\/centro-ventas\/wp-content\/uploads\/sites\/2\/2023\/02\/recuperacion-de-la-informacion-681x1024-1.jpg",600,902,false],"woocommerce_gallery_thumbnail":["https:\/\/biblio1.mdp.edu.ar\/centro-ventas\/wp-content\/uploads\/sites\/2\/2023\/02\/recuperacion-de-la-informacion-681x1024-1-100x100.jpg",100,100,true]},"uagb_author_info":{"display_name":"Cristina Bernabe","author_link":"https:\/\/biblio1.mdp.edu.ar\/centro-ventas\/author\/"},"uagb_comment_info":0,"uagb_excerpt":"Este libro trata de poner orden en el complejo panorama que ofrece la Recuperaci\u00f3n de la Informaci\u00f3n (Rl), como resultado de su origen, historia y evoluci\u00f3n en los que han estado presentes diferentes disciplinas acad\u00e9micas. Para lograr este objetivo se parte de un an\u00e1lisis de los diferentes conceptos que de la Rl proporcionan m\u00e1ximas autoridades&hellip;","_links":{"self":[{"href":"https:\/\/biblio1.mdp.edu.ar\/centro-ventas\/wp-json\/wp\/v2\/product\/2822","targetHints":{"allow":["GET"]}}],"collection":[{"href":"https:\/\/biblio1.mdp.edu.ar\/centro-ventas\/wp-json\/wp\/v2\/product"}],"about":[{"href":"https:\/\/biblio1.mdp.edu.ar\/centro-ventas\/wp-json\/wp\/v2\/types\/product"}],"wp:featuredmedia":[{"embeddable":true,"href":"https:\/\/biblio1.mdp.edu.ar\/centro-ventas\/wp-json\/wp\/v2\/media\/2823"}],"wp:attachment":[{"href":"https:\/\/biblio1.mdp.edu.ar\/centro-ventas\/wp-json\/wp\/v2\/media?parent=2822"}],"wp:term":[{"taxonomy":"product_cat","embeddable":true,"href":"https:\/\/biblio1.mdp.edu.ar\/centro-ventas\/wp-json\/wp\/v2\/product_cat?post=2822"},{"taxonomy":"product_tag","embeddable":true,"href":"https:\/\/biblio1.mdp.edu.ar\/centro-ventas\/wp-json\/wp\/v2\/product_tag?post=2822"}],"curies":[{"name":"wp","href":"https:\/\/api.w.org\/{rel}","templated":true}]}}