{"id":2820,"date":"2023-02-10T20:19:47","date_gmt":"2023-02-10T23:19:47","guid":{"rendered":"http:\/\/biblio1.mdp.edu.ar\/centro-ventas\/?post_type=product&#038;p=2820"},"modified":"2025-09-01T18:18:07","modified_gmt":"2025-09-01T21:18:07","slug":"gestion-y-planificacion-en-bibliotecas","status":"publish","type":"product","link":"https:\/\/biblio1.mdp.edu.ar\/centro-ventas\/producto\/gestion-y-planificacion-en-bibliotecas\/","title":{"rendered":"Gesti\u00f3n y planificaci\u00f3n en bibliotecas"},"content":{"rendered":"<p>El elemento constitutivo de una biblioteca consiste en formar una colecci\u00f3n y proyectar sus servicios con el fin de responder a determinados objetivos, sirviendo a una comunidad de usuarios. Sin esta fuerte convicci\u00f3n en los objetivos y la proyecci\u00f3n al servicio, la colecci\u00f3n permanece inerte y tal vez no podr\u00eda ni siquiera llamarse biblioteca a esta organizaci\u00f3n. El servicio es el coraz\u00f3n del negocio de la biblioteca. La adopci\u00f3n de metodolog\u00edas de gesti\u00f3n responde a las exigencias \u00edntimas de una administraci\u00f3n eficaz que optimiza resultados, llevando a cabo su cometido. Las culturas y las pr\u00e1cticas de la calidad han entrado en el horizonte de las bibliotecas. Se incorporan a la gesti\u00f3n y planificaci\u00f3n conceptos como: centralidad en el usuario; mejoramiento continuo; una visi\u00f3n global de los problemas; y la gesti\u00f3n basada en los procesos, con modelos transversales de responsabilidades compartidas en funci\u00f3n de resultados (en lugar de modelos jer\u00e1rquicos). Gracias a los estudios de usuarios obtenemos una informaci\u00f3n fundamental para orientar las acciones de la biblioteca. Son la base para confeccionar un plan de marketing que busque llegar a los lectores reales y potenciales de la instituci\u00f3n y, sobre todo, permita conocer sus necesidades y expectativas, de modo de alcanzar su satisfacci\u00f3n. La gesti\u00f3n por proyectos es una de las met\u00e1foras organizativas que mejor encierran un cambio cultural y operativo marcado profundamente por la transformaci\u00f3n. Se compone de un conjunto de valores, recursos, t\u00e9cnicas y proyectos encaminados a introducir nuevas y avanzadas soluciones organizativas, administrativas, tecnol\u00f3gicas, productivas y de servicios. Al enfatizar en procesos de cambios constantes en el tiempo, es posible transformar el modo de ser y de obrar de una organizaci\u00f3n bibliotecaria y se pueden desarrollar y difundir procesos de aprendizaje individual y organizativo. Una cultura corporativa nace y se desarrolla fruto de las relaciones con la sociedad, con la propia organizaci\u00f3n y con cada una de las personas que forman parte de ella. Su dimensi\u00f3n \u00e9tica la encontramos en los valores compartidos y en el conjunto de principios de comportamiento dentro de la organizaci\u00f3n que se transmiten a los nuevos miembros. La cultura corporativa traduce los valores en comportamientos a nivel individual de sus miembros, que lo demuestran en sus pr\u00e1cticas de trabajo. La biblioteconom\u00eda del siglo XXI es un desaf\u00edo apasionante que se ha revitalizado por la evoluci\u00f3n de las nuevas tecnolog\u00edas, la profesionalizaci\u00f3n de los bibliotecarios, el crecimiento exponencial de contenidos y las nuevas concepciones sobre los usuarios y la gesti\u00f3n. Una invitaci\u00f3n que seguramente, como bibliotecarios, ser\u00e1 de placentera aceptaci\u00f3n.<\/p>\n","protected":false},"excerpt":{"rendered":"<p>El elemento constitutivo de una biblioteca consiste en formar una colecci\u00f3n y proyectar sus servicios con el fin de responder a determinados objetivos, sirviendo a una comunidad de usuarios. Sin esta fuerte convicci\u00f3n en los objetivos y la proyecci\u00f3n al servicio, la colecci\u00f3n permanece inerte y tal vez no podr\u00eda ni siquiera llamarse biblioteca a [&hellip;]<\/p>\n","protected":false},"featured_media":2821,"template":"","meta":{"_acf_changed":false,"_eb_attr":"","_crdt_document":"","_uag_custom_page_level_css":"","_editorskit_title_hidden":false,"_editorskit_reading_time":0,"_editorskit_is_block_options_detached":false,"_editorskit_block_options_position":"{}","site-sidebar-layout":"default","site-content-layout":"default","ast-site-content-layout":"default","site-content-style":"default","site-sidebar-style":"default","ast-global-header-display":"","ast-banner-title-visibility":"","ast-main-header-display":"","ast-hfb-above-header-display":"","ast-hfb-below-header-display":"","ast-hfb-mobile-header-display":"","site-post-title":"","ast-breadcrumbs-content":"","ast-featured-img":"","footer-sml-layout":"","ast-disable-related-posts":"","theme-transparent-header-meta":"default","adv-header-id-meta":"","stick-header-meta":"","header-above-stick-meta":"","header-main-stick-meta":"","header-below-stick-meta":"","astra-migrate-meta-layouts":"default","ast-page-background-enabled":"default","ast-page-background-meta":{"desktop":{"background-color":"var(--ast-global-color-4)","background-image":"","background-repeat":"repeat","background-position":"center center","background-size":"auto","background-attachment":"scroll","background-type":"","background-media":"","overlay-type":"","overlay-color":"","overlay-opacity":"","overlay-gradient":""},"tablet":{"background-color":"","background-image":"","background-repeat":"repeat","background-position":"center center","background-size":"auto","background-attachment":"scroll","background-type":"","background-media":"","overlay-type":"","overlay-color":"","overlay-opacity":"","overlay-gradient":""},"mobile":{"background-color":"","background-image":"","background-repeat":"repeat","background-position":"center center","background-size":"auto","background-attachment":"scroll","background-type":"","background-media":"","overlay-type":"","overlay-color":"","overlay-opacity":"","overlay-gradient":""}},"ast-content-background-meta":{"desktop":{"background-color":"var(--ast-global-color-5)","background-image":"","background-repeat":"repeat","background-position":"center center","background-size":"auto","background-attachment":"scroll","background-type":"","background-media":"","overlay-type":"","overlay-color":"","overlay-opacity":"","overlay-gradient":""},"tablet":{"background-color":"var(--ast-global-color-5)","background-image":"","background-repeat":"repeat","background-position":"center center","background-size":"auto","background-attachment":"scroll","background-type":"","background-media":"","overlay-type":"","overlay-color":"","overlay-opacity":"","overlay-gradient":""},"mobile":{"background-color":"var(--ast-global-color-5)","background-image":"","background-repeat":"repeat","background-position":"center center","background-size":"auto","background-attachment":"scroll","background-type":"","background-media":"","overlay-type":"","overlay-color":"","overlay-opacity":"","overlay-gradient":""}}},"product_cat":[74,28],"product_tag":[239,240,241,243,242],"class_list":{"0":"post-2820","1":"product","2":"type-product","3":"status-publish","4":"has-post-thumbnail","6":"product_cat-alfagrama","7":"product_cat-libro","8":"product_tag-bibliotecarios","9":"product_tag-bibliotecas","10":"product_tag-biblioteconomia","11":"product_tag-gestion","12":"product_tag-planificacion","13":"desktop-align-left","14":"tablet-align-left","15":"mobile-align-left","17":"first","18":"instock","19":"shipping-taxable","20":"purchasable","21":"product-type-simple"},"acf":[],"uagb_featured_image_src":{"full":["https:\/\/biblio1.mdp.edu.ar\/centro-ventas\/wp-content\/uploads\/sites\/2\/2023\/02\/Gestion-y-planificacion-en-bibliotecas-706x1024-1.jpg",706,1024,false],"thumbnail":["https:\/\/biblio1.mdp.edu.ar\/centro-ventas\/wp-content\/uploads\/sites\/2\/2023\/02\/Gestion-y-planificacion-en-bibliotecas-706x1024-1.jpg",103,150,false],"medium":["https:\/\/biblio1.mdp.edu.ar\/centro-ventas\/wp-content\/uploads\/sites\/2\/2023\/02\/Gestion-y-planificacion-en-bibliotecas-706x1024-1.jpg",207,300,false],"medium_large":["https:\/\/biblio1.mdp.edu.ar\/centro-ventas\/wp-content\/uploads\/sites\/2\/2023\/02\/Gestion-y-planificacion-en-bibliotecas-706x1024-1.jpg",706,1024,false],"large":["https:\/\/biblio1.mdp.edu.ar\/centro-ventas\/wp-content\/uploads\/sites\/2\/2023\/02\/Gestion-y-planificacion-en-bibliotecas-706x1024-1.jpg",706,1024,false],"1536x1536":["https:\/\/biblio1.mdp.edu.ar\/centro-ventas\/wp-content\/uploads\/sites\/2\/2023\/02\/Gestion-y-planificacion-en-bibliotecas-706x1024-1.jpg",706,1024,false],"2048x2048":["https:\/\/biblio1.mdp.edu.ar\/centro-ventas\/wp-content\/uploads\/sites\/2\/2023\/02\/Gestion-y-planificacion-en-bibliotecas-706x1024-1.jpg",706,1024,false],"woocommerce_thumbnail":["https:\/\/biblio1.mdp.edu.ar\/centro-ventas\/wp-content\/uploads\/sites\/2\/2023\/02\/Gestion-y-planificacion-en-bibliotecas-706x1024-1.jpg",300,435,false],"woocommerce_single":["https:\/\/biblio1.mdp.edu.ar\/centro-ventas\/wp-content\/uploads\/sites\/2\/2023\/02\/Gestion-y-planificacion-en-bibliotecas-706x1024-1.jpg",600,870,false],"woocommerce_gallery_thumbnail":["https:\/\/biblio1.mdp.edu.ar\/centro-ventas\/wp-content\/uploads\/sites\/2\/2023\/02\/Gestion-y-planificacion-en-bibliotecas-706x1024-1-100x100.jpg",100,100,true]},"uagb_author_info":{"display_name":"Cristina Bernabe","author_link":"https:\/\/biblio1.mdp.edu.ar\/centro-ventas\/author\/"},"uagb_comment_info":0,"uagb_excerpt":"El elemento constitutivo de una biblioteca consiste en formar una colecci\u00f3n y proyectar sus servicios con el fin de responder a determinados objetivos, sirviendo a una comunidad de usuarios. Sin esta fuerte convicci\u00f3n en los objetivos y la proyecci\u00f3n al servicio, la colecci\u00f3n permanece inerte y tal vez no podr\u00eda ni siquiera llamarse biblioteca a&hellip;","_links":{"self":[{"href":"https:\/\/biblio1.mdp.edu.ar\/centro-ventas\/wp-json\/wp\/v2\/product\/2820","targetHints":{"allow":["GET"]}}],"collection":[{"href":"https:\/\/biblio1.mdp.edu.ar\/centro-ventas\/wp-json\/wp\/v2\/product"}],"about":[{"href":"https:\/\/biblio1.mdp.edu.ar\/centro-ventas\/wp-json\/wp\/v2\/types\/product"}],"wp:featuredmedia":[{"embeddable":true,"href":"https:\/\/biblio1.mdp.edu.ar\/centro-ventas\/wp-json\/wp\/v2\/media\/2821"}],"wp:attachment":[{"href":"https:\/\/biblio1.mdp.edu.ar\/centro-ventas\/wp-json\/wp\/v2\/media?parent=2820"}],"wp:term":[{"taxonomy":"product_cat","embeddable":true,"href":"https:\/\/biblio1.mdp.edu.ar\/centro-ventas\/wp-json\/wp\/v2\/product_cat?post=2820"},{"taxonomy":"product_tag","embeddable":true,"href":"https:\/\/biblio1.mdp.edu.ar\/centro-ventas\/wp-json\/wp\/v2\/product_tag?post=2820"}],"curies":[{"name":"wp","href":"https:\/\/api.w.org\/{rel}","templated":true}]}}