{"id":2792,"date":"2022-10-26T14:04:26","date_gmt":"2022-10-26T17:04:26","guid":{"rendered":"http:\/\/biblio1.mdp.edu.ar\/centro-ventas\/?post_type=product&#038;p=2792"},"modified":"2024-04-09T17:17:14","modified_gmt":"2024-04-09T20:17:14","slug":"un-poeta-de-los-margenes-federico-garcia-lorca","status":"publish","type":"product","link":"https:\/\/biblio1.mdp.edu.ar\/centro-ventas\/producto\/un-poeta-de-los-margenes-federico-garcia-lorca\/","title":{"rendered":"Un poeta de los m\u00e1rgenes &#8211;  Federico Garc\u00eda Lorca"},"content":{"rendered":"<p>Esta obra es una versi\u00f3n abreviada y revisada de la Tesis de Maestr\u00eda en Letras Hisp\u00e1nicas, presentada por la autora ante la Universidad Nacional de Mar del Plata. Es una investigaci\u00f3n que se centra en la producci\u00f3n po\u00e9tica de Garc\u00eda Lorca, con referencias al resto de su producci\u00f3n, tanto teatral como metatextual. El objetivo es dilucidar c\u00f3mo se articulan en la poes\u00eda lorquiana diferentes voces, dando lugar a una po\u00e9tica que exhibe, cuestiona, enfrenta y armoniza posiciones de poder y de marginalidad tanto social como gen\u00e9rica. Muestra como el poeta recupera las voces silenciadas del gitano ,del negro, del jud\u00edo y del gallego, en tanto minor\u00edas perseguidas y menospreciadas, en Espa\u00f1a y en Am\u00e9rica. En cuanto ala marginalidad gen\u00e9rica, Lorca presenta a un sujeto homoer\u00f3tico que construye una visi\u00f3n del mundo enfrentada a lo quelas normas sociales establecen como l\u00edcito, y donde la mujer se ha convertido en una otredad devaluada.<\/p>\n","protected":false},"excerpt":{"rendered":"<p>Esta obra es una versi\u00f3n abreviada y revisada de la Tesis de Maestr\u00eda en Letras Hisp\u00e1nicas, presentada por la autora ante la Universidad Nacional de Mar del Plata. Es una investigaci\u00f3n que se centra en la producci\u00f3n po\u00e9tica de Garc\u00eda Lorca, con referencias al resto de su producci\u00f3n, tanto teatral como metatextual. El objetivo es [&hellip;]<\/p>\n","protected":false},"featured_media":2793,"template":"","meta":{"_acf_changed":false,"_eb_attr":"","_crdt_document":"","_uag_custom_page_level_css":"","_editorskit_title_hidden":false,"_editorskit_reading_time":0,"_editorskit_is_block_options_detached":false,"_editorskit_block_options_position":"{}","site-sidebar-layout":"default","site-content-layout":"default","ast-site-content-layout":"default","site-content-style":"default","site-sidebar-style":"default","ast-global-header-display":"","ast-banner-title-visibility":"","ast-main-header-display":"","ast-hfb-above-header-display":"","ast-hfb-below-header-display":"","ast-hfb-mobile-header-display":"","site-post-title":"","ast-breadcrumbs-content":"","ast-featured-img":"","footer-sml-layout":"","ast-disable-related-posts":"","theme-transparent-header-meta":"default","adv-header-id-meta":"","stick-header-meta":"","header-above-stick-meta":"","header-main-stick-meta":"","header-below-stick-meta":"","astra-migrate-meta-layouts":"default","ast-page-background-enabled":"default","ast-page-background-meta":{"desktop":{"background-color":"var(--ast-global-color-4)","background-image":"","background-repeat":"repeat","background-position":"center center","background-size":"auto","background-attachment":"scroll","background-type":"","background-media":"","overlay-type":"","overlay-color":"","overlay-opacity":"","overlay-gradient":""},"tablet":{"background-color":"","background-image":"","background-repeat":"repeat","background-position":"center center","background-size":"auto","background-attachment":"scroll","background-type":"","background-media":"","overlay-type":"","overlay-color":"","overlay-opacity":"","overlay-gradient":""},"mobile":{"background-color":"","background-image":"","background-repeat":"repeat","background-position":"center center","background-size":"auto","background-attachment":"scroll","background-type":"","background-media":"","overlay-type":"","overlay-color":"","overlay-opacity":"","overlay-gradient":""}},"ast-content-background-meta":{"desktop":{"background-color":"var(--ast-global-color-5)","background-image":"","background-repeat":"repeat","background-position":"center center","background-size":"auto","background-attachment":"scroll","background-type":"","background-media":"","overlay-type":"","overlay-color":"","overlay-opacity":"","overlay-gradient":""},"tablet":{"background-color":"var(--ast-global-color-5)","background-image":"","background-repeat":"repeat","background-position":"center center","background-size":"auto","background-attachment":"scroll","background-type":"","background-media":"","overlay-type":"","overlay-color":"","overlay-opacity":"","overlay-gradient":""},"mobile":{"background-color":"var(--ast-global-color-5)","background-image":"","background-repeat":"repeat","background-position":"center center","background-size":"auto","background-attachment":"scroll","background-type":"","background-media":"","overlay-type":"","overlay-color":"","overlay-opacity":"","overlay-gradient":""}}},"product_cat":[28],"product_tag":[139],"class_list":{"0":"post-2792","1":"product","2":"type-product","3":"status-publish","4":"has-post-thumbnail","6":"product_cat-libro","7":"product_tag-poesia","8":"desktop-align-left","9":"tablet-align-left","10":"mobile-align-left","12":"first","13":"instock","14":"shipping-taxable","15":"purchasable","16":"product-type-simple"},"acf":[],"uagb_featured_image_src":{"full":["https:\/\/biblio1.mdp.edu.ar\/centro-ventas\/wp-content\/uploads\/sites\/2\/2022\/10\/HERCI-MTI98754310449789875431041.jpg",186,272,false],"thumbnail":["https:\/\/biblio1.mdp.edu.ar\/centro-ventas\/wp-content\/uploads\/sites\/2\/2022\/10\/HERCI-MTI98754310449789875431041.jpg",103,150,false],"medium":["https:\/\/biblio1.mdp.edu.ar\/centro-ventas\/wp-content\/uploads\/sites\/2\/2022\/10\/HERCI-MTI98754310449789875431041.jpg",186,272,false],"medium_large":["https:\/\/biblio1.mdp.edu.ar\/centro-ventas\/wp-content\/uploads\/sites\/2\/2022\/10\/HERCI-MTI98754310449789875431041.jpg",186,272,false],"large":["https:\/\/biblio1.mdp.edu.ar\/centro-ventas\/wp-content\/uploads\/sites\/2\/2022\/10\/HERCI-MTI98754310449789875431041.jpg",186,272,false],"1536x1536":["https:\/\/biblio1.mdp.edu.ar\/centro-ventas\/wp-content\/uploads\/sites\/2\/2022\/10\/HERCI-MTI98754310449789875431041.jpg",186,272,false],"2048x2048":["https:\/\/biblio1.mdp.edu.ar\/centro-ventas\/wp-content\/uploads\/sites\/2\/2022\/10\/HERCI-MTI98754310449789875431041.jpg",186,272,false],"woocommerce_thumbnail":["https:\/\/biblio1.mdp.edu.ar\/centro-ventas\/wp-content\/uploads\/sites\/2\/2022\/10\/HERCI-MTI98754310449789875431041.jpg",186,272,false],"woocommerce_single":["https:\/\/biblio1.mdp.edu.ar\/centro-ventas\/wp-content\/uploads\/sites\/2\/2022\/10\/HERCI-MTI98754310449789875431041.jpg",186,272,false],"woocommerce_gallery_thumbnail":["https:\/\/biblio1.mdp.edu.ar\/centro-ventas\/wp-content\/uploads\/sites\/2\/2022\/10\/HERCI-MTI98754310449789875431041-100x100.jpg",100,100,true]},"uagb_author_info":{"display_name":"Cristina Bernabe","author_link":"https:\/\/biblio1.mdp.edu.ar\/centro-ventas\/author\/"},"uagb_comment_info":0,"uagb_excerpt":"Esta obra es una versi\u00f3n abreviada y revisada de la Tesis de Maestr\u00eda en Letras Hisp\u00e1nicas, presentada por la autora ante la Universidad Nacional de Mar del Plata. Es una investigaci\u00f3n que se centra en la producci\u00f3n po\u00e9tica de Garc\u00eda Lorca, con referencias al resto de su producci\u00f3n, tanto teatral como metatextual. El objetivo es&hellip;","_links":{"self":[{"href":"https:\/\/biblio1.mdp.edu.ar\/centro-ventas\/wp-json\/wp\/v2\/product\/2792","targetHints":{"allow":["GET"]}}],"collection":[{"href":"https:\/\/biblio1.mdp.edu.ar\/centro-ventas\/wp-json\/wp\/v2\/product"}],"about":[{"href":"https:\/\/biblio1.mdp.edu.ar\/centro-ventas\/wp-json\/wp\/v2\/types\/product"}],"wp:featuredmedia":[{"embeddable":true,"href":"https:\/\/biblio1.mdp.edu.ar\/centro-ventas\/wp-json\/wp\/v2\/media\/2793"}],"wp:attachment":[{"href":"https:\/\/biblio1.mdp.edu.ar\/centro-ventas\/wp-json\/wp\/v2\/media?parent=2792"}],"wp:term":[{"taxonomy":"product_cat","embeddable":true,"href":"https:\/\/biblio1.mdp.edu.ar\/centro-ventas\/wp-json\/wp\/v2\/product_cat?post=2792"},{"taxonomy":"product_tag","embeddable":true,"href":"https:\/\/biblio1.mdp.edu.ar\/centro-ventas\/wp-json\/wp\/v2\/product_tag?post=2792"}],"curies":[{"name":"wp","href":"https:\/\/api.w.org\/{rel}","templated":true}]}}