{"id":2788,"date":"2022-10-25T16:22:52","date_gmt":"2022-10-25T19:22:52","guid":{"rendered":"http:\/\/biblio1.mdp.edu.ar\/centro-ventas\/?post_type=product&#038;p=2788"},"modified":"2024-04-09T16:53:06","modified_gmt":"2024-04-09T19:53:06","slug":"teatro-x-5","status":"publish","type":"product","link":"https:\/\/biblio1.mdp.edu.ar\/centro-ventas\/producto\/teatro-x-5\/","title":{"rendered":"Teatro x  5"},"content":{"rendered":"<div id=\"bookDescription_feature_div\" class=\"celwidget\" data-feature-name=\"bookDescription\" data-csa-c-type=\"widget\" data-csa-c-content-id=\"bookDescription\" data-csa-c-slot-id=\"bookDescription_feature_div\" data-csa-c-asin=\"9875431125\" data-csa-c-is-in-initial-active-row=\"false\" data-cel-widget=\"bookDescription_feature_div\" data-csa-c-id=\"2ifwcw-ipor0f-ntjbgg-m6shpu\">\n<div class=\"a-expander-collapsed-height a-row a-expander-container a-spacing-base a-expander-partial-collapse-container\" data-a-expander-name=\"book_description_expander\" data-a-expander-collapsed-height=\"140\">\n<div class=\"a-expander-content a-expander-partial-collapse-content\">Contiene: El sacrificio. La profunda naturaleza del animal.Si toc\u00e1s Calcuta. De las innumerables desencuentros de dos suicidas en una cornisa. Seres de un d\u00eda. Selecci\u00f3n de obrasque testimonian la evoluci\u00f3n que el autor ha experimentado hasta el presente, desde que se iniciara en la escritura dram\u00e1tica, en la d\u00e9cada del 80. Mar\u00e1n fue creador, director y docente de dramaturgia durante los a\u00f1so 88, 89 y 90 del Centro de Investigaciones, Creaci\u00f3n y Producci\u00f3n art\u00edstica. Ha merecido por su trayectoria los premios Lobo de mar y Alfonsina, premio este \u00faltimo de mayor relevancia en la actividad art\u00edstica otorgado por la Municipalidad de Gral. Pueyrred\u00f3n. Actualmente dirige el Centro Cultural Carlos Carrella de Mar del Plata.<\/div>\n<\/div>\n<\/div>\n<div id=\"globalStoreInfoBullets_feature_div\" class=\"celwidget\" data-feature-name=\"globalStoreInfoBullets\" data-csa-c-type=\"widget\" data-csa-c-content-id=\"globalStoreInfoBullets\" data-csa-c-slot-id=\"globalStoreInfoBullets_feature_div\" data-csa-c-asin=\"9875431125\" data-csa-c-is-in-initial-active-row=\"false\" data-cel-widget=\"globalStoreInfoBullets_feature_div\" data-csa-c-id=\"gkxq2t-26l4be-vgb5wc-wsknwg\"><\/div>\n<div id=\"edpIngress_feature_div\" class=\"celwidget\" data-feature-name=\"edpIngress\" data-csa-c-type=\"widget\" data-csa-c-content-id=\"edpIngress\" data-csa-c-slot-id=\"edpIngress_feature_div\" data-csa-c-asin=\"9875431125\" data-csa-c-is-in-initial-active-row=\"false\" data-cel-widget=\"edpIngress_feature_div\" data-csa-c-id=\"lgnjor-5zwk0v-a2e0aw-t36ngr\"><\/div>\n<div id=\"richProductInformation_feature_div\" class=\"celwidget\" data-feature-name=\"richProductInformation\" data-csa-c-type=\"widget\" data-csa-c-content-id=\"richProductInformation\" data-csa-c-slot-id=\"richProductInformation_feature_div\" data-csa-c-asin=\"9875431125\" data-csa-c-is-in-initial-active-row=\"false\" data-cel-widget=\"richProductInformation_feature_div\" data-csa-c-id=\"367hmk-sx1q7e-i4x9rv-z5mrtd\">\n<div id=\"rich_product_information\" class=\"a-section a-spacing-none celwidget\" data-cel-widget=\"rich_product_information\" data-csa-c-id=\"xddv1u-khqc2m-euqmt3-n8780v\"><\/div>\n<\/div>\n","protected":false},"excerpt":{"rendered":"<p>Contiene: El sacrificio. La profunda naturaleza del animal.Si toc\u00e1s Calcuta. De las innumerables desencuentros de dos suicidas en una cornisa. Seres de un d\u00eda. Selecci\u00f3n de obrasque testimonian la evoluci\u00f3n que el autor ha experimentado hasta el presente, desde que se iniciara en la escritura dram\u00e1tica, en la d\u00e9cada del 80. Mar\u00e1n fue creador, director [&hellip;]<\/p>\n","protected":false},"featured_media":2789,"template":"","meta":{"_acf_changed":false,"_eb_attr":"","_crdt_document":"","_uag_custom_page_level_css":"","_editorskit_title_hidden":false,"_editorskit_reading_time":0,"_editorskit_is_block_options_detached":false,"_editorskit_block_options_position":"{}","site-sidebar-layout":"default","site-content-layout":"default","ast-site-content-layout":"default","site-content-style":"default","site-sidebar-style":"default","ast-global-header-display":"","ast-banner-title-visibility":"","ast-main-header-display":"","ast-hfb-above-header-display":"","ast-hfb-below-header-display":"","ast-hfb-mobile-header-display":"","site-post-title":"","ast-breadcrumbs-content":"","ast-featured-img":"","footer-sml-layout":"","ast-disable-related-posts":"","theme-transparent-header-meta":"default","adv-header-id-meta":"","stick-header-meta":"","header-above-stick-meta":"","header-main-stick-meta":"","header-below-stick-meta":"","astra-migrate-meta-layouts":"default","ast-page-background-enabled":"default","ast-page-background-meta":{"desktop":{"background-color":"var(--ast-global-color-4)","background-image":"","background-repeat":"repeat","background-position":"center center","background-size":"auto","background-attachment":"scroll","background-type":"","background-media":"","overlay-type":"","overlay-color":"","overlay-opacity":"","overlay-gradient":""},"tablet":{"background-color":"","background-image":"","background-repeat":"repeat","background-position":"center center","background-size":"auto","background-attachment":"scroll","background-type":"","background-media":"","overlay-type":"","overlay-color":"","overlay-opacity":"","overlay-gradient":""},"mobile":{"background-color":"","background-image":"","background-repeat":"repeat","background-position":"center center","background-size":"auto","background-attachment":"scroll","background-type":"","background-media":"","overlay-type":"","overlay-color":"","overlay-opacity":"","overlay-gradient":""}},"ast-content-background-meta":{"desktop":{"background-color":"var(--ast-global-color-5)","background-image":"","background-repeat":"repeat","background-position":"center center","background-size":"auto","background-attachment":"scroll","background-type":"","background-media":"","overlay-type":"","overlay-color":"","overlay-opacity":"","overlay-gradient":""},"tablet":{"background-color":"var(--ast-global-color-5)","background-image":"","background-repeat":"repeat","background-position":"center center","background-size":"auto","background-attachment":"scroll","background-type":"","background-media":"","overlay-type":"","overlay-color":"","overlay-opacity":"","overlay-gradient":""},"mobile":{"background-color":"var(--ast-global-color-5)","background-image":"","background-repeat":"repeat","background-position":"center center","background-size":"auto","background-attachment":"scroll","background-type":"","background-media":"","overlay-type":"","overlay-color":"","overlay-opacity":"","overlay-gradient":""}}},"product_cat":[28],"product_tag":[166],"class_list":{"0":"post-2788","1":"product","2":"type-product","3":"status-publish","4":"has-post-thumbnail","6":"product_cat-libro","7":"product_tag-teatro","8":"desktop-align-left","9":"tablet-align-left","10":"mobile-align-left","12":"first","13":"instock","14":"shipping-taxable","15":"purchasable","16":"product-type-simple"},"acf":[],"uagb_featured_image_src":{"full":["https:\/\/biblio1.mdp.edu.ar\/centro-ventas\/wp-content\/uploads\/sites\/2\/2022\/10\/D_NQ_NP_22777-MLA20235955132_012015-O.jpg",375,500,false],"thumbnail":["https:\/\/biblio1.mdp.edu.ar\/centro-ventas\/wp-content\/uploads\/sites\/2\/2022\/10\/D_NQ_NP_22777-MLA20235955132_012015-O.jpg",113,150,false],"medium":["https:\/\/biblio1.mdp.edu.ar\/centro-ventas\/wp-content\/uploads\/sites\/2\/2022\/10\/D_NQ_NP_22777-MLA20235955132_012015-O.jpg",225,300,false],"medium_large":["https:\/\/biblio1.mdp.edu.ar\/centro-ventas\/wp-content\/uploads\/sites\/2\/2022\/10\/D_NQ_NP_22777-MLA20235955132_012015-O.jpg",375,500,false],"large":["https:\/\/biblio1.mdp.edu.ar\/centro-ventas\/wp-content\/uploads\/sites\/2\/2022\/10\/D_NQ_NP_22777-MLA20235955132_012015-O.jpg",375,500,false],"1536x1536":["https:\/\/biblio1.mdp.edu.ar\/centro-ventas\/wp-content\/uploads\/sites\/2\/2022\/10\/D_NQ_NP_22777-MLA20235955132_012015-O.jpg",375,500,false],"2048x2048":["https:\/\/biblio1.mdp.edu.ar\/centro-ventas\/wp-content\/uploads\/sites\/2\/2022\/10\/D_NQ_NP_22777-MLA20235955132_012015-O.jpg",375,500,false],"woocommerce_thumbnail":["https:\/\/biblio1.mdp.edu.ar\/centro-ventas\/wp-content\/uploads\/sites\/2\/2022\/10\/D_NQ_NP_22777-MLA20235955132_012015-O.jpg",300,400,false],"woocommerce_single":["https:\/\/biblio1.mdp.edu.ar\/centro-ventas\/wp-content\/uploads\/sites\/2\/2022\/10\/D_NQ_NP_22777-MLA20235955132_012015-O.jpg",375,500,false],"woocommerce_gallery_thumbnail":["https:\/\/biblio1.mdp.edu.ar\/centro-ventas\/wp-content\/uploads\/sites\/2\/2022\/10\/D_NQ_NP_22777-MLA20235955132_012015-O-100x100.jpg",100,100,true]},"uagb_author_info":{"display_name":"Cristina Bernabe","author_link":"https:\/\/biblio1.mdp.edu.ar\/centro-ventas\/author\/"},"uagb_comment_info":0,"uagb_excerpt":"Contiene: El sacrificio. La profunda naturaleza del animal.Si toc\u00e1s Calcuta. De las innumerables desencuentros de dos suicidas en una cornisa. Seres de un d\u00eda. Selecci\u00f3n de obrasque testimonian la evoluci\u00f3n que el autor ha experimentado hasta el presente, desde que se iniciara en la escritura dram\u00e1tica, en la d\u00e9cada del 80. Mar\u00e1n fue creador, director&hellip;","_links":{"self":[{"href":"https:\/\/biblio1.mdp.edu.ar\/centro-ventas\/wp-json\/wp\/v2\/product\/2788","targetHints":{"allow":["GET"]}}],"collection":[{"href":"https:\/\/biblio1.mdp.edu.ar\/centro-ventas\/wp-json\/wp\/v2\/product"}],"about":[{"href":"https:\/\/biblio1.mdp.edu.ar\/centro-ventas\/wp-json\/wp\/v2\/types\/product"}],"wp:featuredmedia":[{"embeddable":true,"href":"https:\/\/biblio1.mdp.edu.ar\/centro-ventas\/wp-json\/wp\/v2\/media\/2789"}],"wp:attachment":[{"href":"https:\/\/biblio1.mdp.edu.ar\/centro-ventas\/wp-json\/wp\/v2\/media?parent=2788"}],"wp:term":[{"taxonomy":"product_cat","embeddable":true,"href":"https:\/\/biblio1.mdp.edu.ar\/centro-ventas\/wp-json\/wp\/v2\/product_cat?post=2788"},{"taxonomy":"product_tag","embeddable":true,"href":"https:\/\/biblio1.mdp.edu.ar\/centro-ventas\/wp-json\/wp\/v2\/product_tag?post=2788"}],"curies":[{"name":"wp","href":"https:\/\/api.w.org\/{rel}","templated":true}]}}