{"id":2784,"date":"2022-10-25T13:56:16","date_gmt":"2022-10-25T16:56:16","guid":{"rendered":"http:\/\/biblio1.mdp.edu.ar\/centro-ventas\/?post_type=product&#038;p=2784"},"modified":"2025-10-16T17:16:06","modified_gmt":"2025-10-16T20:16:06","slug":"la-tierra-tiembla","status":"publish","type":"product","link":"https:\/\/biblio1.mdp.edu.ar\/centro-ventas\/producto\/la-tierra-tiembla\/","title":{"rendered":"La tierra tiembla"},"content":{"rendered":"<p>Pocos meses antes de ser detenido, el periodista desaparecido Enrique Raab busc\u00f3 realizar una secreta proyecci\u00f3n de La tierra tiembla, segunda pel\u00edcula de Luchino Visconti y obra fundamental del neorrealismo italiano. El evento nunca se realiz\u00f3, y constituy\u00f3 un proyecto inconcluso acerca de otro: tampoco Visconti hab\u00eda logrado concretar una obra f\u00edlmica de la cual La tierra tiembla no era m\u00e1s que la primera parte. En la pel\u00edcula, el humilde pescador siciliano `Ntoni Valastro busca liberarse de la explotaci\u00f3n a la que \u00e9l y sus compa\u00f1eros se encuentran sometidos por parte de un grupo de revendedores de pescado. Aislado y golpeado por el destino, tambi\u00e9n `Ntoni fracasa. En estos tres hombres (el personaje de ficci\u00f3n que descubre para siempre qui\u00e9n es, el realizador italiano que acabar\u00eda siendo un referente fundamental del cine y el periodista cuya recuperada obra constituye hoy un ejemplo de compromiso y maestr\u00eda) se dibuja el contorno del \u00abvencido vencedor\u00bb del que hablara el cr\u00edtico italiano Guido Aristarco y, a trav\u00e9s de sus palabras, el gran Gy\u00f6rgy Luk\u00e1cs.<\/p>\n","protected":false},"excerpt":{"rendered":"<p>Pocos meses antes de ser detenido, el periodista desaparecido Enrique Raab busc\u00f3 realizar una secreta proyecci\u00f3n de La tierra tiembla, segunda pel\u00edcula de Luchino Visconti y obra fundamental del neorrealismo italiano. El evento nunca se realiz\u00f3, y constituy\u00f3 un proyecto inconcluso acerca de otro: tampoco Visconti hab\u00eda logrado concretar una obra f\u00edlmica de la cual [&hellip;]<\/p>\n","protected":false},"featured_media":2785,"template":"","meta":{"_acf_changed":false,"_eb_attr":"","_crdt_document":"","_uag_custom_page_level_css":"","_editorskit_title_hidden":false,"_editorskit_reading_time":0,"_editorskit_is_block_options_detached":false,"_editorskit_block_options_position":"{}","site-sidebar-layout":"default","site-content-layout":"default","ast-site-content-layout":"default","site-content-style":"default","site-sidebar-style":"default","ast-global-header-display":"","ast-banner-title-visibility":"","ast-main-header-display":"","ast-hfb-above-header-display":"","ast-hfb-below-header-display":"","ast-hfb-mobile-header-display":"","site-post-title":"","ast-breadcrumbs-content":"","ast-featured-img":"","footer-sml-layout":"","ast-disable-related-posts":"","theme-transparent-header-meta":"default","adv-header-id-meta":"","stick-header-meta":"","header-above-stick-meta":"","header-main-stick-meta":"","header-below-stick-meta":"","astra-migrate-meta-layouts":"default","ast-page-background-enabled":"default","ast-page-background-meta":{"desktop":{"background-color":"var(--ast-global-color-4)","background-image":"","background-repeat":"repeat","background-position":"center center","background-size":"auto","background-attachment":"scroll","background-type":"","background-media":"","overlay-type":"","overlay-color":"","overlay-opacity":"","overlay-gradient":""},"tablet":{"background-color":"","background-image":"","background-repeat":"repeat","background-position":"center center","background-size":"auto","background-attachment":"scroll","background-type":"","background-media":"","overlay-type":"","overlay-color":"","overlay-opacity":"","overlay-gradient":""},"mobile":{"background-color":"","background-image":"","background-repeat":"repeat","background-position":"center center","background-size":"auto","background-attachment":"scroll","background-type":"","background-media":"","overlay-type":"","overlay-color":"","overlay-opacity":"","overlay-gradient":""}},"ast-content-background-meta":{"desktop":{"background-color":"var(--ast-global-color-5)","background-image":"","background-repeat":"repeat","background-position":"center center","background-size":"auto","background-attachment":"scroll","background-type":"","background-media":"","overlay-type":"","overlay-color":"","overlay-opacity":"","overlay-gradient":""},"tablet":{"background-color":"var(--ast-global-color-5)","background-image":"","background-repeat":"repeat","background-position":"center center","background-size":"auto","background-attachment":"scroll","background-type":"","background-media":"","overlay-type":"","overlay-color":"","overlay-opacity":"","overlay-gradient":""},"mobile":{"background-color":"var(--ast-global-color-5)","background-image":"","background-repeat":"repeat","background-position":"center center","background-size":"auto","background-attachment":"scroll","background-type":"","background-media":"","overlay-type":"","overlay-color":"","overlay-opacity":"","overlay-gradient":""}}},"product_cat":[130,28],"product_tag":[237],"class_list":{"0":"post-2784","1":"product","2":"type-product","3":"status-publish","4":"has-post-thumbnail","6":"product_cat-eudeba-libro","7":"product_cat-libro","8":"product_tag-cine","9":"desktop-align-left","10":"tablet-align-left","11":"mobile-align-left","13":"first","14":"instock","15":"shipping-taxable","16":"purchasable","17":"product-type-simple"},"acf":[],"uagb_featured_image_src":{"full":["https:\/\/biblio1.mdp.edu.ar\/centro-ventas\/wp-content\/uploads\/sites\/2\/2022\/10\/latierratiembla.jpg",288,432,false],"thumbnail":["https:\/\/biblio1.mdp.edu.ar\/centro-ventas\/wp-content\/uploads\/sites\/2\/2022\/10\/latierratiembla.jpg",100,150,false],"medium":["https:\/\/biblio1.mdp.edu.ar\/centro-ventas\/wp-content\/uploads\/sites\/2\/2022\/10\/latierratiembla.jpg",200,300,false],"medium_large":["https:\/\/biblio1.mdp.edu.ar\/centro-ventas\/wp-content\/uploads\/sites\/2\/2022\/10\/latierratiembla.jpg",288,432,false],"large":["https:\/\/biblio1.mdp.edu.ar\/centro-ventas\/wp-content\/uploads\/sites\/2\/2022\/10\/latierratiembla.jpg",288,432,false],"1536x1536":["https:\/\/biblio1.mdp.edu.ar\/centro-ventas\/wp-content\/uploads\/sites\/2\/2022\/10\/latierratiembla.jpg",288,432,false],"2048x2048":["https:\/\/biblio1.mdp.edu.ar\/centro-ventas\/wp-content\/uploads\/sites\/2\/2022\/10\/latierratiembla.jpg",288,432,false],"woocommerce_thumbnail":["https:\/\/biblio1.mdp.edu.ar\/centro-ventas\/wp-content\/uploads\/sites\/2\/2022\/10\/latierratiembla.jpg",288,432,false],"woocommerce_single":["https:\/\/biblio1.mdp.edu.ar\/centro-ventas\/wp-content\/uploads\/sites\/2\/2022\/10\/latierratiembla.jpg",288,432,false],"woocommerce_gallery_thumbnail":["https:\/\/biblio1.mdp.edu.ar\/centro-ventas\/wp-content\/uploads\/sites\/2\/2022\/10\/latierratiembla-100x100.jpg",100,100,true]},"uagb_author_info":{"display_name":"Cristina Bernabe","author_link":"https:\/\/biblio1.mdp.edu.ar\/centro-ventas\/author\/"},"uagb_comment_info":0,"uagb_excerpt":"Pocos meses antes de ser detenido, el periodista desaparecido Enrique Raab busc\u00f3 realizar una secreta proyecci\u00f3n de La tierra tiembla, segunda pel\u00edcula de Luchino Visconti y obra fundamental del neorrealismo italiano. El evento nunca se realiz\u00f3, y constituy\u00f3 un proyecto inconcluso acerca de otro: tampoco Visconti hab\u00eda logrado concretar una obra f\u00edlmica de la cual&hellip;","_links":{"self":[{"href":"https:\/\/biblio1.mdp.edu.ar\/centro-ventas\/wp-json\/wp\/v2\/product\/2784","targetHints":{"allow":["GET"]}}],"collection":[{"href":"https:\/\/biblio1.mdp.edu.ar\/centro-ventas\/wp-json\/wp\/v2\/product"}],"about":[{"href":"https:\/\/biblio1.mdp.edu.ar\/centro-ventas\/wp-json\/wp\/v2\/types\/product"}],"wp:featuredmedia":[{"embeddable":true,"href":"https:\/\/biblio1.mdp.edu.ar\/centro-ventas\/wp-json\/wp\/v2\/media\/2785"}],"wp:attachment":[{"href":"https:\/\/biblio1.mdp.edu.ar\/centro-ventas\/wp-json\/wp\/v2\/media?parent=2784"}],"wp:term":[{"taxonomy":"product_cat","embeddable":true,"href":"https:\/\/biblio1.mdp.edu.ar\/centro-ventas\/wp-json\/wp\/v2\/product_cat?post=2784"},{"taxonomy":"product_tag","embeddable":true,"href":"https:\/\/biblio1.mdp.edu.ar\/centro-ventas\/wp-json\/wp\/v2\/product_tag?post=2784"}],"curies":[{"name":"wp","href":"https:\/\/api.w.org\/{rel}","templated":true}]}}