{"id":2770,"date":"2022-10-17T13:22:46","date_gmt":"2022-10-17T16:22:46","guid":{"rendered":"http:\/\/biblio1.mdp.edu.ar\/centro-ventas\/?post_type=product&#038;p=2770"},"modified":"2025-10-16T16:17:09","modified_gmt":"2025-10-16T19:17:09","slug":"antologia-jose-marti","status":"publish","type":"product","link":"https:\/\/biblio1.mdp.edu.ar\/centro-ventas\/producto\/antologia-jose-marti\/","title":{"rendered":"Antolog\u00eda &#8211; Jos\u00e9 Mart\u00ed"},"content":{"rendered":"<p><span style=\"font-size: 16px\">La primera de las obras que ofrecemos en esta antolog\u00eda es el Ismaelillo (1882), quince poemas que abren el surco para el surgimiento de la nueva est\u00e9tica modernista. Su preocupaci\u00f3n por la armon\u00eda de lo natural queda plasmada en los Versos sencillos (1891), nacidos en un contexto pol\u00edtico muy especial. Escritos entre 1878 y 1882 pero publicados luego de su muerte, en los Versos libres \u2013de los que en este volumen brindamos una selecci\u00f3n\u2013 descubrimos al Mart\u00ed m\u00e1s \u00edntimo, m\u00e1s desgarrado. En el ensayo literario-pol\u00edtico Nuestra Am\u00e9rica (1891) encontramos al pensador que se encarga de sistematizar una de sus preocupaciones centrales: la conformaci\u00f3n de una ideolog\u00eda latinoamericana. Tal vez sea el Diario de Campa\u00f1a la obra en donde se puede valorar m\u00e1s integralmente la personalidad de Jos\u00e9 Mart\u00ed. Comenz\u00f3 a escribirlo antes de desembarcar \u2013para luchar por la independencia de su patria\u2013 en Playitas, provincia de Oriente, el 9 de abril de 1895; sus \u00faltimas l\u00edneas fueron redactadas dos d\u00edas antes morir en Dos R\u00edos, el 19 de mayo de 1895.<\/span><\/p>\n<div class=\"\">\n<div id=\"ContentPlaceHolderSubHeader_rptFichaSubtitulo_contenedorTemas_0\" class=\"col-xs-12 menu\">\n<div class=\"temas\">\n<div class=\"row\">\n<section id=\"ContentPlaceHolderContenido_rptFicha_rptAutoresBio_0_autorBio_0_resultadoEnriquecido_0_sectionContainer_0\" class=\"resultado-enriquecido col-md-12 padding-top autor-info\">\n<h2 class=\"clearfix subrayado\"><span class=\"col-xs-9 col-sm-10\">Acerca del autor\u00a0<a id=\"ContentPlaceHolderContenido_rptFicha_rptAutoresBio_0_autorBio_0_resultadoEnriquecido_0_aTitulo_0\" href=\"https:\/\/www.eudeba.com.ar\/resultados.aspx?c=Mart%c3%ad%2c+Jos%c3%a9&amp;aut=263&amp;por=AutorEstricto&amp;orden=fecha\">Jos\u00e9 Mart\u00ed<\/a><\/span><\/h2>\n<div class=\"row collapse in info\">\n<div id=\"ContentPlaceHolderContenido_rptFicha_rptAutoresBio_0_autorBio_0_resultadoEnriquecido_0_textoContainer_0\" class=\"col-xs-12 texto\">Naci\u00f3 en La Habana el 28 de enero de 1853. Su vida fue una aut\u00e9ntica lucha a favor de la libertad en Cuba y para Cuba. Desde su juventud fue simpatizante del levantamiento del 68, lo que le supuso al a\u00f1o siguiente su primer paso por la prisi\u00f3n por conspirador. En 1871 fue desterrado a Espa\u00f1a, donde aprovech\u00f3 para estudiar Filosof\u00eda y Letras y Derecho. En 1875 comenz\u00f3 un periplo de a\u00f1os de constantes viajes a M\u00e9xico (donde se casa el 20 de diciembre con la camag\u00fceyana Carmen Zayas Baz\u00e1n), Guatemala (donde conoci\u00f3 a Mar\u00eda Garc\u00eda Granados, la famosa \u00abNi\u00f1a de Guatemala\u00bb de sus Versos sencillos) y Nueva York, tras el que regres\u00f3 temporalmente a Cuba en 1878. Trabaj\u00f3 all\u00ed como profesor, pero sin abandonar su constante preocupaci\u00f3n pol\u00edtica. En 1880 se establece como periodista en Nueva York, donde comenz\u00f3 a contactar con militares cubanos, como el general Calixto Garc\u00eda, y donde entr\u00f3 a formar parte como presidente del Comit\u00e9 Revolucionario Cubano.<\/div>\n<\/div>\n<\/section>\n<\/div>\n<\/div>\n<\/div>\n<\/div>\n<div class=\"\"><\/div>\n","protected":false},"excerpt":{"rendered":"<p>La primera de las obras que ofrecemos en esta antolog\u00eda es el Ismaelillo (1882), quince poemas que abren el surco para el surgimiento de la nueva est\u00e9tica modernista. Su preocupaci\u00f3n por la armon\u00eda de lo natural queda plasmada en los Versos sencillos (1891), nacidos en un contexto pol\u00edtico muy especial. Escritos entre 1878 y 1882 [&hellip;]<\/p>\n","protected":false},"featured_media":2771,"template":"","meta":{"_acf_changed":false,"_eb_attr":"","_crdt_document":"","_uag_custom_page_level_css":"","_editorskit_title_hidden":false,"_editorskit_reading_time":0,"_editorskit_is_block_options_detached":false,"_editorskit_block_options_position":"{}","site-sidebar-layout":"default","site-content-layout":"default","ast-site-content-layout":"default","site-content-style":"default","site-sidebar-style":"default","ast-global-header-display":"","ast-banner-title-visibility":"","ast-main-header-display":"","ast-hfb-above-header-display":"","ast-hfb-below-header-display":"","ast-hfb-mobile-header-display":"","site-post-title":"","ast-breadcrumbs-content":"","ast-featured-img":"","footer-sml-layout":"","ast-disable-related-posts":"","theme-transparent-header-meta":"default","adv-header-id-meta":"","stick-header-meta":"","header-above-stick-meta":"","header-main-stick-meta":"","header-below-stick-meta":"","astra-migrate-meta-layouts":"default","ast-page-background-enabled":"default","ast-page-background-meta":{"desktop":{"background-color":"var(--ast-global-color-4)","background-image":"","background-repeat":"repeat","background-position":"center center","background-size":"auto","background-attachment":"scroll","background-type":"","background-media":"","overlay-type":"","overlay-color":"","overlay-opacity":"","overlay-gradient":""},"tablet":{"background-color":"","background-image":"","background-repeat":"repeat","background-position":"center center","background-size":"auto","background-attachment":"scroll","background-type":"","background-media":"","overlay-type":"","overlay-color":"","overlay-opacity":"","overlay-gradient":""},"mobile":{"background-color":"","background-image":"","background-repeat":"repeat","background-position":"center center","background-size":"auto","background-attachment":"scroll","background-type":"","background-media":"","overlay-type":"","overlay-color":"","overlay-opacity":"","overlay-gradient":""}},"ast-content-background-meta":{"desktop":{"background-color":"var(--ast-global-color-5)","background-image":"","background-repeat":"repeat","background-position":"center center","background-size":"auto","background-attachment":"scroll","background-type":"","background-media":"","overlay-type":"","overlay-color":"","overlay-opacity":"","overlay-gradient":""},"tablet":{"background-color":"var(--ast-global-color-5)","background-image":"","background-repeat":"repeat","background-position":"center center","background-size":"auto","background-attachment":"scroll","background-type":"","background-media":"","overlay-type":"","overlay-color":"","overlay-opacity":"","overlay-gradient":""},"mobile":{"background-color":"var(--ast-global-color-5)","background-image":"","background-repeat":"repeat","background-position":"center center","background-size":"auto","background-attachment":"scroll","background-type":"","background-media":"","overlay-type":"","overlay-color":"","overlay-opacity":"","overlay-gradient":""}}},"product_cat":[130,28],"product_tag":[236,139],"class_list":{"0":"post-2770","1":"product","2":"type-product","3":"status-publish","4":"has-post-thumbnail","6":"product_cat-eudeba-libro","7":"product_cat-libro","8":"product_tag-cuba","9":"product_tag-poesia","10":"desktop-align-left","11":"tablet-align-left","12":"mobile-align-left","14":"first","15":"instock","16":"shipping-taxable","17":"purchasable","18":"product-type-simple"},"acf":[],"uagb_featured_image_src":{"full":["https:\/\/biblio1.mdp.edu.ar\/centro-ventas\/wp-content\/uploads\/sites\/2\/2022\/10\/9789502313467.jpg",288,418,false],"thumbnail":["https:\/\/biblio1.mdp.edu.ar\/centro-ventas\/wp-content\/uploads\/sites\/2\/2022\/10\/9789502313467.jpg",103,150,false],"medium":["https:\/\/biblio1.mdp.edu.ar\/centro-ventas\/wp-content\/uploads\/sites\/2\/2022\/10\/9789502313467.jpg",207,300,false],"medium_large":["https:\/\/biblio1.mdp.edu.ar\/centro-ventas\/wp-content\/uploads\/sites\/2\/2022\/10\/9789502313467.jpg",288,418,false],"large":["https:\/\/biblio1.mdp.edu.ar\/centro-ventas\/wp-content\/uploads\/sites\/2\/2022\/10\/9789502313467.jpg",288,418,false],"1536x1536":["https:\/\/biblio1.mdp.edu.ar\/centro-ventas\/wp-content\/uploads\/sites\/2\/2022\/10\/9789502313467.jpg",288,418,false],"2048x2048":["https:\/\/biblio1.mdp.edu.ar\/centro-ventas\/wp-content\/uploads\/sites\/2\/2022\/10\/9789502313467.jpg",288,418,false],"woocommerce_thumbnail":["https:\/\/biblio1.mdp.edu.ar\/centro-ventas\/wp-content\/uploads\/sites\/2\/2022\/10\/9789502313467.jpg",288,418,false],"woocommerce_single":["https:\/\/biblio1.mdp.edu.ar\/centro-ventas\/wp-content\/uploads\/sites\/2\/2022\/10\/9789502313467.jpg",288,418,false],"woocommerce_gallery_thumbnail":["https:\/\/biblio1.mdp.edu.ar\/centro-ventas\/wp-content\/uploads\/sites\/2\/2022\/10\/9789502313467-100x100.jpg",100,100,true]},"uagb_author_info":{"display_name":"Cristina Bernabe","author_link":"https:\/\/biblio1.mdp.edu.ar\/centro-ventas\/author\/"},"uagb_comment_info":0,"uagb_excerpt":"La primera de las obras que ofrecemos en esta antolog\u00eda es el Ismaelillo (1882), quince poemas que abren el surco para el surgimiento de la nueva est\u00e9tica modernista. Su preocupaci\u00f3n por la armon\u00eda de lo natural queda plasmada en los Versos sencillos (1891), nacidos en un contexto pol\u00edtico muy especial. Escritos entre 1878 y 1882&hellip;","_links":{"self":[{"href":"https:\/\/biblio1.mdp.edu.ar\/centro-ventas\/wp-json\/wp\/v2\/product\/2770","targetHints":{"allow":["GET"]}}],"collection":[{"href":"https:\/\/biblio1.mdp.edu.ar\/centro-ventas\/wp-json\/wp\/v2\/product"}],"about":[{"href":"https:\/\/biblio1.mdp.edu.ar\/centro-ventas\/wp-json\/wp\/v2\/types\/product"}],"wp:featuredmedia":[{"embeddable":true,"href":"https:\/\/biblio1.mdp.edu.ar\/centro-ventas\/wp-json\/wp\/v2\/media\/2771"}],"wp:attachment":[{"href":"https:\/\/biblio1.mdp.edu.ar\/centro-ventas\/wp-json\/wp\/v2\/media?parent=2770"}],"wp:term":[{"taxonomy":"product_cat","embeddable":true,"href":"https:\/\/biblio1.mdp.edu.ar\/centro-ventas\/wp-json\/wp\/v2\/product_cat?post=2770"},{"taxonomy":"product_tag","embeddable":true,"href":"https:\/\/biblio1.mdp.edu.ar\/centro-ventas\/wp-json\/wp\/v2\/product_tag?post=2770"}],"curies":[{"name":"wp","href":"https:\/\/api.w.org\/{rel}","templated":true}]}}