{"id":2762,"date":"2022-10-14T13:51:37","date_gmt":"2022-10-14T16:51:37","guid":{"rendered":"http:\/\/biblio1.mdp.edu.ar\/centro-ventas\/?post_type=product&#038;p=2762"},"modified":"2025-10-16T16:12:45","modified_gmt":"2025-10-16T19:12:45","slug":"adolescencia-y-juventud-n-consideraciones-desde-el-psicoanalisis","status":"publish","type":"product","link":"https:\/\/biblio1.mdp.edu.ar\/centro-ventas\/producto\/adolescencia-y-juventud-n-consideraciones-desde-el-psicoanalisis\/","title":{"rendered":"Adolescencia y juventud &#8211; Consideraciones desde el psicoan\u00e1lisis"},"content":{"rendered":"<div class=\"\">\n<div class=\"col-md-12 titulo\">\n<h4 id=\"ContentPlaceHolderSubHeader_rptFichaSubtitulo_prop_subtitle_0\"><span style=\"font-size: 16px\">Indagar sobre la complejidad de un determinado sujeto exige desde el comienzo una definici\u00f3n precisa de c\u00f3mo se lo concibe y se lo entiende. En este caso, el an\u00e1lisis de la tem\u00e1tica de la adolescencia es planteado desde su origen a partir de una pregunta simple y elemental pero no por ello de f\u00e1cil respuesta: \u00bfcu\u00e1l es el adolescente del psicoan\u00e1lisis? Desde una perspectiva que supone la superaci\u00f3n del criterio cronol\u00f3gico como par\u00e1metro de caracterizaci\u00f3n, este libro trabaja en profundidad los fen\u00f3menos de la Adolescencia y la Juventud a trav\u00e9s de la articulaci\u00f3n de conceptos fundamentales del Psicoan\u00e1lisis (Freud y Lacan) pero sin dejar de recurrir a perspectivas acu\u00f1adas en otras disciplinas que sirven para comprender mejor qu\u00e9 condiciones e influencias determinan la subjetividad en la modernidad actual.<\/span><\/h4>\n<\/div>\n<\/div>\n","protected":false},"excerpt":{"rendered":"<p>Indagar sobre la complejidad de un determinado sujeto exige desde el comienzo una definici\u00f3n precisa de c\u00f3mo se lo concibe y se lo entiende. En este caso, el an\u00e1lisis de la tem\u00e1tica de la adolescencia es planteado desde su origen a partir de una pregunta simple y elemental pero no por ello de f\u00e1cil respuesta: [&hellip;]<\/p>\n","protected":false},"featured_media":2763,"template":"","meta":{"_acf_changed":false,"_eb_attr":"","_crdt_document":"","_uag_custom_page_level_css":"","_editorskit_title_hidden":false,"_editorskit_reading_time":0,"_editorskit_is_block_options_detached":false,"_editorskit_block_options_position":"{}","site-sidebar-layout":"default","site-content-layout":"default","ast-site-content-layout":"default","site-content-style":"default","site-sidebar-style":"default","ast-global-header-display":"","ast-banner-title-visibility":"","ast-main-header-display":"","ast-hfb-above-header-display":"","ast-hfb-below-header-display":"","ast-hfb-mobile-header-display":"","site-post-title":"","ast-breadcrumbs-content":"","ast-featured-img":"","footer-sml-layout":"","ast-disable-related-posts":"","theme-transparent-header-meta":"default","adv-header-id-meta":"","stick-header-meta":"","header-above-stick-meta":"","header-main-stick-meta":"","header-below-stick-meta":"","astra-migrate-meta-layouts":"default","ast-page-background-enabled":"default","ast-page-background-meta":{"desktop":{"background-color":"var(--ast-global-color-4)","background-image":"","background-repeat":"repeat","background-position":"center center","background-size":"auto","background-attachment":"scroll","background-type":"","background-media":"","overlay-type":"","overlay-color":"","overlay-opacity":"","overlay-gradient":""},"tablet":{"background-color":"","background-image":"","background-repeat":"repeat","background-position":"center center","background-size":"auto","background-attachment":"scroll","background-type":"","background-media":"","overlay-type":"","overlay-color":"","overlay-opacity":"","overlay-gradient":""},"mobile":{"background-color":"","background-image":"","background-repeat":"repeat","background-position":"center center","background-size":"auto","background-attachment":"scroll","background-type":"","background-media":"","overlay-type":"","overlay-color":"","overlay-opacity":"","overlay-gradient":""}},"ast-content-background-meta":{"desktop":{"background-color":"var(--ast-global-color-5)","background-image":"","background-repeat":"repeat","background-position":"center center","background-size":"auto","background-attachment":"scroll","background-type":"","background-media":"","overlay-type":"","overlay-color":"","overlay-opacity":"","overlay-gradient":""},"tablet":{"background-color":"var(--ast-global-color-5)","background-image":"","background-repeat":"repeat","background-position":"center center","background-size":"auto","background-attachment":"scroll","background-type":"","background-media":"","overlay-type":"","overlay-color":"","overlay-opacity":"","overlay-gradient":""},"mobile":{"background-color":"var(--ast-global-color-5)","background-image":"","background-repeat":"repeat","background-position":"center center","background-size":"auto","background-attachment":"scroll","background-type":"","background-media":"","overlay-type":"","overlay-color":"","overlay-opacity":"","overlay-gradient":""}}},"product_cat":[130,28],"product_tag":[188,70],"class_list":{"0":"post-2762","1":"product","2":"type-product","3":"status-publish","4":"has-post-thumbnail","6":"product_cat-eudeba-libro","7":"product_cat-libro","8":"product_tag-adolescencia","9":"product_tag-psicologia","10":"desktop-align-left","11":"tablet-align-left","12":"mobile-align-left","14":"first","15":"instock","16":"shipping-taxable","17":"purchasable","18":"product-type-simple"},"acf":[],"uagb_featured_image_src":{"full":["https:\/\/biblio1.mdp.edu.ar\/centro-ventas\/wp-content\/uploads\/sites\/2\/2022\/10\/9789502317748.jpg",175,282,false],"thumbnail":["https:\/\/biblio1.mdp.edu.ar\/centro-ventas\/wp-content\/uploads\/sites\/2\/2022\/10\/9789502317748.jpg",93,150,false],"medium":["https:\/\/biblio1.mdp.edu.ar\/centro-ventas\/wp-content\/uploads\/sites\/2\/2022\/10\/9789502317748.jpg",175,282,false],"medium_large":["https:\/\/biblio1.mdp.edu.ar\/centro-ventas\/wp-content\/uploads\/sites\/2\/2022\/10\/9789502317748.jpg",175,282,false],"large":["https:\/\/biblio1.mdp.edu.ar\/centro-ventas\/wp-content\/uploads\/sites\/2\/2022\/10\/9789502317748.jpg",175,282,false],"1536x1536":["https:\/\/biblio1.mdp.edu.ar\/centro-ventas\/wp-content\/uploads\/sites\/2\/2022\/10\/9789502317748.jpg",175,282,false],"2048x2048":["https:\/\/biblio1.mdp.edu.ar\/centro-ventas\/wp-content\/uploads\/sites\/2\/2022\/10\/9789502317748.jpg",175,282,false],"woocommerce_thumbnail":["https:\/\/biblio1.mdp.edu.ar\/centro-ventas\/wp-content\/uploads\/sites\/2\/2022\/10\/9789502317748.jpg",175,282,false],"woocommerce_single":["https:\/\/biblio1.mdp.edu.ar\/centro-ventas\/wp-content\/uploads\/sites\/2\/2022\/10\/9789502317748.jpg",175,282,false],"woocommerce_gallery_thumbnail":["https:\/\/biblio1.mdp.edu.ar\/centro-ventas\/wp-content\/uploads\/sites\/2\/2022\/10\/9789502317748-100x100.jpg",100,100,true]},"uagb_author_info":{"display_name":"Cristina Bernabe","author_link":"https:\/\/biblio1.mdp.edu.ar\/centro-ventas\/author\/"},"uagb_comment_info":0,"uagb_excerpt":"Indagar sobre la complejidad de un determinado sujeto exige desde el comienzo una definici\u00f3n precisa de c\u00f3mo se lo concibe y se lo entiende. En este caso, el an\u00e1lisis de la tem\u00e1tica de la adolescencia es planteado desde su origen a partir de una pregunta simple y elemental pero no por ello de f\u00e1cil respuesta:&hellip;","_links":{"self":[{"href":"https:\/\/biblio1.mdp.edu.ar\/centro-ventas\/wp-json\/wp\/v2\/product\/2762","targetHints":{"allow":["GET"]}}],"collection":[{"href":"https:\/\/biblio1.mdp.edu.ar\/centro-ventas\/wp-json\/wp\/v2\/product"}],"about":[{"href":"https:\/\/biblio1.mdp.edu.ar\/centro-ventas\/wp-json\/wp\/v2\/types\/product"}],"wp:featuredmedia":[{"embeddable":true,"href":"https:\/\/biblio1.mdp.edu.ar\/centro-ventas\/wp-json\/wp\/v2\/media\/2763"}],"wp:attachment":[{"href":"https:\/\/biblio1.mdp.edu.ar\/centro-ventas\/wp-json\/wp\/v2\/media?parent=2762"}],"wp:term":[{"taxonomy":"product_cat","embeddable":true,"href":"https:\/\/biblio1.mdp.edu.ar\/centro-ventas\/wp-json\/wp\/v2\/product_cat?post=2762"},{"taxonomy":"product_tag","embeddable":true,"href":"https:\/\/biblio1.mdp.edu.ar\/centro-ventas\/wp-json\/wp\/v2\/product_tag?post=2762"}],"curies":[{"name":"wp","href":"https:\/\/api.w.org\/{rel}","templated":true}]}}