{"id":2748,"date":"2022-09-29T15:08:28","date_gmt":"2022-09-29T18:08:28","guid":{"rendered":"http:\/\/biblio1.mdp.edu.ar\/centro-ventas\/?post_type=product&#038;p=2748"},"modified":"2025-09-01T18:19:57","modified_gmt":"2025-09-01T21:19:57","slug":"introduccion-a-la-bibliotecologia","status":"publish","type":"product","link":"https:\/\/biblio1.mdp.edu.ar\/centro-ventas\/producto\/introduccion-a-la-bibliotecologia\/","title":{"rendered":"Introducci\u00f3n a la bibliotecolog\u00eda"},"content":{"rendered":"<p>La profesora Rosa Monfasani, una de las profesionales m\u00e1s destacadas de la bibliotecolog\u00eda argentina actual, lleva adelante en este nuevo libro una empresa muy ambiciosa: la de compendiar en un solo volumen todas las \u00e1reas que constituyen la ciencia de la bibliotecolog\u00eda, intercalando categor\u00edas tradicionales, datos actuales y reflexiones llenas de sentido pr\u00e1ctico. Esta articulaci\u00f3n de contenidos hace que el libro sea de consulta extremadamente provechosa tanto para quienes se inician en el mundo de las bibliotecas como para los que llevan a\u00f1os trabajando en ellas. Es sabido que siempre es bueno volver a las fuentes y revisar el modo en que trabajamos. Y este libro propone hacerlo desde una mirada aggiornada, que busca rescatar lo esencial y articular lo imprescindible del pasado y del presente. Una caracter\u00edstica atractiva de la obra es su car\u00e1cter comprensivo. No cabe duda que ser\u00e1 de gran ayuda para quien deba organizar bibliotecas de todo tipo, ya sea escolar, popular, p\u00fablica o universitaria. El desaf\u00edo es doblemente dif\u00edcil si consideramos que estamos en una \u00e9poca de cambios vertiginosos en las tecnolog\u00edas de la informaci\u00f3n, que impactan dr\u00e1sticamente en las conductas humanas, las relaciones sociales, los h\u00e1bitos de estudio y los estilos de vida. Fragmento del pr\u00f3logo de Soledad Lago. Rosa Monfasani.<\/p>\n","protected":false},"excerpt":{"rendered":"<p>La profesora Rosa Monfasani, una de las profesionales m\u00e1s destacadas de la bibliotecolog\u00eda argentina actual, lleva adelante en este nuevo libro una empresa muy ambiciosa: la de compendiar en un solo volumen todas las \u00e1reas que constituyen la ciencia de la bibliotecolog\u00eda, intercalando categor\u00edas tradicionales, datos actuales y reflexiones llenas de sentido pr\u00e1ctico. Esta articulaci\u00f3n [&hellip;]<\/p>\n","protected":false},"featured_media":2749,"template":"","meta":{"_acf_changed":false,"_eb_attr":"","_crdt_document":"","_uag_custom_page_level_css":"","_editorskit_title_hidden":false,"_editorskit_reading_time":0,"_editorskit_is_block_options_detached":false,"_editorskit_block_options_position":"{}","site-sidebar-layout":"default","site-content-layout":"default","ast-site-content-layout":"default","site-content-style":"default","site-sidebar-style":"default","ast-global-header-display":"","ast-banner-title-visibility":"","ast-main-header-display":"","ast-hfb-above-header-display":"","ast-hfb-below-header-display":"","ast-hfb-mobile-header-display":"","site-post-title":"","ast-breadcrumbs-content":"","ast-featured-img":"","footer-sml-layout":"","ast-disable-related-posts":"","theme-transparent-header-meta":"default","adv-header-id-meta":"","stick-header-meta":"","header-above-stick-meta":"","header-main-stick-meta":"","header-below-stick-meta":"","astra-migrate-meta-layouts":"default","ast-page-background-enabled":"default","ast-page-background-meta":{"desktop":{"background-color":"var(--ast-global-color-4)","background-image":"","background-repeat":"repeat","background-position":"center center","background-size":"auto","background-attachment":"scroll","background-type":"","background-media":"","overlay-type":"","overlay-color":"","overlay-opacity":"","overlay-gradient":""},"tablet":{"background-color":"","background-image":"","background-repeat":"repeat","background-position":"center center","background-size":"auto","background-attachment":"scroll","background-type":"","background-media":"","overlay-type":"","overlay-color":"","overlay-opacity":"","overlay-gradient":""},"mobile":{"background-color":"","background-image":"","background-repeat":"repeat","background-position":"center center","background-size":"auto","background-attachment":"scroll","background-type":"","background-media":"","overlay-type":"","overlay-color":"","overlay-opacity":"","overlay-gradient":""}},"ast-content-background-meta":{"desktop":{"background-color":"var(--ast-global-color-5)","background-image":"","background-repeat":"repeat","background-position":"center center","background-size":"auto","background-attachment":"scroll","background-type":"","background-media":"","overlay-type":"","overlay-color":"","overlay-opacity":"","overlay-gradient":""},"tablet":{"background-color":"var(--ast-global-color-5)","background-image":"","background-repeat":"repeat","background-position":"center center","background-size":"auto","background-attachment":"scroll","background-type":"","background-media":"","overlay-type":"","overlay-color":"","overlay-opacity":"","overlay-gradient":""},"mobile":{"background-color":"var(--ast-global-color-5)","background-image":"","background-repeat":"repeat","background-position":"center center","background-size":"auto","background-attachment":"scroll","background-type":"","background-media":"","overlay-type":"","overlay-color":"","overlay-opacity":"","overlay-gradient":""}}},"product_cat":[74,28],"product_tag":[84],"class_list":{"0":"post-2748","1":"product","2":"type-product","3":"status-publish","4":"has-post-thumbnail","6":"product_cat-alfagrama","7":"product_cat-libro","8":"product_tag-bibliotecologia","9":"desktop-align-left","10":"tablet-align-left","11":"mobile-align-left","13":"first","14":"instock","15":"shipping-taxable","16":"purchasable","17":"product-type-simple"},"acf":[],"uagb_featured_image_src":{"full":["https:\/\/biblio1.mdp.edu.ar\/centro-ventas\/wp-content\/uploads\/sites\/2\/2022\/09\/Introduccion-a-la-bibliotecologia-330x452-1.jpg",330,452,false],"thumbnail":["https:\/\/biblio1.mdp.edu.ar\/centro-ventas\/wp-content\/uploads\/sites\/2\/2022\/09\/Introduccion-a-la-bibliotecologia-330x452-1.jpg",110,150,false],"medium":["https:\/\/biblio1.mdp.edu.ar\/centro-ventas\/wp-content\/uploads\/sites\/2\/2022\/09\/Introduccion-a-la-bibliotecologia-330x452-1.jpg",219,300,false],"medium_large":["https:\/\/biblio1.mdp.edu.ar\/centro-ventas\/wp-content\/uploads\/sites\/2\/2022\/09\/Introduccion-a-la-bibliotecologia-330x452-1.jpg",330,452,false],"large":["https:\/\/biblio1.mdp.edu.ar\/centro-ventas\/wp-content\/uploads\/sites\/2\/2022\/09\/Introduccion-a-la-bibliotecologia-330x452-1.jpg",330,452,false],"1536x1536":["https:\/\/biblio1.mdp.edu.ar\/centro-ventas\/wp-content\/uploads\/sites\/2\/2022\/09\/Introduccion-a-la-bibliotecologia-330x452-1.jpg",330,452,false],"2048x2048":["https:\/\/biblio1.mdp.edu.ar\/centro-ventas\/wp-content\/uploads\/sites\/2\/2022\/09\/Introduccion-a-la-bibliotecologia-330x452-1.jpg",330,452,false],"woocommerce_thumbnail":["https:\/\/biblio1.mdp.edu.ar\/centro-ventas\/wp-content\/uploads\/sites\/2\/2022\/09\/Introduccion-a-la-bibliotecologia-330x452-1.jpg",300,411,false],"woocommerce_single":["https:\/\/biblio1.mdp.edu.ar\/centro-ventas\/wp-content\/uploads\/sites\/2\/2022\/09\/Introduccion-a-la-bibliotecologia-330x452-1.jpg",330,452,false],"woocommerce_gallery_thumbnail":["https:\/\/biblio1.mdp.edu.ar\/centro-ventas\/wp-content\/uploads\/sites\/2\/2022\/09\/Introduccion-a-la-bibliotecologia-330x452-1-100x100.jpg",100,100,true]},"uagb_author_info":{"display_name":"Cristina Bernabe","author_link":"https:\/\/biblio1.mdp.edu.ar\/centro-ventas\/author\/"},"uagb_comment_info":0,"uagb_excerpt":"La profesora Rosa Monfasani, una de las profesionales m\u00e1s destacadas de la bibliotecolog\u00eda argentina actual, lleva adelante en este nuevo libro una empresa muy ambiciosa: la de compendiar en un solo volumen todas las \u00e1reas que constituyen la ciencia de la bibliotecolog\u00eda, intercalando categor\u00edas tradicionales, datos actuales y reflexiones llenas de sentido pr\u00e1ctico. Esta articulaci\u00f3n&hellip;","_links":{"self":[{"href":"https:\/\/biblio1.mdp.edu.ar\/centro-ventas\/wp-json\/wp\/v2\/product\/2748","targetHints":{"allow":["GET"]}}],"collection":[{"href":"https:\/\/biblio1.mdp.edu.ar\/centro-ventas\/wp-json\/wp\/v2\/product"}],"about":[{"href":"https:\/\/biblio1.mdp.edu.ar\/centro-ventas\/wp-json\/wp\/v2\/types\/product"}],"wp:featuredmedia":[{"embeddable":true,"href":"https:\/\/biblio1.mdp.edu.ar\/centro-ventas\/wp-json\/wp\/v2\/media\/2749"}],"wp:attachment":[{"href":"https:\/\/biblio1.mdp.edu.ar\/centro-ventas\/wp-json\/wp\/v2\/media?parent=2748"}],"wp:term":[{"taxonomy":"product_cat","embeddable":true,"href":"https:\/\/biblio1.mdp.edu.ar\/centro-ventas\/wp-json\/wp\/v2\/product_cat?post=2748"},{"taxonomy":"product_tag","embeddable":true,"href":"https:\/\/biblio1.mdp.edu.ar\/centro-ventas\/wp-json\/wp\/v2\/product_tag?post=2748"}],"curies":[{"name":"wp","href":"https:\/\/api.w.org\/{rel}","templated":true}]}}