{"id":2745,"date":"2022-09-20T18:02:25","date_gmt":"2022-09-20T21:02:25","guid":{"rendered":"http:\/\/biblio1.mdp.edu.ar\/centro-ventas\/?post_type=product&#038;p=2745"},"modified":"2025-09-01T18:17:53","modified_gmt":"2025-09-01T21:17:53","slug":"gestion-de-la-produccion-y-comunicacion-cientifica","status":"publish","type":"product","link":"https:\/\/biblio1.mdp.edu.ar\/centro-ventas\/producto\/gestion-de-la-produccion-y-comunicacion-cientifica\/","title":{"rendered":"Gesti\u00f3n de la producci\u00f3n y comunicaci\u00f3n cient\u00edfica"},"content":{"rendered":"<p>Este libro redefine el rol y competencias de los profesionales de la informaci\u00f3n como gestores de la producci\u00f3n y comunicaci\u00f3n cient\u00edfica. Presenta las herramientas, productos y recursos que las universidades e instituciones de investigaci\u00f3n (instituciones de conocimiento) necesitan para adquirir y desarrollar una cultura cient\u00edfica; un \u00e1rea que define su competitividad internacional. Se destaca la importancia de los profesionales de la informaci\u00f3n como gestores de la producci\u00f3n y comunicaci\u00f3n cient\u00edfica en tales instituciones. Su contenido es ideal para los profesionales de la informaci\u00f3n y estudiantes de \u00e1reas relacionadas que est\u00e9n interesados en la producci\u00f3n y comunicaci\u00f3n cient\u00edfica como \u00e1reas de trabajo. Los investigadores\u00bb profesores y directivos implicados en procesos de generaci\u00f3n de conocimiento tambi\u00e9n encontrar\u00e1n ideas \u00fatiles para permitir que sus instituciones y recurso humano avancen en esta \u00e1rea y sean competitivos en esta vital actividad de la econom\u00eda del conocimiento. Los puntos clave analizados en este libro son: la idea que los profesionales de la informaci\u00f3n son los profesionales ideales para apoyar la producci\u00f3n y comunicaci\u00f3n cient\u00edfica; provee una necesaria gu\u00eda para desarrollar una cultura cient\u00edfica institucional que sea capaz de producir documentos cient\u00edficos, patentes, innovaci\u00f3n y elementos de valor para la sociedad, los cuales son elementos usados para medir y evaluar la competitividad de la instituci\u00f3n; Identifica las competencias necesarias para los profesionales de la informaci\u00f3n participantes en actividades de producci\u00f3n y comunicaci\u00f3n cient\u00edfica; y redefine el perfil de tales profesionales de la informaci\u00f3n, identificando su nuevo conjunto de competencias como una oportunidad laboral. La participaci\u00f3n de los profesionales de la informaci\u00f3n en la producci\u00f3n y comunicaci\u00f3n cient\u00edfica puede representar una tendencia innovadora dentro de su ejercicio cotidiano, adem\u00e1s demanda el desarrollo de competencias especiales y una consciencia de c\u00f3mo aprovechar y fortalecer diversos aspectos disponibles, como por ejemplo: infraestructura tecnol\u00f3gica, adopci\u00f3n de enfoques metodol\u00f3gicos adecuados al trabajo cient\u00edfico, b\u00fasqueda del valor agregado a las acciones que se desarrollen, formulaci\u00f3n de productos de conocimiento y desarrollo de una educaci\u00f3n permanente. Esto resulta en imaginar profesionales de la informaci\u00f3n capaces de contribuir al desarrollo de la cultura cient\u00edfica y la competitividad cient\u00edfica de sus instituciones. Javier Tarango; J. D. Machin Mastromatteo; J. R. Romo Gonz\u00e1lez 9789871305988\u00a0\u00a0\u00a0\u00a0 Coeditado con la Universidad Aut\u00f3noma de Chihuahua<\/p>\n","protected":false},"excerpt":{"rendered":"<p>Este libro redefine el rol y competencias de los profesionales de la informaci\u00f3n como gestores de la producci\u00f3n y comunicaci\u00f3n cient\u00edfica. Presenta las herramientas, productos y recursos que las universidades e instituciones de investigaci\u00f3n (instituciones de conocimiento) necesitan para adquirir y desarrollar una cultura cient\u00edfica; un \u00e1rea que define su competitividad internacional. Se destaca la [&hellip;]<\/p>\n","protected":false},"featured_media":2746,"template":"","meta":{"_acf_changed":false,"_eb_attr":"","_crdt_document":"","_uag_custom_page_level_css":"","_editorskit_title_hidden":false,"_editorskit_reading_time":0,"_editorskit_is_block_options_detached":false,"_editorskit_block_options_position":"{}","site-sidebar-layout":"default","site-content-layout":"default","ast-site-content-layout":"default","site-content-style":"default","site-sidebar-style":"default","ast-global-header-display":"","ast-banner-title-visibility":"","ast-main-header-display":"","ast-hfb-above-header-display":"","ast-hfb-below-header-display":"","ast-hfb-mobile-header-display":"","site-post-title":"","ast-breadcrumbs-content":"","ast-featured-img":"","footer-sml-layout":"","ast-disable-related-posts":"","theme-transparent-header-meta":"default","adv-header-id-meta":"","stick-header-meta":"","header-above-stick-meta":"","header-main-stick-meta":"","header-below-stick-meta":"","astra-migrate-meta-layouts":"default","ast-page-background-enabled":"default","ast-page-background-meta":{"desktop":{"background-color":"var(--ast-global-color-4)","background-image":"","background-repeat":"repeat","background-position":"center center","background-size":"auto","background-attachment":"scroll","background-type":"","background-media":"","overlay-type":"","overlay-color":"","overlay-opacity":"","overlay-gradient":""},"tablet":{"background-color":"","background-image":"","background-repeat":"repeat","background-position":"center center","background-size":"auto","background-attachment":"scroll","background-type":"","background-media":"","overlay-type":"","overlay-color":"","overlay-opacity":"","overlay-gradient":""},"mobile":{"background-color":"","background-image":"","background-repeat":"repeat","background-position":"center center","background-size":"auto","background-attachment":"scroll","background-type":"","background-media":"","overlay-type":"","overlay-color":"","overlay-opacity":"","overlay-gradient":""}},"ast-content-background-meta":{"desktop":{"background-color":"var(--ast-global-color-5)","background-image":"","background-repeat":"repeat","background-position":"center center","background-size":"auto","background-attachment":"scroll","background-type":"","background-media":"","overlay-type":"","overlay-color":"","overlay-opacity":"","overlay-gradient":""},"tablet":{"background-color":"var(--ast-global-color-5)","background-image":"","background-repeat":"repeat","background-position":"center center","background-size":"auto","background-attachment":"scroll","background-type":"","background-media":"","overlay-type":"","overlay-color":"","overlay-opacity":"","overlay-gradient":""},"mobile":{"background-color":"var(--ast-global-color-5)","background-image":"","background-repeat":"repeat","background-position":"center center","background-size":"auto","background-attachment":"scroll","background-type":"","background-media":"","overlay-type":"","overlay-color":"","overlay-opacity":"","overlay-gradient":""}}},"product_cat":[74,28],"product_tag":[],"class_list":{"0":"post-2745","1":"product","2":"type-product","3":"status-publish","4":"has-post-thumbnail","6":"product_cat-alfagrama","7":"product_cat-libro","8":"desktop-align-left","9":"tablet-align-left","10":"mobile-align-left","12":"first","13":"instock","14":"shipping-taxable","15":"purchasable","16":"product-type-simple"},"acf":[],"uagb_featured_image_src":{"full":["https:\/\/biblio1.mdp.edu.ar\/centro-ventas\/wp-content\/uploads\/sites\/2\/2022\/09\/Gestion-de-la-produccion-y-comunicacion-cientifica-330x452-1.jpg",330,452,false],"thumbnail":["https:\/\/biblio1.mdp.edu.ar\/centro-ventas\/wp-content\/uploads\/sites\/2\/2022\/09\/Gestion-de-la-produccion-y-comunicacion-cientifica-330x452-1.jpg",110,150,false],"medium":["https:\/\/biblio1.mdp.edu.ar\/centro-ventas\/wp-content\/uploads\/sites\/2\/2022\/09\/Gestion-de-la-produccion-y-comunicacion-cientifica-330x452-1.jpg",219,300,false],"medium_large":["https:\/\/biblio1.mdp.edu.ar\/centro-ventas\/wp-content\/uploads\/sites\/2\/2022\/09\/Gestion-de-la-produccion-y-comunicacion-cientifica-330x452-1.jpg",330,452,false],"large":["https:\/\/biblio1.mdp.edu.ar\/centro-ventas\/wp-content\/uploads\/sites\/2\/2022\/09\/Gestion-de-la-produccion-y-comunicacion-cientifica-330x452-1.jpg",330,452,false],"1536x1536":["https:\/\/biblio1.mdp.edu.ar\/centro-ventas\/wp-content\/uploads\/sites\/2\/2022\/09\/Gestion-de-la-produccion-y-comunicacion-cientifica-330x452-1.jpg",330,452,false],"2048x2048":["https:\/\/biblio1.mdp.edu.ar\/centro-ventas\/wp-content\/uploads\/sites\/2\/2022\/09\/Gestion-de-la-produccion-y-comunicacion-cientifica-330x452-1.jpg",330,452,false],"woocommerce_thumbnail":["https:\/\/biblio1.mdp.edu.ar\/centro-ventas\/wp-content\/uploads\/sites\/2\/2022\/09\/Gestion-de-la-produccion-y-comunicacion-cientifica-330x452-1.jpg",300,411,false],"woocommerce_single":["https:\/\/biblio1.mdp.edu.ar\/centro-ventas\/wp-content\/uploads\/sites\/2\/2022\/09\/Gestion-de-la-produccion-y-comunicacion-cientifica-330x452-1.jpg",330,452,false],"woocommerce_gallery_thumbnail":["https:\/\/biblio1.mdp.edu.ar\/centro-ventas\/wp-content\/uploads\/sites\/2\/2022\/09\/Gestion-de-la-produccion-y-comunicacion-cientifica-330x452-1-100x100.jpg",100,100,true]},"uagb_author_info":{"display_name":"Cristina Bernabe","author_link":"https:\/\/biblio1.mdp.edu.ar\/centro-ventas\/author\/"},"uagb_comment_info":0,"uagb_excerpt":"Este libro redefine el rol y competencias de los profesionales de la informaci\u00f3n como gestores de la producci\u00f3n y comunicaci\u00f3n cient\u00edfica. Presenta las herramientas, productos y recursos que las universidades e instituciones de investigaci\u00f3n (instituciones de conocimiento) necesitan para adquirir y desarrollar una cultura cient\u00edfica; un \u00e1rea que define su competitividad internacional. Se destaca la&hellip;","_links":{"self":[{"href":"https:\/\/biblio1.mdp.edu.ar\/centro-ventas\/wp-json\/wp\/v2\/product\/2745","targetHints":{"allow":["GET"]}}],"collection":[{"href":"https:\/\/biblio1.mdp.edu.ar\/centro-ventas\/wp-json\/wp\/v2\/product"}],"about":[{"href":"https:\/\/biblio1.mdp.edu.ar\/centro-ventas\/wp-json\/wp\/v2\/types\/product"}],"wp:featuredmedia":[{"embeddable":true,"href":"https:\/\/biblio1.mdp.edu.ar\/centro-ventas\/wp-json\/wp\/v2\/media\/2746"}],"wp:attachment":[{"href":"https:\/\/biblio1.mdp.edu.ar\/centro-ventas\/wp-json\/wp\/v2\/media?parent=2745"}],"wp:term":[{"taxonomy":"product_cat","embeddable":true,"href":"https:\/\/biblio1.mdp.edu.ar\/centro-ventas\/wp-json\/wp\/v2\/product_cat?post=2745"},{"taxonomy":"product_tag","embeddable":true,"href":"https:\/\/biblio1.mdp.edu.ar\/centro-ventas\/wp-json\/wp\/v2\/product_tag?post=2745"}],"curies":[{"name":"wp","href":"https:\/\/api.w.org\/{rel}","templated":true}]}}