{"id":2707,"date":"2022-08-29T16:23:07","date_gmt":"2022-08-29T19:23:07","guid":{"rendered":"http:\/\/biblio1.mdp.edu.ar\/centro-ventas\/?post_type=product&#038;p=2707"},"modified":"2024-04-09T17:04:06","modified_gmt":"2024-04-09T20:04:06","slug":"psiquiatria-en-medicina-general","status":"publish","type":"product","link":"https:\/\/biblio1.mdp.edu.ar\/centro-ventas\/producto\/psiquiatria-en-medicina-general\/","title":{"rendered":"Psiquiatr\u00eda en Medicina General"},"content":{"rendered":"<p>La frecuencia con la que el m\u00e9dico de cualquier especialidad se encuentra en su actividad diaria con problemas psiqui\u00e1tricos, es ya una situaci\u00f3n acuciante<br \/>\nque lo obliga a conocer, saber y tener que resolver. No hacerlo significar\u00eda promover la cronificaci\u00f3n, aumentar el n\u00famero de consultas con incremento de los gastos en salud, descubrir sus limitaciones, perjudicar al enfermo y desacreditarse. Es indudable que la d\u00edada conformada por el paciente y el m\u00e9dico es el vector que traza la asistencia en cualquier orden; en esa dupla, por lo tanto, es necesario e imperioso el aprendizaje de los problemas psiqui\u00e1tricos. Los cap\u00edtulos de este libro fueron realizados por especialistas de relieve, que tienen inter\u00e9s y conocimiento en este campo. Estos se orientan a brindar al lector una informaci\u00f3n\u00a0 actualizada, amena y dirigida a los profesionales no especialistas en psiquiatr\u00eda. Pero, tambi\u00e9n, esta obra tiene un gran valor para los mismos especialistas en psiquiatr\u00eda y para los estudiantes de medicina que enfrentar\u00e1n en su pr\u00e1ctica futura los problemas cl\u00ednicos que aqu\u00ed se describen<\/p>\n","protected":false},"excerpt":{"rendered":"<p>La frecuencia con la que el m\u00e9dico de cualquier especialidad se encuentra en su actividad diaria con problemas psiqui\u00e1tricos, es ya una situaci\u00f3n acuciante que lo obliga a conocer, saber y tener que resolver. No hacerlo significar\u00eda promover la cronificaci\u00f3n, aumentar el n\u00famero de consultas con incremento de los gastos en salud, descubrir sus limitaciones, [&hellip;]<\/p>\n","protected":false},"featured_media":2710,"template":"","meta":{"_acf_changed":false,"_eb_attr":"","_crdt_document":"","_uag_custom_page_level_css":"","_editorskit_title_hidden":false,"_editorskit_reading_time":0,"_editorskit_is_block_options_detached":false,"_editorskit_block_options_position":"{}","site-sidebar-layout":"default","site-content-layout":"default","ast-site-content-layout":"default","site-content-style":"default","site-sidebar-style":"default","ast-global-header-display":"","ast-banner-title-visibility":"","ast-main-header-display":"","ast-hfb-above-header-display":"","ast-hfb-below-header-display":"","ast-hfb-mobile-header-display":"","site-post-title":"","ast-breadcrumbs-content":"","ast-featured-img":"","footer-sml-layout":"","ast-disable-related-posts":"","theme-transparent-header-meta":"default","adv-header-id-meta":"","stick-header-meta":"","header-above-stick-meta":"","header-main-stick-meta":"","header-below-stick-meta":"","astra-migrate-meta-layouts":"default","ast-page-background-enabled":"default","ast-page-background-meta":{"desktop":{"background-color":"var(--ast-global-color-4)","background-image":"","background-repeat":"repeat","background-position":"center center","background-size":"auto","background-attachment":"scroll","background-type":"","background-media":"","overlay-type":"","overlay-color":"","overlay-opacity":"","overlay-gradient":""},"tablet":{"background-color":"","background-image":"","background-repeat":"repeat","background-position":"center center","background-size":"auto","background-attachment":"scroll","background-type":"","background-media":"","overlay-type":"","overlay-color":"","overlay-opacity":"","overlay-gradient":""},"mobile":{"background-color":"","background-image":"","background-repeat":"repeat","background-position":"center center","background-size":"auto","background-attachment":"scroll","background-type":"","background-media":"","overlay-type":"","overlay-color":"","overlay-opacity":"","overlay-gradient":""}},"ast-content-background-meta":{"desktop":{"background-color":"var(--ast-global-color-5)","background-image":"","background-repeat":"repeat","background-position":"center center","background-size":"auto","background-attachment":"scroll","background-type":"","background-media":"","overlay-type":"","overlay-color":"","overlay-opacity":"","overlay-gradient":""},"tablet":{"background-color":"var(--ast-global-color-5)","background-image":"","background-repeat":"repeat","background-position":"center center","background-size":"auto","background-attachment":"scroll","background-type":"","background-media":"","overlay-type":"","overlay-color":"","overlay-opacity":"","overlay-gradient":""},"mobile":{"background-color":"var(--ast-global-color-5)","background-image":"","background-repeat":"repeat","background-position":"center center","background-size":"auto","background-attachment":"scroll","background-type":"","background-media":"","overlay-type":"","overlay-color":"","overlay-opacity":"","overlay-gradient":""}}},"product_cat":[28,29,209],"product_tag":[],"class_list":{"0":"post-2707","1":"product","2":"type-product","3":"status-publish","4":"has-post-thumbnail","6":"product_cat-libro","7":"product_cat-medicina","8":"product_cat-polemos","9":"desktop-align-left","10":"tablet-align-left","11":"mobile-align-left","13":"first","14":"instock","15":"shipping-taxable","16":"purchasable","17":"product-type-simple"},"acf":[],"uagb_featured_image_src":{"full":["https:\/\/biblio1.mdp.edu.ar\/centro-ventas\/wp-content\/uploads\/sites\/2\/2022\/08\/psiquiatriaEnMedicinaGeneral-2-scaled.jpg",2167,2926,false],"thumbnail":["https:\/\/biblio1.mdp.edu.ar\/centro-ventas\/wp-content\/uploads\/sites\/2\/2022\/08\/psiquiatriaEnMedicinaGeneral-2-scaled.jpg",111,150,false],"medium":["https:\/\/biblio1.mdp.edu.ar\/centro-ventas\/wp-content\/uploads\/sites\/2\/2022\/08\/psiquiatriaEnMedicinaGeneral-2-scaled.jpg",222,300,false],"medium_large":["https:\/\/biblio1.mdp.edu.ar\/centro-ventas\/wp-content\/uploads\/sites\/2\/2022\/08\/psiquiatriaEnMedicinaGeneral-2-scaled.jpg",768,1037,false],"large":["https:\/\/biblio1.mdp.edu.ar\/centro-ventas\/wp-content\/uploads\/sites\/2\/2022\/08\/psiquiatriaEnMedicinaGeneral-2-scaled.jpg",758,1024,false],"1536x1536":["https:\/\/biblio1.mdp.edu.ar\/centro-ventas\/wp-content\/uploads\/sites\/2\/2022\/08\/psiquiatriaEnMedicinaGeneral-2-scaled.jpg",1138,1536,false],"2048x2048":["https:\/\/biblio1.mdp.edu.ar\/centro-ventas\/wp-content\/uploads\/sites\/2\/2022\/08\/psiquiatriaEnMedicinaGeneral-2-scaled.jpg",1517,2048,false],"woocommerce_thumbnail":["https:\/\/biblio1.mdp.edu.ar\/centro-ventas\/wp-content\/uploads\/sites\/2\/2022\/08\/psiquiatriaEnMedicinaGeneral-2-scaled.jpg",300,405,false],"woocommerce_single":["https:\/\/biblio1.mdp.edu.ar\/centro-ventas\/wp-content\/uploads\/sites\/2\/2022\/08\/psiquiatriaEnMedicinaGeneral-2-scaled.jpg",600,810,false],"woocommerce_gallery_thumbnail":["https:\/\/biblio1.mdp.edu.ar\/centro-ventas\/wp-content\/uploads\/sites\/2\/2022\/08\/psiquiatriaEnMedicinaGeneral-2-100x100.jpg",100,100,true]},"uagb_author_info":{"display_name":"Cristina Bernabe","author_link":"https:\/\/biblio1.mdp.edu.ar\/centro-ventas\/author\/"},"uagb_comment_info":0,"uagb_excerpt":"La frecuencia con la que el m\u00e9dico de cualquier especialidad se encuentra en su actividad diaria con problemas psiqui\u00e1tricos, es ya una situaci\u00f3n acuciante que lo obliga a conocer, saber y tener que resolver. No hacerlo significar\u00eda promover la cronificaci\u00f3n, aumentar el n\u00famero de consultas con incremento de los gastos en salud, descubrir sus limitaciones,&hellip;","_links":{"self":[{"href":"https:\/\/biblio1.mdp.edu.ar\/centro-ventas\/wp-json\/wp\/v2\/product\/2707","targetHints":{"allow":["GET"]}}],"collection":[{"href":"https:\/\/biblio1.mdp.edu.ar\/centro-ventas\/wp-json\/wp\/v2\/product"}],"about":[{"href":"https:\/\/biblio1.mdp.edu.ar\/centro-ventas\/wp-json\/wp\/v2\/types\/product"}],"wp:featuredmedia":[{"embeddable":true,"href":"https:\/\/biblio1.mdp.edu.ar\/centro-ventas\/wp-json\/wp\/v2\/media\/2710"}],"wp:attachment":[{"href":"https:\/\/biblio1.mdp.edu.ar\/centro-ventas\/wp-json\/wp\/v2\/media?parent=2707"}],"wp:term":[{"taxonomy":"product_cat","embeddable":true,"href":"https:\/\/biblio1.mdp.edu.ar\/centro-ventas\/wp-json\/wp\/v2\/product_cat?post=2707"},{"taxonomy":"product_tag","embeddable":true,"href":"https:\/\/biblio1.mdp.edu.ar\/centro-ventas\/wp-json\/wp\/v2\/product_tag?post=2707"}],"curies":[{"name":"wp","href":"https:\/\/api.w.org\/{rel}","templated":true}]}}