{"id":2705,"date":"2022-08-29T15:56:16","date_gmt":"2022-08-29T18:56:16","guid":{"rendered":"http:\/\/biblio1.mdp.edu.ar\/centro-ventas\/?post_type=product&#038;p=2705"},"modified":"2024-04-09T17:10:23","modified_gmt":"2024-04-09T20:10:23","slug":"demencia-enfoque-multidisciplinario","status":"publish","type":"product","link":"https:\/\/biblio1.mdp.edu.ar\/centro-ventas\/producto\/demencia-enfoque-multidisciplinario\/","title":{"rendered":"Demencia &#8211; Enfoque multidisciplinario"},"content":{"rendered":"<p>La demencia constituye una afecci\u00f3n prevaleciente en la edad avanzada y genera un gran desaf\u00edo debido al envejecimiento de la poblaci\u00f3n mundial, en<br \/>\nparticular en los pa\u00edses en desarrollo.<br \/>\nLa enfermedad de Alzheimer contin\u00faa siendo la principal causa de demencia pero, a medida que nuestros conocimientos avanzan, se pone de manifiesto<br \/>\nque las demencias no Alzheimer constituyen un componente importante. Resulta claro tambi\u00e9n que muchos casos de deterioro cognitivo en el anciano son multifactoriales. El nuevo enfoque de los factores vasculares en la enfermedad degenerativa mixta, as\u00ed como un componente en la demencia vascular pura, ha<br \/>\nenfatizado la importancia de la b\u00fasqueda de factores de riesgo modificables.<br \/>\nEsta obra desarrolla un exhaustivo estudio de las enfermedades que causan demencia, pero no se limita a ello sino que tambi\u00e9n trata su abordaje, las<br \/>\nestrategias diagn\u00f3sticas y su impacto econ\u00f3mico y social. Los autores de este libro son destacados profesionales de renombre internacional y su trabajo constituye un aporte de incalculable valor para los profesionales de las distintas especialidades que deben diagnosticar y tratar pacientes con demencia.<\/p>\n","protected":false},"excerpt":{"rendered":"<p>La demencia constituye una afecci\u00f3n prevaleciente en la edad avanzada y genera un gran desaf\u00edo debido al envejecimiento de la poblaci\u00f3n mundial, en particular en los pa\u00edses en desarrollo. La enfermedad de Alzheimer contin\u00faa siendo la principal causa de demencia pero, a medida que nuestros conocimientos avanzan, se pone de manifiesto que las demencias no [&hellip;]<\/p>\n","protected":false},"featured_media":2706,"template":"","meta":{"_acf_changed":false,"_eb_attr":"","_crdt_document":"","_uag_custom_page_level_css":"","_editorskit_title_hidden":false,"_editorskit_reading_time":0,"_editorskit_is_block_options_detached":false,"_editorskit_block_options_position":"{}","site-sidebar-layout":"default","site-content-layout":"default","ast-site-content-layout":"default","site-content-style":"default","site-sidebar-style":"default","ast-global-header-display":"","ast-banner-title-visibility":"","ast-main-header-display":"","ast-hfb-above-header-display":"","ast-hfb-below-header-display":"","ast-hfb-mobile-header-display":"","site-post-title":"","ast-breadcrumbs-content":"","ast-featured-img":"","footer-sml-layout":"","ast-disable-related-posts":"","theme-transparent-header-meta":"default","adv-header-id-meta":"","stick-header-meta":"","header-above-stick-meta":"","header-main-stick-meta":"","header-below-stick-meta":"","astra-migrate-meta-layouts":"default","ast-page-background-enabled":"default","ast-page-background-meta":{"desktop":{"background-color":"var(--ast-global-color-4)","background-image":"","background-repeat":"repeat","background-position":"center center","background-size":"auto","background-attachment":"scroll","background-type":"","background-media":"","overlay-type":"","overlay-color":"","overlay-opacity":"","overlay-gradient":""},"tablet":{"background-color":"","background-image":"","background-repeat":"repeat","background-position":"center center","background-size":"auto","background-attachment":"scroll","background-type":"","background-media":"","overlay-type":"","overlay-color":"","overlay-opacity":"","overlay-gradient":""},"mobile":{"background-color":"","background-image":"","background-repeat":"repeat","background-position":"center center","background-size":"auto","background-attachment":"scroll","background-type":"","background-media":"","overlay-type":"","overlay-color":"","overlay-opacity":"","overlay-gradient":""}},"ast-content-background-meta":{"desktop":{"background-color":"var(--ast-global-color-5)","background-image":"","background-repeat":"repeat","background-position":"center center","background-size":"auto","background-attachment":"scroll","background-type":"","background-media":"","overlay-type":"","overlay-color":"","overlay-opacity":"","overlay-gradient":""},"tablet":{"background-color":"var(--ast-global-color-5)","background-image":"","background-repeat":"repeat","background-position":"center center","background-size":"auto","background-attachment":"scroll","background-type":"","background-media":"","overlay-type":"","overlay-color":"","overlay-opacity":"","overlay-gradient":""},"mobile":{"background-color":"var(--ast-global-color-5)","background-image":"","background-repeat":"repeat","background-position":"center center","background-size":"auto","background-attachment":"scroll","background-type":"","background-media":"","overlay-type":"","overlay-color":"","overlay-opacity":"","overlay-gradient":""}}},"product_cat":[28,29,209],"product_tag":[],"class_list":{"0":"post-2705","1":"product","2":"type-product","3":"status-publish","4":"has-post-thumbnail","6":"product_cat-libro","7":"product_cat-medicina","8":"product_cat-polemos","9":"desktop-align-left","10":"tablet-align-left","11":"mobile-align-left","13":"first","14":"instock","15":"shipping-taxable","16":"purchasable","17":"product-type-simple"},"acf":[],"uagb_featured_image_src":{"full":["https:\/\/biblio1.mdp.edu.ar\/centro-ventas\/wp-content\/uploads\/sites\/2\/2022\/08\/demencia-scaled.jpg",1984,3000,false],"thumbnail":["https:\/\/biblio1.mdp.edu.ar\/centro-ventas\/wp-content\/uploads\/sites\/2\/2022\/08\/demencia-scaled.jpg",99,150,false],"medium":["https:\/\/biblio1.mdp.edu.ar\/centro-ventas\/wp-content\/uploads\/sites\/2\/2022\/08\/demencia-scaled.jpg",198,300,false],"medium_large":["https:\/\/biblio1.mdp.edu.ar\/centro-ventas\/wp-content\/uploads\/sites\/2\/2022\/08\/demencia-scaled.jpg",768,1161,false],"large":["https:\/\/biblio1.mdp.edu.ar\/centro-ventas\/wp-content\/uploads\/sites\/2\/2022\/08\/demencia-scaled.jpg",677,1024,false],"1536x1536":["https:\/\/biblio1.mdp.edu.ar\/centro-ventas\/wp-content\/uploads\/sites\/2\/2022\/08\/demencia-scaled.jpg",1016,1536,false],"2048x2048":["https:\/\/biblio1.mdp.edu.ar\/centro-ventas\/wp-content\/uploads\/sites\/2\/2022\/08\/demencia-scaled.jpg",1354,2048,false],"woocommerce_thumbnail":["https:\/\/biblio1.mdp.edu.ar\/centro-ventas\/wp-content\/uploads\/sites\/2\/2022\/08\/demencia-scaled.jpg",300,454,false],"woocommerce_single":["https:\/\/biblio1.mdp.edu.ar\/centro-ventas\/wp-content\/uploads\/sites\/2\/2022\/08\/demencia-scaled.jpg",600,907,false],"woocommerce_gallery_thumbnail":["https:\/\/biblio1.mdp.edu.ar\/centro-ventas\/wp-content\/uploads\/sites\/2\/2022\/08\/demencia-100x100.jpg",100,100,true]},"uagb_author_info":{"display_name":"Cristina Bernabe","author_link":"https:\/\/biblio1.mdp.edu.ar\/centro-ventas\/author\/"},"uagb_comment_info":0,"uagb_excerpt":"La demencia constituye una afecci\u00f3n prevaleciente en la edad avanzada y genera un gran desaf\u00edo debido al envejecimiento de la poblaci\u00f3n mundial, en particular en los pa\u00edses en desarrollo. La enfermedad de Alzheimer contin\u00faa siendo la principal causa de demencia pero, a medida que nuestros conocimientos avanzan, se pone de manifiesto que las demencias no&hellip;","_links":{"self":[{"href":"https:\/\/biblio1.mdp.edu.ar\/centro-ventas\/wp-json\/wp\/v2\/product\/2705","targetHints":{"allow":["GET"]}}],"collection":[{"href":"https:\/\/biblio1.mdp.edu.ar\/centro-ventas\/wp-json\/wp\/v2\/product"}],"about":[{"href":"https:\/\/biblio1.mdp.edu.ar\/centro-ventas\/wp-json\/wp\/v2\/types\/product"}],"wp:featuredmedia":[{"embeddable":true,"href":"https:\/\/biblio1.mdp.edu.ar\/centro-ventas\/wp-json\/wp\/v2\/media\/2706"}],"wp:attachment":[{"href":"https:\/\/biblio1.mdp.edu.ar\/centro-ventas\/wp-json\/wp\/v2\/media?parent=2705"}],"wp:term":[{"taxonomy":"product_cat","embeddable":true,"href":"https:\/\/biblio1.mdp.edu.ar\/centro-ventas\/wp-json\/wp\/v2\/product_cat?post=2705"},{"taxonomy":"product_tag","embeddable":true,"href":"https:\/\/biblio1.mdp.edu.ar\/centro-ventas\/wp-json\/wp\/v2\/product_tag?post=2705"}],"curies":[{"name":"wp","href":"https:\/\/api.w.org\/{rel}","templated":true}]}}