{"id":2686,"date":"2022-08-10T16:28:09","date_gmt":"2022-08-10T19:28:09","guid":{"rendered":"http:\/\/biblio1.mdp.edu.ar\/centro-ventas\/?post_type=product&#038;p=2686"},"modified":"2025-04-08T16:38:47","modified_gmt":"2025-04-08T19:38:47","slug":"la-gestion-del-suministro-de-medicamentos","status":"publish","type":"product","link":"https:\/\/biblio1.mdp.edu.ar\/centro-ventas\/producto\/la-gestion-del-suministro-de-medicamentos\/","title":{"rendered":"La gesti\u00f3n del suministro de medicamentos"},"content":{"rendered":"<p>La gesti\u00f3n del suministro de medicamentos : selecci\u00f3n, compra, distribuci\u00f3n y utilizaci\u00f3n de productos farmac\u00e9uticos<br \/>\nEditores de la segunda edici\u00f3n en ingl\u00e9s Jonathan D. Quick<br \/>\n<span class=\"label\">Contenidos:<\/span><\/p>\n<div class=\"results_summary contents\">\n<div class=\"contentblock\"><span class=\"a\">INTRODUCCI\u00d3N<br \/>\nLA POL\u00cdTICA Y EL MARCO LEGAL<br \/>\nCICLO DE GESTI\u00d3N DE LOS MEDICAMENTOS\u00a0<\/span><\/div>\n<div class=\"contentblock\"><span class=\"a\">Selecci\u00f3n<br \/>\nAprovisionamiento<br \/>\nDistribuci\u00f3n<br \/>\nUso<br \/>\nSISTEMA DE APOYO DE LA GESTI\u00d3N<br \/>\nOrganizaci\u00f3n y gesti\u00f3n<br \/>\nFinanciaci\u00f3n y sostenibilidad<br \/>\nGesti\u00f3n de la informaci\u00f3n<br \/>\nGesti\u00f3n de recursos humanos\u00a0<\/span><\/div>\n<\/div>\n","protected":false},"excerpt":{"rendered":"<p>La gesti\u00f3n del suministro de medicamentos : selecci\u00f3n, compra, distribuci\u00f3n y utilizaci\u00f3n de productos farmac\u00e9uticos Editores de la segunda edici\u00f3n en ingl\u00e9s Jonathan D. Quick Contenidos: INTRODUCCI\u00d3N LA POL\u00cdTICA Y EL MARCO LEGAL CICLO DE GESTI\u00d3N DE LOS MEDICAMENTOS\u00a0 Selecci\u00f3n Aprovisionamiento Distribuci\u00f3n Uso SISTEMA DE APOYO DE LA GESTI\u00d3N Organizaci\u00f3n y gesti\u00f3n Financiaci\u00f3n y sostenibilidad [&hellip;]<\/p>\n","protected":false},"featured_media":2687,"template":"","meta":{"_acf_changed":false,"_eb_attr":"","_crdt_document":"","_uag_custom_page_level_css":"","_editorskit_title_hidden":false,"_editorskit_reading_time":0,"_editorskit_is_block_options_detached":false,"_editorskit_block_options_position":"{}","site-sidebar-layout":"default","site-content-layout":"default","ast-site-content-layout":"default","site-content-style":"default","site-sidebar-style":"default","ast-global-header-display":"","ast-banner-title-visibility":"","ast-main-header-display":"","ast-hfb-above-header-display":"","ast-hfb-below-header-display":"","ast-hfb-mobile-header-display":"","site-post-title":"","ast-breadcrumbs-content":"","ast-featured-img":"","footer-sml-layout":"","ast-disable-related-posts":"","theme-transparent-header-meta":"default","adv-header-id-meta":"","stick-header-meta":"","header-above-stick-meta":"","header-main-stick-meta":"","header-below-stick-meta":"","astra-migrate-meta-layouts":"default","ast-page-background-enabled":"default","ast-page-background-meta":{"desktop":{"background-color":"var(--ast-global-color-4)","background-image":"","background-repeat":"repeat","background-position":"center center","background-size":"auto","background-attachment":"scroll","background-type":"","background-media":"","overlay-type":"","overlay-color":"","overlay-opacity":"","overlay-gradient":""},"tablet":{"background-color":"","background-image":"","background-repeat":"repeat","background-position":"center center","background-size":"auto","background-attachment":"scroll","background-type":"","background-media":"","overlay-type":"","overlay-color":"","overlay-opacity":"","overlay-gradient":""},"mobile":{"background-color":"","background-image":"","background-repeat":"repeat","background-position":"center center","background-size":"auto","background-attachment":"scroll","background-type":"","background-media":"","overlay-type":"","overlay-color":"","overlay-opacity":"","overlay-gradient":""}},"ast-content-background-meta":{"desktop":{"background-color":"var(--ast-global-color-5)","background-image":"","background-repeat":"repeat","background-position":"center center","background-size":"auto","background-attachment":"scroll","background-type":"","background-media":"","overlay-type":"","overlay-color":"","overlay-opacity":"","overlay-gradient":""},"tablet":{"background-color":"var(--ast-global-color-5)","background-image":"","background-repeat":"repeat","background-position":"center center","background-size":"auto","background-attachment":"scroll","background-type":"","background-media":"","overlay-type":"","overlay-color":"","overlay-opacity":"","overlay-gradient":""},"mobile":{"background-color":"var(--ast-global-color-5)","background-image":"","background-repeat":"repeat","background-position":"center center","background-size":"auto","background-attachment":"scroll","background-type":"","background-media":"","overlay-type":"","overlay-color":"","overlay-opacity":"","overlay-gradient":""}}},"product_cat":[28,168],"product_tag":[208,207],"class_list":{"0":"post-2686","1":"product","2":"type-product","3":"status-publish","4":"has-post-thumbnail","6":"product_cat-libro","7":"product_cat-salud","8":"product_tag-gestion-de-suministro","9":"product_tag-medicamentos","10":"desktop-align-left","11":"tablet-align-left","12":"mobile-align-left","14":"first","15":"outofstock","16":"shipping-taxable","17":"purchasable","18":"product-type-simple"},"acf":[],"uagb_featured_image_src":{"full":["https:\/\/biblio1.mdp.edu.ar\/centro-ventas\/wp-content\/uploads\/sites\/2\/2022\/08\/opac-image.png",600,762,false],"thumbnail":["https:\/\/biblio1.mdp.edu.ar\/centro-ventas\/wp-content\/uploads\/sites\/2\/2022\/08\/opac-image.png",118,150,false],"medium":["https:\/\/biblio1.mdp.edu.ar\/centro-ventas\/wp-content\/uploads\/sites\/2\/2022\/08\/opac-image.png",236,300,false],"medium_large":["https:\/\/biblio1.mdp.edu.ar\/centro-ventas\/wp-content\/uploads\/sites\/2\/2022\/08\/opac-image.png",600,762,false],"large":["https:\/\/biblio1.mdp.edu.ar\/centro-ventas\/wp-content\/uploads\/sites\/2\/2022\/08\/opac-image.png",600,762,false],"1536x1536":["https:\/\/biblio1.mdp.edu.ar\/centro-ventas\/wp-content\/uploads\/sites\/2\/2022\/08\/opac-image.png",600,762,false],"2048x2048":["https:\/\/biblio1.mdp.edu.ar\/centro-ventas\/wp-content\/uploads\/sites\/2\/2022\/08\/opac-image.png",600,762,false],"woocommerce_thumbnail":["https:\/\/biblio1.mdp.edu.ar\/centro-ventas\/wp-content\/uploads\/sites\/2\/2022\/08\/opac-image.png",300,381,false],"woocommerce_single":["https:\/\/biblio1.mdp.edu.ar\/centro-ventas\/wp-content\/uploads\/sites\/2\/2022\/08\/opac-image.png",600,762,false],"woocommerce_gallery_thumbnail":["https:\/\/biblio1.mdp.edu.ar\/centro-ventas\/wp-content\/uploads\/sites\/2\/2022\/08\/opac-image-100x100.png",100,100,true]},"uagb_author_info":{"display_name":"Cristina Bernabe","author_link":"https:\/\/biblio1.mdp.edu.ar\/centro-ventas\/author\/"},"uagb_comment_info":0,"uagb_excerpt":"La gesti\u00f3n del suministro de medicamentos : selecci\u00f3n, compra, distribuci\u00f3n y utilizaci\u00f3n de productos farmac\u00e9uticos Editores de la segunda edici\u00f3n en ingl\u00e9s Jonathan D. Quick Contenidos: INTRODUCCI\u00d3N LA POL\u00cdTICA Y EL MARCO LEGAL CICLO DE GESTI\u00d3N DE LOS MEDICAMENTOS\u00a0 Selecci\u00f3n Aprovisionamiento Distribuci\u00f3n Uso SISTEMA DE APOYO DE LA GESTI\u00d3N Organizaci\u00f3n y gesti\u00f3n Financiaci\u00f3n y sostenibilidad&hellip;","_links":{"self":[{"href":"https:\/\/biblio1.mdp.edu.ar\/centro-ventas\/wp-json\/wp\/v2\/product\/2686","targetHints":{"allow":["GET"]}}],"collection":[{"href":"https:\/\/biblio1.mdp.edu.ar\/centro-ventas\/wp-json\/wp\/v2\/product"}],"about":[{"href":"https:\/\/biblio1.mdp.edu.ar\/centro-ventas\/wp-json\/wp\/v2\/types\/product"}],"wp:featuredmedia":[{"embeddable":true,"href":"https:\/\/biblio1.mdp.edu.ar\/centro-ventas\/wp-json\/wp\/v2\/media\/2687"}],"wp:attachment":[{"href":"https:\/\/biblio1.mdp.edu.ar\/centro-ventas\/wp-json\/wp\/v2\/media?parent=2686"}],"wp:term":[{"taxonomy":"product_cat","embeddable":true,"href":"https:\/\/biblio1.mdp.edu.ar\/centro-ventas\/wp-json\/wp\/v2\/product_cat?post=2686"},{"taxonomy":"product_tag","embeddable":true,"href":"https:\/\/biblio1.mdp.edu.ar\/centro-ventas\/wp-json\/wp\/v2\/product_tag?post=2686"}],"curies":[{"name":"wp","href":"https:\/\/api.w.org\/{rel}","templated":true}]}}