{"id":2681,"date":"2022-08-09T18:03:46","date_gmt":"2022-08-09T21:03:46","guid":{"rendered":"http:\/\/biblio1.mdp.edu.ar\/centro-ventas\/?post_type=product&#038;p=2681"},"modified":"2024-02-19T16:10:56","modified_gmt":"2024-02-19T19:10:56","slug":"manual-washington-de-especialidades-clinicas-gastroenterologia","status":"publish","type":"product","link":"https:\/\/biblio1.mdp.edu.ar\/centro-ventas\/producto\/manual-washington-de-especialidades-clinicas-gastroenterologia\/","title":{"rendered":"Manual Washington\u00ae de Especialidades Cl\u00ednicas Gastroenterolog\u00eda"},"content":{"rendered":"<p>Esta concisa y pr\u00e1ctica obra de referencia, adaptada para residentes de gastroenterolog\u00eda y estudiantes de medicina en sus especialidades cl\u00ednicas, abarca tanto la hospitalizaci\u00f3n como el tratamiento ambulatorio de los pacientes de esta especialidad con el mismo sentido pr\u00e1ctico y profundo que el popular Manual Washington\u00ae de Terap\u00e9utica M\u00e9dica. Este manual sirve como una gu\u00eda pr\u00e1ctica de referencia r\u00e1pida para el diagn\u00f3stico y el tratamiento de las enfermedades gastrointestinales, con una ingente cantidad de nuevos conocimientos sobre la fisiopatolog\u00eda de la enfermedad, herramientas de diagn\u00f3stico y opciones terap\u00e9uticas. Caracter\u00edsticas de la nueva edici\u00f3n: Incluye dos nuevos cap\u00edtulos con aportaciones sobre el trasplante de h\u00edgado y pruebas gen\u00e9ticas en la enfermedad gastrointestinal. El cap\u00edtulo sobre nutrici\u00f3n ha sido revisado con objeto de reflejar todas las cuestiones relacionadas con la desnutrici\u00f3n. La amplia actualizaci\u00f3n de los contenidos ha obligado a reescribir por completo algunos cap\u00edtulos. PARTE I. ESTUDIO DE S\u00cdNTOMAS ESPEC\u00cdFICOS 1. Disfagia 2. N\u00e1usea y v\u00f3mito 3. Diarrea 4. Estre\u00f1imiento 5. Dolor abdominal 6. Hemorragia digestiva aguda 7. Hemorragias digestivas ocultas y de origen desconocido 8. Ictericia 9. Resultados anormales en pruebas bioqu\u00edmicas del h\u00edgado 10. Ascitis 11. Desnutrici\u00f3n PARTE II. ESTUDIO DE ENFERMEDADES ESPEC\u00cdFICAS 12. Trastornos esof\u00e1gicos 13. Trastornos g\u00e1stricos 14. Trastornos del intestino delgado 15. Neoplasias del colon 16. Enfermedad inflamatoria intestinal 17. S\u00edndrome de intestino irritable 18. Hepatopat\u00eda aguda 19. Hepatopat\u00eda cr\u00f3nica 20. Cirrosis 21. Trasplante hep\u00e1tico 22. Trastornos del p\u00e1ncreas 23. Trastornos de las v\u00edas biliares 24. Estudios gen\u00e9ticos de las enfermedades digestivas 25. Procedimientos en el tubo digestivo.<\/p>\n","protected":false},"excerpt":{"rendered":"<p>Esta concisa y pr\u00e1ctica obra de referencia, adaptada para residentes de gastroenterolog\u00eda y estudiantes de medicina en sus especialidades cl\u00ednicas, abarca tanto la hospitalizaci\u00f3n como el tratamiento ambulatorio de los pacientes de esta especialidad con el mismo sentido pr\u00e1ctico y profundo que el popular Manual Washington\u00ae de Terap\u00e9utica M\u00e9dica. Este manual sirve como una gu\u00eda [&hellip;]<\/p>\n","protected":false},"featured_media":2682,"template":"","meta":{"_acf_changed":false,"_eb_attr":"","_crdt_document":"","_uag_custom_page_level_css":"","_editorskit_title_hidden":false,"_editorskit_reading_time":0,"_editorskit_is_block_options_detached":false,"_editorskit_block_options_position":"{}","site-sidebar-layout":"default","site-content-layout":"default","ast-site-content-layout":"default","site-content-style":"default","site-sidebar-style":"default","ast-global-header-display":"","ast-banner-title-visibility":"","ast-main-header-display":"","ast-hfb-above-header-display":"","ast-hfb-below-header-display":"","ast-hfb-mobile-header-display":"","site-post-title":"","ast-breadcrumbs-content":"","ast-featured-img":"","footer-sml-layout":"","ast-disable-related-posts":"","theme-transparent-header-meta":"default","adv-header-id-meta":"","stick-header-meta":"","header-above-stick-meta":"","header-main-stick-meta":"","header-below-stick-meta":"","astra-migrate-meta-layouts":"default","ast-page-background-enabled":"default","ast-page-background-meta":{"desktop":{"background-color":"var(--ast-global-color-4)","background-image":"","background-repeat":"repeat","background-position":"center center","background-size":"auto","background-attachment":"scroll","background-type":"","background-media":"","overlay-type":"","overlay-color":"","overlay-opacity":"","overlay-gradient":""},"tablet":{"background-color":"","background-image":"","background-repeat":"repeat","background-position":"center center","background-size":"auto","background-attachment":"scroll","background-type":"","background-media":"","overlay-type":"","overlay-color":"","overlay-opacity":"","overlay-gradient":""},"mobile":{"background-color":"","background-image":"","background-repeat":"repeat","background-position":"center center","background-size":"auto","background-attachment":"scroll","background-type":"","background-media":"","overlay-type":"","overlay-color":"","overlay-opacity":"","overlay-gradient":""}},"ast-content-background-meta":{"desktop":{"background-color":"var(--ast-global-color-5)","background-image":"","background-repeat":"repeat","background-position":"center center","background-size":"auto","background-attachment":"scroll","background-type":"","background-media":"","overlay-type":"","overlay-color":"","overlay-opacity":"","overlay-gradient":""},"tablet":{"background-color":"var(--ast-global-color-5)","background-image":"","background-repeat":"repeat","background-position":"center center","background-size":"auto","background-attachment":"scroll","background-type":"","background-media":"","overlay-type":"","overlay-color":"","overlay-opacity":"","overlay-gradient":""},"mobile":{"background-color":"var(--ast-global-color-5)","background-image":"","background-repeat":"repeat","background-position":"center center","background-size":"auto","background-attachment":"scroll","background-type":"","background-media":"","overlay-type":"","overlay-color":"","overlay-opacity":"","overlay-gradient":""}}},"product_cat":[28,29,168],"product_tag":[],"class_list":{"0":"post-2681","1":"product","2":"type-product","3":"status-publish","4":"has-post-thumbnail","6":"product_cat-libro","7":"product_cat-medicina","8":"product_cat-salud","9":"desktop-align-left","10":"tablet-align-left","11":"mobile-align-left","13":"first","14":"instock","15":"shipping-taxable","16":"purchasable","17":"product-type-simple"},"acf":[],"uagb_featured_image_src":{"full":["https:\/\/biblio1.mdp.edu.ar\/centro-ventas\/wp-content\/uploads\/sites\/2\/2022\/08\/9788415684251.jpg",360,579,false],"thumbnail":["https:\/\/biblio1.mdp.edu.ar\/centro-ventas\/wp-content\/uploads\/sites\/2\/2022\/08\/9788415684251.jpg",93,150,false],"medium":["https:\/\/biblio1.mdp.edu.ar\/centro-ventas\/wp-content\/uploads\/sites\/2\/2022\/08\/9788415684251.jpg",187,300,false],"medium_large":["https:\/\/biblio1.mdp.edu.ar\/centro-ventas\/wp-content\/uploads\/sites\/2\/2022\/08\/9788415684251.jpg",360,579,false],"large":["https:\/\/biblio1.mdp.edu.ar\/centro-ventas\/wp-content\/uploads\/sites\/2\/2022\/08\/9788415684251.jpg",360,579,false],"1536x1536":["https:\/\/biblio1.mdp.edu.ar\/centro-ventas\/wp-content\/uploads\/sites\/2\/2022\/08\/9788415684251.jpg",360,579,false],"2048x2048":["https:\/\/biblio1.mdp.edu.ar\/centro-ventas\/wp-content\/uploads\/sites\/2\/2022\/08\/9788415684251.jpg",360,579,false],"woocommerce_thumbnail":["https:\/\/biblio1.mdp.edu.ar\/centro-ventas\/wp-content\/uploads\/sites\/2\/2022\/08\/9788415684251.jpg",300,483,false],"woocommerce_single":["https:\/\/biblio1.mdp.edu.ar\/centro-ventas\/wp-content\/uploads\/sites\/2\/2022\/08\/9788415684251.jpg",360,579,false],"woocommerce_gallery_thumbnail":["https:\/\/biblio1.mdp.edu.ar\/centro-ventas\/wp-content\/uploads\/sites\/2\/2022\/08\/9788415684251-100x100.jpg",100,100,true]},"uagb_author_info":{"display_name":"Cristina Bernabe","author_link":"https:\/\/biblio1.mdp.edu.ar\/centro-ventas\/author\/"},"uagb_comment_info":0,"uagb_excerpt":"Esta concisa y pr\u00e1ctica obra de referencia, adaptada para residentes de gastroenterolog\u00eda y estudiantes de medicina en sus especialidades cl\u00ednicas, abarca tanto la hospitalizaci\u00f3n como el tratamiento ambulatorio de los pacientes de esta especialidad con el mismo sentido pr\u00e1ctico y profundo que el popular Manual Washington\u00ae de Terap\u00e9utica M\u00e9dica. Este manual sirve como una gu\u00eda&hellip;","_links":{"self":[{"href":"https:\/\/biblio1.mdp.edu.ar\/centro-ventas\/wp-json\/wp\/v2\/product\/2681","targetHints":{"allow":["GET"]}}],"collection":[{"href":"https:\/\/biblio1.mdp.edu.ar\/centro-ventas\/wp-json\/wp\/v2\/product"}],"about":[{"href":"https:\/\/biblio1.mdp.edu.ar\/centro-ventas\/wp-json\/wp\/v2\/types\/product"}],"wp:featuredmedia":[{"embeddable":true,"href":"https:\/\/biblio1.mdp.edu.ar\/centro-ventas\/wp-json\/wp\/v2\/media\/2682"}],"wp:attachment":[{"href":"https:\/\/biblio1.mdp.edu.ar\/centro-ventas\/wp-json\/wp\/v2\/media?parent=2681"}],"wp:term":[{"taxonomy":"product_cat","embeddable":true,"href":"https:\/\/biblio1.mdp.edu.ar\/centro-ventas\/wp-json\/wp\/v2\/product_cat?post=2681"},{"taxonomy":"product_tag","embeddable":true,"href":"https:\/\/biblio1.mdp.edu.ar\/centro-ventas\/wp-json\/wp\/v2\/product_tag?post=2681"}],"curies":[{"name":"wp","href":"https:\/\/api.w.org\/{rel}","templated":true}]}}