{"id":2663,"date":"2022-07-15T17:22:27","date_gmt":"2022-07-15T20:22:27","guid":{"rendered":"http:\/\/biblio1.mdp.edu.ar\/centro-ventas\/?post_type=product&#038;p=2663"},"modified":"2026-03-30T13:03:59","modified_gmt":"2026-03-30T16:03:59","slug":"viva-el-patrimonio","status":"publish","type":"product","link":"https:\/\/biblio1.mdp.edu.ar\/centro-ventas\/producto\/viva-el-patrimonio\/","title":{"rendered":"\u00a1Viva el patrimonio!"},"content":{"rendered":"<p>\u00a1Viva el patrimonio!<br \/>\nUn paseo por el legado arquitect\u00f3nico y urbano<\/p>\n<p>El patrimonio arquitect\u00f3nico y urbano requiere de nuevas miradas para su supervivencia. El presente libro procura facilitar el conocimiento y la apropiaci\u00f3n de la esfera patrimonial desde un enfoque din\u00e1mico, con \u00e9nfasis en el accionar de las personas. Desde un paseo que se inicia por el concepto de patrimonio y sus relaciones con el tiempo y la ciudad, el lector se acercar\u00e1 a la concepci\u00f3n del valor y sus v\u00ednculos con los barrios y algunas de las viviendas t\u00edpicas argentinas, conocer\u00e1 a los encargados de trabajar con los bienes y su forma de hacerlo y, finalmente, completar\u00e1 el recorrido al incursionar en los problemas patrimoniales m\u00e1s candentes. Esta traves\u00eda es imprescindible: cuidar el patrimonio arquitect\u00f3nico y urbano forma parte de nuestra realidad. Festejemos este estado de debate, ampliemos sus horizontes, conozcamos bien de qu\u00e9 se trata y encontremos el equilibrio, para decir, por mucho tiempo m\u00e1s, \u00a1viva el patrimonio!<\/p>\n","protected":false},"excerpt":{"rendered":"<p>\u00a1Viva el patrimonio! Un paseo por el legado arquitect\u00f3nico y urbano El patrimonio arquitect\u00f3nico y urbano requiere de nuevas miradas para su supervivencia. El presente libro procura facilitar el conocimiento y la apropiaci\u00f3n de la esfera patrimonial desde un enfoque din\u00e1mico, con \u00e9nfasis en el accionar de las personas. Desde un paseo que se inicia [&hellip;]<\/p>\n","protected":false},"featured_media":2665,"template":"","meta":{"_acf_changed":false,"_eb_attr":"","_crdt_document":"","_uag_custom_page_level_css":"","_editorskit_title_hidden":false,"_editorskit_reading_time":0,"_editorskit_is_block_options_detached":false,"_editorskit_block_options_position":"{}","site-sidebar-layout":"default","site-content-layout":"default","ast-site-content-layout":"default","site-content-style":"default","site-sidebar-style":"default","ast-global-header-display":"","ast-banner-title-visibility":"","ast-main-header-display":"","ast-hfb-above-header-display":"","ast-hfb-below-header-display":"","ast-hfb-mobile-header-display":"","site-post-title":"","ast-breadcrumbs-content":"","ast-featured-img":"","footer-sml-layout":"","ast-disable-related-posts":"","theme-transparent-header-meta":"default","adv-header-id-meta":"","stick-header-meta":"","header-above-stick-meta":"","header-main-stick-meta":"","header-below-stick-meta":"","astra-migrate-meta-layouts":"default","ast-page-background-enabled":"default","ast-page-background-meta":{"desktop":{"background-color":"var(--ast-global-color-4)","background-image":"","background-repeat":"repeat","background-position":"center center","background-size":"auto","background-attachment":"scroll","background-type":"","background-media":"","overlay-type":"","overlay-color":"","overlay-opacity":"","overlay-gradient":""},"tablet":{"background-color":"","background-image":"","background-repeat":"repeat","background-position":"center center","background-size":"auto","background-attachment":"scroll","background-type":"","background-media":"","overlay-type":"","overlay-color":"","overlay-opacity":"","overlay-gradient":""},"mobile":{"background-color":"","background-image":"","background-repeat":"repeat","background-position":"center center","background-size":"auto","background-attachment":"scroll","background-type":"","background-media":"","overlay-type":"","overlay-color":"","overlay-opacity":"","overlay-gradient":""}},"ast-content-background-meta":{"desktop":{"background-color":"var(--ast-global-color-5)","background-image":"","background-repeat":"repeat","background-position":"center center","background-size":"auto","background-attachment":"scroll","background-type":"","background-media":"","overlay-type":"","overlay-color":"","overlay-opacity":"","overlay-gradient":""},"tablet":{"background-color":"var(--ast-global-color-5)","background-image":"","background-repeat":"repeat","background-position":"center center","background-size":"auto","background-attachment":"scroll","background-type":"","background-media":"","overlay-type":"","overlay-color":"","overlay-opacity":"","overlay-gradient":""},"mobile":{"background-color":"var(--ast-global-color-5)","background-image":"","background-repeat":"repeat","background-position":"center center","background-size":"auto","background-attachment":"scroll","background-type":"","background-media":"","overlay-type":"","overlay-color":"","overlay-opacity":"","overlay-gradient":""}}},"product_cat":[32,169,28,205],"product_tag":[206,80],"class_list":{"0":"post-2663","1":"product","2":"type-product","3":"status-publish","4":"has-post-thumbnail","6":"product_cat-edudem","7":"product_cat-coleccion-libros-de-grado","8":"product_cat-libro","9":"product_cat-serie-signos","10":"product_tag-arqitectura","11":"product_tag-mar-del-plata","12":"desktop-align-left","13":"tablet-align-left","14":"mobile-align-left","16":"first","17":"instock","18":"featured","19":"shipping-taxable","20":"purchasable","21":"product-type-simple"},"acf":[],"uagb_featured_image_src":{"full":["https:\/\/biblio1.mdp.edu.ar\/centro-ventas\/wp-content\/uploads\/sites\/2\/2022\/07\/9789874440273.jpg",1643,2517,false],"thumbnail":["https:\/\/biblio1.mdp.edu.ar\/centro-ventas\/wp-content\/uploads\/sites\/2\/2022\/07\/9789874440273.jpg",98,150,false],"medium":["https:\/\/biblio1.mdp.edu.ar\/centro-ventas\/wp-content\/uploads\/sites\/2\/2022\/07\/9789874440273.jpg",196,300,false],"medium_large":["https:\/\/biblio1.mdp.edu.ar\/centro-ventas\/wp-content\/uploads\/sites\/2\/2022\/07\/9789874440273.jpg",768,1177,false],"large":["https:\/\/biblio1.mdp.edu.ar\/centro-ventas\/wp-content\/uploads\/sites\/2\/2022\/07\/9789874440273.jpg",668,1024,false],"1536x1536":["https:\/\/biblio1.mdp.edu.ar\/centro-ventas\/wp-content\/uploads\/sites\/2\/2022\/07\/9789874440273.jpg",1003,1536,false],"2048x2048":["https:\/\/biblio1.mdp.edu.ar\/centro-ventas\/wp-content\/uploads\/sites\/2\/2022\/07\/9789874440273.jpg",1337,2048,false],"woocommerce_thumbnail":["https:\/\/biblio1.mdp.edu.ar\/centro-ventas\/wp-content\/uploads\/sites\/2\/2022\/07\/9789874440273.jpg",300,460,false],"woocommerce_single":["https:\/\/biblio1.mdp.edu.ar\/centro-ventas\/wp-content\/uploads\/sites\/2\/2022\/07\/9789874440273.jpg",600,919,false],"woocommerce_gallery_thumbnail":["https:\/\/biblio1.mdp.edu.ar\/centro-ventas\/wp-content\/uploads\/sites\/2\/2022\/07\/9789874440273-100x100.jpg",100,100,true]},"uagb_author_info":{"display_name":"Cristina Bernabe","author_link":"https:\/\/biblio1.mdp.edu.ar\/centro-ventas\/author\/"},"uagb_comment_info":0,"uagb_excerpt":"\u00a1Viva el patrimonio! Un paseo por el legado arquitect\u00f3nico y urbano El patrimonio arquitect\u00f3nico y urbano requiere de nuevas miradas para su supervivencia. El presente libro procura facilitar el conocimiento y la apropiaci\u00f3n de la esfera patrimonial desde un enfoque din\u00e1mico, con \u00e9nfasis en el accionar de las personas. Desde un paseo que se inicia&hellip;","_links":{"self":[{"href":"https:\/\/biblio1.mdp.edu.ar\/centro-ventas\/wp-json\/wp\/v2\/product\/2663","targetHints":{"allow":["GET"]}}],"collection":[{"href":"https:\/\/biblio1.mdp.edu.ar\/centro-ventas\/wp-json\/wp\/v2\/product"}],"about":[{"href":"https:\/\/biblio1.mdp.edu.ar\/centro-ventas\/wp-json\/wp\/v2\/types\/product"}],"wp:featuredmedia":[{"embeddable":true,"href":"https:\/\/biblio1.mdp.edu.ar\/centro-ventas\/wp-json\/wp\/v2\/media\/2665"}],"wp:attachment":[{"href":"https:\/\/biblio1.mdp.edu.ar\/centro-ventas\/wp-json\/wp\/v2\/media?parent=2663"}],"wp:term":[{"taxonomy":"product_cat","embeddable":true,"href":"https:\/\/biblio1.mdp.edu.ar\/centro-ventas\/wp-json\/wp\/v2\/product_cat?post=2663"},{"taxonomy":"product_tag","embeddable":true,"href":"https:\/\/biblio1.mdp.edu.ar\/centro-ventas\/wp-json\/wp\/v2\/product_tag?post=2663"}],"curies":[{"name":"wp","href":"https:\/\/api.w.org\/{rel}","templated":true}]}}