{"id":2662,"date":"2022-07-15T17:21:22","date_gmt":"2022-07-15T20:21:22","guid":{"rendered":"http:\/\/biblio1.mdp.edu.ar\/centro-ventas\/?post_type=product&#038;p=2662"},"modified":"2026-04-01T15:02:41","modified_gmt":"2026-04-01T18:02:41","slug":"universidad-nacional-de-mar-del-plata","status":"publish","type":"product","link":"https:\/\/biblio1.mdp.edu.ar\/centro-ventas\/producto\/universidad-nacional-de-mar-del-plata\/","title":{"rendered":"Universidad Nacional de Mar del Plata"},"content":{"rendered":"<p><strong>Universidad Nacional de Mar del Plata <\/strong><br \/>\n<strong>Antecedentes, proyectos y trayectorias<\/strong><\/p>\n<p class=\"texto1\">Se trata de un trabajo que da cuenta del nacimiento de la Universidad en la ciudad de Mar del Plata, la transici\u00f3n a la democracia, el recorrido del movimiento estudiantil desde su creaci\u00f3n, y el recuerdo a las autoridades que acompa\u00f1aron el camino y la construcci\u00f3n de la Instituci\u00f3n. En sus p\u00e1ginas el lector encontrar\u00e1 el testimonio de Alfredo Lazzeretti, Elisa Pastoriza, Francisco Ramallo, Juan Ladeuix, Alejo Reclusa, Karina Bianculli, Daniel Reynoso, M\u00f3nica Bartolucci, Mar\u00eda Fernanda D\u00edaz, Mariana Pozzoni, Mar\u00eda Constanza Castro, Sebastian Perrupato, Francisco Barberi Bosch, Fernando Hammond, Ana Castel\u00e9n, V\u00edctor Iriarte, Daniel Katz, Jorge Domingo Petrillo, Gustavo Daleo,\u00a0\u00c1lvaro Gayol y Alberto Rodr\u00edguez.<\/p>\n<p class=\"texto1\">Los textos de\u00a0Oscar Giacobino, Luis Jorge Gim\u00e9nez, Jorge Ra\u00fal Estrella, Mar\u00eda Marcela Petrantonio, Pablo Eduardo Slavin Elisa Calabrese, Estela Chaparro, Ana Elisa Ostrovsky, Cristina Di Dom\u00e9nico, Jorge Visca, Luis Moya, Daniel V\u00e1zquez, Mar\u00eda Virginia Bernasconi, Mar\u00eda Hayde\u00e9 Singla, Laura Di Clemente, Graciela Bensen y Carlos Haller; dan cuenta de los inicios de las Facultades que hoy conforman la Universidad y de las experiencias relacionadas con la creaci\u00f3n de muchas de las carreras.<\/p>\n<p>Adem\u00e1s, las voces de Graciela Maquiavello, Jorge Layral,\u00a0 N\u00e9stor Montero, Sabrina Gil, Mar\u00eda del Rosario Ortiz,\u00a0 Ana Tiribelli y M\u00f3nica Bueno; dan cuenta del rol de los trabajadores y las trabajadoras en la Universidad Nacional de M\u00e1s del Plata.<\/p>\n<p>La Dra. Monica Bartolucci refiere que \u00abeste libro no es el resultado de un historiador que jugando a su juego preferido, hace una obra seg\u00fan su propia selecci\u00f3n de fuentes y escribe una historia oficial, esperando que otros lo refuten. Es en cambio, una obra colectiva, es de todos los que voluntariamente quisieron abrazar a la universidad y pensar acerca de sus or\u00edgenes, de sus peculiaridades, de sus m\u00e9ritos y tambi\u00e9n de sus conflictos.\u00a0 Es caleidosc\u00f3pica, como la realidad misma. Con multiplicidad de enfoques, de opiniones, de miradas y de formaciones de cada uno de los protagonistas que han pasado por ella.\u00bb<\/p>\n<p class=\"texto1\">Puede acceder a la versi\u00f3n electr\u00f3nica del libro desde\u00a0<a href=\"http:\/\/www2.mdp.edu.ar\/attachments\/article\/1335\/UNMDP_antecedentes_proyectos_y_trayectorias.pdf\" target=\"_blank\" rel=\"noopener\">este link<\/a><\/p>\n<p>&nbsp;<\/p>\n","protected":false},"excerpt":{"rendered":"<p>Universidad Nacional de Mar del Plata Antecedentes, proyectos y trayectorias Se trata de un trabajo que da cuenta del nacimiento de la Universidad en la ciudad de Mar del Plata, la transici\u00f3n a la democracia, el recorrido del movimiento estudiantil desde su creaci\u00f3n, y el recuerdo a las autoridades que acompa\u00f1aron el camino y la [&hellip;]<\/p>\n","protected":false},"featured_media":2664,"template":"","meta":{"_acf_changed":false,"_eb_attr":"","_crdt_document":"","_uag_custom_page_level_css":"","_editorskit_title_hidden":false,"_editorskit_reading_time":0,"_editorskit_is_block_options_detached":false,"_editorskit_block_options_position":"{}","site-sidebar-layout":"default","site-content-layout":"default","ast-site-content-layout":"default","site-content-style":"default","site-sidebar-style":"default","ast-global-header-display":"","ast-banner-title-visibility":"","ast-main-header-display":"","ast-hfb-above-header-display":"","ast-hfb-below-header-display":"","ast-hfb-mobile-header-display":"","site-post-title":"","ast-breadcrumbs-content":"","ast-featured-img":"","footer-sml-layout":"","ast-disable-related-posts":"","theme-transparent-header-meta":"default","adv-header-id-meta":"","stick-header-meta":"","header-above-stick-meta":"","header-main-stick-meta":"","header-below-stick-meta":"","astra-migrate-meta-layouts":"default","ast-page-background-enabled":"default","ast-page-background-meta":{"desktop":{"background-color":"var(--ast-global-color-4)","background-image":"","background-repeat":"repeat","background-position":"center center","background-size":"auto","background-attachment":"scroll","background-type":"","background-media":"","overlay-type":"","overlay-color":"","overlay-opacity":"","overlay-gradient":""},"tablet":{"background-color":"","background-image":"","background-repeat":"repeat","background-position":"center center","background-size":"auto","background-attachment":"scroll","background-type":"","background-media":"","overlay-type":"","overlay-color":"","overlay-opacity":"","overlay-gradient":""},"mobile":{"background-color":"","background-image":"","background-repeat":"repeat","background-position":"center center","background-size":"auto","background-attachment":"scroll","background-type":"","background-media":"","overlay-type":"","overlay-color":"","overlay-opacity":"","overlay-gradient":""}},"ast-content-background-meta":{"desktop":{"background-color":"var(--ast-global-color-5)","background-image":"","background-repeat":"repeat","background-position":"center center","background-size":"auto","background-attachment":"scroll","background-type":"","background-media":"","overlay-type":"","overlay-color":"","overlay-opacity":"","overlay-gradient":""},"tablet":{"background-color":"var(--ast-global-color-5)","background-image":"","background-repeat":"repeat","background-position":"center center","background-size":"auto","background-attachment":"scroll","background-type":"","background-media":"","overlay-type":"","overlay-color":"","overlay-opacity":"","overlay-gradient":""},"mobile":{"background-color":"var(--ast-global-color-5)","background-image":"","background-repeat":"repeat","background-position":"center center","background-size":"auto","background-attachment":"scroll","background-type":"","background-media":"","overlay-type":"","overlay-color":"","overlay-opacity":"","overlay-gradient":""}}},"product_cat":[32,203,28],"product_tag":[212,80,211,210],"class_list":{"0":"post-2662","1":"product","2":"type-product","3":"status-publish","4":"has-post-thumbnail","6":"product_cat-edudem","7":"product_cat-fuera-de-serie","8":"product_cat-libro","9":"product_tag-educacion-superior","10":"product_tag-mar-del-plata","11":"product_tag-universidad-nacional-de-mar-del-plata","12":"product_tag-unmdp","13":"desktop-align-left","14":"tablet-align-left","15":"mobile-align-left","17":"first","18":"outofstock","19":"featured","20":"shipping-taxable","21":"product-type-simple"},"acf":[],"uagb_featured_image_src":{"full":["https:\/\/biblio1.mdp.edu.ar\/centro-ventas\/wp-content\/uploads\/sites\/2\/2022\/07\/UNMDP_antecedentes_proyectos_y_trayectorias.jpg",615,800,false],"thumbnail":["https:\/\/biblio1.mdp.edu.ar\/centro-ventas\/wp-content\/uploads\/sites\/2\/2022\/07\/UNMDP_antecedentes_proyectos_y_trayectorias.jpg",115,150,false],"medium":["https:\/\/biblio1.mdp.edu.ar\/centro-ventas\/wp-content\/uploads\/sites\/2\/2022\/07\/UNMDP_antecedentes_proyectos_y_trayectorias.jpg",231,300,false],"medium_large":["https:\/\/biblio1.mdp.edu.ar\/centro-ventas\/wp-content\/uploads\/sites\/2\/2022\/07\/UNMDP_antecedentes_proyectos_y_trayectorias.jpg",615,800,false],"large":["https:\/\/biblio1.mdp.edu.ar\/centro-ventas\/wp-content\/uploads\/sites\/2\/2022\/07\/UNMDP_antecedentes_proyectos_y_trayectorias.jpg",615,800,false],"1536x1536":["https:\/\/biblio1.mdp.edu.ar\/centro-ventas\/wp-content\/uploads\/sites\/2\/2022\/07\/UNMDP_antecedentes_proyectos_y_trayectorias.jpg",615,800,false],"2048x2048":["https:\/\/biblio1.mdp.edu.ar\/centro-ventas\/wp-content\/uploads\/sites\/2\/2022\/07\/UNMDP_antecedentes_proyectos_y_trayectorias.jpg",615,800,false],"woocommerce_thumbnail":["https:\/\/biblio1.mdp.edu.ar\/centro-ventas\/wp-content\/uploads\/sites\/2\/2022\/07\/UNMDP_antecedentes_proyectos_y_trayectorias.jpg",300,390,false],"woocommerce_single":["https:\/\/biblio1.mdp.edu.ar\/centro-ventas\/wp-content\/uploads\/sites\/2\/2022\/07\/UNMDP_antecedentes_proyectos_y_trayectorias.jpg",600,780,false],"woocommerce_gallery_thumbnail":["https:\/\/biblio1.mdp.edu.ar\/centro-ventas\/wp-content\/uploads\/sites\/2\/2022\/07\/UNMDP_antecedentes_proyectos_y_trayectorias-100x100.jpg",100,100,true]},"uagb_author_info":{"display_name":"Cristina Bernabe","author_link":"https:\/\/biblio1.mdp.edu.ar\/centro-ventas\/author\/"},"uagb_comment_info":0,"uagb_excerpt":"Universidad Nacional de Mar del Plata Antecedentes, proyectos y trayectorias Se trata de un trabajo que da cuenta del nacimiento de la Universidad en la ciudad de Mar del Plata, la transici\u00f3n a la democracia, el recorrido del movimiento estudiantil desde su creaci\u00f3n, y el recuerdo a las autoridades que acompa\u00f1aron el camino y la&hellip;","_links":{"self":[{"href":"https:\/\/biblio1.mdp.edu.ar\/centro-ventas\/wp-json\/wp\/v2\/product\/2662","targetHints":{"allow":["GET"]}}],"collection":[{"href":"https:\/\/biblio1.mdp.edu.ar\/centro-ventas\/wp-json\/wp\/v2\/product"}],"about":[{"href":"https:\/\/biblio1.mdp.edu.ar\/centro-ventas\/wp-json\/wp\/v2\/types\/product"}],"wp:featuredmedia":[{"embeddable":true,"href":"https:\/\/biblio1.mdp.edu.ar\/centro-ventas\/wp-json\/wp\/v2\/media\/2664"}],"wp:attachment":[{"href":"https:\/\/biblio1.mdp.edu.ar\/centro-ventas\/wp-json\/wp\/v2\/media?parent=2662"}],"wp:term":[{"taxonomy":"product_cat","embeddable":true,"href":"https:\/\/biblio1.mdp.edu.ar\/centro-ventas\/wp-json\/wp\/v2\/product_cat?post=2662"},{"taxonomy":"product_tag","embeddable":true,"href":"https:\/\/biblio1.mdp.edu.ar\/centro-ventas\/wp-json\/wp\/v2\/product_tag?post=2662"}],"curies":[{"name":"wp","href":"https:\/\/api.w.org\/{rel}","templated":true}]}}