{"id":2659,"date":"2022-07-15T15:28:36","date_gmt":"2022-07-15T18:28:36","guid":{"rendered":"http:\/\/biblio1.mdp.edu.ar\/centro-ventas\/?post_type=product&#038;p=2659"},"modified":"2026-04-01T14:59:47","modified_gmt":"2026-04-01T17:59:47","slug":"tradicion-rupturas-y-continuidades-en-el-teatro-contemporaneo","status":"publish","type":"product","link":"https:\/\/biblio1.mdp.edu.ar\/centro-ventas\/producto\/tradicion-rupturas-y-continuidades-en-el-teatro-contemporaneo\/","title":{"rendered":"Tradici\u00f3n, rupturas y continuidades en el teatro contempor\u00e1neo"},"content":{"rendered":"<p>\u201cLos trabajos de investigaci\u00f3n teatral que el lector tiene sus manos son relevantes contribuciones desde la disciplina Teatro Comparado, l\u00ednea de innovaci\u00f3n de la teatrolog\u00eda argentina que viene desarroll\u00e1ndose sistem\u00e1ticamente en nuestro pa\u00eds desde 1987 y que cuenta ya con pr\u00e1cticas acad\u00e9micas en toda la cartograf\u00eda nacional y en diversas universidades del mundo. Proceden de una selecci\u00f3n (referato mediante) de las m\u00e1s importantes conferencias y ponencias presentadas en el VIII Congreso Nacional e Internacional de Teatro Comparado, realizado en la ciudad de Mar del Plata del 10 al 12 de agosto de 2017 por convocatoria de la ATEACOMP (Asociaci\u00f3n Argentina de Teatro Comparado, fundada en 2001).\u201d Extracto del pr\u00f3logo de Jorge Dubatti<\/p>\n","protected":false},"excerpt":{"rendered":"<p>\u201cLos trabajos de investigaci\u00f3n teatral que el lector tiene sus manos son relevantes contribuciones desde la disciplina Teatro Comparado, l\u00ednea de innovaci\u00f3n de la teatrolog\u00eda argentina que viene desarroll\u00e1ndose sistem\u00e1ticamente en nuestro pa\u00eds desde 1987 y que cuenta ya con pr\u00e1cticas acad\u00e9micas en toda la cartograf\u00eda nacional y en diversas universidades del mundo. Proceden de [&hellip;]<\/p>\n","protected":false},"featured_media":2660,"template":"","meta":{"_acf_changed":false,"_eb_attr":"","_crdt_document":"","_uag_custom_page_level_css":"","_editorskit_title_hidden":false,"_editorskit_reading_time":0,"_editorskit_is_block_options_detached":false,"_editorskit_block_options_position":"{}","site-sidebar-layout":"default","site-content-layout":"default","ast-site-content-layout":"default","site-content-style":"default","site-sidebar-style":"default","ast-global-header-display":"","ast-banner-title-visibility":"","ast-main-header-display":"","ast-hfb-above-header-display":"","ast-hfb-below-header-display":"","ast-hfb-mobile-header-display":"","site-post-title":"","ast-breadcrumbs-content":"","ast-featured-img":"","footer-sml-layout":"","ast-disable-related-posts":"","theme-transparent-header-meta":"default","adv-header-id-meta":"","stick-header-meta":"","header-above-stick-meta":"","header-main-stick-meta":"","header-below-stick-meta":"","astra-migrate-meta-layouts":"set","ast-page-background-enabled":"default","ast-page-background-meta":{"desktop":{"background-color":"var(--ast-global-color-4)","background-image":"","background-repeat":"repeat","background-position":"center center","background-size":"auto","background-attachment":"scroll","background-type":"","background-media":"","overlay-type":"","overlay-color":"","overlay-opacity":"","overlay-gradient":""},"tablet":{"background-color":"","background-image":"","background-repeat":"repeat","background-position":"center center","background-size":"auto","background-attachment":"scroll","background-type":"","background-media":"","overlay-type":"","overlay-color":"","overlay-opacity":"","overlay-gradient":""},"mobile":{"background-color":"","background-image":"","background-repeat":"repeat","background-position":"center center","background-size":"auto","background-attachment":"scroll","background-type":"","background-media":"","overlay-type":"","overlay-color":"","overlay-opacity":"","overlay-gradient":""}},"ast-content-background-meta":{"desktop":{"background-color":"var(--ast-global-color-5)","background-image":"","background-repeat":"repeat","background-position":"center center","background-size":"auto","background-attachment":"scroll","background-type":"","background-media":"","overlay-type":"","overlay-color":"","overlay-opacity":"","overlay-gradient":""},"tablet":{"background-color":"var(--ast-global-color-5)","background-image":"","background-repeat":"repeat","background-position":"center center","background-size":"auto","background-attachment":"scroll","background-type":"","background-media":"","overlay-type":"","overlay-color":"","overlay-opacity":"","overlay-gradient":""},"mobile":{"background-color":"var(--ast-global-color-5)","background-image":"","background-repeat":"repeat","background-position":"center center","background-size":"auto","background-attachment":"scroll","background-type":"","background-media":"","overlay-type":"","overlay-color":"","overlay-opacity":"","overlay-gradient":""}}},"product_cat":[32,203,28],"product_tag":[166],"class_list":{"0":"post-2659","1":"product","2":"type-product","3":"status-publish","4":"has-post-thumbnail","6":"product_cat-edudem","7":"product_cat-fuera-de-serie","8":"product_cat-libro","9":"product_tag-teatro","10":"desktop-align-left","11":"tablet-align-left","12":"mobile-align-left","14":"first","15":"instock","16":"shipping-taxable","17":"purchasable","18":"product-type-simple"},"acf":[],"uagb_featured_image_src":{"full":["https:\/\/biblio1.mdp.edu.ar\/centro-ventas\/wp-content\/uploads\/sites\/2\/2022\/07\/9789874440655.jpg",1072,1500,false],"thumbnail":["https:\/\/biblio1.mdp.edu.ar\/centro-ventas\/wp-content\/uploads\/sites\/2\/2022\/07\/9789874440655.jpg",107,150,false],"medium":["https:\/\/biblio1.mdp.edu.ar\/centro-ventas\/wp-content\/uploads\/sites\/2\/2022\/07\/9789874440655.jpg",214,300,false],"medium_large":["https:\/\/biblio1.mdp.edu.ar\/centro-ventas\/wp-content\/uploads\/sites\/2\/2022\/07\/9789874440655.jpg",768,1075,false],"large":["https:\/\/biblio1.mdp.edu.ar\/centro-ventas\/wp-content\/uploads\/sites\/2\/2022\/07\/9789874440655.jpg",732,1024,false],"1536x1536":["https:\/\/biblio1.mdp.edu.ar\/centro-ventas\/wp-content\/uploads\/sites\/2\/2022\/07\/9789874440655.jpg",1072,1500,false],"2048x2048":["https:\/\/biblio1.mdp.edu.ar\/centro-ventas\/wp-content\/uploads\/sites\/2\/2022\/07\/9789874440655.jpg",1072,1500,false],"woocommerce_thumbnail":["https:\/\/biblio1.mdp.edu.ar\/centro-ventas\/wp-content\/uploads\/sites\/2\/2022\/07\/9789874440655.jpg",300,420,false],"woocommerce_single":["https:\/\/biblio1.mdp.edu.ar\/centro-ventas\/wp-content\/uploads\/sites\/2\/2022\/07\/9789874440655.jpg",600,840,false],"woocommerce_gallery_thumbnail":["https:\/\/biblio1.mdp.edu.ar\/centro-ventas\/wp-content\/uploads\/sites\/2\/2022\/07\/9789874440655-100x100.jpg",100,100,true]},"uagb_author_info":{"display_name":"Cristina Bernabe","author_link":"https:\/\/biblio1.mdp.edu.ar\/centro-ventas\/author\/"},"uagb_comment_info":0,"uagb_excerpt":"\u201cLos trabajos de investigaci\u00f3n teatral que el lector tiene sus manos son relevantes contribuciones desde la disciplina Teatro Comparado, l\u00ednea de innovaci\u00f3n de la teatrolog\u00eda argentina que viene desarroll\u00e1ndose sistem\u00e1ticamente en nuestro pa\u00eds desde 1987 y que cuenta ya con pr\u00e1cticas acad\u00e9micas en toda la cartograf\u00eda nacional y en diversas universidades del mundo. Proceden de&hellip;","_links":{"self":[{"href":"https:\/\/biblio1.mdp.edu.ar\/centro-ventas\/wp-json\/wp\/v2\/product\/2659","targetHints":{"allow":["GET"]}}],"collection":[{"href":"https:\/\/biblio1.mdp.edu.ar\/centro-ventas\/wp-json\/wp\/v2\/product"}],"about":[{"href":"https:\/\/biblio1.mdp.edu.ar\/centro-ventas\/wp-json\/wp\/v2\/types\/product"}],"wp:featuredmedia":[{"embeddable":true,"href":"https:\/\/biblio1.mdp.edu.ar\/centro-ventas\/wp-json\/wp\/v2\/media\/2660"}],"wp:attachment":[{"href":"https:\/\/biblio1.mdp.edu.ar\/centro-ventas\/wp-json\/wp\/v2\/media?parent=2659"}],"wp:term":[{"taxonomy":"product_cat","embeddable":true,"href":"https:\/\/biblio1.mdp.edu.ar\/centro-ventas\/wp-json\/wp\/v2\/product_cat?post=2659"},{"taxonomy":"product_tag","embeddable":true,"href":"https:\/\/biblio1.mdp.edu.ar\/centro-ventas\/wp-json\/wp\/v2\/product_tag?post=2659"}],"curies":[{"name":"wp","href":"https:\/\/api.w.org\/{rel}","templated":true}]}}