{"id":2657,"date":"2022-07-15T14:01:49","date_gmt":"2022-07-15T17:01:49","guid":{"rendered":"http:\/\/biblio1.mdp.edu.ar\/centro-ventas\/?post_type=product&#038;p=2657"},"modified":"2026-04-01T14:59:31","modified_gmt":"2026-04-01T17:59:31","slug":"tradicion-y-practicas-disciplinarias","status":"publish","type":"product","link":"https:\/\/biblio1.mdp.edu.ar\/centro-ventas\/producto\/tradicion-y-practicas-disciplinarias\/","title":{"rendered":"Tradici\u00f3n y pr\u00e1cticas disciplinarias"},"content":{"rendered":"<p><strong>Tradici\u00f3n y pr\u00e1cticas disciplinarias<\/strong><br \/>\n<strong>Vida cotidiana de las familias rurales e intervenci\u00f3n escolar<\/strong><\/p>\n<p>Esta obra surge de la observaci\u00f3n de las vidas cotidianas de ni\u00f1os que concurren a una escuela de caracter\u00edsticas rurales y atraviesan situaciones de violencia dentro de su grupo familiar. Se intenta problematizar y repensar conceptos como el de familia y poder, interpelando lo que sucede en la sociedad y qu\u00e9 relaci\u00f3n e influencia tiene el modelo agro-exportador, con la idea de poder identificar aquellos procesos que producen a lo largo de la historia los elementos constitutivos de la identidad social, en el cual se encuentran inscriptas sus pr\u00e1cticas. Para tal fin, las autoras han tomado dos situaciones en las que realizan un estudio minucioso de la historia del lugar y de las instituciones, analizan las relaciones de poder asim\u00e9tricas desde la \u00f3ptica post-estructuralista foucaultiana. Este texto abre algunas reflexiones y nuevos interrogantes y realiza aportes que permiten modificar la vulneraci\u00f3n de los derechos de ni\u00f1os que sufren las conductas instauradas que est\u00e1n relacionadas directamente con el patriarcado y que desde la Escuela se intentan modificar d\u00eda a d\u00eda.<\/p>\n","protected":false},"excerpt":{"rendered":"<p>Tradici\u00f3n y pr\u00e1cticas disciplinarias Vida cotidiana de las familias rurales e intervenci\u00f3n escolar Esta obra surge de la observaci\u00f3n de las vidas cotidianas de ni\u00f1os que concurren a una escuela de caracter\u00edsticas rurales y atraviesan situaciones de violencia dentro de su grupo familiar. Se intenta problematizar y repensar conceptos como el de familia y poder, [&hellip;]<\/p>\n","protected":false},"featured_media":2658,"template":"","meta":{"_acf_changed":false,"_eb_attr":"","_crdt_document":"","_uag_custom_page_level_css":"","_editorskit_title_hidden":false,"_editorskit_reading_time":0,"_editorskit_is_block_options_detached":false,"_editorskit_block_options_position":"{}","site-sidebar-layout":"default","site-content-layout":"default","ast-site-content-layout":"default","site-content-style":"default","site-sidebar-style":"default","ast-global-header-display":"","ast-banner-title-visibility":"","ast-main-header-display":"","ast-hfb-above-header-display":"","ast-hfb-below-header-display":"","ast-hfb-mobile-header-display":"","site-post-title":"","ast-breadcrumbs-content":"","ast-featured-img":"","footer-sml-layout":"","ast-disable-related-posts":"","theme-transparent-header-meta":"default","adv-header-id-meta":"","stick-header-meta":"","header-above-stick-meta":"","header-main-stick-meta":"","header-below-stick-meta":"","astra-migrate-meta-layouts":"default","ast-page-background-enabled":"default","ast-page-background-meta":{"desktop":{"background-color":"var(--ast-global-color-4)","background-image":"","background-repeat":"repeat","background-position":"center center","background-size":"auto","background-attachment":"scroll","background-type":"","background-media":"","overlay-type":"","overlay-color":"","overlay-opacity":"","overlay-gradient":""},"tablet":{"background-color":"","background-image":"","background-repeat":"repeat","background-position":"center center","background-size":"auto","background-attachment":"scroll","background-type":"","background-media":"","overlay-type":"","overlay-color":"","overlay-opacity":"","overlay-gradient":""},"mobile":{"background-color":"","background-image":"","background-repeat":"repeat","background-position":"center center","background-size":"auto","background-attachment":"scroll","background-type":"","background-media":"","overlay-type":"","overlay-color":"","overlay-opacity":"","overlay-gradient":""}},"ast-content-background-meta":{"desktop":{"background-color":"var(--ast-global-color-5)","background-image":"","background-repeat":"repeat","background-position":"center center","background-size":"auto","background-attachment":"scroll","background-type":"","background-media":"","overlay-type":"","overlay-color":"","overlay-opacity":"","overlay-gradient":""},"tablet":{"background-color":"var(--ast-global-color-5)","background-image":"","background-repeat":"repeat","background-position":"center center","background-size":"auto","background-attachment":"scroll","background-type":"","background-media":"","overlay-type":"","overlay-color":"","overlay-opacity":"","overlay-gradient":""},"mobile":{"background-color":"var(--ast-global-color-5)","background-image":"","background-repeat":"repeat","background-position":"center center","background-size":"auto","background-attachment":"scroll","background-type":"","background-media":"","overlay-type":"","overlay-color":"","overlay-opacity":"","overlay-gradient":""}}},"product_cat":[32,28,186],"product_tag":[202,201],"class_list":{"0":"post-2657","1":"product","2":"type-product","3":"status-publish","4":"has-post-thumbnail","6":"product_cat-edudem","7":"product_cat-libro","8":"product_cat-serie-trames","9":"product_tag-practicas-disciplinarias","10":"product_tag-rural","11":"desktop-align-left","12":"tablet-align-left","13":"mobile-align-left","15":"first","16":"instock","17":"shipping-taxable","18":"purchasable","19":"product-type-simple"},"acf":[],"uagb_featured_image_src":{"full":["https:\/\/biblio1.mdp.edu.ar\/centro-ventas\/wp-content\/uploads\/sites\/2\/2022\/07\/9789874440617.jpg",1000,1402,false],"thumbnail":["https:\/\/biblio1.mdp.edu.ar\/centro-ventas\/wp-content\/uploads\/sites\/2\/2022\/07\/9789874440617.jpg",107,150,false],"medium":["https:\/\/biblio1.mdp.edu.ar\/centro-ventas\/wp-content\/uploads\/sites\/2\/2022\/07\/9789874440617.jpg",214,300,false],"medium_large":["https:\/\/biblio1.mdp.edu.ar\/centro-ventas\/wp-content\/uploads\/sites\/2\/2022\/07\/9789874440617.jpg",768,1077,false],"large":["https:\/\/biblio1.mdp.edu.ar\/centro-ventas\/wp-content\/uploads\/sites\/2\/2022\/07\/9789874440617.jpg",730,1024,false],"1536x1536":["https:\/\/biblio1.mdp.edu.ar\/centro-ventas\/wp-content\/uploads\/sites\/2\/2022\/07\/9789874440617.jpg",1000,1402,false],"2048x2048":["https:\/\/biblio1.mdp.edu.ar\/centro-ventas\/wp-content\/uploads\/sites\/2\/2022\/07\/9789874440617.jpg",1000,1402,false],"woocommerce_thumbnail":["https:\/\/biblio1.mdp.edu.ar\/centro-ventas\/wp-content\/uploads\/sites\/2\/2022\/07\/9789874440617.jpg",300,421,false],"woocommerce_single":["https:\/\/biblio1.mdp.edu.ar\/centro-ventas\/wp-content\/uploads\/sites\/2\/2022\/07\/9789874440617.jpg",600,841,false],"woocommerce_gallery_thumbnail":["https:\/\/biblio1.mdp.edu.ar\/centro-ventas\/wp-content\/uploads\/sites\/2\/2022\/07\/9789874440617-100x100.jpg",100,100,true]},"uagb_author_info":{"display_name":"Cristina Bernabe","author_link":"https:\/\/biblio1.mdp.edu.ar\/centro-ventas\/author\/"},"uagb_comment_info":0,"uagb_excerpt":"Tradici\u00f3n y pr\u00e1cticas disciplinarias Vida cotidiana de las familias rurales e intervenci\u00f3n escolar Esta obra surge de la observaci\u00f3n de las vidas cotidianas de ni\u00f1os que concurren a una escuela de caracter\u00edsticas rurales y atraviesan situaciones de violencia dentro de su grupo familiar. Se intenta problematizar y repensar conceptos como el de familia y poder,&hellip;","_links":{"self":[{"href":"https:\/\/biblio1.mdp.edu.ar\/centro-ventas\/wp-json\/wp\/v2\/product\/2657","targetHints":{"allow":["GET"]}}],"collection":[{"href":"https:\/\/biblio1.mdp.edu.ar\/centro-ventas\/wp-json\/wp\/v2\/product"}],"about":[{"href":"https:\/\/biblio1.mdp.edu.ar\/centro-ventas\/wp-json\/wp\/v2\/types\/product"}],"wp:featuredmedia":[{"embeddable":true,"href":"https:\/\/biblio1.mdp.edu.ar\/centro-ventas\/wp-json\/wp\/v2\/media\/2658"}],"wp:attachment":[{"href":"https:\/\/biblio1.mdp.edu.ar\/centro-ventas\/wp-json\/wp\/v2\/media?parent=2657"}],"wp:term":[{"taxonomy":"product_cat","embeddable":true,"href":"https:\/\/biblio1.mdp.edu.ar\/centro-ventas\/wp-json\/wp\/v2\/product_cat?post=2657"},{"taxonomy":"product_tag","embeddable":true,"href":"https:\/\/biblio1.mdp.edu.ar\/centro-ventas\/wp-json\/wp\/v2\/product_tag?post=2657"}],"curies":[{"name":"wp","href":"https:\/\/api.w.org\/{rel}","templated":true}]}}