{"id":2641,"date":"2022-07-14T21:02:21","date_gmt":"2022-07-15T00:02:21","guid":{"rendered":"http:\/\/biblio1.mdp.edu.ar\/centro-ventas\/?post_type=product&#038;p=2641"},"modified":"2026-04-01T14:53:35","modified_gmt":"2026-04-01T17:53:35","slug":"senderos-del-cerebro-la-base-neurocognitiva-del-lenguaje","status":"publish","type":"product","link":"https:\/\/biblio1.mdp.edu.ar\/centro-ventas\/producto\/senderos-del-cerebro-la-base-neurocognitiva-del-lenguaje\/","title":{"rendered":"Senderos del cerebro: la base neurocognitiva del lenguaje"},"content":{"rendered":"<p>El cerebro nos permite reconocer una cara en medio del gent\u00edo, conversar sobre cualquier cosa que experimentemos o imaginemos, organizar pensamientos y crear ideas<br \/>\nnuevas, entender las palabras que se suceden vertiginosas en una charla.<br \/>\n\u00bfC\u00f3mo puede hacer todo esto? \u00bfC\u00f3mo es posible que el cerebro incorpore y represente semejante cantidad y variedad de informaci\u00f3n mientras adem\u00e1s nos permite acceder<br \/>\nr\u00e1pidamente a las palabras individuales y a sus significados?<br \/>\nSenderos del cerebro construye una teor\u00eda que permite dar respuesta a estas preguntas. A partir de hallazgos de la ling\u00fc\u00edstica, se desarrolla una serie de hip\u00f3tesis sobre la estructura y el funcionamiento del sistema ling\u00fc\u00edstico de la mente. As\u00ed se muestra c\u00f3mo el conocimiento puede representarse en la conectividad de una vasta red donde miles de lugares pueden activarse al mismo tiempo. Pero la teor\u00eda dispara preguntas ulteriores: \u00bfC\u00f3mo puede coordinarse esa informaci\u00f3n tan ampliamente distribuida? \u00bfC\u00f3mo aprendemos esa informaci\u00f3n? \u00bfCu\u00e1nto de innato hay en esa estructura? Senderos del cerebro ofrece respuestas atendibles y las contrasta con lo que se sabe del cerebro humano. En esta etapa de contrastaci\u00f3n el lector descubrir\u00e1 que pr\u00e1cticamente todas las hip\u00f3tesis se confirman o son consistentes con los hallazgos de la neurociencia.<\/p>\n","protected":false},"excerpt":{"rendered":"<p>El cerebro nos permite reconocer una cara en medio del gent\u00edo, conversar sobre cualquier cosa que experimentemos o imaginemos, organizar pensamientos y crear ideas nuevas, entender las palabras que se suceden vertiginosas en una charla. \u00bfC\u00f3mo puede hacer todo esto? \u00bfC\u00f3mo es posible que el cerebro incorpore y represente semejante cantidad y variedad de informaci\u00f3n [&hellip;]<\/p>\n","protected":false},"featured_media":2644,"template":"","meta":{"_acf_changed":false,"_eb_attr":"","_crdt_document":"","_uag_custom_page_level_css":"","_editorskit_title_hidden":false,"_editorskit_reading_time":0,"_editorskit_is_block_options_detached":false,"_editorskit_block_options_position":"{}","site-sidebar-layout":"default","site-content-layout":"default","ast-site-content-layout":"default","site-content-style":"default","site-sidebar-style":"default","ast-global-header-display":"","ast-banner-title-visibility":"","ast-main-header-display":"","ast-hfb-above-header-display":"","ast-hfb-below-header-display":"","ast-hfb-mobile-header-display":"","site-post-title":"","ast-breadcrumbs-content":"","ast-featured-img":"","footer-sml-layout":"","ast-disable-related-posts":"","theme-transparent-header-meta":"default","adv-header-id-meta":"","stick-header-meta":"","header-above-stick-meta":"","header-main-stick-meta":"","header-below-stick-meta":"","astra-migrate-meta-layouts":"default","ast-page-background-enabled":"default","ast-page-background-meta":{"desktop":{"background-color":"var(--ast-global-color-4)","background-image":"","background-repeat":"repeat","background-position":"center center","background-size":"auto","background-attachment":"scroll","background-type":"","background-media":"","overlay-type":"","overlay-color":"","overlay-opacity":"","overlay-gradient":""},"tablet":{"background-color":"","background-image":"","background-repeat":"repeat","background-position":"center center","background-size":"auto","background-attachment":"scroll","background-type":"","background-media":"","overlay-type":"","overlay-color":"","overlay-opacity":"","overlay-gradient":""},"mobile":{"background-color":"","background-image":"","background-repeat":"repeat","background-position":"center center","background-size":"auto","background-attachment":"scroll","background-type":"","background-media":"","overlay-type":"","overlay-color":"","overlay-opacity":"","overlay-gradient":""}},"ast-content-background-meta":{"desktop":{"background-color":"var(--ast-global-color-5)","background-image":"","background-repeat":"repeat","background-position":"center center","background-size":"auto","background-attachment":"scroll","background-type":"","background-media":"","overlay-type":"","overlay-color":"","overlay-opacity":"","overlay-gradient":""},"tablet":{"background-color":"var(--ast-global-color-5)","background-image":"","background-repeat":"repeat","background-position":"center center","background-size":"auto","background-attachment":"scroll","background-type":"","background-media":"","overlay-type":"","overlay-color":"","overlay-opacity":"","overlay-gradient":""},"mobile":{"background-color":"var(--ast-global-color-5)","background-image":"","background-repeat":"repeat","background-position":"center center","background-size":"auto","background-attachment":"scroll","background-type":"","background-media":"","overlay-type":"","overlay-color":"","overlay-opacity":"","overlay-gradient":""}}},"product_cat":[32,203,28],"product_tag":[123],"class_list":{"0":"post-2641","1":"product","2":"type-product","3":"status-publish","4":"has-post-thumbnail","6":"product_cat-edudem","7":"product_cat-fuera-de-serie","8":"product_cat-libro","9":"product_tag-serie-linguistica","10":"desktop-align-left","11":"tablet-align-left","12":"mobile-align-left","14":"first","15":"instock","16":"shipping-taxable","17":"purchasable","18":"product-type-simple"},"acf":[],"uagb_featured_image_src":{"full":["https:\/\/biblio1.mdp.edu.ar\/centro-ventas\/wp-content\/uploads\/sites\/2\/2022\/07\/Captura-de-pantalla-de-2022-07-14-22-10-28.png",370,527,false],"thumbnail":["https:\/\/biblio1.mdp.edu.ar\/centro-ventas\/wp-content\/uploads\/sites\/2\/2022\/07\/Captura-de-pantalla-de-2022-07-14-22-10-28.png",105,150,false],"medium":["https:\/\/biblio1.mdp.edu.ar\/centro-ventas\/wp-content\/uploads\/sites\/2\/2022\/07\/Captura-de-pantalla-de-2022-07-14-22-10-28.png",211,300,false],"medium_large":["https:\/\/biblio1.mdp.edu.ar\/centro-ventas\/wp-content\/uploads\/sites\/2\/2022\/07\/Captura-de-pantalla-de-2022-07-14-22-10-28.png",370,527,false],"large":["https:\/\/biblio1.mdp.edu.ar\/centro-ventas\/wp-content\/uploads\/sites\/2\/2022\/07\/Captura-de-pantalla-de-2022-07-14-22-10-28.png",370,527,false],"1536x1536":["https:\/\/biblio1.mdp.edu.ar\/centro-ventas\/wp-content\/uploads\/sites\/2\/2022\/07\/Captura-de-pantalla-de-2022-07-14-22-10-28.png",370,527,false],"2048x2048":["https:\/\/biblio1.mdp.edu.ar\/centro-ventas\/wp-content\/uploads\/sites\/2\/2022\/07\/Captura-de-pantalla-de-2022-07-14-22-10-28.png",370,527,false],"woocommerce_thumbnail":["https:\/\/biblio1.mdp.edu.ar\/centro-ventas\/wp-content\/uploads\/sites\/2\/2022\/07\/Captura-de-pantalla-de-2022-07-14-22-10-28.png",300,427,false],"woocommerce_single":["https:\/\/biblio1.mdp.edu.ar\/centro-ventas\/wp-content\/uploads\/sites\/2\/2022\/07\/Captura-de-pantalla-de-2022-07-14-22-10-28.png",370,527,false],"woocommerce_gallery_thumbnail":["https:\/\/biblio1.mdp.edu.ar\/centro-ventas\/wp-content\/uploads\/sites\/2\/2022\/07\/Captura-de-pantalla-de-2022-07-14-22-10-28-100x100.png",100,100,true]},"uagb_author_info":{"display_name":"Cristina Bernabe","author_link":"https:\/\/biblio1.mdp.edu.ar\/centro-ventas\/author\/"},"uagb_comment_info":0,"uagb_excerpt":"El cerebro nos permite reconocer una cara en medio del gent\u00edo, conversar sobre cualquier cosa que experimentemos o imaginemos, organizar pensamientos y crear ideas nuevas, entender las palabras que se suceden vertiginosas en una charla. \u00bfC\u00f3mo puede hacer todo esto? \u00bfC\u00f3mo es posible que el cerebro incorpore y represente semejante cantidad y variedad de informaci\u00f3n&hellip;","_links":{"self":[{"href":"https:\/\/biblio1.mdp.edu.ar\/centro-ventas\/wp-json\/wp\/v2\/product\/2641","targetHints":{"allow":["GET"]}}],"collection":[{"href":"https:\/\/biblio1.mdp.edu.ar\/centro-ventas\/wp-json\/wp\/v2\/product"}],"about":[{"href":"https:\/\/biblio1.mdp.edu.ar\/centro-ventas\/wp-json\/wp\/v2\/types\/product"}],"wp:featuredmedia":[{"embeddable":true,"href":"https:\/\/biblio1.mdp.edu.ar\/centro-ventas\/wp-json\/wp\/v2\/media\/2644"}],"wp:attachment":[{"href":"https:\/\/biblio1.mdp.edu.ar\/centro-ventas\/wp-json\/wp\/v2\/media?parent=2641"}],"wp:term":[{"taxonomy":"product_cat","embeddable":true,"href":"https:\/\/biblio1.mdp.edu.ar\/centro-ventas\/wp-json\/wp\/v2\/product_cat?post=2641"},{"taxonomy":"product_tag","embeddable":true,"href":"https:\/\/biblio1.mdp.edu.ar\/centro-ventas\/wp-json\/wp\/v2\/product_tag?post=2641"}],"curies":[{"name":"wp","href":"https:\/\/api.w.org\/{rel}","templated":true}]}}