{"id":2639,"date":"2022-07-14T20:45:33","date_gmt":"2022-07-14T23:45:33","guid":{"rendered":"http:\/\/biblio1.mdp.edu.ar\/centro-ventas\/?post_type=product&#038;p=2639"},"modified":"2026-03-30T18:03:12","modified_gmt":"2026-03-30T21:03:12","slug":"recorridos-por-la-filosofia-argentina","status":"publish","type":"product","link":"https:\/\/biblio1.mdp.edu.ar\/centro-ventas\/producto\/recorridos-por-la-filosofia-argentina\/","title":{"rendered":"Recorridos por la filosof\u00eda argentina"},"content":{"rendered":"<p>La \ufb01losof\u00eda en el actual territorio argentino cuenta con una extensa historia y un gran n\u00famero de autores. A pesar de ello, los nombres de esos autores siguen siendo relativamente desconocidos incluso hoy en d\u00eda. Nos encontramos en la parad\u00f3jica situaci\u00f3n de estar m\u00e1s familiarizados con la \ufb01losof\u00eda que se ha desarrollado en Europa, que con aquella que se ha elaborado en nuestro propio suelo. Para contribuir al conocimiento de nuestros principales \ufb01l\u00f3sofos, ofrecemos unos recorridos por sus obras.<\/p>\n","protected":false},"excerpt":{"rendered":"<p>La \ufb01losof\u00eda en el actual territorio argentino cuenta con una extensa historia y un gran n\u00famero de autores. A pesar de ello, los nombres de esos autores siguen siendo relativamente desconocidos incluso hoy en d\u00eda. Nos encontramos en la parad\u00f3jica situaci\u00f3n de estar m\u00e1s familiarizados con la \ufb01losof\u00eda que se ha desarrollado en Europa, que [&hellip;]<\/p>\n","protected":false},"featured_media":2640,"template":"","meta":{"_acf_changed":false,"_eb_attr":"","_crdt_document":"","_uag_custom_page_level_css":"","_editorskit_title_hidden":false,"_editorskit_reading_time":0,"_editorskit_is_block_options_detached":false,"_editorskit_block_options_position":"{}","site-sidebar-layout":"default","site-content-layout":"default","ast-site-content-layout":"default","site-content-style":"default","site-sidebar-style":"default","ast-global-header-display":"","ast-banner-title-visibility":"","ast-main-header-display":"","ast-hfb-above-header-display":"","ast-hfb-below-header-display":"","ast-hfb-mobile-header-display":"","site-post-title":"","ast-breadcrumbs-content":"","ast-featured-img":"","footer-sml-layout":"","ast-disable-related-posts":"","theme-transparent-header-meta":"default","adv-header-id-meta":"","stick-header-meta":"","header-above-stick-meta":"","header-main-stick-meta":"","header-below-stick-meta":"","astra-migrate-meta-layouts":"default","ast-page-background-enabled":"default","ast-page-background-meta":{"desktop":{"background-color":"var(--ast-global-color-4)","background-image":"","background-repeat":"repeat","background-position":"center center","background-size":"auto","background-attachment":"scroll","background-type":"","background-media":"","overlay-type":"","overlay-color":"","overlay-opacity":"","overlay-gradient":""},"tablet":{"background-color":"","background-image":"","background-repeat":"repeat","background-position":"center center","background-size":"auto","background-attachment":"scroll","background-type":"","background-media":"","overlay-type":"","overlay-color":"","overlay-opacity":"","overlay-gradient":""},"mobile":{"background-color":"","background-image":"","background-repeat":"repeat","background-position":"center center","background-size":"auto","background-attachment":"scroll","background-type":"","background-media":"","overlay-type":"","overlay-color":"","overlay-opacity":"","overlay-gradient":""}},"ast-content-background-meta":{"desktop":{"background-color":"var(--ast-global-color-5)","background-image":"","background-repeat":"repeat","background-position":"center center","background-size":"auto","background-attachment":"scroll","background-type":"","background-media":"","overlay-type":"","overlay-color":"","overlay-opacity":"","overlay-gradient":""},"tablet":{"background-color":"var(--ast-global-color-5)","background-image":"","background-repeat":"repeat","background-position":"center center","background-size":"auto","background-attachment":"scroll","background-type":"","background-media":"","overlay-type":"","overlay-color":"","overlay-opacity":"","overlay-gradient":""},"mobile":{"background-color":"var(--ast-global-color-5)","background-image":"","background-repeat":"repeat","background-position":"center center","background-size":"auto","background-attachment":"scroll","background-type":"","background-media":"","overlay-type":"","overlay-color":"","overlay-opacity":"","overlay-gradient":""}}},"product_cat":[32,28,124],"product_tag":[177],"class_list":{"0":"post-2639","1":"product","2":"type-product","3":"status-publish","4":"has-post-thumbnail","6":"product_cat-edudem","7":"product_cat-libro","8":"product_cat-serie-simbolos","9":"product_tag-filosofia","10":"desktop-align-left","11":"tablet-align-left","12":"mobile-align-left","14":"first","15":"instock","16":"shipping-taxable","17":"purchasable","18":"product-type-simple"},"acf":[],"uagb_featured_image_src":{"full":["https:\/\/biblio1.mdp.edu.ar\/centro-ventas\/wp-content\/uploads\/sites\/2\/2022\/07\/9789871921850.jpg",1400,2240,false],"thumbnail":["https:\/\/biblio1.mdp.edu.ar\/centro-ventas\/wp-content\/uploads\/sites\/2\/2022\/07\/9789871921850.jpg",94,150,false],"medium":["https:\/\/biblio1.mdp.edu.ar\/centro-ventas\/wp-content\/uploads\/sites\/2\/2022\/07\/9789871921850.jpg",188,300,false],"medium_large":["https:\/\/biblio1.mdp.edu.ar\/centro-ventas\/wp-content\/uploads\/sites\/2\/2022\/07\/9789871921850.jpg",768,1229,false],"large":["https:\/\/biblio1.mdp.edu.ar\/centro-ventas\/wp-content\/uploads\/sites\/2\/2022\/07\/9789871921850.jpg",640,1024,false],"1536x1536":["https:\/\/biblio1.mdp.edu.ar\/centro-ventas\/wp-content\/uploads\/sites\/2\/2022\/07\/9789871921850.jpg",960,1536,false],"2048x2048":["https:\/\/biblio1.mdp.edu.ar\/centro-ventas\/wp-content\/uploads\/sites\/2\/2022\/07\/9789871921850.jpg",1280,2048,false],"woocommerce_thumbnail":["https:\/\/biblio1.mdp.edu.ar\/centro-ventas\/wp-content\/uploads\/sites\/2\/2022\/07\/9789871921850.jpg",300,480,false],"woocommerce_single":["https:\/\/biblio1.mdp.edu.ar\/centro-ventas\/wp-content\/uploads\/sites\/2\/2022\/07\/9789871921850.jpg",600,960,false],"woocommerce_gallery_thumbnail":["https:\/\/biblio1.mdp.edu.ar\/centro-ventas\/wp-content\/uploads\/sites\/2\/2022\/07\/9789871921850-100x100.jpg",100,100,true]},"uagb_author_info":{"display_name":"Cristina Bernabe","author_link":"https:\/\/biblio1.mdp.edu.ar\/centro-ventas\/author\/"},"uagb_comment_info":0,"uagb_excerpt":"La \ufb01losof\u00eda en el actual territorio argentino cuenta con una extensa historia y un gran n\u00famero de autores. A pesar de ello, los nombres de esos autores siguen siendo relativamente desconocidos incluso hoy en d\u00eda. Nos encontramos en la parad\u00f3jica situaci\u00f3n de estar m\u00e1s familiarizados con la \ufb01losof\u00eda que se ha desarrollado en Europa, que&hellip;","_links":{"self":[{"href":"https:\/\/biblio1.mdp.edu.ar\/centro-ventas\/wp-json\/wp\/v2\/product\/2639","targetHints":{"allow":["GET"]}}],"collection":[{"href":"https:\/\/biblio1.mdp.edu.ar\/centro-ventas\/wp-json\/wp\/v2\/product"}],"about":[{"href":"https:\/\/biblio1.mdp.edu.ar\/centro-ventas\/wp-json\/wp\/v2\/types\/product"}],"wp:featuredmedia":[{"embeddable":true,"href":"https:\/\/biblio1.mdp.edu.ar\/centro-ventas\/wp-json\/wp\/v2\/media\/2640"}],"wp:attachment":[{"href":"https:\/\/biblio1.mdp.edu.ar\/centro-ventas\/wp-json\/wp\/v2\/media?parent=2639"}],"wp:term":[{"taxonomy":"product_cat","embeddable":true,"href":"https:\/\/biblio1.mdp.edu.ar\/centro-ventas\/wp-json\/wp\/v2\/product_cat?post=2639"},{"taxonomy":"product_tag","embeddable":true,"href":"https:\/\/biblio1.mdp.edu.ar\/centro-ventas\/wp-json\/wp\/v2\/product_tag?post=2639"}],"curies":[{"name":"wp","href":"https:\/\/api.w.org\/{rel}","templated":true}]}}