{"id":2633,"date":"2022-07-14T19:41:53","date_gmt":"2022-07-14T22:41:53","guid":{"rendered":"http:\/\/biblio1.mdp.edu.ar\/centro-ventas\/?post_type=product&#038;p=2633"},"modified":"2026-03-30T15:41:25","modified_gmt":"2026-03-30T18:41:25","slug":"el-pasado-es-hoy-investigaciones-y-debates-sobre-las-herencias-criminales","status":"publish","type":"product","link":"https:\/\/biblio1.mdp.edu.ar\/centro-ventas\/producto\/el-pasado-es-hoy-investigaciones-y-debates-sobre-las-herencias-criminales\/","title":{"rendered":"El pasado es hoy. Investigaciones y debates sobre las herencias criminales."},"content":{"rendered":"<p>Este libro es el resultado de una rigurosa investigaci\u00f3n que se concentr\u00f3 en analizar las luchas pol\u00edticas, los dilemas y tensiones en torno al Juicio por la Verdad llevado a cabo en la ciudad de Mar del Plata, Argentina, desde \ufb01nales de 2000 hasta mediados de 2008. En base a una reconstrucci\u00f3n hist\u00f3rica, propone un abordaje acerca de los modos en que el Movimiento de Derechos Humanos de esta ciudad despleg\u00f3 su lucha pol\u00edtica por la Verdad, la Justicia y por el sentido del pasado reciente de terrorismo de Estado en torno a una modalidad de justicia penal con pretensiones no punitivas, denominada \u201cJuicio por la Verdad\u201d. Destinado a lectores interesados en temas de pol\u00edtica y memoria acerca del terrorismo de Estado el libro aborda un tema in\u00e9dito en la bibliograf\u00eda especializada, estableciendo nuevas v\u00edas de exploraci\u00f3n e interpela acerca de cuestiones sociol\u00f3gicas, \u00e9tica<\/p>\n","protected":false},"excerpt":{"rendered":"<p>Este libro es el resultado de una rigurosa investigaci\u00f3n que se concentr\u00f3 en analizar las luchas pol\u00edticas, los dilemas y tensiones en torno al Juicio por la Verdad llevado a cabo en la ciudad de Mar del Plata, Argentina, desde \ufb01nales de 2000 hasta mediados de 2008. En base a una reconstrucci\u00f3n hist\u00f3rica, propone un [&hellip;]<\/p>\n","protected":false},"featured_media":2634,"template":"","meta":{"_acf_changed":false,"_eb_attr":"","_crdt_document":"","_uag_custom_page_level_css":"","_editorskit_title_hidden":false,"_editorskit_reading_time":0,"_editorskit_is_block_options_detached":false,"_editorskit_block_options_position":"{}","site-sidebar-layout":"default","site-content-layout":"default","ast-site-content-layout":"default","site-content-style":"default","site-sidebar-style":"default","ast-global-header-display":"","ast-banner-title-visibility":"","ast-main-header-display":"","ast-hfb-above-header-display":"","ast-hfb-below-header-display":"","ast-hfb-mobile-header-display":"","site-post-title":"","ast-breadcrumbs-content":"","ast-featured-img":"","footer-sml-layout":"","ast-disable-related-posts":"","theme-transparent-header-meta":"default","adv-header-id-meta":"","stick-header-meta":"","header-above-stick-meta":"","header-main-stick-meta":"","header-below-stick-meta":"","astra-migrate-meta-layouts":"default","ast-page-background-enabled":"default","ast-page-background-meta":{"desktop":{"background-color":"var(--ast-global-color-4)","background-image":"","background-repeat":"repeat","background-position":"center center","background-size":"auto","background-attachment":"scroll","background-type":"","background-media":"","overlay-type":"","overlay-color":"","overlay-opacity":"","overlay-gradient":""},"tablet":{"background-color":"","background-image":"","background-repeat":"repeat","background-position":"center center","background-size":"auto","background-attachment":"scroll","background-type":"","background-media":"","overlay-type":"","overlay-color":"","overlay-opacity":"","overlay-gradient":""},"mobile":{"background-color":"","background-image":"","background-repeat":"repeat","background-position":"center center","background-size":"auto","background-attachment":"scroll","background-type":"","background-media":"","overlay-type":"","overlay-color":"","overlay-opacity":"","overlay-gradient":""}},"ast-content-background-meta":{"desktop":{"background-color":"var(--ast-global-color-5)","background-image":"","background-repeat":"repeat","background-position":"center center","background-size":"auto","background-attachment":"scroll","background-type":"","background-media":"","overlay-type":"","overlay-color":"","overlay-opacity":"","overlay-gradient":""},"tablet":{"background-color":"var(--ast-global-color-5)","background-image":"","background-repeat":"repeat","background-position":"center center","background-size":"auto","background-attachment":"scroll","background-type":"","background-media":"","overlay-type":"","overlay-color":"","overlay-opacity":"","overlay-gradient":""},"mobile":{"background-color":"var(--ast-global-color-5)","background-image":"","background-repeat":"repeat","background-position":"center center","background-size":"auto","background-attachment":"scroll","background-type":"","background-media":"","overlay-type":"","overlay-color":"","overlay-opacity":"","overlay-gradient":""}}},"product_cat":[125,632,32,28,637],"product_tag":[192],"class_list":{"0":"post-2633","1":"product","2":"type-product","3":"status-publish","4":"has-post-thumbnail","6":"product_cat-coleccion-temas-de-ciudadania-y-politica","7":"product_cat-derecho","8":"product_cat-edudem","9":"product_cat-libro","10":"product_cat-punto-de-venta-derecho","11":"product_tag-criminalidad","12":"desktop-align-left","13":"tablet-align-left","14":"mobile-align-left","16":"first","17":"instock","18":"shipping-taxable","19":"purchasable","20":"product-type-simple"},"acf":[],"uagb_featured_image_src":{"full":["https:\/\/biblio1.mdp.edu.ar\/centro-ventas\/wp-content\/uploads\/sites\/2\/2022\/07\/9789871921782.jpg",1400,2067,false],"thumbnail":["https:\/\/biblio1.mdp.edu.ar\/centro-ventas\/wp-content\/uploads\/sites\/2\/2022\/07\/9789871921782.jpg",102,150,false],"medium":["https:\/\/biblio1.mdp.edu.ar\/centro-ventas\/wp-content\/uploads\/sites\/2\/2022\/07\/9789871921782.jpg",203,300,false],"medium_large":["https:\/\/biblio1.mdp.edu.ar\/centro-ventas\/wp-content\/uploads\/sites\/2\/2022\/07\/9789871921782.jpg",768,1134,false],"large":["https:\/\/biblio1.mdp.edu.ar\/centro-ventas\/wp-content\/uploads\/sites\/2\/2022\/07\/9789871921782.jpg",694,1024,false],"1536x1536":["https:\/\/biblio1.mdp.edu.ar\/centro-ventas\/wp-content\/uploads\/sites\/2\/2022\/07\/9789871921782.jpg",1040,1536,false],"2048x2048":["https:\/\/biblio1.mdp.edu.ar\/centro-ventas\/wp-content\/uploads\/sites\/2\/2022\/07\/9789871921782.jpg",1387,2048,false],"woocommerce_thumbnail":["https:\/\/biblio1.mdp.edu.ar\/centro-ventas\/wp-content\/uploads\/sites\/2\/2022\/07\/9789871921782.jpg",300,443,false],"woocommerce_single":["https:\/\/biblio1.mdp.edu.ar\/centro-ventas\/wp-content\/uploads\/sites\/2\/2022\/07\/9789871921782.jpg",600,886,false],"woocommerce_gallery_thumbnail":["https:\/\/biblio1.mdp.edu.ar\/centro-ventas\/wp-content\/uploads\/sites\/2\/2022\/07\/9789871921782-100x100.jpg",100,100,true]},"uagb_author_info":{"display_name":"Cristina Bernabe","author_link":"https:\/\/biblio1.mdp.edu.ar\/centro-ventas\/author\/"},"uagb_comment_info":0,"uagb_excerpt":"Este libro es el resultado de una rigurosa investigaci\u00f3n que se concentr\u00f3 en analizar las luchas pol\u00edticas, los dilemas y tensiones en torno al Juicio por la Verdad llevado a cabo en la ciudad de Mar del Plata, Argentina, desde \ufb01nales de 2000 hasta mediados de 2008. En base a una reconstrucci\u00f3n hist\u00f3rica, propone un&hellip;","_links":{"self":[{"href":"https:\/\/biblio1.mdp.edu.ar\/centro-ventas\/wp-json\/wp\/v2\/product\/2633","targetHints":{"allow":["GET"]}}],"collection":[{"href":"https:\/\/biblio1.mdp.edu.ar\/centro-ventas\/wp-json\/wp\/v2\/product"}],"about":[{"href":"https:\/\/biblio1.mdp.edu.ar\/centro-ventas\/wp-json\/wp\/v2\/types\/product"}],"wp:featuredmedia":[{"embeddable":true,"href":"https:\/\/biblio1.mdp.edu.ar\/centro-ventas\/wp-json\/wp\/v2\/media\/2634"}],"wp:attachment":[{"href":"https:\/\/biblio1.mdp.edu.ar\/centro-ventas\/wp-json\/wp\/v2\/media?parent=2633"}],"wp:term":[{"taxonomy":"product_cat","embeddable":true,"href":"https:\/\/biblio1.mdp.edu.ar\/centro-ventas\/wp-json\/wp\/v2\/product_cat?post=2633"},{"taxonomy":"product_tag","embeddable":true,"href":"https:\/\/biblio1.mdp.edu.ar\/centro-ventas\/wp-json\/wp\/v2\/product_tag?post=2633"}],"curies":[{"name":"wp","href":"https:\/\/api.w.org\/{rel}","templated":true}]}}